{"id":72,"date":"2019-01-13T18:55:19","date_gmt":"2019-01-13T18:55:19","guid":{"rendered":"http:\/\/smsafemode.com\/tienda\/?post_type=product&#038;p=72"},"modified":"2026-01-18T18:50:28","modified_gmt":"2026-01-18T23:50:28","slug":"video-riesgo-ergonomico-o-biomecanico","status":"publish","type":"product","link":"https:\/\/smsafemode.com\/tienda\/producto\/video-riesgo-ergonomico-o-biomecanico\/","title":{"rendered":"Video riesgo ergon\u00f3mico o biomec\u00e1nico"},"content":{"rendered":"<p>Ofrecemos acceso ilimitado para que puedas ver el video todas las veces que lo necesites, este contenido premium esta dise\u00f1ado para poder ayudar a las empresas y las personas a cargo de seguridad y salud en el trabajo (SG-SST, SSO) a poder contar con recursos adicionales complementarios a la gesti\u00f3n que se este desarrollando para la prevenci\u00f3n de riesgos.<\/p>\n<p>De forma f\u00e1cil puedes contar con un video corto para que los trabajadores de tu empresa puedan conocer un poco m\u00e1s sobre las caracter\u00edsticas generales de este riesgo.<\/p>\n<p>Recurso perfectamente integrable a cualquier programa de riesgo ergon\u00f3mico o biomec\u00e1nico<\/p>\n<p>Informaci\u00f3n de servicio adicional<\/p>\n<p>Si en alg\u00fan momento presentas problemas para acceder al video inicia sesi\u00f3n desde la tienda virtual y en el \u00e1rea de mi cuenta&gt; Descargas podr\u00e1s encontrar el nuevo enlace del video, recuerda que este contenido no debe ser descargado, re subido a internet ni compartido en medios sociales o estar\u00edas infringiendo nuestra pol\u00edtica de derechos de autor.<\/p>\n","protected":false},"excerpt":{"rendered":"<p>Recurso <strong>vitalicio<\/strong> para capacitar o compartir en tu empresa por medio de un enlace de transmisi\u00f3n del video en el cual se encuentra en Vimeo para que con un simple enlace lo puedas compartir.<\/p>\n<ul>\n<li>Video disponible en full HD (1080p)<\/li>\n<li>Duraci\u00f3n de video: 7 minutos.<\/li>\n<li>Fundamentos del Riesgo ergon\u00f3mico<\/li>\n<li>Recomendaciones b\u00e1sicas para el control del riesgo<\/li>\n<\/ul>\n<p>Uso practico para charla preoperacional, complemento a programa de prevenci\u00f3n ante el riesgo ergon\u00f3mico &#8211; biomec\u00e1nico<\/p>\n","protected":false},"featured_media":77,"template":"","meta":{"inline_featured_image":false,"_joinchat":[]},"product_brand":[],"product_cat":[124,122,123,125],"product_tag":[48,103,101,100,52,53,99,56,98,102],"class_list":{"0":"post-72","1":"product","2":"type-product","3":"status-publish","4":"has-post-thumbnail","6":"product_cat-capacitaciones","7":"product_cat-hseq","8":"product_cat-seguridad-y-salud-en-el-trabajo-sst","9":"product_cat-virtuales","10":"product_tag-hseq","11":"product_tag-recurso-audiovisual","12":"product_tag-riesgo-biomecanico","13":"product_tag-riesgo-ergonomico","14":"product_tag-sg-sst","15":"product_tag-sgsst","16":"product_tag-sso","17":"product_tag-sst","18":"product_tag-video","19":"product_tag-video-introductorio","21":"first","22":"instock","23":"sale","24":"downloadable","25":"sold-individually","26":"taxable","27":"shipping-taxable","28":"purchasable","29":"product-type-simple","30":"customify-col"},"yoast_head":"<!-- This site is optimized with the Yoast SEO plugin v26.7 - https:\/\/yoast.com\/wordpress\/plugins\/seo\/ -->\n<title>Video riesgo ergon\u00f3mico o biomec\u00e1nico | Tienda Virtual Safe Mode<\/title>\n<meta name=\"description\" content=\"Video riesgo ergonomico para capacitar o compartir en tu empresa por medio de un enlace de transmisi\u00f3n del video para que lo compartas facilmente\" \/>\n<meta name=\"robots\" content=\"index, follow, max-snippet:-1, max-image-preview:large, max-video-preview:-1\" \/>\n<link rel=\"canonical\" href=\"https:\/\/smsafemode.com\/tienda\/producto\/video-riesgo-ergonomico-o-biomecanico\/\" \/>\n<meta property=\"og:locale\" content=\"es_ES\" \/>\n<meta property=\"og:type\" content=\"article\" \/>\n<meta property=\"og:title\" content=\"Video riesgo ergon\u00f3mico o biomec\u00e1nico | Tienda Virtual Safe Mode\" \/>\n<meta property=\"og:description\" content=\"Video riesgo ergonomico para capacitar o compartir en tu empresa por medio de un enlace de transmisi\u00f3n del video para que lo compartas facilmente\" \/>\n<meta property=\"og:url\" content=\"https:\/\/smsafemode.com\/tienda\/producto\/video-riesgo-ergonomico-o-biomecanico\/\" \/>\n<meta property=\"og:site_name\" content=\"Tienda Virtual\" \/>\n<meta property=\"article:publisher\" content=\"https:\/\/www.facebook.com\/smsafemode\" \/>\n<meta property=\"article:modified_time\" content=\"2026-01-18T23:50:28+00:00\" \/>\n<meta property=\"og:image\" content=\"https:\/\/firebasestorage.googleapis.com\/v0\/b\/safe-mode.appspot.com\/o\/smsafemode.com%2Ftienda%20virtual%20SM%2Fproductos%2F1x1%2Fvideo%20reisgo%20ergonomico.png?alt=media&token=0cf5cdc3-2aaa-425b-b4ab-b7761c39b844\" \/>\n<meta name=\"twitter:card\" content=\"summary_large_image\" \/>\n<meta name=\"twitter:image\" content=\"https:\/\/firebasestorage.googleapis.com\/v0\/b\/safe-mode.appspot.com\/o\/smsafemode.com%2Ftienda%20virtual%20SM%2Fproductos%2F1x1%2Fvideo%20reisgo%20ergonomico.png?alt=media&token=0cf5cdc3-2aaa-425b-b4ab-b7761c39b844\" \/>\n<meta name=\"twitter:site\" content=\"@SMsafemode\" \/>\n<meta name=\"twitter:label1\" content=\"Tiempo de lectura\" \/>\n\t<meta name=\"twitter:data1\" content=\"1 minuto\" \/>\n<script type=\"application\/ld+json\" class=\"yoast-schema-graph\">{\"@context\":\"https:\/\/schema.org\",\"@graph\":[{\"@type\":\"WebPage\",\"@id\":\"https:\/\/smsafemode.com\/tienda\/producto\/video-riesgo-ergonomico-o-biomecanico\/\",\"url\":\"https:\/\/smsafemode.com\/tienda\/producto\/video-riesgo-ergonomico-o-biomecanico\/\",\"name\":\"Video riesgo ergon\u00f3mico o biomec\u00e1nico | Tienda Virtual Safe Mode\",\"isPartOf\":{\"@id\":\"http:\/\/smsafemode.com\/tienda\/#website\"},\"primaryImageOfPage\":{\"@id\":\"https:\/\/smsafemode.com\/tienda\/producto\/video-riesgo-ergonomico-o-biomecanico\/#primaryimage\"},\"image\":{\"@id\":\"https:\/\/smsafemode.com\/tienda\/producto\/video-riesgo-ergonomico-o-biomecanico\/#primaryimage\"},\"thumbnailUrl\":\"https:\/\/firebasestorage.googleapis.com\/v0\/b\/safe-mode.appspot.com\/o\/smsafemode.com%2Ftienda%20virtual%20SM%2Fproductos%2F1x1%2Fvideo%20reisgo%20ergonomico.png?alt=media&token=0cf5cdc3-2aaa-425b-b4ab-b7761c39b844\",\"datePublished\":\"2019-01-13T18:55:19+00:00\",\"dateModified\":\"2026-01-18T23:50:28+00:00\",\"description\":\"Video riesgo ergonomico para capacitar o compartir en tu empresa por medio de un enlace de transmisi\u00f3n del video para que lo compartas facilmente\",\"breadcrumb\":{\"@id\":\"https:\/\/smsafemode.com\/tienda\/producto\/video-riesgo-ergonomico-o-biomecanico\/#breadcrumb\"},\"inLanguage\":\"es\",\"potentialAction\":[{\"@type\":\"ReadAction\",\"target\":[\"https:\/\/smsafemode.com\/tienda\/producto\/video-riesgo-ergonomico-o-biomecanico\/\"]}]},{\"@type\":\"ImageObject\",\"inLanguage\":\"es\",\"@id\":\"https:\/\/smsafemode.com\/tienda\/producto\/video-riesgo-ergonomico-o-biomecanico\/#primaryimage\",\"url\":\"https:\/\/firebasestorage.googleapis.com\/v0\/b\/safe-mode.appspot.com\/o\/smsafemode.com%2Ftienda%20virtual%20SM%2Fproductos%2F1x1%2Fvideo%20reisgo%20ergonomico.png?alt=media&token=0cf5cdc3-2aaa-425b-b4ab-b7761c39b844\",\"contentUrl\":\"https:\/\/firebasestorage.googleapis.com\/v0\/b\/safe-mode.appspot.com\/o\/smsafemode.com%2Ftienda%20virtual%20SM%2Fproductos%2F1x1%2Fvideo%20reisgo%20ergonomico.png?alt=media&token=0cf5cdc3-2aaa-425b-b4ab-b7761c39b844\",\"width\":\"1059\",\"height\":\"1052\",\"caption\":\"Video riesgo ergon\u00f3mico o biomec\u00e1nico\"},{\"@type\":\"BreadcrumbList\",\"@id\":\"https:\/\/smsafemode.com\/tienda\/producto\/video-riesgo-ergonomico-o-biomecanico\/#breadcrumb\",\"itemListElement\":[{\"@type\":\"ListItem\",\"position\":1,\"name\":\"Portada\",\"item\":\"https:\/\/smsafemode.com\/tienda\/\"},{\"@type\":\"ListItem\",\"position\":2,\"name\":\"Inicio\",\"item\":\"https:\/\/smsafemode.com\/tienda\/\"},{\"@type\":\"ListItem\",\"position\":3,\"name\":\"Video riesgo ergon\u00f3mico o biomec\u00e1nico\"}]},{\"@type\":\"WebSite\",\"@id\":\"http:\/\/smsafemode.com\/tienda\/#website\",\"url\":\"http:\/\/smsafemode.com\/tienda\/\",\"name\":\"Tienda Virtual\",\"description\":\"Todas nuestras soluciones a un clic\",\"publisher\":{\"@id\":\"http:\/\/smsafemode.com\/tienda\/#organization\"},\"potentialAction\":[{\"@type\":\"SearchAction\",\"target\":{\"@type\":\"EntryPoint\",\"urlTemplate\":\"http:\/\/smsafemode.com\/tienda\/?s={search_term_string}\"},\"query-input\":{\"@type\":\"PropertyValueSpecification\",\"valueRequired\":true,\"valueName\":\"search_term_string\"}}],\"inLanguage\":\"es\"},{\"@type\":\"Organization\",\"@id\":\"http:\/\/smsafemode.com\/tienda\/#organization\",\"name\":\"Safe Mode Sas\",\"url\":\"http:\/\/smsafemode.com\/tienda\/\",\"logo\":{\"@type\":\"ImageObject\",\"inLanguage\":\"es\",\"@id\":\"http:\/\/smsafemode.com\/tienda\/#\/schema\/logo\/image\/\",\"url\":\"https:\/\/storage.googleapis.com\/stateless-smsafemode-com\/2019\/01\/26291970407_ec01902df5_o.png\",\"contentUrl\":\"https:\/\/storage.googleapis.com\/stateless-smsafemode-com\/2019\/01\/26291970407_ec01902df5_o.png\",\"width\":425,\"height\":426,\"caption\":\"Safe Mode Sas\"},\"image\":{\"@id\":\"http:\/\/smsafemode.com\/tienda\/#\/schema\/logo\/image\/\"},\"sameAs\":[\"https:\/\/www.facebook.com\/smsafemode\",\"https:\/\/x.com\/SMsafemode\"]}]}<\/script>\n<!-- \/ Yoast SEO plugin. -->","yoast_head_json":{"title":"Video riesgo ergon\u00f3mico o biomec\u00e1nico | Tienda Virtual Safe Mode","description":"Video riesgo ergonomico para capacitar o compartir en tu empresa por medio de un enlace de transmisi\u00f3n del video para que lo compartas facilmente","robots":{"index":"index","follow":"follow","max-snippet":"max-snippet:-1","max-image-preview":"max-image-preview:large","max-video-preview":"max-video-preview:-1"},"canonical":"https:\/\/smsafemode.com\/tienda\/producto\/video-riesgo-ergonomico-o-biomecanico\/","og_locale":"es_ES","og_type":"article","og_title":"Video riesgo ergon\u00f3mico o biomec\u00e1nico | Tienda Virtual Safe Mode","og_description":"Video riesgo ergonomico para capacitar o compartir en tu empresa por medio de un enlace de transmisi\u00f3n del video para que lo compartas facilmente","og_url":"https:\/\/smsafemode.com\/tienda\/producto\/video-riesgo-ergonomico-o-biomecanico\/","og_site_name":"Tienda Virtual","article_publisher":"https:\/\/www.facebook.com\/smsafemode","article_modified_time":"2026-01-18T23:50:28+00:00","og_image":[{"url":"https:\/\/firebasestorage.googleapis.com\/v0\/b\/safe-mode.appspot.com\/o\/smsafemode.com%2Ftienda%20virtual%20SM%2Fproductos%2F1x1%2Fvideo%20reisgo%20ergonomico.png?alt=media&token=0cf5cdc3-2aaa-425b-b4ab-b7761c39b844","type":"","width":"","height":""}],"twitter_card":"summary_large_image","twitter_image":"https:\/\/firebasestorage.googleapis.com\/v0\/b\/safe-mode.appspot.com\/o\/smsafemode.com%2Ftienda%20virtual%20SM%2Fproductos%2F1x1%2Fvideo%20reisgo%20ergonomico.png?alt=media&token=0cf5cdc3-2aaa-425b-b4ab-b7761c39b844","twitter_site":"@SMsafemode","twitter_misc":{"Tiempo de lectura":"1 minuto"},"schema":{"@context":"https:\/\/schema.org","@graph":[{"@type":"WebPage","@id":"https:\/\/smsafemode.com\/tienda\/producto\/video-riesgo-ergonomico-o-biomecanico\/","url":"https:\/\/smsafemode.com\/tienda\/producto\/video-riesgo-ergonomico-o-biomecanico\/","name":"Video riesgo ergon\u00f3mico o biomec\u00e1nico | Tienda Virtual Safe Mode","isPartOf":{"@id":"http:\/\/smsafemode.com\/tienda\/#website"},"primaryImageOfPage":{"@id":"https:\/\/smsafemode.com\/tienda\/producto\/video-riesgo-ergonomico-o-biomecanico\/#primaryimage"},"image":{"@id":"https:\/\/smsafemode.com\/tienda\/producto\/video-riesgo-ergonomico-o-biomecanico\/#primaryimage"},"thumbnailUrl":"https:\/\/firebasestorage.googleapis.com\/v0\/b\/safe-mode.appspot.com\/o\/smsafemode.com%2Ftienda%20virtual%20SM%2Fproductos%2F1x1%2Fvideo%20reisgo%20ergonomico.png?alt=media&token=0cf5cdc3-2aaa-425b-b4ab-b7761c39b844","datePublished":"2019-01-13T18:55:19+00:00","dateModified":"2026-01-18T23:50:28+00:00","description":"Video riesgo ergonomico para capacitar o compartir en tu empresa por medio de un enlace de transmisi\u00f3n del video para que lo compartas facilmente","breadcrumb":{"@id":"https:\/\/smsafemode.com\/tienda\/producto\/video-riesgo-ergonomico-o-biomecanico\/#breadcrumb"},"inLanguage":"es","potentialAction":[{"@type":"ReadAction","target":["https:\/\/smsafemode.com\/tienda\/producto\/video-riesgo-ergonomico-o-biomecanico\/"]}]},{"@type":"ImageObject","inLanguage":"es","@id":"https:\/\/smsafemode.com\/tienda\/producto\/video-riesgo-ergonomico-o-biomecanico\/#primaryimage","url":"https:\/\/firebasestorage.googleapis.com\/v0\/b\/safe-mode.appspot.com\/o\/smsafemode.com%2Ftienda%20virtual%20SM%2Fproductos%2F1x1%2Fvideo%20reisgo%20ergonomico.png?alt=media&token=0cf5cdc3-2aaa-425b-b4ab-b7761c39b844","contentUrl":"https:\/\/firebasestorage.googleapis.com\/v0\/b\/safe-mode.appspot.com\/o\/smsafemode.com%2Ftienda%20virtual%20SM%2Fproductos%2F1x1%2Fvideo%20reisgo%20ergonomico.png?alt=media&token=0cf5cdc3-2aaa-425b-b4ab-b7761c39b844","width":"1059","height":"1052","caption":"Video riesgo ergon\u00f3mico o biomec\u00e1nico"},{"@type":"BreadcrumbList","@id":"https:\/\/smsafemode.com\/tienda\/producto\/video-riesgo-ergonomico-o-biomecanico\/#breadcrumb","itemListElement":[{"@type":"ListItem","position":1,"name":"Portada","item":"https:\/\/smsafemode.com\/tienda\/"},{"@type":"ListItem","position":2,"name":"Inicio","item":"https:\/\/smsafemode.com\/tienda\/"},{"@type":"ListItem","position":3,"name":"Video riesgo ergon\u00f3mico o biomec\u00e1nico"}]},{"@type":"WebSite","@id":"http:\/\/smsafemode.com\/tienda\/#website","url":"http:\/\/smsafemode.com\/tienda\/","name":"Tienda Virtual","description":"Todas nuestras soluciones a un clic","publisher":{"@id":"http:\/\/smsafemode.com\/tienda\/#organization"},"potentialAction":[{"@type":"SearchAction","target":{"@type":"EntryPoint","urlTemplate":"http:\/\/smsafemode.com\/tienda\/?s={search_term_string}"},"query-input":{"@type":"PropertyValueSpecification","valueRequired":true,"valueName":"search_term_string"}}],"inLanguage":"es"},{"@type":"Organization","@id":"http:\/\/smsafemode.com\/tienda\/#organization","name":"Safe Mode Sas","url":"http:\/\/smsafemode.com\/tienda\/","logo":{"@type":"ImageObject","inLanguage":"es","@id":"http:\/\/smsafemode.com\/tienda\/#\/schema\/logo\/image\/","url":"https:\/\/storage.googleapis.com\/stateless-smsafemode-com\/2019\/01\/26291970407_ec01902df5_o.png","contentUrl":"https:\/\/storage.googleapis.com\/stateless-smsafemode-com\/2019\/01\/26291970407_ec01902df5_o.png","width":425,"height":426,"caption":"Safe Mode Sas"},"image":{"@id":"http:\/\/smsafemode.com\/tienda\/#\/schema\/logo\/image\/"},"sameAs":["https:\/\/www.facebook.com\/smsafemode","https:\/\/x.com\/SMsafemode"]}]}},"_links":{"self":[{"href":"https:\/\/smsafemode.com\/tienda\/wp-json\/wp\/v2\/product\/72","targetHints":{"allow":["GET"]}}],"collection":[{"href":"https:\/\/smsafemode.com\/tienda\/wp-json\/wp\/v2\/product"}],"about":[{"href":"https:\/\/smsafemode.com\/tienda\/wp-json\/wp\/v2\/types\/product"}],"wp:featuredmedia":[{"embeddable":true,"href":"https:\/\/smsafemode.com\/tienda\/wp-json\/wp\/v2\/media\/77"}],"wp:attachment":[{"href":"https:\/\/smsafemode.com\/tienda\/wp-json\/wp\/v2\/media?parent=72"}],"wp:term":[{"taxonomy":"product_brand","embeddable":true,"href":"https:\/\/smsafemode.com\/tienda\/wp-json\/wp\/v2\/product_brand?post=72"},{"taxonomy":"product_cat","embeddable":true,"href":"https:\/\/smsafemode.com\/tienda\/wp-json\/wp\/v2\/product_cat?post=72"},{"taxonomy":"product_tag","embeddable":true,"href":"https:\/\/smsafemode.com\/tienda\/wp-json\/wp\/v2\/product_tag?post=72"}],"curies":[{"name":"wp","href":"https:\/\/api.w.org\/{rel}","templated":true}]}}