{"id":712,"date":"2020-04-10T20:19:26","date_gmt":"2020-04-11T01:19:26","guid":{"rendered":"http:\/\/smsafemode.com\/tienda\/?post_type=product&#038;p=712"},"modified":"2021-09-11T18:34:30","modified_gmt":"2021-09-11T23:34:30","slug":"diseno-de-poster-afiche-o-habladores","status":"publish","type":"product","link":"https:\/\/smsafemode.com\/tienda\/producto\/diseno-de-poster-afiche-o-habladores\/","title":{"rendered":"Dise\u00f1o de (P\u00f3ster Afiche o Habladores)"},"content":{"rendered":"<p><span style=\"font-weight: 400;\">Se dice que una imagen\u00a0 dice m\u00e1s que mil palabras es por esto que creamos este servicio en el cual puedes compartir de forma adecuada un mensaje con personas que tengan inter\u00e9s sobre un tema,<\/span><\/p>\n<p><span style=\"font-weight: 400;\">Para desarrollar este servicio escuchamos con atenci\u00f3n las ideas y el mensaje que quieres dar a conocer en tu afiche o hablador, posterior a esto nuestro grupo de dise\u00f1adores se encarga de plasmar gr\u00e1ficamente el mensaje que t\u00fa quieras dar a conocer, as\u00ed como tambi\u00e9n se tiene en cuenta el formato en el cual lo quieres compartir ya sea para medios digitales o impresos.<\/span><\/p>\n<hr \/>\n<h3>Por la compra de este servicio recibes:<\/h3>\n<div class=\"gca-column one-third first\"><h4 style=\"text-align: center;\"><img loading=\"lazy\" decoding=\"async\" class=\" aligncenter\" src=\"https:\/\/firebasestorage.googleapis.com\/v0\/b\/safe-mode.appspot.com\/o\/svg%20para%20paginas%2Ftelefono.svg?alt=media&amp;token=02d16d5c-ff8e-44c6-8e59-5a8d7d24d7bf\" width=\"170\" height=\"167\" \/>Comunicaci\u00f3n directa con la<br \/>\npersona encargada de hacer el dise\u00f1o<\/h4><\/div>\n<div class=\"gca-column one-third\"><h4 style=\"text-align: center;\"><img loading=\"lazy\" decoding=\"async\" class=\" aligncenter\" src=\"https:\/\/firebasestorage.googleapis.com\/v0\/b\/safe-mode.appspot.com\/o\/svg%20para%20paginas%2Flogo%20ilustrator.svg?alt=media&amp;token=5b26d9c6-4231-41e3-92f0-8a3703bb3d67\" width=\"170\" height=\"170\" \/>Creaci\u00f3n de dise\u00f1o gr\u00e1fico en<br \/>\nprogramas de ilustraci\u00f3n profesionales<\/h4><\/div>\n<div class=\"gca-column one-third\"><h4 style=\"text-align: center;\"><img loading=\"lazy\" decoding=\"async\" class=\" aligncenter\" src=\"https:\/\/firebasestorage.googleapis.com\/v0\/b\/safe-mode.appspot.com\/o\/svg%20para%20paginas%2Ficonos%20de%20formatos%20dise%C3%B1o.svg?alt=media&amp;token=3fdc3621-ce52-455d-a661-d25539e5cf21\" width=\"170\" height=\"170\" \/>Formatos esenciales de dise\u00f1o<br \/>\n(Ai, PDF, SVG y JPG)<\/h4><\/div><div class=\"gca-utility clearfix\"><\/div>\n<hr \/>\n<p>&nbsp;<\/p>\n<div class=\"gca-column one-third first\"><h4 style=\"text-align: center;\"><img loading=\"lazy\" decoding=\"async\" class=\" aligncenter\" src=\"https:\/\/firebasestorage.googleapis.com\/v0\/b\/safe-mode.appspot.com\/o\/svg%20para%20paginas%2Fverificado%20azul.svg?alt=media&amp;token=0c03f81e-54e7-4efc-b841-17b61aa957a2\" width=\"153\" height=\"153\" \/>Una revisi\u00f3n para realizar<br \/>\ncorrecciones pertinentes*<\/h4><\/div>\n<div class=\"gca-column one-third\"><h4 style=\"text-align: center;\"><img loading=\"lazy\" decoding=\"async\" class=\" aligncenter\" src=\"https:\/\/firebasestorage.googleapis.com\/v0\/b\/safe-mode.appspot.com\/o\/svg%20para%20paginas%2Fdescargar%20nuebe%20azul.svg?alt=media&amp;token=4d064a7c-8586-46fa-822c-704f01022268\" width=\"231\" height=\"156\" \/>Almacenamiento de tus dise\u00f1os<br \/>\npor un a\u00f1o\u00a0 en la nube<\/h4><\/div>\n<div class=\"gca-column one-third\"><h4 style=\"text-align: center;\"><img loading=\"lazy\" decoding=\"async\" class=\" aligncenter\" src=\"https:\/\/firebasestorage.googleapis.com\/v0\/b\/safe-mode.appspot.com\/o\/svg%20para%20paginas%2Flapiz.svg?alt=media&amp;token=86b85261-3ba4-4bde-92ff-b562876f25c5\" width=\"141\" height=\"157\" \/>Formatos disponibles para edici\u00f3n<\/h4><\/div><div class=\"gca-utility clearfix\"><\/div>\n<hr \/>\n<p>Querer compartir un mensaje ahora es m\u00e1s f\u00e1cil que nunca ya que con nuestro servicio de dise\u00f1os de afiches o habladores podr\u00e1s compartir un mensaje, una idea o una informaci\u00f3n con p\u00fablico interesado. Este servicio es particularmente solicitado por personas o empresas que quieren compartir tanto a nivel interno como externo una informaci\u00f3n espec\u00edfica y que sea gr\u00e1ficamente atractiva para el p\u00fablico interesado.<\/p>\n<p>Tambi\u00e9n gracias al material gr\u00e1fico podr\u00edas compartir este mensaje en tu redes sociales, afiches en tu empresa integrar en espacios publicitarios y muchas opciones m\u00e1s que dar\u00e1n a conocer tu marca y generar\u00e1n recordaci\u00f3n de la misma.<\/p>\n<p>No dejes en manos de cualquiera la imagen de tu empresa nosotros podemos crear una soluci\u00f3n adecuada a la medida y sumamente efectiva para difundir mensajes por medio de un dise\u00f1o enfocado a tus necesidades y el mensaje que quieres dar a conocer.<\/p>\n<p>El tiempo para el dise\u00f1o de tu pieza gr\u00e1fica tiene una estimaci\u00f3n de entre 2 a 4 d\u00edas h\u00e1biles, este tiempo es el dedicado para crear un material profesional con caracter\u00edsticas de primera calidad.<\/p>\n<p>Esta es una soluci\u00f3n de nuestra unidad de negocios MAKE dedicada al dise\u00f1o gr\u00e1fico a nivel corporativo.<br \/>\n*Se da un plazo de tiempo para la aprobaci\u00f3n del dise\u00f1o en el cual escuchamos Cu\u00e1les son las objeciones y observaciones que tengas sobre el dise\u00f1o a partir de esto creamos las correcciones respectivas y te entregamos la pieza de dise\u00f1o finalizada si despu\u00e9s de 8 d\u00edas calendario la aprobaci\u00f3n no se genera en nuestro equipo de reprente hendido que el dise\u00f1o ha sido aprobado por el cliente.<\/p>\n<hr \/>\n\n<div class=\"wpcf7 no-js\" id=\"wpcf7-f670-o1\" lang=\"es-ES\" dir=\"ltr\" data-wpcf7-id=\"670\">\n<div class=\"screen-reader-response\"><p role=\"status\" aria-live=\"polite\" aria-atomic=\"true\"><\/p> <ul><\/ul><\/div>\n<form action=\"\/tienda\/wp-json\/wp\/v2\/product\/712#wpcf7-f670-o1\" method=\"post\" class=\"wpcf7-form init\" aria-label=\"Formulario de contacto\" novalidate=\"novalidate\" data-status=\"init\">\n<fieldset class=\"hidden-fields-container\"><input type=\"hidden\" name=\"_wpcf7\" value=\"670\" \/><input type=\"hidden\" name=\"_wpcf7_version\" value=\"6.1.4\" \/><input type=\"hidden\" name=\"_wpcf7_locale\" value=\"es_ES\" \/><input type=\"hidden\" name=\"_wpcf7_unit_tag\" value=\"wpcf7-f670-o1\" \/><input type=\"hidden\" name=\"_wpcf7_container_post\" value=\"0\" \/><input type=\"hidden\" name=\"_wpcf7_posted_data_hash\" value=\"\" \/><input type=\"hidden\" name=\"_wpcf7_recaptcha_response\" value=\"\" \/>\n<\/fieldset>\n<p><img loading=\"lazy\" decoding=\"async\" class=\" aligncenter\" src=\"https:\/\/firebasestorage.googleapis.com\/v0\/b\/safe-mode.appspot.com\/o\/svg%20para%20paginas%2FSafe%20Mode%20----%20color%20formas.svg?alt=media&amp;token=08d31062-616b-436d-91e4-07e34745d6ae\" width=\"565\" height=\"110\" \/>\n<\/p><div class=\"wpcf7-response-output\" aria-hidden=\"true\"><\/div>\n<\/form>\n<\/div>\n\n","protected":false},"excerpt":{"rendered":"<p><span style=\"font-weight: 400;\">Dise\u00f1ar afiches o habladores es un servicio que tenemos disponible por medio del cual Ilustramos un mensaje que quieras compartir con varias personas, podemos ilustrar gr\u00e1ficamente y de forma totalmente personalizada lo que t\u00fa quieras,\u00a0 una vez comprado este servicio uno de nuestros expertos se contactar\u00e1 contigo para conocer qu\u00e9 es lo que quieres ilustrar, darte algunas ideas e iniciar con el dise\u00f1o de tu pieza promocional afiche o hablador.<\/span><\/p>\n<p>&nbsp;<\/p>\n<p><span style=\"color: #3366ff;\"><strong>Indica aqu\u00ed cuantos afiches necesitas<\/strong><\/span><\/p>\n","protected":false},"featured_media":1363,"template":"","meta":{"inline_featured_image":false,"_joinchat":[]},"product_brand":[],"product_cat":[120],"product_tag":[159,114,160,256,257],"class_list":{"0":"post-712","1":"product","2":"type-product","3":"status-publish","4":"has-post-thumbnail","6":"product_cat-make","7":"product_tag-afiche","8":"product_tag-diseno-grafico","9":"product_tag-hablador","10":"product_tag-poster","11":"product_tag-valla","13":"first","14":"instock","15":"virtual","16":"taxable","17":"purchasable","18":"product-type-simple","19":"customify-col"},"yoast_head":"<!-- This site is optimized with the Yoast SEO plugin v26.7 - https:\/\/yoast.com\/wordpress\/plugins\/seo\/ -->\n<title>Dise\u00f1o de (P\u00f3ster Afiche o Habladores) | Tienda Virtual Safe Mode<\/title>\n<meta name=\"robots\" content=\"index, follow, max-snippet:-1, max-image-preview:large, max-video-preview:-1\" \/>\n<link rel=\"canonical\" href=\"https:\/\/smsafemode.com\/tienda\/producto\/diseno-de-poster-afiche-o-habladores\/\" \/>\n<meta property=\"og:locale\" content=\"es_ES\" \/>\n<meta property=\"og:type\" content=\"article\" \/>\n<meta property=\"og:title\" content=\"Dise\u00f1o de (P\u00f3ster Afiche o Habladores) | Tienda Virtual Safe Mode\" \/>\n<meta property=\"og:description\" content=\"Dise\u00f1ar afiches o habladores es un servicio que tenemos disponible por medio del cual Ilustramos un mensaje que quieras compartir con varias personas, podemos ilustrar gr\u00e1ficamente y de forma totalmente personalizada lo que t\u00fa quieras,\u00a0 una vez comprado este servicio uno de nuestros expertos se contactar\u00e1 contigo para conocer qu\u00e9 es lo que quieres ilustrar, darte algunas ideas e iniciar con el dise\u00f1o de tu pieza promocional afiche o hablador.  &nbsp;  Indica aqu\u00ed cuantos afiches necesitas\" \/>\n<meta property=\"og:url\" content=\"https:\/\/smsafemode.com\/tienda\/producto\/diseno-de-poster-afiche-o-habladores\/\" \/>\n<meta property=\"og:site_name\" content=\"Tienda Virtual\" \/>\n<meta property=\"article:publisher\" content=\"https:\/\/www.facebook.com\/smsafemode\" \/>\n<meta property=\"article:modified_time\" content=\"2021-09-11T23:34:30+00:00\" \/>\n<meta property=\"og:image\" content=\"https:\/\/storage.googleapis.com\/stateless-smsafemode-com\/2020\/04\/10542d62-diseno-de-poster-afoche-hablador.png\" \/>\n\t<meta property=\"og:image:width\" content=\"630\" \/>\n\t<meta property=\"og:image:height\" content=\"779\" \/>\n\t<meta property=\"og:image:type\" content=\"image\/png\" \/>\n<meta name=\"twitter:card\" content=\"summary_large_image\" \/>\n<meta name=\"twitter:site\" content=\"@SMsafemode\" \/>\n<meta name=\"twitter:label1\" content=\"Tiempo de lectura\" \/>\n\t<meta name=\"twitter:data1\" content=\"2 minutos\" \/>\n<script type=\"application\/ld+json\" class=\"yoast-schema-graph\">{\"@context\":\"https:\/\/schema.org\",\"@graph\":[{\"@type\":\"WebPage\",\"@id\":\"https:\/\/smsafemode.com\/tienda\/producto\/diseno-de-poster-afiche-o-habladores\/\",\"url\":\"https:\/\/smsafemode.com\/tienda\/producto\/diseno-de-poster-afiche-o-habladores\/\",\"name\":\"Dise\u00f1o de (P\u00f3ster Afiche o Habladores) | Tienda Virtual Safe Mode\",\"isPartOf\":{\"@id\":\"http:\/\/smsafemode.com\/tienda\/#website\"},\"primaryImageOfPage\":{\"@id\":\"https:\/\/smsafemode.com\/tienda\/producto\/diseno-de-poster-afiche-o-habladores\/#primaryimage\"},\"image\":{\"@id\":\"https:\/\/smsafemode.com\/tienda\/producto\/diseno-de-poster-afiche-o-habladores\/#primaryimage\"},\"thumbnailUrl\":\"https:\/\/storage.googleapis.com\/stateless-smsafemode-com\/2020\/04\/10542d62-diseno-de-poster-afoche-hablador.png\",\"datePublished\":\"2020-04-11T01:19:26+00:00\",\"dateModified\":\"2021-09-11T23:34:30+00:00\",\"breadcrumb\":{\"@id\":\"https:\/\/smsafemode.com\/tienda\/producto\/diseno-de-poster-afiche-o-habladores\/#breadcrumb\"},\"inLanguage\":\"es\",\"potentialAction\":[{\"@type\":\"ReadAction\",\"target\":[\"https:\/\/smsafemode.com\/tienda\/producto\/diseno-de-poster-afiche-o-habladores\/\"]}]},{\"@type\":\"ImageObject\",\"inLanguage\":\"es\",\"@id\":\"https:\/\/smsafemode.com\/tienda\/producto\/diseno-de-poster-afiche-o-habladores\/#primaryimage\",\"url\":\"https:\/\/storage.googleapis.com\/stateless-smsafemode-com\/2020\/04\/10542d62-diseno-de-poster-afoche-hablador.png\",\"contentUrl\":\"https:\/\/storage.googleapis.com\/stateless-smsafemode-com\/2020\/04\/10542d62-diseno-de-poster-afoche-hablador.png\",\"width\":630,\"height\":779},{\"@type\":\"BreadcrumbList\",\"@id\":\"https:\/\/smsafemode.com\/tienda\/producto\/diseno-de-poster-afiche-o-habladores\/#breadcrumb\",\"itemListElement\":[{\"@type\":\"ListItem\",\"position\":1,\"name\":\"Portada\",\"item\":\"https:\/\/smsafemode.com\/tienda\/\"},{\"@type\":\"ListItem\",\"position\":2,\"name\":\"Inicio\",\"item\":\"https:\/\/smsafemode.com\/tienda\/\"},{\"@type\":\"ListItem\",\"position\":3,\"name\":\"Dise\u00f1o de (P\u00f3ster Afiche o Habladores)\"}]},{\"@type\":\"WebSite\",\"@id\":\"http:\/\/smsafemode.com\/tienda\/#website\",\"url\":\"http:\/\/smsafemode.com\/tienda\/\",\"name\":\"Tienda Virtual\",\"description\":\"Todas nuestras soluciones a un clic\",\"publisher\":{\"@id\":\"http:\/\/smsafemode.com\/tienda\/#organization\"},\"potentialAction\":[{\"@type\":\"SearchAction\",\"target\":{\"@type\":\"EntryPoint\",\"urlTemplate\":\"http:\/\/smsafemode.com\/tienda\/?s={search_term_string}\"},\"query-input\":{\"@type\":\"PropertyValueSpecification\",\"valueRequired\":true,\"valueName\":\"search_term_string\"}}],\"inLanguage\":\"es\"},{\"@type\":\"Organization\",\"@id\":\"http:\/\/smsafemode.com\/tienda\/#organization\",\"name\":\"Safe Mode Sas\",\"url\":\"http:\/\/smsafemode.com\/tienda\/\",\"logo\":{\"@type\":\"ImageObject\",\"inLanguage\":\"es\",\"@id\":\"http:\/\/smsafemode.com\/tienda\/#\/schema\/logo\/image\/\",\"url\":\"https:\/\/storage.googleapis.com\/stateless-smsafemode-com\/2019\/01\/26291970407_ec01902df5_o.png\",\"contentUrl\":\"https:\/\/storage.googleapis.com\/stateless-smsafemode-com\/2019\/01\/26291970407_ec01902df5_o.png\",\"width\":425,\"height\":426,\"caption\":\"Safe Mode Sas\"},\"image\":{\"@id\":\"http:\/\/smsafemode.com\/tienda\/#\/schema\/logo\/image\/\"},\"sameAs\":[\"https:\/\/www.facebook.com\/smsafemode\",\"https:\/\/x.com\/SMsafemode\"]}]}<\/script>\n<!-- \/ Yoast SEO plugin. -->","yoast_head_json":{"title":"Dise\u00f1o de (P\u00f3ster Afiche o Habladores) | Tienda Virtual Safe Mode","robots":{"index":"index","follow":"follow","max-snippet":"max-snippet:-1","max-image-preview":"max-image-preview:large","max-video-preview":"max-video-preview:-1"},"canonical":"https:\/\/smsafemode.com\/tienda\/producto\/diseno-de-poster-afiche-o-habladores\/","og_locale":"es_ES","og_type":"article","og_title":"Dise\u00f1o de (P\u00f3ster Afiche o Habladores) | Tienda Virtual Safe Mode","og_description":"Dise\u00f1ar afiches o habladores es un servicio que tenemos disponible por medio del cual Ilustramos un mensaje que quieras compartir con varias personas, podemos ilustrar gr\u00e1ficamente y de forma totalmente personalizada lo que t\u00fa quieras,\u00a0 una vez comprado este servicio uno de nuestros expertos se contactar\u00e1 contigo para conocer qu\u00e9 es lo que quieres ilustrar, darte algunas ideas e iniciar con el dise\u00f1o de tu pieza promocional afiche o hablador.  &nbsp;  Indica aqu\u00ed cuantos afiches necesitas","og_url":"https:\/\/smsafemode.com\/tienda\/producto\/diseno-de-poster-afiche-o-habladores\/","og_site_name":"Tienda Virtual","article_publisher":"https:\/\/www.facebook.com\/smsafemode","article_modified_time":"2021-09-11T23:34:30+00:00","og_image":[{"width":630,"height":779,"url":"https:\/\/storage.googleapis.com\/stateless-smsafemode-com\/2020\/04\/10542d62-diseno-de-poster-afoche-hablador.png","type":"image\/png"}],"twitter_card":"summary_large_image","twitter_site":"@SMsafemode","twitter_misc":{"Tiempo de lectura":"2 minutos"},"schema":{"@context":"https:\/\/schema.org","@graph":[{"@type":"WebPage","@id":"https:\/\/smsafemode.com\/tienda\/producto\/diseno-de-poster-afiche-o-habladores\/","url":"https:\/\/smsafemode.com\/tienda\/producto\/diseno-de-poster-afiche-o-habladores\/","name":"Dise\u00f1o de (P\u00f3ster Afiche o Habladores) | Tienda Virtual Safe Mode","isPartOf":{"@id":"http:\/\/smsafemode.com\/tienda\/#website"},"primaryImageOfPage":{"@id":"https:\/\/smsafemode.com\/tienda\/producto\/diseno-de-poster-afiche-o-habladores\/#primaryimage"},"image":{"@id":"https:\/\/smsafemode.com\/tienda\/producto\/diseno-de-poster-afiche-o-habladores\/#primaryimage"},"thumbnailUrl":"https:\/\/storage.googleapis.com\/stateless-smsafemode-com\/2020\/04\/10542d62-diseno-de-poster-afoche-hablador.png","datePublished":"2020-04-11T01:19:26+00:00","dateModified":"2021-09-11T23:34:30+00:00","breadcrumb":{"@id":"https:\/\/smsafemode.com\/tienda\/producto\/diseno-de-poster-afiche-o-habladores\/#breadcrumb"},"inLanguage":"es","potentialAction":[{"@type":"ReadAction","target":["https:\/\/smsafemode.com\/tienda\/producto\/diseno-de-poster-afiche-o-habladores\/"]}]},{"@type":"ImageObject","inLanguage":"es","@id":"https:\/\/smsafemode.com\/tienda\/producto\/diseno-de-poster-afiche-o-habladores\/#primaryimage","url":"https:\/\/storage.googleapis.com\/stateless-smsafemode-com\/2020\/04\/10542d62-diseno-de-poster-afoche-hablador.png","contentUrl":"https:\/\/storage.googleapis.com\/stateless-smsafemode-com\/2020\/04\/10542d62-diseno-de-poster-afoche-hablador.png","width":630,"height":779},{"@type":"BreadcrumbList","@id":"https:\/\/smsafemode.com\/tienda\/producto\/diseno-de-poster-afiche-o-habladores\/#breadcrumb","itemListElement":[{"@type":"ListItem","position":1,"name":"Portada","item":"https:\/\/smsafemode.com\/tienda\/"},{"@type":"ListItem","position":2,"name":"Inicio","item":"https:\/\/smsafemode.com\/tienda\/"},{"@type":"ListItem","position":3,"name":"Dise\u00f1o de (P\u00f3ster Afiche o Habladores)"}]},{"@type":"WebSite","@id":"http:\/\/smsafemode.com\/tienda\/#website","url":"http:\/\/smsafemode.com\/tienda\/","name":"Tienda Virtual","description":"Todas nuestras soluciones a un clic","publisher":{"@id":"http:\/\/smsafemode.com\/tienda\/#organization"},"potentialAction":[{"@type":"SearchAction","target":{"@type":"EntryPoint","urlTemplate":"http:\/\/smsafemode.com\/tienda\/?s={search_term_string}"},"query-input":{"@type":"PropertyValueSpecification","valueRequired":true,"valueName":"search_term_string"}}],"inLanguage":"es"},{"@type":"Organization","@id":"http:\/\/smsafemode.com\/tienda\/#organization","name":"Safe Mode Sas","url":"http:\/\/smsafemode.com\/tienda\/","logo":{"@type":"ImageObject","inLanguage":"es","@id":"http:\/\/smsafemode.com\/tienda\/#\/schema\/logo\/image\/","url":"https:\/\/storage.googleapis.com\/stateless-smsafemode-com\/2019\/01\/26291970407_ec01902df5_o.png","contentUrl":"https:\/\/storage.googleapis.com\/stateless-smsafemode-com\/2019\/01\/26291970407_ec01902df5_o.png","width":425,"height":426,"caption":"Safe Mode Sas"},"image":{"@id":"http:\/\/smsafemode.com\/tienda\/#\/schema\/logo\/image\/"},"sameAs":["https:\/\/www.facebook.com\/smsafemode","https:\/\/x.com\/SMsafemode"]}]}},"_links":{"self":[{"href":"https:\/\/smsafemode.com\/tienda\/wp-json\/wp\/v2\/product\/712","targetHints":{"allow":["GET"]}}],"collection":[{"href":"https:\/\/smsafemode.com\/tienda\/wp-json\/wp\/v2\/product"}],"about":[{"href":"https:\/\/smsafemode.com\/tienda\/wp-json\/wp\/v2\/types\/product"}],"wp:featuredmedia":[{"embeddable":true,"href":"https:\/\/smsafemode.com\/tienda\/wp-json\/wp\/v2\/media\/1363"}],"wp:attachment":[{"href":"https:\/\/smsafemode.com\/tienda\/wp-json\/wp\/v2\/media?parent=712"}],"wp:term":[{"taxonomy":"product_brand","embeddable":true,"href":"https:\/\/smsafemode.com\/tienda\/wp-json\/wp\/v2\/product_brand?post=712"},{"taxonomy":"product_cat","embeddable":true,"href":"https:\/\/smsafemode.com\/tienda\/wp-json\/wp\/v2\/product_cat?post=712"},{"taxonomy":"product_tag","embeddable":true,"href":"https:\/\/smsafemode.com\/tienda\/wp-json\/wp\/v2\/product_tag?post=712"}],"curies":[{"name":"wp","href":"https:\/\/api.w.org\/{rel}","templated":true}]}}