{"id":692,"date":"2020-04-09T18:13:44","date_gmt":"2020-04-09T23:13:44","guid":{"rendered":"http:\/\/smsafemode.com\/tienda\/?post_type=product&#038;p=692"},"modified":"2022-09-08T21:04:23","modified_gmt":"2022-09-09T02:04:23","slug":"auditoria-anual-de-resolucion-0312","status":"publish","type":"product","link":"https:\/\/smsafemode.com\/tienda\/producto\/auditoria-anual-de-resolucion-0312\/","title":{"rendered":"Auditor\u00eda anual de resoluci\u00f3n 0312"},"content":{"rendered":"<p><img loading=\"lazy\" decoding=\"async\" class=\" alignright\" src=\"https:\/\/storage.googleapis.com\/stateless-smsafemode-com\/2022\/09\/751b9cde-resolucion-0312.svg\" alt=\"Certificaro en resolucion 312 SGSST \" width=\"253\" height=\"253\" \/>Dentro de la normatividad vigente de est\u00e1ndares m\u00ednimos ( resolucion 0312 del 2019) se establece que uno de los puntos importantes a tener en cuenta es la revisi\u00f3n o auditor\u00eda del sistema de gesti\u00f3n de seguridad y salud en el trabajo y esto en gran medida se debe a que debemos reconocer de forma f\u00e1cil y efectiva C\u00f3mo nuestras acciones han impactado en el porcentaje de cumplimiento de los est\u00e1ndares m\u00ednimos que establece el Ministerio de trabajo para el sistema de gesti\u00f3n.<\/p>\n<p>Cabe destacar qu\u00e9 las personas que desarrollan la auditor\u00eda de cumplimiento de est\u00e1ndares m\u00ednimos no debe ser la misma persona que ha desarrollado todas las actividades ya que de este modo no se contar\u00eda con una evaluaci\u00f3n objetiva del proceso y en realidad no se estar\u00eda cumpliendo con este \u00edtem, es por esto que dentro de nuestro servicio todas las personas que desarrollan las auditor\u00edas no han tenido intervenci\u00f3n alguna con el proceso de tu sistema de gesti\u00f3n de seguridad y salud en el trabajo, para de este modo garantizar que los resultados de la auditor\u00eda son los adecuados.<a href=\"https:\/\/smsafemode.com\/auditoria-sgsst-servicio\/\"><img decoding=\"async\" class=\"size-medium aligncenter\" src=\"https:\/\/storage.googleapis.com\/stateless-smsafemode-com\/2022\/08\/a6011c84-boton-cotiza-auditoria-sgsst-2.svg\" alt=\"Cotizar servicio de auditoria en resolucion 0312 de 2019\" width=\"100%\" height=\"29\" \/><\/a><\/p>\n<hr \/>\n<h3>\u00a0Por la compra de este servicio recibes:<\/h3>\n<div class=\"gca-column one-third first\"><h4 style=\"text-align: center;\"><img loading=\"lazy\" decoding=\"async\" class=\"aligncenter\" title=\"Auditor\u00eda de los estandares de la resolucion0312, Colombia, Servicio\" src=\"https:\/\/firebasestorage.googleapis.com\/v0\/b\/safe-mode.appspot.com\/o\/svg%20para%20paginas%2Ftabla%20con%20documento.svg?alt=media&amp;token=a7c84eef-8dab-49a6-abd2-05c27e46fbd1\" alt=\"Auditor\u00eda 0312 para empresa \" width=\"200\" height=\"200\" \/>Verificaci\u00f3n documental<br \/>\nexistente del SGSST<\/h4><\/div>\n<div class=\"gca-column one-third\"><h4 style=\"text-align: center;\"><img loading=\"lazy\" decoding=\"async\" class=\" aligncenter\" src=\"https:\/\/firebasestorage.googleapis.com\/v0\/b\/safe-mode.appspot.com\/o\/svg%20para%20paginas%2Fverificado%20azul.svg?alt=media&amp;token=0c03f81e-54e7-4efc-b841-17b61aa957a2\" width=\"200\" height=\"200\" \/>Auditor\u00eda interna bajo<br \/>\nlos est\u00e1ndares m\u00ednimos<\/h4><\/div>\n<div class=\"gca-column one-third\"><h4 style=\"text-align: center;\"><img loading=\"lazy\" decoding=\"async\" class=\" aligncenter\" src=\"https:\/\/firebasestorage.googleapis.com\/v0\/b\/safe-mode.appspot.com\/o\/svg%20para%20paginas%2Fcheck%20list.svg?alt=media&amp;token=165fda73-02a4-41f1-8b2c-dba694fa1045\" width=\"200\" height=\"200\" \/>Informe de acciones de<br \/>\nmejora pertinentes<\/h4><\/div><div class=\"gca-utility clearfix\"><\/div>\n<hr \/>\n<div class=\"gca-column one-third first\"><h4 style=\"text-align: center;\"><img loading=\"lazy\" decoding=\"async\" class=\" aligncenter\" src=\"https:\/\/firebasestorage.googleapis.com\/v0\/b\/safe-mode.appspot.com\/o\/svg%20para%20paginas%2Ffirma.svg?alt=media&amp;token=63719f56-00ff-4415-b88c-fe7e0d8fa27e\" width=\"200\" height=\"200\" \/>Resultado de auditor\u00eda firmada<br \/>\npor personal calificado<\/h4><\/div>\n<div class=\"gca-column one-third\"><h4 style=\"text-align: center;\"><img loading=\"lazy\" decoding=\"async\" class=\" aligncenter\" src=\"https:\/\/firebasestorage.googleapis.com\/v0\/b\/safe-mode.appspot.com\/o\/svg%20para%20paginas%2Fdocumento%20lapiz%20rojo.svg?alt=media&amp;token=c15139bc-32ad-4c93-a864-ff79ad17aaf5\" width=\"200\" height=\"200\" \/>Recomendaciones aplicadas a<br \/>\nlas necesidades actuales de tu empresa<\/h4><\/div>\n<div class=\"gca-column one-third\"><h4 style=\"text-align: center;\"><img loading=\"lazy\" decoding=\"async\" class=\" aligncenter\" src=\"https:\/\/firebasestorage.googleapis.com\/v0\/b\/safe-mode.appspot.com\/o\/svg%20para%20paginas%2Fgrafica.svg?alt=media&amp;token=de2868e4-c029-48d0-b952-95dcd53efca9\" width=\"200\" height=\"200\" \/>An\u00e1lisis de indicadores<br \/>\ndel \u00faltimo a\u00f1o<\/h4><\/div><div class=\"gca-utility clearfix\"><\/div>\n<hr \/>\n<div class=\"gca-column one-third first\"><h4 style=\"text-align: center;\"><img loading=\"lazy\" decoding=\"async\" class=\" aligncenter\" src=\"https:\/\/firebasestorage.googleapis.com\/v0\/b\/safe-mode.appspot.com\/o\/svg%20para%20paginas%2Fbombillo%20idea.svg?alt=media&amp;token=7fcee971-e9cf-4f4a-8a74-ad5ae9b22eb8\" width=\"166\" height=\"191\" \/>Verificaci\u00f3n de la pertinencia de<br \/>\nlas actividades desarrolladas<\/h4><\/div>\n<div class=\"gca-column one-third\"><h4 style=\"text-align: center;\"><img loading=\"lazy\" decoding=\"async\" class=\" aligncenter\" src=\"https:\/\/firebasestorage.googleapis.com\/v0\/b\/safe-mode.appspot.com\/o\/svg%20para%20paginas%2Fmeta%20y%20persona%20609065.svg?alt=media&amp;token=2d9aa3d6-6eed-40a5-bc99-d83bd28d52a6\" width=\"200\" height=\"200\" \/>Verificaci\u00f3n de objetivos y<br \/>\nmetas contempladas<\/h4><\/div>\n<div class=\"gca-column one-third\"><h4 style=\"text-align: center;\"><img loading=\"lazy\" decoding=\"async\" class=\" aligncenter\" src=\"https:\/\/firebasestorage.googleapis.com\/v0\/b\/safe-mode.appspot.com\/o\/svg%20para%20paginas%2Fhablar.svg?alt=media&amp;token=50c65430-1340-4d32-b143-0a82c1a33ad9\" width=\"200\" height=\"195\" \/>Recomendaciones sobre<br \/>\nel plan de mejoramiento<\/h4><\/div><div class=\"gca-utility clearfix\"><\/div>\n<hr \/>\n<p><a href=\"https:\/\/smsafemode.com\/auditoria-sgsst-servicio\/\"><img decoding=\"async\" class=\"size-medium aligncenter\" src=\"https:\/\/storage.googleapis.com\/stateless-smsafemode-com\/2022\/08\/a6011c84-boton-cotiza-auditoria-sgsst-2.svg\" alt=\"Cotizar servicio de auditoria en resolucion 0312 de 2019\" width=\"100%\" height=\"29\" \/><\/a>Con lo anterior la empresa cumplir\u00e1 adecuadamente con la exigencia de realizar al menos una vez al a\u00f1o una auditor\u00eda interna en la cual se valide Cu\u00e1l es el avance de gesti\u00f3n que se tiene del sistema de gesti\u00f3n de seguridad y salud en el trabajo de acuerdo con los est\u00e1ndares m\u00ednimos establecidos por el Ministerio de trabajo en la resoluci\u00f3n 0312 del 2019.<\/p>\n<p>Debido a que estas acciones es necesario que uno expertos se dirija a tu empresa \u00fanicamente tenemos este servicio en modalidad presencial<\/p>\n<hr \/>\n\n<div class=\"wpcf7 no-js\" id=\"wpcf7-f670-o1\" lang=\"es-ES\" dir=\"ltr\" data-wpcf7-id=\"670\">\n<div class=\"screen-reader-response\"><p role=\"status\" aria-live=\"polite\" aria-atomic=\"true\"><\/p> <ul><\/ul><\/div>\n<form action=\"\/tienda\/wp-json\/wp\/v2\/product\/692#wpcf7-f670-o1\" method=\"post\" class=\"wpcf7-form init\" aria-label=\"Formulario de contacto\" novalidate=\"novalidate\" data-status=\"init\">\n<fieldset class=\"hidden-fields-container\"><input type=\"hidden\" name=\"_wpcf7\" value=\"670\" \/><input type=\"hidden\" name=\"_wpcf7_version\" value=\"6.1.4\" \/><input type=\"hidden\" name=\"_wpcf7_locale\" value=\"es_ES\" \/><input type=\"hidden\" name=\"_wpcf7_unit_tag\" value=\"wpcf7-f670-o1\" \/><input type=\"hidden\" name=\"_wpcf7_container_post\" value=\"0\" \/><input type=\"hidden\" name=\"_wpcf7_posted_data_hash\" value=\"\" \/><input type=\"hidden\" name=\"_wpcf7_recaptcha_response\" value=\"\" \/>\n<\/fieldset>\n<p><img loading=\"lazy\" decoding=\"async\" class=\" aligncenter\" src=\"https:\/\/firebasestorage.googleapis.com\/v0\/b\/safe-mode.appspot.com\/o\/svg%20para%20paginas%2FSafe%20Mode%20----%20color%20formas.svg?alt=media&amp;token=08d31062-616b-436d-91e4-07e34745d6ae\" width=\"565\" height=\"110\" \/>\n<\/p><div class=\"wpcf7-response-output\" aria-hidden=\"true\"><\/div>\n<\/form>\n<\/div>\n\n","protected":false},"excerpt":{"rendered":"<p>Este es un servicio gracias al cual podr\u00e1s comprobar Cu\u00e1l es el nivel de cumplimiento de la <a href=\"https:\/\/www.mintrabajo.gov.co\/documents\/20147\/59995826\/Resolucion+0312-2019-+Estandares+minimos+del+Sistema+de+la+Seguridad+y+Salud.pdf\" target=\"_blank\" rel=\"noopener\"><strong>resoluci\u00f3n 0312 del 2019<\/strong><\/a> donde por medio de una auditor\u00eda verificamos cu\u00e1l es el nivel o porcentaje de cumplimiento actual de tu sistema de gesti\u00f3n de seguridad y salud en el trabajo as\u00ed como tambi\u00e9n reconocer de forma f\u00e1cil Qu\u00e9 acciones deben ser incluidas en un plan de mejoramiento para que tu sistema de gesti\u00f3n cada vez que est\u00e9 m\u00e1s completo y puedas cumplir con facilidad cualquiera de las revisiones del <strong>SGSST<\/strong><\/p>\n","protected":false},"featured_media":694,"template":"","meta":{"inline_featured_image":false,"_joinchat":{"message_send":"Hola quiero solicitar informacion de auditor\u00eda de la resolucion 0312"}},"product_brand":[],"product_cat":[123],"product_tag":[64,239,237,236,53,238],"class_list":{"0":"post-692","1":"product","2":"type-product","3":"status-publish","4":"has-post-thumbnail","6":"product_cat-seguridad-y-salud-en-el-trabajo-sst","7":"product_tag-auditoria","8":"product_tag-certificado-de-sgsst","9":"product_tag-estandares-minimos","10":"product_tag-resolucion-0312","11":"product_tag-sgsst","12":"product_tag-verificacion-de-sgsst","14":"first","15":"instock","16":"sold-individually","17":"taxable","18":"shipping-taxable","19":"purchasable","20":"product-type-variable","21":"customify-col"},"yoast_head":"<!-- This site is optimized with the Yoast SEO plugin v26.7 - https:\/\/yoast.com\/wordpress\/plugins\/seo\/ -->\n<title>Auditor\u00eda anual de resoluci\u00f3n 0312 | Tienda Virtual Safe Mode<\/title>\n<meta name=\"description\" content=\"Servicio de Auditor\u00eda de Resolucion 0312 de 2019 Verificacion de estandares minimos (Auditoria + Certificado) Auditores SST\" \/>\n<meta name=\"robots\" content=\"index, follow, max-snippet:-1, max-image-preview:large, max-video-preview:-1\" \/>\n<link rel=\"canonical\" href=\"https:\/\/smsafemode.com\/tienda\/producto\/auditoria-anual-de-resolucion-0312\/\" \/>\n<meta property=\"og:locale\" content=\"es_ES\" \/>\n<meta property=\"og:type\" content=\"article\" \/>\n<meta property=\"og:title\" content=\"Auditor\u00eda anual de resoluci\u00f3n 0312 | Tienda Virtual Safe Mode\" \/>\n<meta property=\"og:description\" content=\"Servicio de Auditor\u00eda de Resolucion 0312 de 2019 Verificacion de estandares minimos (Auditoria + Certificado) Auditores SST\" \/>\n<meta property=\"og:url\" content=\"https:\/\/smsafemode.com\/tienda\/producto\/auditoria-anual-de-resolucion-0312\/\" \/>\n<meta property=\"og:site_name\" content=\"Tienda Virtual\" \/>\n<meta property=\"article:publisher\" content=\"https:\/\/www.facebook.com\/smsafemode\" \/>\n<meta property=\"article:modified_time\" content=\"2022-09-09T02:04:23+00:00\" \/>\n<meta property=\"og:image\" content=\"https:\/\/firebasestorage.googleapis.com\/v0\/b\/safe-mode.appspot.com\/o\/smsafemode.com%2Ftienda%20virtual%20SM%2Fproductos%2Fproductos%20de%20tienda%20virtual%2FAUDITORIA%20SGSST%20RESOLUCION%200312.png?alt=media&token=fbc01c42-0cd3-490d-b939-f13fa094eaa4\" \/>\n<meta name=\"twitter:card\" content=\"summary_large_image\" \/>\n<meta name=\"twitter:image\" content=\"https:\/\/firebasestorage.googleapis.com\/v0\/b\/safe-mode.appspot.com\/o\/smsafemode.com%2Ftienda%20virtual%20SM%2Fproductos%2Fproductos%20de%20tienda%20virtual%2FAUDITORIA%20SGSST%20RESOLUCION%200312.png?alt=media&token=fbc01c42-0cd3-490d-b939-f13fa094eaa4\" \/>\n<meta name=\"twitter:site\" content=\"@SMsafemode\" \/>\n<meta name=\"twitter:label1\" content=\"Tiempo de lectura\" \/>\n\t<meta name=\"twitter:data1\" content=\"5 minutos\" \/>\n<script type=\"application\/ld+json\" class=\"yoast-schema-graph\">{\"@context\":\"https:\/\/schema.org\",\"@graph\":[{\"@type\":\"WebPage\",\"@id\":\"https:\/\/smsafemode.com\/tienda\/producto\/auditoria-anual-de-resolucion-0312\/\",\"url\":\"https:\/\/smsafemode.com\/tienda\/producto\/auditoria-anual-de-resolucion-0312\/\",\"name\":\"Auditor\u00eda anual de resoluci\u00f3n 0312 | Tienda Virtual Safe Mode\",\"isPartOf\":{\"@id\":\"http:\/\/smsafemode.com\/tienda\/#website\"},\"primaryImageOfPage\":{\"@id\":\"https:\/\/smsafemode.com\/tienda\/producto\/auditoria-anual-de-resolucion-0312\/#primaryimage\"},\"image\":{\"@id\":\"https:\/\/smsafemode.com\/tienda\/producto\/auditoria-anual-de-resolucion-0312\/#primaryimage\"},\"thumbnailUrl\":\"https:\/\/firebasestorage.googleapis.com\/v0\/b\/safe-mode.appspot.com\/o\/smsafemode.com%2Ftienda%20virtual%20SM%2Fproductos%2Fproductos%20de%20tienda%20virtual%2FAUDITORIA%20SGSST%20RESOLUCION%200312.png?alt=media&token=fbc01c42-0cd3-490d-b939-f13fa094eaa4\",\"datePublished\":\"2020-04-09T23:13:44+00:00\",\"dateModified\":\"2022-09-09T02:04:23+00:00\",\"description\":\"Servicio de Auditor\u00eda de Resolucion 0312 de 2019 Verificacion de estandares minimos (Auditoria + Certificado) Auditores SST\",\"breadcrumb\":{\"@id\":\"https:\/\/smsafemode.com\/tienda\/producto\/auditoria-anual-de-resolucion-0312\/#breadcrumb\"},\"inLanguage\":\"es\",\"potentialAction\":[{\"@type\":\"ReadAction\",\"target\":[\"https:\/\/smsafemode.com\/tienda\/producto\/auditoria-anual-de-resolucion-0312\/\"]}]},{\"@type\":\"ImageObject\",\"inLanguage\":\"es\",\"@id\":\"https:\/\/smsafemode.com\/tienda\/producto\/auditoria-anual-de-resolucion-0312\/#primaryimage\",\"url\":\"https:\/\/firebasestorage.googleapis.com\/v0\/b\/safe-mode.appspot.com\/o\/smsafemode.com%2Ftienda%20virtual%20SM%2Fproductos%2Fproductos%20de%20tienda%20virtual%2FAUDITORIA%20SGSST%20RESOLUCION%200312.png?alt=media&token=fbc01c42-0cd3-490d-b939-f13fa094eaa4\",\"contentUrl\":\"https:\/\/firebasestorage.googleapis.com\/v0\/b\/safe-mode.appspot.com\/o\/smsafemode.com%2Ftienda%20virtual%20SM%2Fproductos%2Fproductos%20de%20tienda%20virtual%2FAUDITORIA%20SGSST%20RESOLUCION%200312.png?alt=media&token=fbc01c42-0cd3-490d-b939-f13fa094eaa4\",\"width\":\"547\",\"height\":\"679\",\"caption\":\"Auditor\u00eda anual de resoluci\u00f3n 0312\"},{\"@type\":\"BreadcrumbList\",\"@id\":\"https:\/\/smsafemode.com\/tienda\/producto\/auditoria-anual-de-resolucion-0312\/#breadcrumb\",\"itemListElement\":[{\"@type\":\"ListItem\",\"position\":1,\"name\":\"Portada\",\"item\":\"https:\/\/smsafemode.com\/tienda\/\"},{\"@type\":\"ListItem\",\"position\":2,\"name\":\"Inicio\",\"item\":\"https:\/\/smsafemode.com\/tienda\/\"},{\"@type\":\"ListItem\",\"position\":3,\"name\":\"Auditor\u00eda anual de resoluci\u00f3n 0312\"}]},{\"@type\":\"WebSite\",\"@id\":\"http:\/\/smsafemode.com\/tienda\/#website\",\"url\":\"http:\/\/smsafemode.com\/tienda\/\",\"name\":\"Tienda Virtual\",\"description\":\"Todas nuestras soluciones a un clic\",\"publisher\":{\"@id\":\"http:\/\/smsafemode.com\/tienda\/#organization\"},\"potentialAction\":[{\"@type\":\"SearchAction\",\"target\":{\"@type\":\"EntryPoint\",\"urlTemplate\":\"http:\/\/smsafemode.com\/tienda\/?s={search_term_string}\"},\"query-input\":{\"@type\":\"PropertyValueSpecification\",\"valueRequired\":true,\"valueName\":\"search_term_string\"}}],\"inLanguage\":\"es\"},{\"@type\":\"Organization\",\"@id\":\"http:\/\/smsafemode.com\/tienda\/#organization\",\"name\":\"Safe Mode Sas\",\"url\":\"http:\/\/smsafemode.com\/tienda\/\",\"logo\":{\"@type\":\"ImageObject\",\"inLanguage\":\"es\",\"@id\":\"http:\/\/smsafemode.com\/tienda\/#\/schema\/logo\/image\/\",\"url\":\"https:\/\/storage.googleapis.com\/stateless-smsafemode-com\/2019\/01\/26291970407_ec01902df5_o.png\",\"contentUrl\":\"https:\/\/storage.googleapis.com\/stateless-smsafemode-com\/2019\/01\/26291970407_ec01902df5_o.png\",\"width\":425,\"height\":426,\"caption\":\"Safe Mode Sas\"},\"image\":{\"@id\":\"http:\/\/smsafemode.com\/tienda\/#\/schema\/logo\/image\/\"},\"sameAs\":[\"https:\/\/www.facebook.com\/smsafemode\",\"https:\/\/x.com\/SMsafemode\"]}]}<\/script>\n<!-- \/ Yoast SEO plugin. -->","yoast_head_json":{"title":"Auditor\u00eda anual de resoluci\u00f3n 0312 | Tienda Virtual Safe Mode","description":"Servicio de Auditor\u00eda de Resolucion 0312 de 2019 Verificacion de estandares minimos (Auditoria + Certificado) Auditores SST","robots":{"index":"index","follow":"follow","max-snippet":"max-snippet:-1","max-image-preview":"max-image-preview:large","max-video-preview":"max-video-preview:-1"},"canonical":"https:\/\/smsafemode.com\/tienda\/producto\/auditoria-anual-de-resolucion-0312\/","og_locale":"es_ES","og_type":"article","og_title":"Auditor\u00eda anual de resoluci\u00f3n 0312 | Tienda Virtual Safe Mode","og_description":"Servicio de Auditor\u00eda de Resolucion 0312 de 2019 Verificacion de estandares minimos (Auditoria + Certificado) Auditores SST","og_url":"https:\/\/smsafemode.com\/tienda\/producto\/auditoria-anual-de-resolucion-0312\/","og_site_name":"Tienda Virtual","article_publisher":"https:\/\/www.facebook.com\/smsafemode","article_modified_time":"2022-09-09T02:04:23+00:00","og_image":[{"url":"https:\/\/firebasestorage.googleapis.com\/v0\/b\/safe-mode.appspot.com\/o\/smsafemode.com%2Ftienda%20virtual%20SM%2Fproductos%2Fproductos%20de%20tienda%20virtual%2FAUDITORIA%20SGSST%20RESOLUCION%200312.png?alt=media&token=fbc01c42-0cd3-490d-b939-f13fa094eaa4","type":"","width":"","height":""}],"twitter_card":"summary_large_image","twitter_image":"https:\/\/firebasestorage.googleapis.com\/v0\/b\/safe-mode.appspot.com\/o\/smsafemode.com%2Ftienda%20virtual%20SM%2Fproductos%2Fproductos%20de%20tienda%20virtual%2FAUDITORIA%20SGSST%20RESOLUCION%200312.png?alt=media&token=fbc01c42-0cd3-490d-b939-f13fa094eaa4","twitter_site":"@SMsafemode","twitter_misc":{"Tiempo de lectura":"5 minutos"},"schema":{"@context":"https:\/\/schema.org","@graph":[{"@type":"WebPage","@id":"https:\/\/smsafemode.com\/tienda\/producto\/auditoria-anual-de-resolucion-0312\/","url":"https:\/\/smsafemode.com\/tienda\/producto\/auditoria-anual-de-resolucion-0312\/","name":"Auditor\u00eda anual de resoluci\u00f3n 0312 | Tienda Virtual Safe Mode","isPartOf":{"@id":"http:\/\/smsafemode.com\/tienda\/#website"},"primaryImageOfPage":{"@id":"https:\/\/smsafemode.com\/tienda\/producto\/auditoria-anual-de-resolucion-0312\/#primaryimage"},"image":{"@id":"https:\/\/smsafemode.com\/tienda\/producto\/auditoria-anual-de-resolucion-0312\/#primaryimage"},"thumbnailUrl":"https:\/\/firebasestorage.googleapis.com\/v0\/b\/safe-mode.appspot.com\/o\/smsafemode.com%2Ftienda%20virtual%20SM%2Fproductos%2Fproductos%20de%20tienda%20virtual%2FAUDITORIA%20SGSST%20RESOLUCION%200312.png?alt=media&token=fbc01c42-0cd3-490d-b939-f13fa094eaa4","datePublished":"2020-04-09T23:13:44+00:00","dateModified":"2022-09-09T02:04:23+00:00","description":"Servicio de Auditor\u00eda de Resolucion 0312 de 2019 Verificacion de estandares minimos (Auditoria + Certificado) Auditores SST","breadcrumb":{"@id":"https:\/\/smsafemode.com\/tienda\/producto\/auditoria-anual-de-resolucion-0312\/#breadcrumb"},"inLanguage":"es","potentialAction":[{"@type":"ReadAction","target":["https:\/\/smsafemode.com\/tienda\/producto\/auditoria-anual-de-resolucion-0312\/"]}]},{"@type":"ImageObject","inLanguage":"es","@id":"https:\/\/smsafemode.com\/tienda\/producto\/auditoria-anual-de-resolucion-0312\/#primaryimage","url":"https:\/\/firebasestorage.googleapis.com\/v0\/b\/safe-mode.appspot.com\/o\/smsafemode.com%2Ftienda%20virtual%20SM%2Fproductos%2Fproductos%20de%20tienda%20virtual%2FAUDITORIA%20SGSST%20RESOLUCION%200312.png?alt=media&token=fbc01c42-0cd3-490d-b939-f13fa094eaa4","contentUrl":"https:\/\/firebasestorage.googleapis.com\/v0\/b\/safe-mode.appspot.com\/o\/smsafemode.com%2Ftienda%20virtual%20SM%2Fproductos%2Fproductos%20de%20tienda%20virtual%2FAUDITORIA%20SGSST%20RESOLUCION%200312.png?alt=media&token=fbc01c42-0cd3-490d-b939-f13fa094eaa4","width":"547","height":"679","caption":"Auditor\u00eda anual de resoluci\u00f3n 0312"},{"@type":"BreadcrumbList","@id":"https:\/\/smsafemode.com\/tienda\/producto\/auditoria-anual-de-resolucion-0312\/#breadcrumb","itemListElement":[{"@type":"ListItem","position":1,"name":"Portada","item":"https:\/\/smsafemode.com\/tienda\/"},{"@type":"ListItem","position":2,"name":"Inicio","item":"https:\/\/smsafemode.com\/tienda\/"},{"@type":"ListItem","position":3,"name":"Auditor\u00eda anual de resoluci\u00f3n 0312"}]},{"@type":"WebSite","@id":"http:\/\/smsafemode.com\/tienda\/#website","url":"http:\/\/smsafemode.com\/tienda\/","name":"Tienda Virtual","description":"Todas nuestras soluciones a un clic","publisher":{"@id":"http:\/\/smsafemode.com\/tienda\/#organization"},"potentialAction":[{"@type":"SearchAction","target":{"@type":"EntryPoint","urlTemplate":"http:\/\/smsafemode.com\/tienda\/?s={search_term_string}"},"query-input":{"@type":"PropertyValueSpecification","valueRequired":true,"valueName":"search_term_string"}}],"inLanguage":"es"},{"@type":"Organization","@id":"http:\/\/smsafemode.com\/tienda\/#organization","name":"Safe Mode Sas","url":"http:\/\/smsafemode.com\/tienda\/","logo":{"@type":"ImageObject","inLanguage":"es","@id":"http:\/\/smsafemode.com\/tienda\/#\/schema\/logo\/image\/","url":"https:\/\/storage.googleapis.com\/stateless-smsafemode-com\/2019\/01\/26291970407_ec01902df5_o.png","contentUrl":"https:\/\/storage.googleapis.com\/stateless-smsafemode-com\/2019\/01\/26291970407_ec01902df5_o.png","width":425,"height":426,"caption":"Safe Mode Sas"},"image":{"@id":"http:\/\/smsafemode.com\/tienda\/#\/schema\/logo\/image\/"},"sameAs":["https:\/\/www.facebook.com\/smsafemode","https:\/\/x.com\/SMsafemode"]}]}},"_links":{"self":[{"href":"https:\/\/smsafemode.com\/tienda\/wp-json\/wp\/v2\/product\/692","targetHints":{"allow":["GET"]}}],"collection":[{"href":"https:\/\/smsafemode.com\/tienda\/wp-json\/wp\/v2\/product"}],"about":[{"href":"https:\/\/smsafemode.com\/tienda\/wp-json\/wp\/v2\/types\/product"}],"wp:featuredmedia":[{"embeddable":true,"href":"https:\/\/smsafemode.com\/tienda\/wp-json\/wp\/v2\/media\/694"}],"wp:attachment":[{"href":"https:\/\/smsafemode.com\/tienda\/wp-json\/wp\/v2\/media?parent=692"}],"wp:term":[{"taxonomy":"product_brand","embeddable":true,"href":"https:\/\/smsafemode.com\/tienda\/wp-json\/wp\/v2\/product_brand?post=692"},{"taxonomy":"product_cat","embeddable":true,"href":"https:\/\/smsafemode.com\/tienda\/wp-json\/wp\/v2\/product_cat?post=692"},{"taxonomy":"product_tag","embeddable":true,"href":"https:\/\/smsafemode.com\/tienda\/wp-json\/wp\/v2\/product_tag?post=692"}],"curies":[{"name":"wp","href":"https:\/\/api.w.org\/{rel}","templated":true}]}}