{"id":686,"date":"2020-04-09T13:57:43","date_gmt":"2020-04-09T18:57:43","guid":{"rendered":"http:\/\/smsafemode.com\/tienda\/?post_type=product&#038;p=686"},"modified":"2021-09-11T19:39:58","modified_gmt":"2021-09-12T00:39:58","slug":"acompanamiento-y-asesoria-copasst","status":"publish","type":"product","link":"https:\/\/smsafemode.com\/tienda\/producto\/acompanamiento-y-asesoria-copasst\/","title":{"rendered":"Acompa\u00f1amiento y Asesor\u00eda COPASST"},"content":{"rendered":"<p>Sabias que en la mayor\u00eda de las empresas las acciones que realiza el COPASST no est\u00e1n debidamente adecuadas a las necesidades de la organizaci\u00f3n y esto en gran medida se debe a que\u00a0 no tienen un enfoque de gesti\u00f3n adecuado, es por esto que dentro de nuestros servicios hemos incorporado la posibilidad de brindar un acompa\u00f1amiento al COPASST.<\/p>\n<p>Podemos realizar esta actividad en modalidad virtual y presencial, en realidad no hay ninguna diferencia, lo que cambia es que en la modalidad presencial vamos a las instalaciones de tu empresa* mientras que en la modalidad virtual lo realizamos mediante una comunicaci\u00f3n remota que puede ser por medio telef\u00f3nico, Skype, hangouts meet, Facetime o Zoom.<\/p>\n<hr \/>\n<h3>Dentro de este servicio recibes lo siguiente:<\/h3>\n<div class=\"gca-column one-third first\"><h4 style=\"text-align: center;\"><img loading=\"lazy\" decoding=\"async\" class=\" aligncenter\" src=\"https:\/\/firebasestorage.googleapis.com\/v0\/b\/safe-mode.appspot.com\/o\/svg%20para%20paginas%2Fusuarios%20654.svg?alt=media&amp;token=6f721e4e-881d-4f4d-a320-941955dea683\" width=\"200\" height=\"200\" \/><span style=\"color: #ff6600;\">Acompa\u00f1amiento por una hora<\/span><br \/>\n<span style=\"color: #ff6600;\">de uno de nuestros expertos<\/span><\/h4><\/div>\n<div class=\"gca-column one-third\"><h4 style=\"text-align: center;\"><img loading=\"lazy\" decoding=\"async\" class=\" aligncenter\" src=\"https:\/\/firebasestorage.googleapis.com\/v0\/b\/safe-mode.appspot.com\/o\/svg%20para%20paginas%2Flike%20dorado.svg?alt=media&amp;token=05a76b16-fb74-4b7b-9969-f03b526a32b3\" width=\"200\" height=\"200\" \/><span style=\"color: #3366ff;\">Recomendaciones de C\u00f3mo realizar<\/span><br \/>\n<span style=\"color: #3366ff;\">actividades de forma peri\u00f3dica<\/span><\/h4><\/div>\n<div class=\"gca-column one-third\"><h4 style=\"text-align: center;\"><img loading=\"lazy\" decoding=\"async\" class=\" aligncenter\" src=\"https:\/\/firebasestorage.googleapis.com\/v0\/b\/safe-mode.appspot.com\/o\/svg%20para%20paginas%2Fgraficas%20y%20hombre.svg?alt=media&amp;token=45eeae97-216a-4872-aad9-cba1ab0054b0\" width=\"201\" height=\"201\" \/><span style=\"color: #ff6600;\">Planteamiento para el<\/span><br \/>\n<span style=\"color: #ff6600;\">desarrollo de actividades<\/span><\/h4><\/div><div class=\"gca-utility clearfix\"><\/div>\n<hr \/>\n<div class=\"gca-column one-third first\"><h4 style=\"text-align: center;\"><img loading=\"lazy\" decoding=\"async\" class=\" aligncenter\" src=\"https:\/\/firebasestorage.googleapis.com\/v0\/b\/safe-mode.appspot.com\/o\/svg%20para%20paginas%2Fmeta%20y%20persona%20609065.svg?alt=media&amp;token=2d9aa3d6-6eed-40a5-bc99-d83bd28d52a6\" width=\"200\" height=\"200\" \/><span style=\"color: #3366ff;\">Metas y objetivos de gesti\u00f3n anual<\/span><\/h4><\/div>\n<div class=\"gca-column one-third\"><h4 style=\"text-align: center;\"><img loading=\"lazy\" decoding=\"async\" class=\" aligncenter\" src=\"https:\/\/firebasestorage.googleapis.com\/v0\/b\/safe-mode.appspot.com\/o\/svg%20para%20paginas%2Fpersona%20hablando.svg?alt=media&amp;token=77a915bc-2bc3-47bd-a8b9-7e738fcfa889\" width=\"200\" height=\"200\" \/><span style=\"color: #ff0000;\">Recomendaci\u00f3n por las<\/span><br \/>\n<span style=\"color: #ff0000;\">necesidades de la empresa<\/span><\/h4><\/div>\n<div class=\"gca-column one-third\"><h4 style=\"text-align: center;\"><img loading=\"lazy\" decoding=\"async\" class=\" aligncenter\" src=\"https:\/\/firebasestorage.googleapis.com\/v0\/b\/safe-mode.appspot.com\/o\/svg%20para%20paginas%2Ftabla%20con%20documento.svg?alt=media&amp;token=a7c84eef-8dab-49a6-abd2-05c27e46fbd1\" width=\"200\" height=\"200\" \/><span style=\"color: #339966;\">Manejo documental de<\/span><br \/>\n<span style=\"color: #339966;\">actas y registros<\/span><\/h4><\/div><div class=\"gca-utility clearfix\"><\/div>\n<hr \/>\n<p>Recuerda que el comit\u00e9 paritario de seguridad y salud en el trabajo es un grupo de apoyo que debe permanecer activo en todo momento garantizando as\u00ed la seguridad y salud de los trabajadores pero es clave que para que Estas actividades se pueden desarrollar de manera adecuada se tenga un\u00a0 asesoramiento que permita lograr cumplir metas y objetivos que se contemplan dentro de la gesti\u00f3n anual del comit\u00e9, te garantizamos que con este servicio ser\u00e1 mucho m\u00e1s f\u00e1cil poder desarrollar actividades y hacer seguimiento de los resultados obtenidos con cada una de las acciones implementadas.<\/p>\n<hr \/>\n\n<div class=\"wpcf7 no-js\" id=\"wpcf7-f670-o1\" lang=\"es-ES\" dir=\"ltr\" data-wpcf7-id=\"670\">\n<div class=\"screen-reader-response\"><p role=\"status\" aria-live=\"polite\" aria-atomic=\"true\"><\/p> <ul><\/ul><\/div>\n<form action=\"\/tienda\/wp-json\/wp\/v2\/product\/686#wpcf7-f670-o1\" method=\"post\" class=\"wpcf7-form init\" aria-label=\"Formulario de contacto\" novalidate=\"novalidate\" data-status=\"init\">\n<fieldset class=\"hidden-fields-container\"><input type=\"hidden\" name=\"_wpcf7\" value=\"670\" \/><input type=\"hidden\" name=\"_wpcf7_version\" value=\"6.1.4\" \/><input type=\"hidden\" name=\"_wpcf7_locale\" value=\"es_ES\" \/><input type=\"hidden\" name=\"_wpcf7_unit_tag\" value=\"wpcf7-f670-o1\" \/><input type=\"hidden\" name=\"_wpcf7_container_post\" value=\"0\" \/><input type=\"hidden\" name=\"_wpcf7_posted_data_hash\" value=\"\" \/><input type=\"hidden\" name=\"_wpcf7_recaptcha_response\" value=\"\" \/>\n<\/fieldset>\n<p><img loading=\"lazy\" decoding=\"async\" class=\" aligncenter\" src=\"https:\/\/firebasestorage.googleapis.com\/v0\/b\/safe-mode.appspot.com\/o\/svg%20para%20paginas%2FSafe%20Mode%20----%20color%20formas.svg?alt=media&amp;token=08d31062-616b-436d-91e4-07e34745d6ae\" width=\"565\" height=\"110\" \/>\n<\/p><div class=\"wpcf7-response-output\" aria-hidden=\"true\"><\/div>\n<\/form>\n<\/div>\n\n","protected":false},"excerpt":{"rendered":"<p>Podemos realizar el acompa\u00f1amiento a los integrantes del COPASST de tu empresa para que conozcan muy bien como realizar las actividades que les corresponden donde con el acompa\u00f1amiento de uno de nuestros expertos podr\u00e1n desarrollas adecuadamente sus responsabilidades dentro del SG-SST.<\/p>\n","protected":false},"featured_media":1377,"template":"","meta":{"inline_featured_image":false,"_joinchat":[]},"product_brand":[],"product_cat":[123],"product_tag":[43,44,45,233,46,47,60,61,48,49,51,52,53,54,55,62,56,59,235],"class_list":{"0":"post-686","1":"product","2":"type-product","3":"status-publish","4":"has-post-thumbnail","6":"product_cat-seguridad-y-salud-en-el-trabajo-sst","7":"product_tag-asesoramiento-empresarial","8":"product_tag-asesorias","9":"product_tag-consultoria","10":"product_tag-copasst","11":"product_tag-decreto-1072","12":"product_tag-expertos","13":"product_tag-facetime","14":"product_tag-hangouts","15":"product_tag-hseq","16":"product_tag-presencial","17":"product_tag-servicio","18":"product_tag-sg-sst","19":"product_tag-sgsst","20":"product_tag-siso","21":"product_tag-sisoma","22":"product_tag-skype","23":"product_tag-sst","24":"product_tag-virtual","25":"product_tag-zoom","27":"first","28":"instock","29":"sold-individually","30":"taxable","31":"shipping-taxable","32":"purchasable","33":"product-type-variable","34":"customify-col"},"yoast_head":"<!-- This site is optimized with the Yoast SEO plugin v26.7 - https:\/\/yoast.com\/wordpress\/plugins\/seo\/ -->\n<title>Acompa\u00f1amiento y Asesor\u00eda COPASST | Tienda Virtual Safe Mode<\/title>\n<meta name=\"robots\" content=\"index, follow, max-snippet:-1, max-image-preview:large, max-video-preview:-1\" \/>\n<link rel=\"canonical\" href=\"http:\/\/smsafemode.com\/tienda\/producto\/acompanamiento-y-asesoria-copasst\/\" \/>\n<meta property=\"og:locale\" content=\"es_ES\" \/>\n<meta property=\"og:type\" content=\"article\" \/>\n<meta property=\"og:title\" content=\"Acompa\u00f1amiento y Asesor\u00eda COPASST | Tienda Virtual Safe Mode\" \/>\n<meta property=\"og:description\" content=\"Podemos realizar el acompa\u00f1amiento a los integrantes del COPASST de tu empresa para que conozcan muy bien como realizar las actividades que les corresponden donde con el acompa\u00f1amiento de uno de nuestros expertos podr\u00e1n desarrollas adecuadamente sus responsabilidades dentro del SG-SST.\" \/>\n<meta property=\"og:url\" content=\"http:\/\/smsafemode.com\/tienda\/producto\/acompanamiento-y-asesoria-copasst\/\" \/>\n<meta property=\"og:site_name\" content=\"Tienda Virtual\" \/>\n<meta property=\"article:publisher\" content=\"https:\/\/www.facebook.com\/smsafemode\" \/>\n<meta property=\"article:modified_time\" content=\"2021-09-12T00:39:58+00:00\" \/>\n<meta property=\"og:image\" content=\"https:\/\/storage.googleapis.com\/stateless-smsafemode-com\/2020\/04\/3c03afc4-asesoria-copasst-acompanamiento.png\" \/>\n\t<meta property=\"og:image:width\" content=\"553\" \/>\n\t<meta property=\"og:image:height\" content=\"689\" \/>\n\t<meta property=\"og:image:type\" content=\"image\/png\" \/>\n<meta name=\"twitter:card\" content=\"summary_large_image\" \/>\n<meta name=\"twitter:site\" content=\"@SMsafemode\" \/>\n<meta name=\"twitter:label1\" content=\"Tiempo de lectura\" \/>\n\t<meta name=\"twitter:data1\" content=\"1 minuto\" \/>\n<script type=\"application\/ld+json\" class=\"yoast-schema-graph\">{\"@context\":\"https:\/\/schema.org\",\"@graph\":[{\"@type\":\"WebPage\",\"@id\":\"http:\/\/smsafemode.com\/tienda\/producto\/acompanamiento-y-asesoria-copasst\/\",\"url\":\"http:\/\/smsafemode.com\/tienda\/producto\/acompanamiento-y-asesoria-copasst\/\",\"name\":\"Acompa\u00f1amiento y Asesor\u00eda COPASST | Tienda Virtual Safe Mode\",\"isPartOf\":{\"@id\":\"http:\/\/smsafemode.com\/tienda\/#website\"},\"primaryImageOfPage\":{\"@id\":\"http:\/\/smsafemode.com\/tienda\/producto\/acompanamiento-y-asesoria-copasst\/#primaryimage\"},\"image\":{\"@id\":\"http:\/\/smsafemode.com\/tienda\/producto\/acompanamiento-y-asesoria-copasst\/#primaryimage\"},\"thumbnailUrl\":\"https:\/\/storage.googleapis.com\/stateless-smsafemode-com\/2020\/04\/3c03afc4-asesoria-copasst-acompanamiento.png\",\"datePublished\":\"2020-04-09T18:57:43+00:00\",\"dateModified\":\"2021-09-12T00:39:58+00:00\",\"breadcrumb\":{\"@id\":\"http:\/\/smsafemode.com\/tienda\/producto\/acompanamiento-y-asesoria-copasst\/#breadcrumb\"},\"inLanguage\":\"es\",\"potentialAction\":[{\"@type\":\"ReadAction\",\"target\":[\"http:\/\/smsafemode.com\/tienda\/producto\/acompanamiento-y-asesoria-copasst\/\"]}]},{\"@type\":\"ImageObject\",\"inLanguage\":\"es\",\"@id\":\"http:\/\/smsafemode.com\/tienda\/producto\/acompanamiento-y-asesoria-copasst\/#primaryimage\",\"url\":\"https:\/\/storage.googleapis.com\/stateless-smsafemode-com\/2020\/04\/3c03afc4-asesoria-copasst-acompanamiento.png\",\"contentUrl\":\"https:\/\/storage.googleapis.com\/stateless-smsafemode-com\/2020\/04\/3c03afc4-asesoria-copasst-acompanamiento.png\",\"width\":553,\"height\":689},{\"@type\":\"BreadcrumbList\",\"@id\":\"http:\/\/smsafemode.com\/tienda\/producto\/acompanamiento-y-asesoria-copasst\/#breadcrumb\",\"itemListElement\":[{\"@type\":\"ListItem\",\"position\":1,\"name\":\"Portada\",\"item\":\"https:\/\/smsafemode.com\/tienda\/\"},{\"@type\":\"ListItem\",\"position\":2,\"name\":\"Inicio\",\"item\":\"https:\/\/smsafemode.com\/tienda\/\"},{\"@type\":\"ListItem\",\"position\":3,\"name\":\"Acompa\u00f1amiento y Asesor\u00eda COPASST\"}]},{\"@type\":\"WebSite\",\"@id\":\"http:\/\/smsafemode.com\/tienda\/#website\",\"url\":\"http:\/\/smsafemode.com\/tienda\/\",\"name\":\"Tienda Virtual\",\"description\":\"Todas nuestras soluciones a un clic\",\"publisher\":{\"@id\":\"http:\/\/smsafemode.com\/tienda\/#organization\"},\"potentialAction\":[{\"@type\":\"SearchAction\",\"target\":{\"@type\":\"EntryPoint\",\"urlTemplate\":\"http:\/\/smsafemode.com\/tienda\/?s={search_term_string}\"},\"query-input\":{\"@type\":\"PropertyValueSpecification\",\"valueRequired\":true,\"valueName\":\"search_term_string\"}}],\"inLanguage\":\"es\"},{\"@type\":\"Organization\",\"@id\":\"http:\/\/smsafemode.com\/tienda\/#organization\",\"name\":\"Safe Mode Sas\",\"url\":\"http:\/\/smsafemode.com\/tienda\/\",\"logo\":{\"@type\":\"ImageObject\",\"inLanguage\":\"es\",\"@id\":\"http:\/\/smsafemode.com\/tienda\/#\/schema\/logo\/image\/\",\"url\":\"https:\/\/storage.googleapis.com\/stateless-smsafemode-com\/2019\/01\/26291970407_ec01902df5_o.png\",\"contentUrl\":\"https:\/\/storage.googleapis.com\/stateless-smsafemode-com\/2019\/01\/26291970407_ec01902df5_o.png\",\"width\":425,\"height\":426,\"caption\":\"Safe Mode Sas\"},\"image\":{\"@id\":\"http:\/\/smsafemode.com\/tienda\/#\/schema\/logo\/image\/\"},\"sameAs\":[\"https:\/\/www.facebook.com\/smsafemode\",\"https:\/\/x.com\/SMsafemode\"]}]}<\/script>\n<!-- \/ Yoast SEO plugin. -->","yoast_head_json":{"title":"Acompa\u00f1amiento y Asesor\u00eda COPASST | Tienda Virtual Safe Mode","robots":{"index":"index","follow":"follow","max-snippet":"max-snippet:-1","max-image-preview":"max-image-preview:large","max-video-preview":"max-video-preview:-1"},"canonical":"http:\/\/smsafemode.com\/tienda\/producto\/acompanamiento-y-asesoria-copasst\/","og_locale":"es_ES","og_type":"article","og_title":"Acompa\u00f1amiento y Asesor\u00eda COPASST | Tienda Virtual Safe Mode","og_description":"Podemos realizar el acompa\u00f1amiento a los integrantes del COPASST de tu empresa para que conozcan muy bien como realizar las actividades que les corresponden donde con el acompa\u00f1amiento de uno de nuestros expertos podr\u00e1n desarrollas adecuadamente sus responsabilidades dentro del SG-SST.","og_url":"http:\/\/smsafemode.com\/tienda\/producto\/acompanamiento-y-asesoria-copasst\/","og_site_name":"Tienda Virtual","article_publisher":"https:\/\/www.facebook.com\/smsafemode","article_modified_time":"2021-09-12T00:39:58+00:00","og_image":[{"width":553,"height":689,"url":"https:\/\/storage.googleapis.com\/stateless-smsafemode-com\/2020\/04\/3c03afc4-asesoria-copasst-acompanamiento.png","type":"image\/png"}],"twitter_card":"summary_large_image","twitter_site":"@SMsafemode","twitter_misc":{"Tiempo de lectura":"1 minuto"},"schema":{"@context":"https:\/\/schema.org","@graph":[{"@type":"WebPage","@id":"http:\/\/smsafemode.com\/tienda\/producto\/acompanamiento-y-asesoria-copasst\/","url":"http:\/\/smsafemode.com\/tienda\/producto\/acompanamiento-y-asesoria-copasst\/","name":"Acompa\u00f1amiento y Asesor\u00eda COPASST | Tienda Virtual Safe Mode","isPartOf":{"@id":"http:\/\/smsafemode.com\/tienda\/#website"},"primaryImageOfPage":{"@id":"http:\/\/smsafemode.com\/tienda\/producto\/acompanamiento-y-asesoria-copasst\/#primaryimage"},"image":{"@id":"http:\/\/smsafemode.com\/tienda\/producto\/acompanamiento-y-asesoria-copasst\/#primaryimage"},"thumbnailUrl":"https:\/\/storage.googleapis.com\/stateless-smsafemode-com\/2020\/04\/3c03afc4-asesoria-copasst-acompanamiento.png","datePublished":"2020-04-09T18:57:43+00:00","dateModified":"2021-09-12T00:39:58+00:00","breadcrumb":{"@id":"http:\/\/smsafemode.com\/tienda\/producto\/acompanamiento-y-asesoria-copasst\/#breadcrumb"},"inLanguage":"es","potentialAction":[{"@type":"ReadAction","target":["http:\/\/smsafemode.com\/tienda\/producto\/acompanamiento-y-asesoria-copasst\/"]}]},{"@type":"ImageObject","inLanguage":"es","@id":"http:\/\/smsafemode.com\/tienda\/producto\/acompanamiento-y-asesoria-copasst\/#primaryimage","url":"https:\/\/storage.googleapis.com\/stateless-smsafemode-com\/2020\/04\/3c03afc4-asesoria-copasst-acompanamiento.png","contentUrl":"https:\/\/storage.googleapis.com\/stateless-smsafemode-com\/2020\/04\/3c03afc4-asesoria-copasst-acompanamiento.png","width":553,"height":689},{"@type":"BreadcrumbList","@id":"http:\/\/smsafemode.com\/tienda\/producto\/acompanamiento-y-asesoria-copasst\/#breadcrumb","itemListElement":[{"@type":"ListItem","position":1,"name":"Portada","item":"https:\/\/smsafemode.com\/tienda\/"},{"@type":"ListItem","position":2,"name":"Inicio","item":"https:\/\/smsafemode.com\/tienda\/"},{"@type":"ListItem","position":3,"name":"Acompa\u00f1amiento y Asesor\u00eda COPASST"}]},{"@type":"WebSite","@id":"http:\/\/smsafemode.com\/tienda\/#website","url":"http:\/\/smsafemode.com\/tienda\/","name":"Tienda Virtual","description":"Todas nuestras soluciones a un clic","publisher":{"@id":"http:\/\/smsafemode.com\/tienda\/#organization"},"potentialAction":[{"@type":"SearchAction","target":{"@type":"EntryPoint","urlTemplate":"http:\/\/smsafemode.com\/tienda\/?s={search_term_string}"},"query-input":{"@type":"PropertyValueSpecification","valueRequired":true,"valueName":"search_term_string"}}],"inLanguage":"es"},{"@type":"Organization","@id":"http:\/\/smsafemode.com\/tienda\/#organization","name":"Safe Mode Sas","url":"http:\/\/smsafemode.com\/tienda\/","logo":{"@type":"ImageObject","inLanguage":"es","@id":"http:\/\/smsafemode.com\/tienda\/#\/schema\/logo\/image\/","url":"https:\/\/storage.googleapis.com\/stateless-smsafemode-com\/2019\/01\/26291970407_ec01902df5_o.png","contentUrl":"https:\/\/storage.googleapis.com\/stateless-smsafemode-com\/2019\/01\/26291970407_ec01902df5_o.png","width":425,"height":426,"caption":"Safe Mode Sas"},"image":{"@id":"http:\/\/smsafemode.com\/tienda\/#\/schema\/logo\/image\/"},"sameAs":["https:\/\/www.facebook.com\/smsafemode","https:\/\/x.com\/SMsafemode"]}]}},"_links":{"self":[{"href":"https:\/\/smsafemode.com\/tienda\/wp-json\/wp\/v2\/product\/686","targetHints":{"allow":["GET"]}}],"collection":[{"href":"https:\/\/smsafemode.com\/tienda\/wp-json\/wp\/v2\/product"}],"about":[{"href":"https:\/\/smsafemode.com\/tienda\/wp-json\/wp\/v2\/types\/product"}],"wp:featuredmedia":[{"embeddable":true,"href":"https:\/\/smsafemode.com\/tienda\/wp-json\/wp\/v2\/media\/1377"}],"wp:attachment":[{"href":"https:\/\/smsafemode.com\/tienda\/wp-json\/wp\/v2\/media?parent=686"}],"wp:term":[{"taxonomy":"product_brand","embeddable":true,"href":"https:\/\/smsafemode.com\/tienda\/wp-json\/wp\/v2\/product_brand?post=686"},{"taxonomy":"product_cat","embeddable":true,"href":"https:\/\/smsafemode.com\/tienda\/wp-json\/wp\/v2\/product_cat?post=686"},{"taxonomy":"product_tag","embeddable":true,"href":"https:\/\/smsafemode.com\/tienda\/wp-json\/wp\/v2\/product_tag?post=686"}],"curies":[{"name":"wp","href":"https:\/\/api.w.org\/{rel}","templated":true}]}}