{"id":682,"date":"2020-04-09T13:14:15","date_gmt":"2020-04-09T18:14:15","guid":{"rendered":"http:\/\/smsafemode.com\/tienda\/?post_type=product&#038;p=682"},"modified":"2026-01-18T18:55:47","modified_gmt":"2026-01-18T23:55:47","slug":"auditoria-de-copasst","status":"publish","type":"product","link":"https:\/\/smsafemode.com\/tienda\/producto\/auditoria-de-copasst\/","title":{"rendered":"Auditoria de COPASST"},"content":{"rendered":"<p>De acuerdo con las exigencias establecidas como est\u00e1ndares m\u00ednimos para las empresas el desarrollo de la actividades del COPASST o Comit\u00e9 Paritario de Seguridad y Salud en el Trabajo es esencial para el Sistema de Gesti\u00f3n de Seguridad y Salud en el Trabajo SG-SST realizar una verificaci\u00f3n de las acciones implementadas por medio de Auditoria.<\/p>\n<h3>Por lo anterior por la compra de este servicio incluimos:<\/h3>\n<div class=\"gca-column one-third first\"><h4 style=\"text-align: center;\"><img loading=\"lazy\" decoding=\"async\" class=\" aligncenter\" src=\"https:\/\/firebasestorage.googleapis.com\/v0\/b\/safe-mode.appspot.com\/o\/svg%20para%20paginas%2Freunion.svg?alt=media&amp;token=742fd371-1925-4d9a-9d43-b7da71ea3ca7\" width=\"211\" height=\"211\" \/>Reuni\u00f3n presencial con<br \/>\nel COPASST<\/h4><\/div>\n<div class=\"gca-column one-third\"><h4 style=\"text-align: center;\"><img loading=\"lazy\" decoding=\"async\" class=\" aligncenter\" src=\"https:\/\/firebasestorage.googleapis.com\/v0\/b\/safe-mode.appspot.com\/o\/svg%20para%20paginas%2Fcheck%20list.svg?alt=media&amp;token=165fda73-02a4-41f1-8b2c-dba694fa1045\" width=\"211\" height=\"211\" \/>Revisi\u00f3n de actividades del<br \/>\n\u00faltimo a\u00f1o<\/h4><\/div>\n<div class=\"gca-column one-third\"><h4 style=\"text-align: center;\"><img loading=\"lazy\" decoding=\"async\" class=\" aligncenter\" src=\"https:\/\/firebasestorage.googleapis.com\/v0\/b\/safe-mode.appspot.com\/o\/svg%20para%20paginas%2Fgrafica2.svg?alt=media&amp;token=249ba451-ca8a-4843-b6f3-8375e930a8f9\" width=\"211\" height=\"211\" \/>Calificaci\u00f3n de las acciones realizadas por el COPASST<\/h4><\/div><div class=\"gca-utility clearfix\"><\/div>\n<hr \/>\n<div class=\"gca-column one-third first\"><h4 style=\"text-align: center;\"><img loading=\"lazy\" decoding=\"async\" class=\" aligncenter\" src=\"https:\/\/firebasestorage.googleapis.com\/v0\/b\/safe-mode.appspot.com\/o\/svg%20para%20paginas%2Fverificado%20azul.svg?alt=media&amp;token=0c03f81e-54e7-4efc-b841-17b61aa957a2\" width=\"211\" height=\"211\" \/>Calificaci\u00f3n de auditoria<\/h4><\/div>\n<div class=\"gca-column one-third\"><h4 style=\"text-align: center;\"><img loading=\"lazy\" decoding=\"async\" class=\" aligncenter\" src=\"https:\/\/firebasestorage.googleapis.com\/v0\/b\/safe-mode.appspot.com\/o\/svg%20para%20paginas%2Ftabla%20con%20documento.svg?alt=media&amp;token=a7c84eef-8dab-49a6-abd2-05c27e46fbd1\" width=\"211\" height=\"211\" \/>Informe de auditoria<\/h4><\/div>\n<div class=\"gca-column one-third\"><h4 style=\"text-align: center;\"><img loading=\"lazy\" decoding=\"async\" class=\" aligncenter\" src=\"https:\/\/firebasestorage.googleapis.com\/v0\/b\/safe-mode.appspot.com\/o\/svg%20para%20paginas%2Fidea%20mejora.svg?alt=media&amp;token=36929ced-4ac6-4063-85b3-637055f962fd\" width=\"211\" height=\"211\" \/>Acciones de mejora recomendadas<\/h4><\/div><div class=\"gca-utility clearfix\"><\/div>\n<hr \/>\n<p>El desarrollo de este servicio est\u00e1 disponible\u00a0para Bogot\u00e1 as\u00ed como algunos municipios aleda\u00f1os, en caso de no conocer si tenemos cobertura en la zona en la que nos encontramos ponte en contacto con nosotros antes de comprar el servicio<\/p>\n<hr \/>\n\n<div class=\"wpcf7 no-js\" id=\"wpcf7-f670-o1\" lang=\"es-ES\" dir=\"ltr\" data-wpcf7-id=\"670\">\n<div class=\"screen-reader-response\"><p role=\"status\" aria-live=\"polite\" aria-atomic=\"true\"><\/p> <ul><\/ul><\/div>\n<form action=\"\/tienda\/wp-json\/wp\/v2\/product\/682#wpcf7-f670-o1\" method=\"post\" class=\"wpcf7-form init\" aria-label=\"Formulario de contacto\" novalidate=\"novalidate\" data-status=\"init\">\n<fieldset class=\"hidden-fields-container\"><input type=\"hidden\" name=\"_wpcf7\" value=\"670\" \/><input type=\"hidden\" name=\"_wpcf7_version\" value=\"6.1.4\" \/><input type=\"hidden\" name=\"_wpcf7_locale\" value=\"es_ES\" \/><input type=\"hidden\" name=\"_wpcf7_unit_tag\" value=\"wpcf7-f670-o1\" \/><input type=\"hidden\" name=\"_wpcf7_container_post\" value=\"0\" \/><input type=\"hidden\" name=\"_wpcf7_posted_data_hash\" value=\"\" \/><input type=\"hidden\" name=\"_wpcf7_recaptcha_response\" value=\"\" \/>\n<\/fieldset>\n<p><img loading=\"lazy\" decoding=\"async\" class=\" aligncenter\" src=\"https:\/\/firebasestorage.googleapis.com\/v0\/b\/safe-mode.appspot.com\/o\/svg%20para%20paginas%2FSafe%20Mode%20----%20color%20formas.svg?alt=media&amp;token=08d31062-616b-436d-91e4-07e34745d6ae\" width=\"565\" height=\"110\" \/>\n<\/p><div class=\"wpcf7-response-output\" aria-hidden=\"true\"><\/div>\n<\/form>\n<\/div>\n\n","protected":false},"excerpt":{"rendered":"<p>Servicio en el que uno de nuestros profesionales realiza una verificaci\u00f3n e las acciones desarrolladas dentro del Sistema de Gesti\u00f3n de Seguridad y Salud en el Trabajo SG-SST por parte del COPASST o Comit\u00e9 Paritario de Seguridad y Salud en el Trabajo.<\/p>\n","protected":false},"featured_media":685,"template":"","meta":{"inline_featured_image":false,"_joinchat":[]},"product_brand":[],"product_cat":[123],"product_tag":[64,234,233,53],"class_list":{"0":"post-682","1":"product","2":"type-product","3":"status-publish","4":"has-post-thumbnail","6":"product_cat-seguridad-y-salud-en-el-trabajo-sst","7":"product_tag-auditoria","8":"product_tag-comite-paritario-de-seguridad-y-salud-en-el-trabajo","9":"product_tag-copasst","10":"product_tag-sgsst","12":"first","13":"instock","14":"sold-individually","15":"taxable","16":"shipping-taxable","17":"purchasable","18":"product-type-simple","19":"customify-col"},"yoast_head":"<!-- This site is optimized with the Yoast SEO plugin v26.7 - https:\/\/yoast.com\/wordpress\/plugins\/seo\/ -->\n<title>Auditoria de COPASST | Tienda Virtual Safe Mode<\/title>\n<meta name=\"robots\" content=\"index, follow, max-snippet:-1, max-image-preview:large, max-video-preview:-1\" \/>\n<link rel=\"canonical\" href=\"https:\/\/smsafemode.com\/tienda\/producto\/auditoria-de-copasst\/\" \/>\n<meta property=\"og:locale\" content=\"es_ES\" \/>\n<meta property=\"og:type\" content=\"article\" \/>\n<meta property=\"og:title\" content=\"Auditoria de COPASST | Tienda Virtual Safe Mode\" \/>\n<meta property=\"og:description\" content=\"Servicio en el que uno de nuestros profesionales realiza una verificaci\u00f3n e las acciones desarrolladas dentro del Sistema de Gesti\u00f3n de Seguridad y Salud en el Trabajo SG-SST por parte del COPASST o Comit\u00e9 Paritario de Seguridad y Salud en el Trabajo.\" \/>\n<meta property=\"og:url\" content=\"https:\/\/smsafemode.com\/tienda\/producto\/auditoria-de-copasst\/\" \/>\n<meta property=\"og:site_name\" content=\"Tienda Virtual\" \/>\n<meta property=\"article:publisher\" content=\"https:\/\/www.facebook.com\/smsafemode\" \/>\n<meta property=\"article:modified_time\" content=\"2026-01-18T23:55:47+00:00\" \/>\n<meta property=\"og:image\" content=\"https:\/\/firebasestorage.googleapis.com\/v0\/b\/safe-mode.appspot.com\/o\/smsafemode.com%2Ftienda%20virtual%20SM%2Fproductos%2Fproductos%20de%20tienda%20virtual%2FAUDITORIA%20COPASST.png?alt=media&token=c29a1226-8fd5-4bd5-b7b0-295f49ee7ec7\" \/>\n<meta name=\"twitter:card\" content=\"summary_large_image\" \/>\n<meta name=\"twitter:image\" content=\"https:\/\/firebasestorage.googleapis.com\/v0\/b\/safe-mode.appspot.com\/o\/smsafemode.com%2Ftienda%20virtual%20SM%2Fproductos%2Fproductos%20de%20tienda%20virtual%2FAUDITORIA%20COPASST.png?alt=media&token=c29a1226-8fd5-4bd5-b7b0-295f49ee7ec7\" \/>\n<meta name=\"twitter:site\" content=\"@SMsafemode\" \/>\n<meta name=\"twitter:label1\" content=\"Tiempo de lectura\" \/>\n\t<meta name=\"twitter:data1\" content=\"2 minutos\" \/>\n<script type=\"application\/ld+json\" class=\"yoast-schema-graph\">{\"@context\":\"https:\/\/schema.org\",\"@graph\":[{\"@type\":\"WebPage\",\"@id\":\"https:\/\/smsafemode.com\/tienda\/producto\/auditoria-de-copasst\/\",\"url\":\"https:\/\/smsafemode.com\/tienda\/producto\/auditoria-de-copasst\/\",\"name\":\"Auditoria de COPASST | Tienda Virtual Safe Mode\",\"isPartOf\":{\"@id\":\"http:\/\/smsafemode.com\/tienda\/#website\"},\"primaryImageOfPage\":{\"@id\":\"https:\/\/smsafemode.com\/tienda\/producto\/auditoria-de-copasst\/#primaryimage\"},\"image\":{\"@id\":\"https:\/\/smsafemode.com\/tienda\/producto\/auditoria-de-copasst\/#primaryimage\"},\"thumbnailUrl\":\"https:\/\/firebasestorage.googleapis.com\/v0\/b\/safe-mode.appspot.com\/o\/smsafemode.com%2Ftienda%20virtual%20SM%2Fproductos%2Fproductos%20de%20tienda%20virtual%2FAUDITORIA%20COPASST.png?alt=media&token=c29a1226-8fd5-4bd5-b7b0-295f49ee7ec7\",\"datePublished\":\"2020-04-09T18:14:15+00:00\",\"dateModified\":\"2026-01-18T23:55:47+00:00\",\"breadcrumb\":{\"@id\":\"https:\/\/smsafemode.com\/tienda\/producto\/auditoria-de-copasst\/#breadcrumb\"},\"inLanguage\":\"es\",\"potentialAction\":[{\"@type\":\"ReadAction\",\"target\":[\"https:\/\/smsafemode.com\/tienda\/producto\/auditoria-de-copasst\/\"]}]},{\"@type\":\"ImageObject\",\"inLanguage\":\"es\",\"@id\":\"https:\/\/smsafemode.com\/tienda\/producto\/auditoria-de-copasst\/#primaryimage\",\"url\":\"https:\/\/firebasestorage.googleapis.com\/v0\/b\/safe-mode.appspot.com\/o\/smsafemode.com%2Ftienda%20virtual%20SM%2Fproductos%2Fproductos%20de%20tienda%20virtual%2FAUDITORIA%20COPASST.png?alt=media&token=c29a1226-8fd5-4bd5-b7b0-295f49ee7ec7\",\"contentUrl\":\"https:\/\/firebasestorage.googleapis.com\/v0\/b\/safe-mode.appspot.com\/o\/smsafemode.com%2Ftienda%20virtual%20SM%2Fproductos%2Fproductos%20de%20tienda%20virtual%2FAUDITORIA%20COPASST.png?alt=media&token=c29a1226-8fd5-4bd5-b7b0-295f49ee7ec7\",\"width\":\"638\",\"height\":\"793\",\"caption\":\"Auditoria de COPASST\"},{\"@type\":\"BreadcrumbList\",\"@id\":\"https:\/\/smsafemode.com\/tienda\/producto\/auditoria-de-copasst\/#breadcrumb\",\"itemListElement\":[{\"@type\":\"ListItem\",\"position\":1,\"name\":\"Portada\",\"item\":\"https:\/\/smsafemode.com\/tienda\/\"},{\"@type\":\"ListItem\",\"position\":2,\"name\":\"Inicio\",\"item\":\"https:\/\/smsafemode.com\/tienda\/\"},{\"@type\":\"ListItem\",\"position\":3,\"name\":\"Auditoria de COPASST\"}]},{\"@type\":\"WebSite\",\"@id\":\"http:\/\/smsafemode.com\/tienda\/#website\",\"url\":\"http:\/\/smsafemode.com\/tienda\/\",\"name\":\"Tienda Virtual\",\"description\":\"Todas nuestras soluciones a un clic\",\"publisher\":{\"@id\":\"http:\/\/smsafemode.com\/tienda\/#organization\"},\"potentialAction\":[{\"@type\":\"SearchAction\",\"target\":{\"@type\":\"EntryPoint\",\"urlTemplate\":\"http:\/\/smsafemode.com\/tienda\/?s={search_term_string}\"},\"query-input\":{\"@type\":\"PropertyValueSpecification\",\"valueRequired\":true,\"valueName\":\"search_term_string\"}}],\"inLanguage\":\"es\"},{\"@type\":\"Organization\",\"@id\":\"http:\/\/smsafemode.com\/tienda\/#organization\",\"name\":\"Safe Mode Sas\",\"url\":\"http:\/\/smsafemode.com\/tienda\/\",\"logo\":{\"@type\":\"ImageObject\",\"inLanguage\":\"es\",\"@id\":\"http:\/\/smsafemode.com\/tienda\/#\/schema\/logo\/image\/\",\"url\":\"https:\/\/storage.googleapis.com\/stateless-smsafemode-com\/2019\/01\/26291970407_ec01902df5_o.png\",\"contentUrl\":\"https:\/\/storage.googleapis.com\/stateless-smsafemode-com\/2019\/01\/26291970407_ec01902df5_o.png\",\"width\":425,\"height\":426,\"caption\":\"Safe Mode Sas\"},\"image\":{\"@id\":\"http:\/\/smsafemode.com\/tienda\/#\/schema\/logo\/image\/\"},\"sameAs\":[\"https:\/\/www.facebook.com\/smsafemode\",\"https:\/\/x.com\/SMsafemode\"]}]}<\/script>\n<!-- \/ Yoast SEO plugin. -->","yoast_head_json":{"title":"Auditoria de COPASST | Tienda Virtual Safe Mode","robots":{"index":"index","follow":"follow","max-snippet":"max-snippet:-1","max-image-preview":"max-image-preview:large","max-video-preview":"max-video-preview:-1"},"canonical":"https:\/\/smsafemode.com\/tienda\/producto\/auditoria-de-copasst\/","og_locale":"es_ES","og_type":"article","og_title":"Auditoria de COPASST | Tienda Virtual Safe Mode","og_description":"Servicio en el que uno de nuestros profesionales realiza una verificaci\u00f3n e las acciones desarrolladas dentro del Sistema de Gesti\u00f3n de Seguridad y Salud en el Trabajo SG-SST por parte del COPASST o Comit\u00e9 Paritario de Seguridad y Salud en el Trabajo.","og_url":"https:\/\/smsafemode.com\/tienda\/producto\/auditoria-de-copasst\/","og_site_name":"Tienda Virtual","article_publisher":"https:\/\/www.facebook.com\/smsafemode","article_modified_time":"2026-01-18T23:55:47+00:00","og_image":[{"url":"https:\/\/firebasestorage.googleapis.com\/v0\/b\/safe-mode.appspot.com\/o\/smsafemode.com%2Ftienda%20virtual%20SM%2Fproductos%2Fproductos%20de%20tienda%20virtual%2FAUDITORIA%20COPASST.png?alt=media&token=c29a1226-8fd5-4bd5-b7b0-295f49ee7ec7","type":"","width":"","height":""}],"twitter_card":"summary_large_image","twitter_image":"https:\/\/firebasestorage.googleapis.com\/v0\/b\/safe-mode.appspot.com\/o\/smsafemode.com%2Ftienda%20virtual%20SM%2Fproductos%2Fproductos%20de%20tienda%20virtual%2FAUDITORIA%20COPASST.png?alt=media&token=c29a1226-8fd5-4bd5-b7b0-295f49ee7ec7","twitter_site":"@SMsafemode","twitter_misc":{"Tiempo de lectura":"2 minutos"},"schema":{"@context":"https:\/\/schema.org","@graph":[{"@type":"WebPage","@id":"https:\/\/smsafemode.com\/tienda\/producto\/auditoria-de-copasst\/","url":"https:\/\/smsafemode.com\/tienda\/producto\/auditoria-de-copasst\/","name":"Auditoria de COPASST | Tienda Virtual Safe Mode","isPartOf":{"@id":"http:\/\/smsafemode.com\/tienda\/#website"},"primaryImageOfPage":{"@id":"https:\/\/smsafemode.com\/tienda\/producto\/auditoria-de-copasst\/#primaryimage"},"image":{"@id":"https:\/\/smsafemode.com\/tienda\/producto\/auditoria-de-copasst\/#primaryimage"},"thumbnailUrl":"https:\/\/firebasestorage.googleapis.com\/v0\/b\/safe-mode.appspot.com\/o\/smsafemode.com%2Ftienda%20virtual%20SM%2Fproductos%2Fproductos%20de%20tienda%20virtual%2FAUDITORIA%20COPASST.png?alt=media&token=c29a1226-8fd5-4bd5-b7b0-295f49ee7ec7","datePublished":"2020-04-09T18:14:15+00:00","dateModified":"2026-01-18T23:55:47+00:00","breadcrumb":{"@id":"https:\/\/smsafemode.com\/tienda\/producto\/auditoria-de-copasst\/#breadcrumb"},"inLanguage":"es","potentialAction":[{"@type":"ReadAction","target":["https:\/\/smsafemode.com\/tienda\/producto\/auditoria-de-copasst\/"]}]},{"@type":"ImageObject","inLanguage":"es","@id":"https:\/\/smsafemode.com\/tienda\/producto\/auditoria-de-copasst\/#primaryimage","url":"https:\/\/firebasestorage.googleapis.com\/v0\/b\/safe-mode.appspot.com\/o\/smsafemode.com%2Ftienda%20virtual%20SM%2Fproductos%2Fproductos%20de%20tienda%20virtual%2FAUDITORIA%20COPASST.png?alt=media&token=c29a1226-8fd5-4bd5-b7b0-295f49ee7ec7","contentUrl":"https:\/\/firebasestorage.googleapis.com\/v0\/b\/safe-mode.appspot.com\/o\/smsafemode.com%2Ftienda%20virtual%20SM%2Fproductos%2Fproductos%20de%20tienda%20virtual%2FAUDITORIA%20COPASST.png?alt=media&token=c29a1226-8fd5-4bd5-b7b0-295f49ee7ec7","width":"638","height":"793","caption":"Auditoria de COPASST"},{"@type":"BreadcrumbList","@id":"https:\/\/smsafemode.com\/tienda\/producto\/auditoria-de-copasst\/#breadcrumb","itemListElement":[{"@type":"ListItem","position":1,"name":"Portada","item":"https:\/\/smsafemode.com\/tienda\/"},{"@type":"ListItem","position":2,"name":"Inicio","item":"https:\/\/smsafemode.com\/tienda\/"},{"@type":"ListItem","position":3,"name":"Auditoria de COPASST"}]},{"@type":"WebSite","@id":"http:\/\/smsafemode.com\/tienda\/#website","url":"http:\/\/smsafemode.com\/tienda\/","name":"Tienda Virtual","description":"Todas nuestras soluciones a un clic","publisher":{"@id":"http:\/\/smsafemode.com\/tienda\/#organization"},"potentialAction":[{"@type":"SearchAction","target":{"@type":"EntryPoint","urlTemplate":"http:\/\/smsafemode.com\/tienda\/?s={search_term_string}"},"query-input":{"@type":"PropertyValueSpecification","valueRequired":true,"valueName":"search_term_string"}}],"inLanguage":"es"},{"@type":"Organization","@id":"http:\/\/smsafemode.com\/tienda\/#organization","name":"Safe Mode Sas","url":"http:\/\/smsafemode.com\/tienda\/","logo":{"@type":"ImageObject","inLanguage":"es","@id":"http:\/\/smsafemode.com\/tienda\/#\/schema\/logo\/image\/","url":"https:\/\/storage.googleapis.com\/stateless-smsafemode-com\/2019\/01\/26291970407_ec01902df5_o.png","contentUrl":"https:\/\/storage.googleapis.com\/stateless-smsafemode-com\/2019\/01\/26291970407_ec01902df5_o.png","width":425,"height":426,"caption":"Safe Mode Sas"},"image":{"@id":"http:\/\/smsafemode.com\/tienda\/#\/schema\/logo\/image\/"},"sameAs":["https:\/\/www.facebook.com\/smsafemode","https:\/\/x.com\/SMsafemode"]}]}},"_links":{"self":[{"href":"https:\/\/smsafemode.com\/tienda\/wp-json\/wp\/v2\/product\/682","targetHints":{"allow":["GET"]}}],"collection":[{"href":"https:\/\/smsafemode.com\/tienda\/wp-json\/wp\/v2\/product"}],"about":[{"href":"https:\/\/smsafemode.com\/tienda\/wp-json\/wp\/v2\/types\/product"}],"wp:featuredmedia":[{"embeddable":true,"href":"https:\/\/smsafemode.com\/tienda\/wp-json\/wp\/v2\/media\/685"}],"wp:attachment":[{"href":"https:\/\/smsafemode.com\/tienda\/wp-json\/wp\/v2\/media?parent=682"}],"wp:term":[{"taxonomy":"product_brand","embeddable":true,"href":"https:\/\/smsafemode.com\/tienda\/wp-json\/wp\/v2\/product_brand?post=682"},{"taxonomy":"product_cat","embeddable":true,"href":"https:\/\/smsafemode.com\/tienda\/wp-json\/wp\/v2\/product_cat?post=682"},{"taxonomy":"product_tag","embeddable":true,"href":"https:\/\/smsafemode.com\/tienda\/wp-json\/wp\/v2\/product_tag?post=682"}],"curies":[{"name":"wp","href":"https:\/\/api.w.org\/{rel}","templated":true}]}}