{"id":580,"date":"2020-03-31T18:36:49","date_gmt":"2020-03-31T23:36:49","guid":{"rendered":"http:\/\/smsafemode.com\/tienda\/?post_type=product&#038;p=580"},"modified":"2026-01-18T18:52:51","modified_gmt":"2026-01-18T23:52:51","slug":"video-riego-por-asbesto-capacitacion","status":"publish","type":"product","link":"https:\/\/smsafemode.com\/tienda\/producto\/video-riego-por-asbesto-capacitacion\/","title":{"rendered":"V\u00eddeo Riego por asbesto (Capacitaci\u00f3n)"},"content":{"rendered":"<p>Ofrecemos acceso ilimitado para que puedas ver el v\u00eddeo todas las veces que lo necesites, este contenido premium esta dise\u00f1ado para poder ayudar a las empresas y las personas a cargo de seguridad y salud en el trabajo (SG-SST, SSO) a poder contar con recursos adicionales complementarios a la gesti\u00f3n que se este desarrollando para la prevenci\u00f3n de riesgos por exposici\u00f3n a asbesto.<\/p>\n<hr \/>\n<h2>Con tu compra recibes:<\/h2>\n<div class=\"gca-column one-fourth first\"><h4 style=\"text-align: center;\"><img loading=\"lazy\" decoding=\"async\" class=\" aligncenter\" src=\"https:\/\/firebasestorage.googleapis.com\/v0\/b\/safe-mode.appspot.com\/o\/svg%20para%20paginas%2Fvideo%20en%20la%20nube.svg?alt=media&amp;token=8096942e-f901-41a2-879d-4ad6504d3eb9\" width=\"314\" height=\"171\" \/><span style=\"color: #46a4f2;\"><strong>V\u00eddeo en la nube para que lo puedas consular cuando quieras<\/strong><\/span><\/h4><\/div>\n<div class=\"gca-column one-fourth\"><h4 style=\"text-align: center;\"><img loading=\"lazy\" decoding=\"async\" class=\" aligncenter\" src=\"https:\/\/firebasestorage.googleapis.com\/v0\/b\/safe-mode.appspot.com\/o\/svg%20para%20paginas%2Freloj%20-%20naranja.svg?alt=media&amp;token=0d34b59b-adb0-4322-90fa-031eb02f4e0e\" width=\"168\" height=\"168\" \/><strong><span style=\"color: #ff6600;\">V\u00eddeo de <span style=\"color: #46a4f2;\">11<\/span> minutos y <span style=\"color: #46a4f2;\">45<\/span> segundos\u00a0<\/span><\/strong><\/h4><\/div>\n<div class=\"gca-column one-fourth\"><h4 style=\"text-align: center;\"><img loading=\"lazy\" decoding=\"async\" class=\"aligncenter\" src=\"https:\/\/firebasestorage.googleapis.com\/v0\/b\/safe-mode.appspot.com\/o\/svg%20para%20paginas%2F1080p%20icono%20SM.svg?alt=media&amp;token=82815d92-5b61-4be1-867f-adcd71944287\" width=\"209\" height=\"168\" \/><span style=\"color: #3caee8;\"><strong>V\u00eddeo en Full HD<\/strong><\/span><\/h4><\/div>\n<div class=\"gca-column one-fourth\"><h4 style=\"text-align: center;\"><img loading=\"lazy\" decoding=\"async\" class=\" aligncenter\" src=\"https:\/\/firebasestorage.googleapis.com\/v0\/b\/safe-mode.appspot.com\/o\/svg%20para%20paginas%2Ficono%20link%20url%20-%20SM.svg?alt=media&amp;token=9241e7da-efd6-4059-a828-6ccaf8ef2aad\" width=\"172\" height=\"173\" \/><span style=\"color: #3a545f;\"><strong>Al comprar podr\u00e1s acceder al link o URL con el v\u00eddeo<\/strong><\/span><\/h4><\/div><div class=\"gca-utility clearfix\"><\/div>\n<hr \/>\n<p>De forma f\u00e1cil puedes contar con un v\u00eddeo corto para que los trabajadores de tu empresa puedan conocer un poco m\u00e1s sobre las caracter\u00edsticas generales de este riesgo.<\/p>\n<p>Recurso adecuado para dar a conocer a los trabajadores que por alguna raz\u00f3n se vean expuestos al riesgo por exposici\u00f3n a asbesto informaci\u00f3n de sus caracter\u00edsticas y por que es un riesgo laboral<\/p>\n<hr \/>\n<h4>Informaci\u00f3n de servicio adicional<\/h4>\n<p>Si en alg\u00fan momento presentas problemas para acceder al v\u00eddeo inicia sesi\u00f3n desde la tienda virtual y en el \u00e1rea de mi cuenta&gt; Descargas podr\u00e1s encontrar el nuevo enlace del v\u00eddeo, recuerda que este contenido no debe ser descargado, re subido a internet ni compartido en medios sociales o estar\u00edas infringiendo nuestra pol\u00edtica de derechos de autor.<\/p>\n","protected":false},"excerpt":{"rendered":"<p>Recurso <strong>vitalicio<\/strong> para capacitar o compartir en tu empresa por medio de un enlace de transmisi\u00f3n del v\u00eddeo en el cual se encuentra colgado en plataforma de v\u00eddeo para que con un simple enlace lo puedas compartir.<\/p>\n<ul>\n<li>V\u00eddeo disponible en full HD (1080p)<\/li>\n<li>Duraci\u00f3n de v\u00eddeo: 11 minutos y 45 segundos.<\/li>\n<li>Caracter\u00edsticas que deben ser tomadas en cuenta si llega a haber exposici\u00f3n a asbesto<\/li>\n<\/ul>\n<p>&nbsp;<\/p>\n","protected":false},"featured_media":789,"template":"","meta":{"inline_featured_image":false,"_joinchat":[]},"product_brand":[],"product_cat":[125],"product_tag":[187,74,191,190,188,189],"class_list":{"0":"post-580","1":"product","2":"type-product","3":"status-publish","4":"has-post-thumbnail","6":"product_cat-virtuales","7":"product_tag-asbesto","8":"product_tag-capacitacion","9":"product_tag-conceptos","10":"product_tag-riesgo-laboral","11":"product_tag-riesgo-por-asbesto","12":"product_tag-riesgo-respiratorio","14":"first","15":"instock","16":"downloadable","17":"sold-individually","18":"taxable","19":"shipping-taxable","20":"purchasable","21":"product-type-simple","22":"customify-col"},"yoast_head":"<!-- This site is optimized with the Yoast SEO plugin v26.7 - https:\/\/yoast.com\/wordpress\/plugins\/seo\/ -->\n<title>V\u00eddeo Riego por asbesto (Capacitaci\u00f3n) | Tienda Virtual Safe Mode<\/title>\n<meta name=\"robots\" content=\"index, follow, max-snippet:-1, max-image-preview:large, max-video-preview:-1\" \/>\n<link rel=\"canonical\" href=\"https:\/\/smsafemode.com\/tienda\/producto\/video-riego-por-asbesto-capacitacion\/\" \/>\n<meta property=\"og:locale\" content=\"es_ES\" \/>\n<meta property=\"og:type\" content=\"article\" \/>\n<meta property=\"og:title\" content=\"V\u00eddeo Riego por asbesto (Capacitaci\u00f3n) | Tienda Virtual Safe Mode\" \/>\n<meta property=\"og:description\" content=\"Recurso vitalicio para capacitar o compartir en tu empresa por medio de un enlace de transmisi\u00f3n del v\u00eddeo en el cual se encuentra colgado en plataforma de v\u00eddeo para que con un simple enlace lo puedas compartir.   V\u00eddeo disponible en full HD (1080p)  Duraci\u00f3n de v\u00eddeo: 11 minutos y 45 segundos.  Caracter\u00edsticas que deben ser tomadas en cuenta si llega a haber exposici\u00f3n a asbesto  &nbsp;\" \/>\n<meta property=\"og:url\" content=\"https:\/\/smsafemode.com\/tienda\/producto\/video-riego-por-asbesto-capacitacion\/\" \/>\n<meta property=\"og:site_name\" content=\"Tienda Virtual\" \/>\n<meta property=\"article:publisher\" content=\"https:\/\/www.facebook.com\/smsafemode\" \/>\n<meta property=\"article:modified_time\" content=\"2026-01-18T23:52:51+00:00\" \/>\n<meta property=\"og:image\" content=\"https:\/\/firebasestorage.googleapis.com\/v0\/b\/safe-mode.appspot.com\/o\/smsafemode.com%2Ftienda%20virtual%20SM%2Fproductos%2Fproductos%20de%20tienda%20virtual%2FCapacitacion%20riesgo%20por%20asbesto.png?alt=media&token=2bfc807a-f99a-4a83-8ef4-9e28c8c61422\" \/>\n<meta name=\"twitter:card\" content=\"summary_large_image\" \/>\n<meta name=\"twitter:image\" content=\"https:\/\/firebasestorage.googleapis.com\/v0\/b\/safe-mode.appspot.com\/o\/smsafemode.com%2Ftienda%20virtual%20SM%2Fproductos%2Fproductos%20de%20tienda%20virtual%2FCapacitacion%20riesgo%20por%20asbesto.png?alt=media&token=2bfc807a-f99a-4a83-8ef4-9e28c8c61422\" \/>\n<meta name=\"twitter:site\" content=\"@SMsafemode\" \/>\n<meta name=\"twitter:label1\" content=\"Tiempo de lectura\" \/>\n\t<meta name=\"twitter:data1\" content=\"2 minutos\" \/>\n<script type=\"application\/ld+json\" class=\"yoast-schema-graph\">{\"@context\":\"https:\/\/schema.org\",\"@graph\":[{\"@type\":\"WebPage\",\"@id\":\"https:\/\/smsafemode.com\/tienda\/producto\/video-riego-por-asbesto-capacitacion\/\",\"url\":\"https:\/\/smsafemode.com\/tienda\/producto\/video-riego-por-asbesto-capacitacion\/\",\"name\":\"V\u00eddeo Riego por asbesto (Capacitaci\u00f3n) | Tienda Virtual Safe Mode\",\"isPartOf\":{\"@id\":\"http:\/\/smsafemode.com\/tienda\/#website\"},\"primaryImageOfPage\":{\"@id\":\"https:\/\/smsafemode.com\/tienda\/producto\/video-riego-por-asbesto-capacitacion\/#primaryimage\"},\"image\":{\"@id\":\"https:\/\/smsafemode.com\/tienda\/producto\/video-riego-por-asbesto-capacitacion\/#primaryimage\"},\"thumbnailUrl\":\"https:\/\/firebasestorage.googleapis.com\/v0\/b\/safe-mode.appspot.com\/o\/smsafemode.com%2Ftienda%20virtual%20SM%2Fproductos%2Fproductos%20de%20tienda%20virtual%2FCapacitacion%20riesgo%20por%20asbesto.png?alt=media&token=2bfc807a-f99a-4a83-8ef4-9e28c8c61422\",\"datePublished\":\"2020-03-31T23:36:49+00:00\",\"dateModified\":\"2026-01-18T23:52:51+00:00\",\"breadcrumb\":{\"@id\":\"https:\/\/smsafemode.com\/tienda\/producto\/video-riego-por-asbesto-capacitacion\/#breadcrumb\"},\"inLanguage\":\"es\",\"potentialAction\":[{\"@type\":\"ReadAction\",\"target\":[\"https:\/\/smsafemode.com\/tienda\/producto\/video-riego-por-asbesto-capacitacion\/\"]}]},{\"@type\":\"ImageObject\",\"inLanguage\":\"es\",\"@id\":\"https:\/\/smsafemode.com\/tienda\/producto\/video-riego-por-asbesto-capacitacion\/#primaryimage\",\"url\":\"https:\/\/firebasestorage.googleapis.com\/v0\/b\/safe-mode.appspot.com\/o\/smsafemode.com%2Ftienda%20virtual%20SM%2Fproductos%2Fproductos%20de%20tienda%20virtual%2FCapacitacion%20riesgo%20por%20asbesto.png?alt=media&token=2bfc807a-f99a-4a83-8ef4-9e28c8c61422\",\"contentUrl\":\"https:\/\/firebasestorage.googleapis.com\/v0\/b\/safe-mode.appspot.com\/o\/smsafemode.com%2Ftienda%20virtual%20SM%2Fproductos%2Fproductos%20de%20tienda%20virtual%2FCapacitacion%20riesgo%20por%20asbesto.png?alt=media&token=2bfc807a-f99a-4a83-8ef4-9e28c8c61422\",\"width\":\"686\",\"height\":\"847\",\"caption\":\"video riesgo por asbesto\"},{\"@type\":\"BreadcrumbList\",\"@id\":\"https:\/\/smsafemode.com\/tienda\/producto\/video-riego-por-asbesto-capacitacion\/#breadcrumb\",\"itemListElement\":[{\"@type\":\"ListItem\",\"position\":1,\"name\":\"Portada\",\"item\":\"https:\/\/smsafemode.com\/tienda\/\"},{\"@type\":\"ListItem\",\"position\":2,\"name\":\"Inicio\",\"item\":\"https:\/\/smsafemode.com\/tienda\/\"},{\"@type\":\"ListItem\",\"position\":3,\"name\":\"V\u00eddeo Riego por asbesto (Capacitaci\u00f3n)\"}]},{\"@type\":\"WebSite\",\"@id\":\"http:\/\/smsafemode.com\/tienda\/#website\",\"url\":\"http:\/\/smsafemode.com\/tienda\/\",\"name\":\"Tienda Virtual\",\"description\":\"Todas nuestras soluciones a un clic\",\"publisher\":{\"@id\":\"http:\/\/smsafemode.com\/tienda\/#organization\"},\"potentialAction\":[{\"@type\":\"SearchAction\",\"target\":{\"@type\":\"EntryPoint\",\"urlTemplate\":\"http:\/\/smsafemode.com\/tienda\/?s={search_term_string}\"},\"query-input\":{\"@type\":\"PropertyValueSpecification\",\"valueRequired\":true,\"valueName\":\"search_term_string\"}}],\"inLanguage\":\"es\"},{\"@type\":\"Organization\",\"@id\":\"http:\/\/smsafemode.com\/tienda\/#organization\",\"name\":\"Safe Mode Sas\",\"url\":\"http:\/\/smsafemode.com\/tienda\/\",\"logo\":{\"@type\":\"ImageObject\",\"inLanguage\":\"es\",\"@id\":\"http:\/\/smsafemode.com\/tienda\/#\/schema\/logo\/image\/\",\"url\":\"https:\/\/storage.googleapis.com\/stateless-smsafemode-com\/2019\/01\/26291970407_ec01902df5_o.png\",\"contentUrl\":\"https:\/\/storage.googleapis.com\/stateless-smsafemode-com\/2019\/01\/26291970407_ec01902df5_o.png\",\"width\":425,\"height\":426,\"caption\":\"Safe Mode Sas\"},\"image\":{\"@id\":\"http:\/\/smsafemode.com\/tienda\/#\/schema\/logo\/image\/\"},\"sameAs\":[\"https:\/\/www.facebook.com\/smsafemode\",\"https:\/\/x.com\/SMsafemode\"]}]}<\/script>\n<!-- \/ Yoast SEO plugin. -->","yoast_head_json":{"title":"V\u00eddeo Riego por asbesto (Capacitaci\u00f3n) | Tienda Virtual Safe Mode","robots":{"index":"index","follow":"follow","max-snippet":"max-snippet:-1","max-image-preview":"max-image-preview:large","max-video-preview":"max-video-preview:-1"},"canonical":"https:\/\/smsafemode.com\/tienda\/producto\/video-riego-por-asbesto-capacitacion\/","og_locale":"es_ES","og_type":"article","og_title":"V\u00eddeo Riego por asbesto (Capacitaci\u00f3n) | Tienda Virtual Safe Mode","og_description":"Recurso vitalicio para capacitar o compartir en tu empresa por medio de un enlace de transmisi\u00f3n del v\u00eddeo en el cual se encuentra colgado en plataforma de v\u00eddeo para que con un simple enlace lo puedas compartir.   V\u00eddeo disponible en full HD (1080p)  Duraci\u00f3n de v\u00eddeo: 11 minutos y 45 segundos.  Caracter\u00edsticas que deben ser tomadas en cuenta si llega a haber exposici\u00f3n a asbesto  &nbsp;","og_url":"https:\/\/smsafemode.com\/tienda\/producto\/video-riego-por-asbesto-capacitacion\/","og_site_name":"Tienda Virtual","article_publisher":"https:\/\/www.facebook.com\/smsafemode","article_modified_time":"2026-01-18T23:52:51+00:00","og_image":[{"url":"https:\/\/firebasestorage.googleapis.com\/v0\/b\/safe-mode.appspot.com\/o\/smsafemode.com%2Ftienda%20virtual%20SM%2Fproductos%2Fproductos%20de%20tienda%20virtual%2FCapacitacion%20riesgo%20por%20asbesto.png?alt=media&token=2bfc807a-f99a-4a83-8ef4-9e28c8c61422","type":"","width":"","height":""}],"twitter_card":"summary_large_image","twitter_image":"https:\/\/firebasestorage.googleapis.com\/v0\/b\/safe-mode.appspot.com\/o\/smsafemode.com%2Ftienda%20virtual%20SM%2Fproductos%2Fproductos%20de%20tienda%20virtual%2FCapacitacion%20riesgo%20por%20asbesto.png?alt=media&token=2bfc807a-f99a-4a83-8ef4-9e28c8c61422","twitter_site":"@SMsafemode","twitter_misc":{"Tiempo de lectura":"2 minutos"},"schema":{"@context":"https:\/\/schema.org","@graph":[{"@type":"WebPage","@id":"https:\/\/smsafemode.com\/tienda\/producto\/video-riego-por-asbesto-capacitacion\/","url":"https:\/\/smsafemode.com\/tienda\/producto\/video-riego-por-asbesto-capacitacion\/","name":"V\u00eddeo Riego por asbesto (Capacitaci\u00f3n) | Tienda Virtual Safe Mode","isPartOf":{"@id":"http:\/\/smsafemode.com\/tienda\/#website"},"primaryImageOfPage":{"@id":"https:\/\/smsafemode.com\/tienda\/producto\/video-riego-por-asbesto-capacitacion\/#primaryimage"},"image":{"@id":"https:\/\/smsafemode.com\/tienda\/producto\/video-riego-por-asbesto-capacitacion\/#primaryimage"},"thumbnailUrl":"https:\/\/firebasestorage.googleapis.com\/v0\/b\/safe-mode.appspot.com\/o\/smsafemode.com%2Ftienda%20virtual%20SM%2Fproductos%2Fproductos%20de%20tienda%20virtual%2FCapacitacion%20riesgo%20por%20asbesto.png?alt=media&token=2bfc807a-f99a-4a83-8ef4-9e28c8c61422","datePublished":"2020-03-31T23:36:49+00:00","dateModified":"2026-01-18T23:52:51+00:00","breadcrumb":{"@id":"https:\/\/smsafemode.com\/tienda\/producto\/video-riego-por-asbesto-capacitacion\/#breadcrumb"},"inLanguage":"es","potentialAction":[{"@type":"ReadAction","target":["https:\/\/smsafemode.com\/tienda\/producto\/video-riego-por-asbesto-capacitacion\/"]}]},{"@type":"ImageObject","inLanguage":"es","@id":"https:\/\/smsafemode.com\/tienda\/producto\/video-riego-por-asbesto-capacitacion\/#primaryimage","url":"https:\/\/firebasestorage.googleapis.com\/v0\/b\/safe-mode.appspot.com\/o\/smsafemode.com%2Ftienda%20virtual%20SM%2Fproductos%2Fproductos%20de%20tienda%20virtual%2FCapacitacion%20riesgo%20por%20asbesto.png?alt=media&token=2bfc807a-f99a-4a83-8ef4-9e28c8c61422","contentUrl":"https:\/\/firebasestorage.googleapis.com\/v0\/b\/safe-mode.appspot.com\/o\/smsafemode.com%2Ftienda%20virtual%20SM%2Fproductos%2Fproductos%20de%20tienda%20virtual%2FCapacitacion%20riesgo%20por%20asbesto.png?alt=media&token=2bfc807a-f99a-4a83-8ef4-9e28c8c61422","width":"686","height":"847","caption":"video riesgo por asbesto"},{"@type":"BreadcrumbList","@id":"https:\/\/smsafemode.com\/tienda\/producto\/video-riego-por-asbesto-capacitacion\/#breadcrumb","itemListElement":[{"@type":"ListItem","position":1,"name":"Portada","item":"https:\/\/smsafemode.com\/tienda\/"},{"@type":"ListItem","position":2,"name":"Inicio","item":"https:\/\/smsafemode.com\/tienda\/"},{"@type":"ListItem","position":3,"name":"V\u00eddeo Riego por asbesto (Capacitaci\u00f3n)"}]},{"@type":"WebSite","@id":"http:\/\/smsafemode.com\/tienda\/#website","url":"http:\/\/smsafemode.com\/tienda\/","name":"Tienda Virtual","description":"Todas nuestras soluciones a un clic","publisher":{"@id":"http:\/\/smsafemode.com\/tienda\/#organization"},"potentialAction":[{"@type":"SearchAction","target":{"@type":"EntryPoint","urlTemplate":"http:\/\/smsafemode.com\/tienda\/?s={search_term_string}"},"query-input":{"@type":"PropertyValueSpecification","valueRequired":true,"valueName":"search_term_string"}}],"inLanguage":"es"},{"@type":"Organization","@id":"http:\/\/smsafemode.com\/tienda\/#organization","name":"Safe Mode Sas","url":"http:\/\/smsafemode.com\/tienda\/","logo":{"@type":"ImageObject","inLanguage":"es","@id":"http:\/\/smsafemode.com\/tienda\/#\/schema\/logo\/image\/","url":"https:\/\/storage.googleapis.com\/stateless-smsafemode-com\/2019\/01\/26291970407_ec01902df5_o.png","contentUrl":"https:\/\/storage.googleapis.com\/stateless-smsafemode-com\/2019\/01\/26291970407_ec01902df5_o.png","width":425,"height":426,"caption":"Safe Mode Sas"},"image":{"@id":"http:\/\/smsafemode.com\/tienda\/#\/schema\/logo\/image\/"},"sameAs":["https:\/\/www.facebook.com\/smsafemode","https:\/\/x.com\/SMsafemode"]}]}},"_links":{"self":[{"href":"https:\/\/smsafemode.com\/tienda\/wp-json\/wp\/v2\/product\/580","targetHints":{"allow":["GET"]}}],"collection":[{"href":"https:\/\/smsafemode.com\/tienda\/wp-json\/wp\/v2\/product"}],"about":[{"href":"https:\/\/smsafemode.com\/tienda\/wp-json\/wp\/v2\/types\/product"}],"wp:featuredmedia":[{"embeddable":true,"href":"https:\/\/smsafemode.com\/tienda\/wp-json\/wp\/v2\/media\/789"}],"wp:attachment":[{"href":"https:\/\/smsafemode.com\/tienda\/wp-json\/wp\/v2\/media?parent=580"}],"wp:term":[{"taxonomy":"product_brand","embeddable":true,"href":"https:\/\/smsafemode.com\/tienda\/wp-json\/wp\/v2\/product_brand?post=580"},{"taxonomy":"product_cat","embeddable":true,"href":"https:\/\/smsafemode.com\/tienda\/wp-json\/wp\/v2\/product_cat?post=580"},{"taxonomy":"product_tag","embeddable":true,"href":"https:\/\/smsafemode.com\/tienda\/wp-json\/wp\/v2\/product_tag?post=580"}],"curies":[{"name":"wp","href":"https:\/\/api.w.org\/{rel}","templated":true}]}}