{"id":570,"date":"2020-03-31T14:03:54","date_gmt":"2020-03-31T19:03:54","guid":{"rendered":"http:\/\/smsafemode.com\/tienda\/?post_type=product&#038;p=570"},"modified":"2021-09-11T18:55:35","modified_gmt":"2021-09-11T23:55:35","slug":"video-induccion-ligth-al-sg-sst-capacitacion","status":"publish","type":"product","link":"https:\/\/smsafemode.com\/tienda\/producto\/video-induccion-ligth-al-sg-sst-capacitacion\/","title":{"rendered":"V\u00eddeo Inducci\u00f3n Ligth al SG-SST (Capacitaci\u00f3n)"},"content":{"rendered":"<p>Ofrecemos acceso ilimitado para que puedas ver el video todas las veces que lo necesites, este contenido premium esta dise\u00f1ado para poder ayudar a las empresas y las personas a cargo de seguridad y salud en el trabajo (SG-SST, SSO) a poder contar con recursos adicionales complementarios a la gesti\u00f3n que se este desarrollando para la prevenci\u00f3n de riesgos.<\/p>\n<p>De forma f\u00e1cil puedes contar con un video corto para que los trabajadores de tu empresa puedan conocer un poco m\u00e1s sobre las caracter\u00edsticas generales de este riesgo.<\/p>\n<p>Recurso perfectamente integrable a riesgo biol\u00f3gico al que todos estamos expuestos<\/p>\n<p>Informaci\u00f3n de servicio adicional<\/p>\n<p>Si en alg\u00fan momento presentas problemas para acceder al video inicia sesi\u00f3n desde la tienda virtual y en el \u00e1rea de mi cuenta&gt; Descargas podr\u00e1s encontrar el nuevo enlace del video, recuerda que este contenido no debe ser descargado, re subido a internet ni compartido en medios sociales o estar\u00edas infringiendo nuestra pol\u00edtica de derechos de autor.<\/p>\n","protected":false},"excerpt":{"rendered":"<p>Recurso <strong>vitalicio<\/strong> para capacitar o compartir en tu empresa por medio de un enlace de transmisi\u00f3n del v\u00eddeo en el cual se encuentra colgado en plataforma de v\u00eddeo para que con un simple enlace lo puedas compartir.<\/p>\n<ul>\n<li>V\u00eddeo disponible en full HD (1080p)<\/li>\n<li>Duraci\u00f3n de v\u00eddeo: 12 minutos y 46 segundos.<\/li>\n<li>Capacitaci\u00f3n de inducci\u00f3n light para los trabajadores nuevos de la empresa<\/li>\n<li>Recomendaciones b\u00e1sicas para el control de los riesgos laborales<\/li>\n<\/ul>\n","protected":false},"featured_media":1371,"template":"","meta":{"inline_featured_image":false,"_joinchat":[]},"product_brand":[],"product_cat":[125],"product_tag":[74,177,183,182,53],"class_list":{"0":"post-570","1":"product","2":"type-product","3":"status-publish","4":"has-post-thumbnail","6":"product_cat-virtuales","7":"product_tag-capacitacion","8":"product_tag-capacitacion-virtual","9":"product_tag-induccion-ligth","10":"product_tag-induccion-sgsst","11":"product_tag-sgsst","13":"first","14":"instock","15":"downloadable","16":"sold-individually","17":"taxable","18":"shipping-taxable","19":"purchasable","20":"product-type-simple","21":"customify-col"},"yoast_head":"<!-- This site is optimized with the Yoast SEO plugin v26.7 - https:\/\/yoast.com\/wordpress\/plugins\/seo\/ -->\n<title>V\u00eddeo Inducci\u00f3n Ligth al SG-SST (Capacitaci\u00f3n) | Tienda Virtual Safe Mode<\/title>\n<meta name=\"robots\" content=\"index, follow, max-snippet:-1, max-image-preview:large, max-video-preview:-1\" \/>\n<link rel=\"canonical\" href=\"http:\/\/smsafemode.com\/tienda\/producto\/video-induccion-ligth-al-sg-sst-capacitacion\/\" \/>\n<meta property=\"og:locale\" content=\"es_ES\" \/>\n<meta property=\"og:type\" content=\"article\" \/>\n<meta property=\"og:title\" content=\"V\u00eddeo Inducci\u00f3n Ligth al SG-SST (Capacitaci\u00f3n) | Tienda Virtual Safe Mode\" \/>\n<meta property=\"og:description\" content=\"Recurso vitalicio para capacitar o compartir en tu empresa por medio de un enlace de transmisi\u00f3n del v\u00eddeo en el cual se encuentra colgado en plataforma de v\u00eddeo para que con un simple enlace lo puedas compartir.   V\u00eddeo disponible en full HD (1080p)  Duraci\u00f3n de v\u00eddeo: 12 minutos y 46 segundos.  Capacitaci\u00f3n de inducci\u00f3n light para los trabajadores nuevos de la empresa  Recomendaciones b\u00e1sicas para el control de los riesgos laborales\" \/>\n<meta property=\"og:url\" content=\"http:\/\/smsafemode.com\/tienda\/producto\/video-induccion-ligth-al-sg-sst-capacitacion\/\" \/>\n<meta property=\"og:site_name\" content=\"Tienda Virtual\" \/>\n<meta property=\"article:publisher\" content=\"https:\/\/www.facebook.com\/smsafemode\" \/>\n<meta property=\"article:modified_time\" content=\"2021-09-11T23:55:35+00:00\" \/>\n<meta property=\"og:image\" content=\"https:\/\/storage.googleapis.com\/stateless-smsafemode-com\/2020\/03\/714a06df-induccion-light-capacitacion-sgsst.png\" \/>\n\t<meta property=\"og:image:width\" content=\"904\" \/>\n\t<meta property=\"og:image:height\" content=\"1117\" \/>\n\t<meta property=\"og:image:type\" content=\"image\/png\" \/>\n<meta name=\"twitter:card\" content=\"summary_large_image\" \/>\n<meta name=\"twitter:site\" content=\"@SMsafemode\" \/>\n<meta name=\"twitter:label1\" content=\"Tiempo de lectura\" \/>\n\t<meta name=\"twitter:data1\" content=\"1 minuto\" \/>\n<script type=\"application\/ld+json\" class=\"yoast-schema-graph\">{\"@context\":\"https:\/\/schema.org\",\"@graph\":[{\"@type\":\"WebPage\",\"@id\":\"http:\/\/smsafemode.com\/tienda\/producto\/video-induccion-ligth-al-sg-sst-capacitacion\/\",\"url\":\"http:\/\/smsafemode.com\/tienda\/producto\/video-induccion-ligth-al-sg-sst-capacitacion\/\",\"name\":\"V\u00eddeo Inducci\u00f3n Ligth al SG-SST (Capacitaci\u00f3n) | Tienda Virtual Safe Mode\",\"isPartOf\":{\"@id\":\"http:\/\/smsafemode.com\/tienda\/#website\"},\"primaryImageOfPage\":{\"@id\":\"http:\/\/smsafemode.com\/tienda\/producto\/video-induccion-ligth-al-sg-sst-capacitacion\/#primaryimage\"},\"image\":{\"@id\":\"http:\/\/smsafemode.com\/tienda\/producto\/video-induccion-ligth-al-sg-sst-capacitacion\/#primaryimage\"},\"thumbnailUrl\":\"https:\/\/storage.googleapis.com\/stateless-smsafemode-com\/2020\/03\/714a06df-induccion-light-capacitacion-sgsst.png\",\"datePublished\":\"2020-03-31T19:03:54+00:00\",\"dateModified\":\"2021-09-11T23:55:35+00:00\",\"breadcrumb\":{\"@id\":\"http:\/\/smsafemode.com\/tienda\/producto\/video-induccion-ligth-al-sg-sst-capacitacion\/#breadcrumb\"},\"inLanguage\":\"es\",\"potentialAction\":[{\"@type\":\"ReadAction\",\"target\":[\"http:\/\/smsafemode.com\/tienda\/producto\/video-induccion-ligth-al-sg-sst-capacitacion\/\"]}]},{\"@type\":\"ImageObject\",\"inLanguage\":\"es\",\"@id\":\"http:\/\/smsafemode.com\/tienda\/producto\/video-induccion-ligth-al-sg-sst-capacitacion\/#primaryimage\",\"url\":\"https:\/\/storage.googleapis.com\/stateless-smsafemode-com\/2020\/03\/714a06df-induccion-light-capacitacion-sgsst.png\",\"contentUrl\":\"https:\/\/storage.googleapis.com\/stateless-smsafemode-com\/2020\/03\/714a06df-induccion-light-capacitacion-sgsst.png\",\"width\":904,\"height\":1117},{\"@type\":\"BreadcrumbList\",\"@id\":\"http:\/\/smsafemode.com\/tienda\/producto\/video-induccion-ligth-al-sg-sst-capacitacion\/#breadcrumb\",\"itemListElement\":[{\"@type\":\"ListItem\",\"position\":1,\"name\":\"Portada\",\"item\":\"https:\/\/smsafemode.com\/tienda\/\"},{\"@type\":\"ListItem\",\"position\":2,\"name\":\"Inicio\",\"item\":\"https:\/\/smsafemode.com\/tienda\/\"},{\"@type\":\"ListItem\",\"position\":3,\"name\":\"V\u00eddeo Inducci\u00f3n Ligth al SG-SST (Capacitaci\u00f3n)\"}]},{\"@type\":\"WebSite\",\"@id\":\"http:\/\/smsafemode.com\/tienda\/#website\",\"url\":\"http:\/\/smsafemode.com\/tienda\/\",\"name\":\"Tienda Virtual\",\"description\":\"Todas nuestras soluciones a un clic\",\"publisher\":{\"@id\":\"http:\/\/smsafemode.com\/tienda\/#organization\"},\"potentialAction\":[{\"@type\":\"SearchAction\",\"target\":{\"@type\":\"EntryPoint\",\"urlTemplate\":\"http:\/\/smsafemode.com\/tienda\/?s={search_term_string}\"},\"query-input\":{\"@type\":\"PropertyValueSpecification\",\"valueRequired\":true,\"valueName\":\"search_term_string\"}}],\"inLanguage\":\"es\"},{\"@type\":\"Organization\",\"@id\":\"http:\/\/smsafemode.com\/tienda\/#organization\",\"name\":\"Safe Mode Sas\",\"url\":\"http:\/\/smsafemode.com\/tienda\/\",\"logo\":{\"@type\":\"ImageObject\",\"inLanguage\":\"es\",\"@id\":\"http:\/\/smsafemode.com\/tienda\/#\/schema\/logo\/image\/\",\"url\":\"https:\/\/storage.googleapis.com\/stateless-smsafemode-com\/2019\/01\/26291970407_ec01902df5_o.png\",\"contentUrl\":\"https:\/\/storage.googleapis.com\/stateless-smsafemode-com\/2019\/01\/26291970407_ec01902df5_o.png\",\"width\":425,\"height\":426,\"caption\":\"Safe Mode Sas\"},\"image\":{\"@id\":\"http:\/\/smsafemode.com\/tienda\/#\/schema\/logo\/image\/\"},\"sameAs\":[\"https:\/\/www.facebook.com\/smsafemode\",\"https:\/\/x.com\/SMsafemode\"]}]}<\/script>\n<!-- \/ Yoast SEO plugin. -->","yoast_head_json":{"title":"V\u00eddeo Inducci\u00f3n Ligth al SG-SST (Capacitaci\u00f3n) | Tienda Virtual Safe Mode","robots":{"index":"index","follow":"follow","max-snippet":"max-snippet:-1","max-image-preview":"max-image-preview:large","max-video-preview":"max-video-preview:-1"},"canonical":"http:\/\/smsafemode.com\/tienda\/producto\/video-induccion-ligth-al-sg-sst-capacitacion\/","og_locale":"es_ES","og_type":"article","og_title":"V\u00eddeo Inducci\u00f3n Ligth al SG-SST (Capacitaci\u00f3n) | Tienda Virtual Safe Mode","og_description":"Recurso vitalicio para capacitar o compartir en tu empresa por medio de un enlace de transmisi\u00f3n del v\u00eddeo en el cual se encuentra colgado en plataforma de v\u00eddeo para que con un simple enlace lo puedas compartir.   V\u00eddeo disponible en full HD (1080p)  Duraci\u00f3n de v\u00eddeo: 12 minutos y 46 segundos.  Capacitaci\u00f3n de inducci\u00f3n light para los trabajadores nuevos de la empresa  Recomendaciones b\u00e1sicas para el control de los riesgos laborales","og_url":"http:\/\/smsafemode.com\/tienda\/producto\/video-induccion-ligth-al-sg-sst-capacitacion\/","og_site_name":"Tienda Virtual","article_publisher":"https:\/\/www.facebook.com\/smsafemode","article_modified_time":"2021-09-11T23:55:35+00:00","og_image":[{"width":904,"height":1117,"url":"https:\/\/storage.googleapis.com\/stateless-smsafemode-com\/2020\/03\/714a06df-induccion-light-capacitacion-sgsst.png","type":"image\/png"}],"twitter_card":"summary_large_image","twitter_site":"@SMsafemode","twitter_misc":{"Tiempo de lectura":"1 minuto"},"schema":{"@context":"https:\/\/schema.org","@graph":[{"@type":"WebPage","@id":"http:\/\/smsafemode.com\/tienda\/producto\/video-induccion-ligth-al-sg-sst-capacitacion\/","url":"http:\/\/smsafemode.com\/tienda\/producto\/video-induccion-ligth-al-sg-sst-capacitacion\/","name":"V\u00eddeo Inducci\u00f3n Ligth al SG-SST (Capacitaci\u00f3n) | Tienda Virtual Safe Mode","isPartOf":{"@id":"http:\/\/smsafemode.com\/tienda\/#website"},"primaryImageOfPage":{"@id":"http:\/\/smsafemode.com\/tienda\/producto\/video-induccion-ligth-al-sg-sst-capacitacion\/#primaryimage"},"image":{"@id":"http:\/\/smsafemode.com\/tienda\/producto\/video-induccion-ligth-al-sg-sst-capacitacion\/#primaryimage"},"thumbnailUrl":"https:\/\/storage.googleapis.com\/stateless-smsafemode-com\/2020\/03\/714a06df-induccion-light-capacitacion-sgsst.png","datePublished":"2020-03-31T19:03:54+00:00","dateModified":"2021-09-11T23:55:35+00:00","breadcrumb":{"@id":"http:\/\/smsafemode.com\/tienda\/producto\/video-induccion-ligth-al-sg-sst-capacitacion\/#breadcrumb"},"inLanguage":"es","potentialAction":[{"@type":"ReadAction","target":["http:\/\/smsafemode.com\/tienda\/producto\/video-induccion-ligth-al-sg-sst-capacitacion\/"]}]},{"@type":"ImageObject","inLanguage":"es","@id":"http:\/\/smsafemode.com\/tienda\/producto\/video-induccion-ligth-al-sg-sst-capacitacion\/#primaryimage","url":"https:\/\/storage.googleapis.com\/stateless-smsafemode-com\/2020\/03\/714a06df-induccion-light-capacitacion-sgsst.png","contentUrl":"https:\/\/storage.googleapis.com\/stateless-smsafemode-com\/2020\/03\/714a06df-induccion-light-capacitacion-sgsst.png","width":904,"height":1117},{"@type":"BreadcrumbList","@id":"http:\/\/smsafemode.com\/tienda\/producto\/video-induccion-ligth-al-sg-sst-capacitacion\/#breadcrumb","itemListElement":[{"@type":"ListItem","position":1,"name":"Portada","item":"https:\/\/smsafemode.com\/tienda\/"},{"@type":"ListItem","position":2,"name":"Inicio","item":"https:\/\/smsafemode.com\/tienda\/"},{"@type":"ListItem","position":3,"name":"V\u00eddeo Inducci\u00f3n Ligth al SG-SST (Capacitaci\u00f3n)"}]},{"@type":"WebSite","@id":"http:\/\/smsafemode.com\/tienda\/#website","url":"http:\/\/smsafemode.com\/tienda\/","name":"Tienda Virtual","description":"Todas nuestras soluciones a un clic","publisher":{"@id":"http:\/\/smsafemode.com\/tienda\/#organization"},"potentialAction":[{"@type":"SearchAction","target":{"@type":"EntryPoint","urlTemplate":"http:\/\/smsafemode.com\/tienda\/?s={search_term_string}"},"query-input":{"@type":"PropertyValueSpecification","valueRequired":true,"valueName":"search_term_string"}}],"inLanguage":"es"},{"@type":"Organization","@id":"http:\/\/smsafemode.com\/tienda\/#organization","name":"Safe Mode Sas","url":"http:\/\/smsafemode.com\/tienda\/","logo":{"@type":"ImageObject","inLanguage":"es","@id":"http:\/\/smsafemode.com\/tienda\/#\/schema\/logo\/image\/","url":"https:\/\/storage.googleapis.com\/stateless-smsafemode-com\/2019\/01\/26291970407_ec01902df5_o.png","contentUrl":"https:\/\/storage.googleapis.com\/stateless-smsafemode-com\/2019\/01\/26291970407_ec01902df5_o.png","width":425,"height":426,"caption":"Safe Mode Sas"},"image":{"@id":"http:\/\/smsafemode.com\/tienda\/#\/schema\/logo\/image\/"},"sameAs":["https:\/\/www.facebook.com\/smsafemode","https:\/\/x.com\/SMsafemode"]}]}},"_links":{"self":[{"href":"https:\/\/smsafemode.com\/tienda\/wp-json\/wp\/v2\/product\/570","targetHints":{"allow":["GET"]}}],"collection":[{"href":"https:\/\/smsafemode.com\/tienda\/wp-json\/wp\/v2\/product"}],"about":[{"href":"https:\/\/smsafemode.com\/tienda\/wp-json\/wp\/v2\/types\/product"}],"wp:featuredmedia":[{"embeddable":true,"href":"https:\/\/smsafemode.com\/tienda\/wp-json\/wp\/v2\/media\/1371"}],"wp:attachment":[{"href":"https:\/\/smsafemode.com\/tienda\/wp-json\/wp\/v2\/media?parent=570"}],"wp:term":[{"taxonomy":"product_brand","embeddable":true,"href":"https:\/\/smsafemode.com\/tienda\/wp-json\/wp\/v2\/product_brand?post=570"},{"taxonomy":"product_cat","embeddable":true,"href":"https:\/\/smsafemode.com\/tienda\/wp-json\/wp\/v2\/product_cat?post=570"},{"taxonomy":"product_tag","embeddable":true,"href":"https:\/\/smsafemode.com\/tienda\/wp-json\/wp\/v2\/product_tag?post=570"}],"curies":[{"name":"wp","href":"https:\/\/api.w.org\/{rel}","templated":true}]}}