{"id":348,"date":"2019-07-27T14:14:13","date_gmt":"2019-07-27T19:14:13","guid":{"rendered":"http:\/\/smsafemode.com\/tienda\/?post_type=product&#038;p=348"},"modified":"2023-08-29T10:20:21","modified_gmt":"2023-08-29T15:20:21","slug":"mediciones-ambientales-estudios-higienicos-de-temperatura","status":"publish","type":"product","link":"https:\/\/smsafemode.com\/tienda\/producto\/mediciones-ambientales-estudios-higienicos-de-temperatura\/","title":{"rendered":"Mediciones Ambientales &#8211; Estudios Higi\u00e9nicos de Temperatura"},"content":{"rendered":"","protected":false},"excerpt":{"rendered":"<p><strong><span style=\"color: #008000;\">Servicio disponible en Bogot\u00e1\u2705<\/span><\/strong><br \/>\nRealizamos las mediciones ambientales en sitio el cual incluye:<\/p>\n<ul>\n<li>Visita en sitio por uno de nuestros expertos<\/li>\n<li>Medici\u00f3n de puestos de trabajo<\/li>\n<li>Tabulaci\u00f3n y an\u00e1lisis de resultados<\/li>\n<li>Recomendaciones<\/li>\n<\/ul>\n","protected":false},"featured_media":459,"template":"","meta":{"inline_featured_image":false,"_joinchat":[]},"product_brand":[],"product_cat":[150],"product_tag":[],"class_list":{"0":"post-348","1":"product","2":"type-product","3":"status-publish","4":"has-post-thumbnail","6":"product_cat-mediciones-ambientales","8":"first","9":"instock","10":"sold-individually","11":"taxable","12":"shipping-taxable","13":"purchasable","14":"product-type-variable","15":"has-default-attributes","16":"customify-col"},"yoast_head":"<!-- This site is optimized with the Yoast SEO plugin v26.7 - https:\/\/yoast.com\/wordpress\/plugins\/seo\/ -->\n<title>Mediciones Ambientales - Estudios Higi\u00e9nicos de Temperatura | Tienda Virtual Safe Mode<\/title>\n<meta name=\"robots\" content=\"index, follow, max-snippet:-1, max-image-preview:large, max-video-preview:-1\" \/>\n<link rel=\"canonical\" href=\"https:\/\/smsafemode.com\/tienda\/producto\/mediciones-ambientales-estudios-higienicos-de-temperatura\/\" \/>\n<meta property=\"og:locale\" content=\"es_ES\" \/>\n<meta property=\"og:type\" content=\"article\" \/>\n<meta property=\"og:title\" content=\"Mediciones Ambientales - Estudios Higi\u00e9nicos de Temperatura | Tienda Virtual Safe Mode\" \/>\n<meta property=\"og:description\" content=\"Servicio disponible en Bogot\u00e1\u2705 Realizamos las mediciones ambientales en sitio el cual incluye:   Visita en sitio por uno de nuestros expertos  Medici\u00f3n de puestos de trabajo  Tabulaci\u00f3n y an\u00e1lisis de resultados  Recomendaciones\" \/>\n<meta property=\"og:url\" content=\"https:\/\/smsafemode.com\/tienda\/producto\/mediciones-ambientales-estudios-higienicos-de-temperatura\/\" \/>\n<meta property=\"og:site_name\" content=\"Tienda Virtual\" \/>\n<meta property=\"article:publisher\" content=\"https:\/\/www.facebook.com\/smsafemode\" \/>\n<meta property=\"article:modified_time\" content=\"2023-08-29T15:20:21+00:00\" \/>\n<meta property=\"og:image\" content=\"https:\/\/firebasestorage.googleapis.com\/v0\/b\/safe-mode.appspot.com\/o\/smsafemode.com%2Ftienda%20virtual%20SM%2Fproductos%2Fproductos%20de%20tienda%20virtual%2FMEDICION%20AMBIENTAL%20DE%20TEMPERATURA.png?alt=media&token=72f8d629-caca-446a-84b4-97d66a1974d6\" \/>\n<meta name=\"twitter:card\" content=\"summary_large_image\" \/>\n<meta name=\"twitter:image\" content=\"https:\/\/firebasestorage.googleapis.com\/v0\/b\/safe-mode.appspot.com\/o\/smsafemode.com%2Ftienda%20virtual%20SM%2Fproductos%2Fproductos%20de%20tienda%20virtual%2FMEDICION%20AMBIENTAL%20DE%20TEMPERATURA.png?alt=media&token=72f8d629-caca-446a-84b4-97d66a1974d6\" \/>\n<meta name=\"twitter:site\" content=\"@SMsafemode\" \/>\n<script type=\"application\/ld+json\" class=\"yoast-schema-graph\">{\"@context\":\"https:\/\/schema.org\",\"@graph\":[{\"@type\":\"WebPage\",\"@id\":\"https:\/\/smsafemode.com\/tienda\/producto\/mediciones-ambientales-estudios-higienicos-de-temperatura\/\",\"url\":\"https:\/\/smsafemode.com\/tienda\/producto\/mediciones-ambientales-estudios-higienicos-de-temperatura\/\",\"name\":\"Mediciones Ambientales - Estudios Higi\u00e9nicos de Temperatura | Tienda Virtual Safe Mode\",\"isPartOf\":{\"@id\":\"http:\/\/smsafemode.com\/tienda\/#website\"},\"primaryImageOfPage\":{\"@id\":\"https:\/\/smsafemode.com\/tienda\/producto\/mediciones-ambientales-estudios-higienicos-de-temperatura\/#primaryimage\"},\"image\":{\"@id\":\"https:\/\/smsafemode.com\/tienda\/producto\/mediciones-ambientales-estudios-higienicos-de-temperatura\/#primaryimage\"},\"thumbnailUrl\":\"https:\/\/firebasestorage.googleapis.com\/v0\/b\/safe-mode.appspot.com\/o\/smsafemode.com%2Ftienda%20virtual%20SM%2Fproductos%2Fproductos%20de%20tienda%20virtual%2FMEDICION%20AMBIENTAL%20DE%20TEMPERATURA.png?alt=media&token=72f8d629-caca-446a-84b4-97d66a1974d6\",\"datePublished\":\"2019-07-27T19:14:13+00:00\",\"dateModified\":\"2023-08-29T15:20:21+00:00\",\"breadcrumb\":{\"@id\":\"https:\/\/smsafemode.com\/tienda\/producto\/mediciones-ambientales-estudios-higienicos-de-temperatura\/#breadcrumb\"},\"inLanguage\":\"es\",\"potentialAction\":[{\"@type\":\"ReadAction\",\"target\":[\"https:\/\/smsafemode.com\/tienda\/producto\/mediciones-ambientales-estudios-higienicos-de-temperatura\/\"]}]},{\"@type\":\"ImageObject\",\"inLanguage\":\"es\",\"@id\":\"https:\/\/smsafemode.com\/tienda\/producto\/mediciones-ambientales-estudios-higienicos-de-temperatura\/#primaryimage\",\"url\":\"https:\/\/firebasestorage.googleapis.com\/v0\/b\/safe-mode.appspot.com\/o\/smsafemode.com%2Ftienda%20virtual%20SM%2Fproductos%2Fproductos%20de%20tienda%20virtual%2FMEDICION%20AMBIENTAL%20DE%20TEMPERATURA.png?alt=media&token=72f8d629-caca-446a-84b4-97d66a1974d6\",\"contentUrl\":\"https:\/\/firebasestorage.googleapis.com\/v0\/b\/safe-mode.appspot.com\/o\/smsafemode.com%2Ftienda%20virtual%20SM%2Fproductos%2Fproductos%20de%20tienda%20virtual%2FMEDICION%20AMBIENTAL%20DE%20TEMPERATURA.png?alt=media&token=72f8d629-caca-446a-84b4-97d66a1974d6\",\"width\":\"904\",\"height\":\"1117\",\"caption\":\"Mediciones Ambientales \u2013 Estudios Higi\u00e9nicos de Temperatura\"},{\"@type\":\"BreadcrumbList\",\"@id\":\"https:\/\/smsafemode.com\/tienda\/producto\/mediciones-ambientales-estudios-higienicos-de-temperatura\/#breadcrumb\",\"itemListElement\":[{\"@type\":\"ListItem\",\"position\":1,\"name\":\"Portada\",\"item\":\"https:\/\/smsafemode.com\/tienda\/\"},{\"@type\":\"ListItem\",\"position\":2,\"name\":\"Inicio\",\"item\":\"https:\/\/smsafemode.com\/tienda\/\"},{\"@type\":\"ListItem\",\"position\":3,\"name\":\"Mediciones Ambientales &#8211; Estudios Higi\u00e9nicos de Temperatura\"}]},{\"@type\":\"WebSite\",\"@id\":\"http:\/\/smsafemode.com\/tienda\/#website\",\"url\":\"http:\/\/smsafemode.com\/tienda\/\",\"name\":\"Tienda Virtual\",\"description\":\"Todas nuestras soluciones a un clic\",\"publisher\":{\"@id\":\"http:\/\/smsafemode.com\/tienda\/#organization\"},\"potentialAction\":[{\"@type\":\"SearchAction\",\"target\":{\"@type\":\"EntryPoint\",\"urlTemplate\":\"http:\/\/smsafemode.com\/tienda\/?s={search_term_string}\"},\"query-input\":{\"@type\":\"PropertyValueSpecification\",\"valueRequired\":true,\"valueName\":\"search_term_string\"}}],\"inLanguage\":\"es\"},{\"@type\":\"Organization\",\"@id\":\"http:\/\/smsafemode.com\/tienda\/#organization\",\"name\":\"Safe Mode Sas\",\"url\":\"http:\/\/smsafemode.com\/tienda\/\",\"logo\":{\"@type\":\"ImageObject\",\"inLanguage\":\"es\",\"@id\":\"http:\/\/smsafemode.com\/tienda\/#\/schema\/logo\/image\/\",\"url\":\"https:\/\/storage.googleapis.com\/stateless-smsafemode-com\/2019\/01\/26291970407_ec01902df5_o.png\",\"contentUrl\":\"https:\/\/storage.googleapis.com\/stateless-smsafemode-com\/2019\/01\/26291970407_ec01902df5_o.png\",\"width\":425,\"height\":426,\"caption\":\"Safe Mode Sas\"},\"image\":{\"@id\":\"http:\/\/smsafemode.com\/tienda\/#\/schema\/logo\/image\/\"},\"sameAs\":[\"https:\/\/www.facebook.com\/smsafemode\",\"https:\/\/x.com\/SMsafemode\"]}]}<\/script>\n<!-- \/ Yoast SEO plugin. -->","yoast_head_json":{"title":"Mediciones Ambientales - Estudios Higi\u00e9nicos de Temperatura | Tienda Virtual Safe Mode","robots":{"index":"index","follow":"follow","max-snippet":"max-snippet:-1","max-image-preview":"max-image-preview:large","max-video-preview":"max-video-preview:-1"},"canonical":"https:\/\/smsafemode.com\/tienda\/producto\/mediciones-ambientales-estudios-higienicos-de-temperatura\/","og_locale":"es_ES","og_type":"article","og_title":"Mediciones Ambientales - Estudios Higi\u00e9nicos de Temperatura | Tienda Virtual Safe Mode","og_description":"Servicio disponible en Bogot\u00e1\u2705 Realizamos las mediciones ambientales en sitio el cual incluye:   Visita en sitio por uno de nuestros expertos  Medici\u00f3n de puestos de trabajo  Tabulaci\u00f3n y an\u00e1lisis de resultados  Recomendaciones","og_url":"https:\/\/smsafemode.com\/tienda\/producto\/mediciones-ambientales-estudios-higienicos-de-temperatura\/","og_site_name":"Tienda Virtual","article_publisher":"https:\/\/www.facebook.com\/smsafemode","article_modified_time":"2023-08-29T15:20:21+00:00","og_image":[{"url":"https:\/\/firebasestorage.googleapis.com\/v0\/b\/safe-mode.appspot.com\/o\/smsafemode.com%2Ftienda%20virtual%20SM%2Fproductos%2Fproductos%20de%20tienda%20virtual%2FMEDICION%20AMBIENTAL%20DE%20TEMPERATURA.png?alt=media&token=72f8d629-caca-446a-84b4-97d66a1974d6","type":"","width":"","height":""}],"twitter_card":"summary_large_image","twitter_image":"https:\/\/firebasestorage.googleapis.com\/v0\/b\/safe-mode.appspot.com\/o\/smsafemode.com%2Ftienda%20virtual%20SM%2Fproductos%2Fproductos%20de%20tienda%20virtual%2FMEDICION%20AMBIENTAL%20DE%20TEMPERATURA.png?alt=media&token=72f8d629-caca-446a-84b4-97d66a1974d6","twitter_site":"@SMsafemode","schema":{"@context":"https:\/\/schema.org","@graph":[{"@type":"WebPage","@id":"https:\/\/smsafemode.com\/tienda\/producto\/mediciones-ambientales-estudios-higienicos-de-temperatura\/","url":"https:\/\/smsafemode.com\/tienda\/producto\/mediciones-ambientales-estudios-higienicos-de-temperatura\/","name":"Mediciones Ambientales - Estudios Higi\u00e9nicos de Temperatura | Tienda Virtual Safe Mode","isPartOf":{"@id":"http:\/\/smsafemode.com\/tienda\/#website"},"primaryImageOfPage":{"@id":"https:\/\/smsafemode.com\/tienda\/producto\/mediciones-ambientales-estudios-higienicos-de-temperatura\/#primaryimage"},"image":{"@id":"https:\/\/smsafemode.com\/tienda\/producto\/mediciones-ambientales-estudios-higienicos-de-temperatura\/#primaryimage"},"thumbnailUrl":"https:\/\/firebasestorage.googleapis.com\/v0\/b\/safe-mode.appspot.com\/o\/smsafemode.com%2Ftienda%20virtual%20SM%2Fproductos%2Fproductos%20de%20tienda%20virtual%2FMEDICION%20AMBIENTAL%20DE%20TEMPERATURA.png?alt=media&token=72f8d629-caca-446a-84b4-97d66a1974d6","datePublished":"2019-07-27T19:14:13+00:00","dateModified":"2023-08-29T15:20:21+00:00","breadcrumb":{"@id":"https:\/\/smsafemode.com\/tienda\/producto\/mediciones-ambientales-estudios-higienicos-de-temperatura\/#breadcrumb"},"inLanguage":"es","potentialAction":[{"@type":"ReadAction","target":["https:\/\/smsafemode.com\/tienda\/producto\/mediciones-ambientales-estudios-higienicos-de-temperatura\/"]}]},{"@type":"ImageObject","inLanguage":"es","@id":"https:\/\/smsafemode.com\/tienda\/producto\/mediciones-ambientales-estudios-higienicos-de-temperatura\/#primaryimage","url":"https:\/\/firebasestorage.googleapis.com\/v0\/b\/safe-mode.appspot.com\/o\/smsafemode.com%2Ftienda%20virtual%20SM%2Fproductos%2Fproductos%20de%20tienda%20virtual%2FMEDICION%20AMBIENTAL%20DE%20TEMPERATURA.png?alt=media&token=72f8d629-caca-446a-84b4-97d66a1974d6","contentUrl":"https:\/\/firebasestorage.googleapis.com\/v0\/b\/safe-mode.appspot.com\/o\/smsafemode.com%2Ftienda%20virtual%20SM%2Fproductos%2Fproductos%20de%20tienda%20virtual%2FMEDICION%20AMBIENTAL%20DE%20TEMPERATURA.png?alt=media&token=72f8d629-caca-446a-84b4-97d66a1974d6","width":"904","height":"1117","caption":"Mediciones Ambientales \u2013 Estudios Higi\u00e9nicos de Temperatura"},{"@type":"BreadcrumbList","@id":"https:\/\/smsafemode.com\/tienda\/producto\/mediciones-ambientales-estudios-higienicos-de-temperatura\/#breadcrumb","itemListElement":[{"@type":"ListItem","position":1,"name":"Portada","item":"https:\/\/smsafemode.com\/tienda\/"},{"@type":"ListItem","position":2,"name":"Inicio","item":"https:\/\/smsafemode.com\/tienda\/"},{"@type":"ListItem","position":3,"name":"Mediciones Ambientales &#8211; Estudios Higi\u00e9nicos de Temperatura"}]},{"@type":"WebSite","@id":"http:\/\/smsafemode.com\/tienda\/#website","url":"http:\/\/smsafemode.com\/tienda\/","name":"Tienda Virtual","description":"Todas nuestras soluciones a un clic","publisher":{"@id":"http:\/\/smsafemode.com\/tienda\/#organization"},"potentialAction":[{"@type":"SearchAction","target":{"@type":"EntryPoint","urlTemplate":"http:\/\/smsafemode.com\/tienda\/?s={search_term_string}"},"query-input":{"@type":"PropertyValueSpecification","valueRequired":true,"valueName":"search_term_string"}}],"inLanguage":"es"},{"@type":"Organization","@id":"http:\/\/smsafemode.com\/tienda\/#organization","name":"Safe Mode Sas","url":"http:\/\/smsafemode.com\/tienda\/","logo":{"@type":"ImageObject","inLanguage":"es","@id":"http:\/\/smsafemode.com\/tienda\/#\/schema\/logo\/image\/","url":"https:\/\/storage.googleapis.com\/stateless-smsafemode-com\/2019\/01\/26291970407_ec01902df5_o.png","contentUrl":"https:\/\/storage.googleapis.com\/stateless-smsafemode-com\/2019\/01\/26291970407_ec01902df5_o.png","width":425,"height":426,"caption":"Safe Mode Sas"},"image":{"@id":"http:\/\/smsafemode.com\/tienda\/#\/schema\/logo\/image\/"},"sameAs":["https:\/\/www.facebook.com\/smsafemode","https:\/\/x.com\/SMsafemode"]}]}},"_links":{"self":[{"href":"https:\/\/smsafemode.com\/tienda\/wp-json\/wp\/v2\/product\/348","targetHints":{"allow":["GET"]}}],"collection":[{"href":"https:\/\/smsafemode.com\/tienda\/wp-json\/wp\/v2\/product"}],"about":[{"href":"https:\/\/smsafemode.com\/tienda\/wp-json\/wp\/v2\/types\/product"}],"wp:featuredmedia":[{"embeddable":true,"href":"https:\/\/smsafemode.com\/tienda\/wp-json\/wp\/v2\/media\/459"}],"wp:attachment":[{"href":"https:\/\/smsafemode.com\/tienda\/wp-json\/wp\/v2\/media?parent=348"}],"wp:term":[{"taxonomy":"product_brand","embeddable":true,"href":"https:\/\/smsafemode.com\/tienda\/wp-json\/wp\/v2\/product_brand?post=348"},{"taxonomy":"product_cat","embeddable":true,"href":"https:\/\/smsafemode.com\/tienda\/wp-json\/wp\/v2\/product_cat?post=348"},{"taxonomy":"product_tag","embeddable":true,"href":"https:\/\/smsafemode.com\/tienda\/wp-json\/wp\/v2\/product_tag?post=348"}],"curies":[{"name":"wp","href":"https:\/\/api.w.org\/{rel}","templated":true}]}}