{"id":21,"date":"2019-01-12T23:52:47","date_gmt":"2019-01-12T23:52:47","guid":{"rendered":"http:\/\/smsafemode.com\/tienda\/producto\/sem-publicidad-en-google-basica\/"},"modified":"2026-01-18T18:50:37","modified_gmt":"2026-01-18T23:50:37","slug":"sem-publicidad-en-google-basica","status":"publish","type":"product","link":"https:\/\/smsafemode.com\/tienda\/producto\/sem-publicidad-en-google-basica\/","title":{"rendered":"SEM \u2013 Publicidad en Google b\u00e1sica"},"content":{"rendered":"<p>Este servicio est\u00e1 disponible para cualquier empresa, negocio u organizaci\u00f3n que buque llegar a m\u00e1s personas que tengan alg\u00fan tipo de inter\u00e9s en que su organizaci\u00f3n ofrece, donde nos encargamos de todo para que se empiecen a ver resultados desde la primera semana.<\/p>\n<p>Contamos con un equipo de expertos que dise\u00f1an una estrategia para obtener los mejores resultados, donde con este servicio incluimos:<\/p>\n<ul>\n<li><strong>Resultados de b\u00fasqueda en primeras posiciones:<\/strong> Gracias a este servicio nos anuncios aparecen en las primeras posiciones de los resultados de b\u00fasquedas relacionados con sus productos o servicios lo cual genera un aumento de visitantes a su pagina WEB<\/li>\n<li><strong>Programaci\u00f3n de campa\u00f1a:<\/strong> realizamos un an\u00e1lisis de mercado para conocer como las personas buscan productos o servicios como los que su organizaci\u00f3n ofertan para tener un p\u00fablico objetivo as\u00ed como tambi\u00e9n delimitar el \u00e1rea geogr\u00e1fica en la que se va a mostrar el anuncio y los horarios o d\u00edas en los que la campa\u00f1a va a estar activa.<\/li>\n<li><strong>Tres anuncios del mismo producto:<\/strong> Por este presupuesto mensual podemos programar una campa\u00f1a compuesta por 3 anuncios que promueven las visitas a su p\u00e1gina promocionando un mismo producto o servicio.<\/li>\n<li><strong>Administraci\u00f3n de campa\u00f1a:<\/strong> Gracias a la tecnolog\u00eda que usamos para el lanzamiento de campa\u00f1as de marketing digital podemos conocer en tiempo real cuales son los resultados que van obteniendo los anuncios para de esta manera realizar ajustes de manera oportuna y peri\u00f3dica que permitan que el anuncio cada vez produzca mejores resultados.<\/li>\n<li><strong>An\u00e1lisis de resultados:<\/strong> Cuando pase el mes de campa\u00f1a le enviamos un an\u00e1lisis de resultados de campa\u00f1a donde podr\u00e1 conocer cu\u00e1les han sido los resultados de los anuncios para de esta manera tener claridad del servicio prestado as\u00ed como tambi\u00e9n nuestros expertos podr\u00e1n brindarles recomendaciones que le permitir\u00e1n lograr mejores resultados en pr\u00f3ximas campa\u00f1as.<\/li>\n<li><strong>Acceso a nuestra plataforma de resultados<\/strong>: desde la cual podr\u00e1 conocer como han sido los resultados de su campa\u00f1a as\u00ed como tambi\u00e9n descargar los informes de resultados, las facturas y tambi\u00e9n solicitar ajustes en la campa\u00f1a o cambios de presupuestos (aplican condiciones y restricciones)<\/li>\n<\/ul>\n<p>No espere m\u00e1s para hacer crecer las ventas de su organizaci\u00f3n, esta soluci\u00f3n es ideal para empresas de cualquier sector econ\u00f3mico o tama\u00f1o.<\/p>\n","protected":false},"excerpt":{"rendered":"<p>Esta es una soluci\u00f3n creada para aumentar el tr\u00e1fico en las p\u00e1ginas web por medio de anuncios desde el buscador de Google por un mes, lo cual significa que cuando alguien busque algo relacionado con lo que usted ofrece llegara a su p\u00e1gina m\u00e1s f\u00e1cil donde por este valor incluimos.<\/p>\n<ul>\n<li>Programaci\u00f3n de campa\u00f1a<\/li>\n<li>Tres anuncios del mismo producto<\/li>\n<li>Administraci\u00f3n de campa\u00f1a<\/li>\n<li>An\u00e1lisis de resultados<\/li>\n<\/ul>\n<h3 style=\"text-align: center;\"><a href=\"http:\/\/smsafemode.com\/tienda\/categoria-producto\/ads\/marketing-digital\/google\/\"><span style=\"color: #008000;\">Ver otros planes<\/span><\/a><br \/>\n<span style=\"color: #0000ff;\"><a style=\"color: #0000ff;\" href=\"https:\/\/smsafemode.com\/ADS\/#cotizacion\" target=\"_blank\" rel=\"noopener noreferrer\">Ajustar presupuesto<\/a><\/span><\/h3>\n","protected":false},"featured_media":42,"template":"","meta":{"inline_featured_image":false,"_joinchat":[]},"product_brand":[],"product_cat":[31,155],"product_tag":[33,92,93,94,95,38,41,96,97],"class_list":{"0":"post-21","1":"product","2":"type-product","3":"status-publish","4":"has-post-thumbnail","6":"product_cat-ads-anuncios-marketing-digital-google","7":"product_cat-google-ads","8":"product_tag-ads","9":"product_tag-anuncios","10":"product_tag-anuncios-en-buscador","11":"product_tag-buscador","12":"product_tag-google","13":"product_tag-marketing-digital","14":"product_tag-publicidad","15":"product_tag-seach-engine-marketing","16":"product_tag-sem","18":"first","19":"instock","20":"taxable","21":"shipping-taxable","22":"purchasable","23":"product-type-simple","24":"customify-col"},"yoast_head":"<!-- This site is optimized with the Yoast SEO plugin v26.7 - https:\/\/yoast.com\/wordpress\/plugins\/seo\/ -->\n<title>SEM \u2013 Publicidad en Google b\u00e1sica | Tienda Virtual Safe Mode<\/title>\n<meta name=\"robots\" content=\"index, follow, max-snippet:-1, max-image-preview:large, max-video-preview:-1\" \/>\n<link rel=\"canonical\" href=\"https:\/\/smsafemode.com\/tienda\/producto\/sem-publicidad-en-google-basica\/\" \/>\n<meta property=\"og:locale\" content=\"es_ES\" \/>\n<meta property=\"og:type\" content=\"article\" \/>\n<meta property=\"og:title\" content=\"SEM \u2013 Publicidad en Google b\u00e1sica | Tienda Virtual Safe Mode\" \/>\n<meta property=\"og:description\" content=\"Esta es una soluci\u00f3n creada para aumentar el tr\u00e1fico en las p\u00e1ginas web por medio de anuncios desde el buscador de Google por un mes, lo cual significa que cuando alguien busque algo relacionado con lo que usted ofrece llegara a su p\u00e1gina m\u00e1s f\u00e1cil donde por este valor incluimos.   Programaci\u00f3n de campa\u00f1a  Tres anuncios del mismo producto  Administraci\u00f3n de campa\u00f1a  An\u00e1lisis de resultados  Ver otros planes Ajustar presupuesto\" \/>\n<meta property=\"og:url\" content=\"https:\/\/smsafemode.com\/tienda\/producto\/sem-publicidad-en-google-basica\/\" \/>\n<meta property=\"og:site_name\" content=\"Tienda Virtual\" \/>\n<meta property=\"article:publisher\" content=\"https:\/\/www.facebook.com\/smsafemode\" \/>\n<meta property=\"article:modified_time\" content=\"2026-01-18T23:50:37+00:00\" \/>\n<meta property=\"og:image\" content=\"https:\/\/farm2.staticflickr.com\/1849\/44316238142_7d88a2f694_o.png\" \/>\n<meta name=\"twitter:card\" content=\"summary_large_image\" \/>\n<meta name=\"twitter:image\" content=\"https:\/\/farm2.staticflickr.com\/1849\/44316238142_7d88a2f694_o.png\" \/>\n<meta name=\"twitter:site\" content=\"@SMsafemode\" \/>\n<meta name=\"twitter:label1\" content=\"Tiempo de lectura\" \/>\n\t<meta name=\"twitter:data1\" content=\"2 minutos\" \/>\n<script type=\"application\/ld+json\" class=\"yoast-schema-graph\">{\"@context\":\"https:\/\/schema.org\",\"@graph\":[{\"@type\":\"WebPage\",\"@id\":\"https:\/\/smsafemode.com\/tienda\/producto\/sem-publicidad-en-google-basica\/\",\"url\":\"https:\/\/smsafemode.com\/tienda\/producto\/sem-publicidad-en-google-basica\/\",\"name\":\"SEM \u2013 Publicidad en Google b\u00e1sica | Tienda Virtual Safe Mode\",\"isPartOf\":{\"@id\":\"http:\/\/smsafemode.com\/tienda\/#website\"},\"primaryImageOfPage\":{\"@id\":\"https:\/\/smsafemode.com\/tienda\/producto\/sem-publicidad-en-google-basica\/#primaryimage\"},\"image\":{\"@id\":\"https:\/\/smsafemode.com\/tienda\/producto\/sem-publicidad-en-google-basica\/#primaryimage\"},\"thumbnailUrl\":\"https:\/\/farm2.staticflickr.com\/1849\/44316238142_7d88a2f694_o.png\",\"datePublished\":\"2019-01-12T23:52:47+00:00\",\"dateModified\":\"2026-01-18T23:50:37+00:00\",\"breadcrumb\":{\"@id\":\"https:\/\/smsafemode.com\/tienda\/producto\/sem-publicidad-en-google-basica\/#breadcrumb\"},\"inLanguage\":\"es\",\"potentialAction\":[{\"@type\":\"ReadAction\",\"target\":[\"https:\/\/smsafemode.com\/tienda\/producto\/sem-publicidad-en-google-basica\/\"]}]},{\"@type\":\"ImageObject\",\"inLanguage\":\"es\",\"@id\":\"https:\/\/smsafemode.com\/tienda\/producto\/sem-publicidad-en-google-basica\/#primaryimage\",\"url\":\"https:\/\/farm2.staticflickr.com\/1849\/44316238142_7d88a2f694_o.png\",\"contentUrl\":\"https:\/\/farm2.staticflickr.com\/1849\/44316238142_7d88a2f694_o.png\",\"width\":\"704\",\"height\":\"870\",\"caption\":\"SEM \u2013 Publicidad en Google b\u00e1sica\"},{\"@type\":\"BreadcrumbList\",\"@id\":\"https:\/\/smsafemode.com\/tienda\/producto\/sem-publicidad-en-google-basica\/#breadcrumb\",\"itemListElement\":[{\"@type\":\"ListItem\",\"position\":1,\"name\":\"Portada\",\"item\":\"https:\/\/smsafemode.com\/tienda\/\"},{\"@type\":\"ListItem\",\"position\":2,\"name\":\"Inicio\",\"item\":\"https:\/\/smsafemode.com\/tienda\/\"},{\"@type\":\"ListItem\",\"position\":3,\"name\":\"SEM \u2013 Publicidad en Google b\u00e1sica\"}]},{\"@type\":\"WebSite\",\"@id\":\"http:\/\/smsafemode.com\/tienda\/#website\",\"url\":\"http:\/\/smsafemode.com\/tienda\/\",\"name\":\"Tienda Virtual\",\"description\":\"Todas nuestras soluciones a un clic\",\"publisher\":{\"@id\":\"http:\/\/smsafemode.com\/tienda\/#organization\"},\"potentialAction\":[{\"@type\":\"SearchAction\",\"target\":{\"@type\":\"EntryPoint\",\"urlTemplate\":\"http:\/\/smsafemode.com\/tienda\/?s={search_term_string}\"},\"query-input\":{\"@type\":\"PropertyValueSpecification\",\"valueRequired\":true,\"valueName\":\"search_term_string\"}}],\"inLanguage\":\"es\"},{\"@type\":\"Organization\",\"@id\":\"http:\/\/smsafemode.com\/tienda\/#organization\",\"name\":\"Safe Mode Sas\",\"url\":\"http:\/\/smsafemode.com\/tienda\/\",\"logo\":{\"@type\":\"ImageObject\",\"inLanguage\":\"es\",\"@id\":\"http:\/\/smsafemode.com\/tienda\/#\/schema\/logo\/image\/\",\"url\":\"https:\/\/storage.googleapis.com\/stateless-smsafemode-com\/2019\/01\/26291970407_ec01902df5_o.png\",\"contentUrl\":\"https:\/\/storage.googleapis.com\/stateless-smsafemode-com\/2019\/01\/26291970407_ec01902df5_o.png\",\"width\":425,\"height\":426,\"caption\":\"Safe Mode Sas\"},\"image\":{\"@id\":\"http:\/\/smsafemode.com\/tienda\/#\/schema\/logo\/image\/\"},\"sameAs\":[\"https:\/\/www.facebook.com\/smsafemode\",\"https:\/\/x.com\/SMsafemode\"]}]}<\/script>\n<!-- \/ Yoast SEO plugin. -->","yoast_head_json":{"title":"SEM \u2013 Publicidad en Google b\u00e1sica | Tienda Virtual Safe Mode","robots":{"index":"index","follow":"follow","max-snippet":"max-snippet:-1","max-image-preview":"max-image-preview:large","max-video-preview":"max-video-preview:-1"},"canonical":"https:\/\/smsafemode.com\/tienda\/producto\/sem-publicidad-en-google-basica\/","og_locale":"es_ES","og_type":"article","og_title":"SEM \u2013 Publicidad en Google b\u00e1sica | Tienda Virtual Safe Mode","og_description":"Esta es una soluci\u00f3n creada para aumentar el tr\u00e1fico en las p\u00e1ginas web por medio de anuncios desde el buscador de Google por un mes, lo cual significa que cuando alguien busque algo relacionado con lo que usted ofrece llegara a su p\u00e1gina m\u00e1s f\u00e1cil donde por este valor incluimos.   Programaci\u00f3n de campa\u00f1a  Tres anuncios del mismo producto  Administraci\u00f3n de campa\u00f1a  An\u00e1lisis de resultados  Ver otros planes Ajustar presupuesto","og_url":"https:\/\/smsafemode.com\/tienda\/producto\/sem-publicidad-en-google-basica\/","og_site_name":"Tienda Virtual","article_publisher":"https:\/\/www.facebook.com\/smsafemode","article_modified_time":"2026-01-18T23:50:37+00:00","og_image":[{"url":"https:\/\/farm2.staticflickr.com\/1849\/44316238142_7d88a2f694_o.png","type":"","width":"","height":""}],"twitter_card":"summary_large_image","twitter_image":"https:\/\/farm2.staticflickr.com\/1849\/44316238142_7d88a2f694_o.png","twitter_site":"@SMsafemode","twitter_misc":{"Tiempo de lectura":"2 minutos"},"schema":{"@context":"https:\/\/schema.org","@graph":[{"@type":"WebPage","@id":"https:\/\/smsafemode.com\/tienda\/producto\/sem-publicidad-en-google-basica\/","url":"https:\/\/smsafemode.com\/tienda\/producto\/sem-publicidad-en-google-basica\/","name":"SEM \u2013 Publicidad en Google b\u00e1sica | Tienda Virtual Safe Mode","isPartOf":{"@id":"http:\/\/smsafemode.com\/tienda\/#website"},"primaryImageOfPage":{"@id":"https:\/\/smsafemode.com\/tienda\/producto\/sem-publicidad-en-google-basica\/#primaryimage"},"image":{"@id":"https:\/\/smsafemode.com\/tienda\/producto\/sem-publicidad-en-google-basica\/#primaryimage"},"thumbnailUrl":"https:\/\/farm2.staticflickr.com\/1849\/44316238142_7d88a2f694_o.png","datePublished":"2019-01-12T23:52:47+00:00","dateModified":"2026-01-18T23:50:37+00:00","breadcrumb":{"@id":"https:\/\/smsafemode.com\/tienda\/producto\/sem-publicidad-en-google-basica\/#breadcrumb"},"inLanguage":"es","potentialAction":[{"@type":"ReadAction","target":["https:\/\/smsafemode.com\/tienda\/producto\/sem-publicidad-en-google-basica\/"]}]},{"@type":"ImageObject","inLanguage":"es","@id":"https:\/\/smsafemode.com\/tienda\/producto\/sem-publicidad-en-google-basica\/#primaryimage","url":"https:\/\/farm2.staticflickr.com\/1849\/44316238142_7d88a2f694_o.png","contentUrl":"https:\/\/farm2.staticflickr.com\/1849\/44316238142_7d88a2f694_o.png","width":"704","height":"870","caption":"SEM \u2013 Publicidad en Google b\u00e1sica"},{"@type":"BreadcrumbList","@id":"https:\/\/smsafemode.com\/tienda\/producto\/sem-publicidad-en-google-basica\/#breadcrumb","itemListElement":[{"@type":"ListItem","position":1,"name":"Portada","item":"https:\/\/smsafemode.com\/tienda\/"},{"@type":"ListItem","position":2,"name":"Inicio","item":"https:\/\/smsafemode.com\/tienda\/"},{"@type":"ListItem","position":3,"name":"SEM \u2013 Publicidad en Google b\u00e1sica"}]},{"@type":"WebSite","@id":"http:\/\/smsafemode.com\/tienda\/#website","url":"http:\/\/smsafemode.com\/tienda\/","name":"Tienda Virtual","description":"Todas nuestras soluciones a un clic","publisher":{"@id":"http:\/\/smsafemode.com\/tienda\/#organization"},"potentialAction":[{"@type":"SearchAction","target":{"@type":"EntryPoint","urlTemplate":"http:\/\/smsafemode.com\/tienda\/?s={search_term_string}"},"query-input":{"@type":"PropertyValueSpecification","valueRequired":true,"valueName":"search_term_string"}}],"inLanguage":"es"},{"@type":"Organization","@id":"http:\/\/smsafemode.com\/tienda\/#organization","name":"Safe Mode Sas","url":"http:\/\/smsafemode.com\/tienda\/","logo":{"@type":"ImageObject","inLanguage":"es","@id":"http:\/\/smsafemode.com\/tienda\/#\/schema\/logo\/image\/","url":"https:\/\/storage.googleapis.com\/stateless-smsafemode-com\/2019\/01\/26291970407_ec01902df5_o.png","contentUrl":"https:\/\/storage.googleapis.com\/stateless-smsafemode-com\/2019\/01\/26291970407_ec01902df5_o.png","width":425,"height":426,"caption":"Safe Mode Sas"},"image":{"@id":"http:\/\/smsafemode.com\/tienda\/#\/schema\/logo\/image\/"},"sameAs":["https:\/\/www.facebook.com\/smsafemode","https:\/\/x.com\/SMsafemode"]}]}},"_links":{"self":[{"href":"https:\/\/smsafemode.com\/tienda\/wp-json\/wp\/v2\/product\/21","targetHints":{"allow":["GET"]}}],"collection":[{"href":"https:\/\/smsafemode.com\/tienda\/wp-json\/wp\/v2\/product"}],"about":[{"href":"https:\/\/smsafemode.com\/tienda\/wp-json\/wp\/v2\/types\/product"}],"wp:featuredmedia":[{"embeddable":true,"href":"https:\/\/smsafemode.com\/tienda\/wp-json\/wp\/v2\/media\/42"}],"wp:attachment":[{"href":"https:\/\/smsafemode.com\/tienda\/wp-json\/wp\/v2\/media?parent=21"}],"wp:term":[{"taxonomy":"product_brand","embeddable":true,"href":"https:\/\/smsafemode.com\/tienda\/wp-json\/wp\/v2\/product_brand?post=21"},{"taxonomy":"product_cat","embeddable":true,"href":"https:\/\/smsafemode.com\/tienda\/wp-json\/wp\/v2\/product_cat?post=21"},{"taxonomy":"product_tag","embeddable":true,"href":"https:\/\/smsafemode.com\/tienda\/wp-json\/wp\/v2\/product_tag?post=21"}],"curies":[{"name":"wp","href":"https:\/\/api.w.org\/{rel}","templated":true}]}}