{"id":20,"date":"2019-01-12T23:52:47","date_gmt":"2019-01-12T23:52:47","guid":{"rendered":"http:\/\/smsafemode.com\/tienda\/producto\/anuncio-costado-derecho-en-hseq\/"},"modified":"2023-08-29T10:22:54","modified_gmt":"2023-08-29T15:22:54","slug":"anuncio-costado-derecho-en-hseq","status":"publish","type":"product","link":"https:\/\/smsafemode.com\/tienda\/producto\/anuncio-costado-derecho-en-hseq\/","title":{"rendered":"Anuncio costado derecho en HSEQ"},"content":{"rendered":"<p>&nbsp;<\/p>\n<p>Con este servicio podr\u00e1s conseguir m\u00e1s clientes o interacciones a tu p\u00e1gina web o redes sociales, esta opci\u00f3n de pauta es una de las m\u00e1s completas ya que por medio de esta podr\u00e1s conseguir que el 90% de nuestro p\u00fablico vea tu anuncio ya que aparecer\u00e1 al costado derecho de todas nuestras publicaciones.<\/p>\n<p>Por la compra de este servicio recibes un mes de:<\/p>\n<ul>\n<li>Dise\u00f1o de anuncio (imagen o animaci\u00f3n)<\/li>\n<li>Publicaci\u00f3n del anuncio con enlace URL definido<\/li>\n<li>Anuncio banner en parte superior de:\n<ul>\n<li>Todos los art\u00edculos<\/li>\n<li>P\u00e1ginas de b\u00fasquedas<\/li>\n<li>P\u00e1ginas de categor\u00edas y Paginas de etiquetas<\/li>\n<\/ul>\n<\/li>\n<li>Al final del mes recibes un informe con el rendimiento del anuncio en funci\u00f3n del alcance de las personas.<\/li>\n<\/ul>\n<p>Debido a que los temas tratados en la p\u00e1gina son de inter\u00e9s general no solo en el sector HSEQ sino tambi\u00e9n de inter\u00e9s general nuestra p\u00e1gina ha logrado posicionarse adecuadamente en los motores de b\u00fasqueda logrando que cada vez esta tenga un mayor alcance y visitas.<\/p>\n<p>En este momento el promedio de visitas ronda las 15.000 al mes y la cantidad de visitas promedio es en promedio de 3,5 lo cual implica que tu anuncio podr\u00eda ser mostrado m\u00e1s de 45.000 veces en un mes.<\/p>\n<p>Cabe destacar que en general al tener un mercado o p\u00fablico objetivo en gran medida empresarial representa que el poder adquisitivo sea m\u00e1s alto es decir que hay mayor probabilidad de compra de tus productos o servicios y en vol\u00famenes considerables.<\/p>\n<p>Si lo deseas podemos explicarte con mayor detalle este servicio para que conozcas las caracter\u00edsticas de este servicio, escr\u00edbenos \u00a0a <span style=\"color: #0000ff;\"><strong><a style=\"color: #0000ff;\" href=\"mailto:comercial@safemode.com.co\">comercial@safemode.com.co<\/a><\/strong><\/span> y uno de nuestros expertos se pondr\u00e1 en contacto contigo.<\/p>\n<p><strong>Ejemplo<\/strong><\/p>\n<p><a href=\"https:\/\/farm1.staticflickr.com\/904\/41375759085_219090d371_o.png\" target=\"_blank\" rel=\"noopener\"><img loading=\"lazy\" decoding=\"async\" class=\"size-medium aligncenter\" src=\"https:\/\/farm1.staticflickr.com\/904\/41375759085_219090d371_o.png\" width=\"2000\" height=\"953\" \/><\/a><\/p>\n","protected":false},"excerpt":{"rendered":"<p>Colocamos un anuncio 1&#215;1 \u00a0en el costado derecho en nuestra p\u00e1gina web de art\u00edculos HSEQ <a href=\"http:\/\/so.smsafemode.com\" target=\"_blank\" rel=\"noopener\">so.smsafemode.com<\/a> el valor de este servicio es por 1 mes de pauta continua y sin interrupciones.<\/p>\n","protected":false},"featured_media":30,"template":"","meta":{"inline_featured_image":false,"_joinchat":[]},"product_brand":[],"product_cat":[29],"product_tag":[33,34,35,36,37,38,39,40,41,42],"class_list":{"0":"post-20","1":"product","2":"type-product","3":"status-publish","4":"has-post-thumbnail","6":"product_cat-ads-anuncios-marketing-digital-pautas-safe-mode-hseq","7":"product_tag-ads","8":"product_tag-anuncio","9":"product_tag-anuncio-principal","10":"product_tag-banner","11":"product_tag-diseno","12":"product_tag-marketing-digital","13":"product_tag-mercadeo","14":"product_tag-pauta","15":"product_tag-publicidad","16":"product_tag-safe-mode-hseq","18":"first","19":"instock","20":"virtual","21":"taxable","22":"purchasable","23":"product-type-simple","24":"customify-col"},"yoast_head":"<!-- This site is optimized with the Yoast SEO plugin v26.7 - https:\/\/yoast.com\/wordpress\/plugins\/seo\/ -->\n<title>Anuncio costado derecho en HSEQ | Tienda Virtual Safe Mode<\/title>\n<meta name=\"robots\" content=\"index, follow, max-snippet:-1, max-image-preview:large, max-video-preview:-1\" \/>\n<link rel=\"canonical\" href=\"https:\/\/smsafemode.com\/tienda\/producto\/anuncio-costado-derecho-en-hseq\/\" \/>\n<meta property=\"og:locale\" content=\"es_ES\" \/>\n<meta property=\"og:type\" content=\"article\" \/>\n<meta property=\"og:title\" content=\"Anuncio costado derecho en HSEQ | Tienda Virtual Safe Mode\" \/>\n<meta property=\"og:description\" content=\"Colocamos un anuncio 1x1 \u00a0en el costado derecho en nuestra p\u00e1gina web de art\u00edculos HSEQ so.smsafemode.com el valor de este servicio es por 1 mes de pauta continua y sin interrupciones.\" \/>\n<meta property=\"og:url\" content=\"https:\/\/smsafemode.com\/tienda\/producto\/anuncio-costado-derecho-en-hseq\/\" \/>\n<meta property=\"og:site_name\" content=\"Tienda Virtual\" \/>\n<meta property=\"article:publisher\" content=\"https:\/\/www.facebook.com\/smsafemode\" \/>\n<meta property=\"article:modified_time\" content=\"2023-08-29T15:22:54+00:00\" \/>\n<meta property=\"og:image\" content=\"https:\/\/farm1.staticflickr.com\/964\/28404658648_a755485c45_o.png\" \/>\n<meta name=\"twitter:card\" content=\"summary_large_image\" \/>\n<meta name=\"twitter:image\" content=\"https:\/\/farm1.staticflickr.com\/964\/28404658648_a755485c45_o.png\" \/>\n<meta name=\"twitter:site\" content=\"@SMsafemode\" \/>\n<meta name=\"twitter:label1\" content=\"Tiempo de lectura\" \/>\n\t<meta name=\"twitter:data1\" content=\"2 minutos\" \/>\n<script type=\"application\/ld+json\" class=\"yoast-schema-graph\">{\"@context\":\"https:\/\/schema.org\",\"@graph\":[{\"@type\":\"WebPage\",\"@id\":\"https:\/\/smsafemode.com\/tienda\/producto\/anuncio-costado-derecho-en-hseq\/\",\"url\":\"https:\/\/smsafemode.com\/tienda\/producto\/anuncio-costado-derecho-en-hseq\/\",\"name\":\"Anuncio costado derecho en HSEQ | Tienda Virtual Safe Mode\",\"isPartOf\":{\"@id\":\"http:\/\/smsafemode.com\/tienda\/#website\"},\"primaryImageOfPage\":{\"@id\":\"https:\/\/smsafemode.com\/tienda\/producto\/anuncio-costado-derecho-en-hseq\/#primaryimage\"},\"image\":{\"@id\":\"https:\/\/smsafemode.com\/tienda\/producto\/anuncio-costado-derecho-en-hseq\/#primaryimage\"},\"thumbnailUrl\":\"https:\/\/farm1.staticflickr.com\/964\/28404658648_a755485c45_o.png\",\"datePublished\":\"2019-01-12T23:52:47+00:00\",\"dateModified\":\"2023-08-29T15:22:54+00:00\",\"breadcrumb\":{\"@id\":\"https:\/\/smsafemode.com\/tienda\/producto\/anuncio-costado-derecho-en-hseq\/#breadcrumb\"},\"inLanguage\":\"es\",\"potentialAction\":[{\"@type\":\"ReadAction\",\"target\":[\"https:\/\/smsafemode.com\/tienda\/producto\/anuncio-costado-derecho-en-hseq\/\"]}]},{\"@type\":\"ImageObject\",\"inLanguage\":\"es\",\"@id\":\"https:\/\/smsafemode.com\/tienda\/producto\/anuncio-costado-derecho-en-hseq\/#primaryimage\",\"url\":\"https:\/\/farm1.staticflickr.com\/964\/28404658648_a755485c45_o.png\",\"contentUrl\":\"https:\/\/farm1.staticflickr.com\/964\/28404658648_a755485c45_o.png\",\"width\":\"703\",\"height\":\"871\",\"caption\":\"Anuncio costado derecho en HSEQ\"},{\"@type\":\"BreadcrumbList\",\"@id\":\"https:\/\/smsafemode.com\/tienda\/producto\/anuncio-costado-derecho-en-hseq\/#breadcrumb\",\"itemListElement\":[{\"@type\":\"ListItem\",\"position\":1,\"name\":\"Portada\",\"item\":\"https:\/\/smsafemode.com\/tienda\/\"},{\"@type\":\"ListItem\",\"position\":2,\"name\":\"Inicio\",\"item\":\"https:\/\/smsafemode.com\/tienda\/\"},{\"@type\":\"ListItem\",\"position\":3,\"name\":\"Anuncio costado derecho en HSEQ\"}]},{\"@type\":\"WebSite\",\"@id\":\"http:\/\/smsafemode.com\/tienda\/#website\",\"url\":\"http:\/\/smsafemode.com\/tienda\/\",\"name\":\"Tienda Virtual\",\"description\":\"Todas nuestras soluciones a un clic\",\"publisher\":{\"@id\":\"http:\/\/smsafemode.com\/tienda\/#organization\"},\"potentialAction\":[{\"@type\":\"SearchAction\",\"target\":{\"@type\":\"EntryPoint\",\"urlTemplate\":\"http:\/\/smsafemode.com\/tienda\/?s={search_term_string}\"},\"query-input\":{\"@type\":\"PropertyValueSpecification\",\"valueRequired\":true,\"valueName\":\"search_term_string\"}}],\"inLanguage\":\"es\"},{\"@type\":\"Organization\",\"@id\":\"http:\/\/smsafemode.com\/tienda\/#organization\",\"name\":\"Safe Mode Sas\",\"url\":\"http:\/\/smsafemode.com\/tienda\/\",\"logo\":{\"@type\":\"ImageObject\",\"inLanguage\":\"es\",\"@id\":\"http:\/\/smsafemode.com\/tienda\/#\/schema\/logo\/image\/\",\"url\":\"https:\/\/storage.googleapis.com\/stateless-smsafemode-com\/2019\/01\/26291970407_ec01902df5_o.png\",\"contentUrl\":\"https:\/\/storage.googleapis.com\/stateless-smsafemode-com\/2019\/01\/26291970407_ec01902df5_o.png\",\"width\":425,\"height\":426,\"caption\":\"Safe Mode Sas\"},\"image\":{\"@id\":\"http:\/\/smsafemode.com\/tienda\/#\/schema\/logo\/image\/\"},\"sameAs\":[\"https:\/\/www.facebook.com\/smsafemode\",\"https:\/\/x.com\/SMsafemode\"]}]}<\/script>\n<!-- \/ Yoast SEO plugin. -->","yoast_head_json":{"title":"Anuncio costado derecho en HSEQ | Tienda Virtual Safe Mode","robots":{"index":"index","follow":"follow","max-snippet":"max-snippet:-1","max-image-preview":"max-image-preview:large","max-video-preview":"max-video-preview:-1"},"canonical":"https:\/\/smsafemode.com\/tienda\/producto\/anuncio-costado-derecho-en-hseq\/","og_locale":"es_ES","og_type":"article","og_title":"Anuncio costado derecho en HSEQ | Tienda Virtual Safe Mode","og_description":"Colocamos un anuncio 1x1 \u00a0en el costado derecho en nuestra p\u00e1gina web de art\u00edculos HSEQ so.smsafemode.com el valor de este servicio es por 1 mes de pauta continua y sin interrupciones.","og_url":"https:\/\/smsafemode.com\/tienda\/producto\/anuncio-costado-derecho-en-hseq\/","og_site_name":"Tienda Virtual","article_publisher":"https:\/\/www.facebook.com\/smsafemode","article_modified_time":"2023-08-29T15:22:54+00:00","og_image":[{"url":"https:\/\/farm1.staticflickr.com\/964\/28404658648_a755485c45_o.png","type":"","width":"","height":""}],"twitter_card":"summary_large_image","twitter_image":"https:\/\/farm1.staticflickr.com\/964\/28404658648_a755485c45_o.png","twitter_site":"@SMsafemode","twitter_misc":{"Tiempo de lectura":"2 minutos"},"schema":{"@context":"https:\/\/schema.org","@graph":[{"@type":"WebPage","@id":"https:\/\/smsafemode.com\/tienda\/producto\/anuncio-costado-derecho-en-hseq\/","url":"https:\/\/smsafemode.com\/tienda\/producto\/anuncio-costado-derecho-en-hseq\/","name":"Anuncio costado derecho en HSEQ | Tienda Virtual Safe Mode","isPartOf":{"@id":"http:\/\/smsafemode.com\/tienda\/#website"},"primaryImageOfPage":{"@id":"https:\/\/smsafemode.com\/tienda\/producto\/anuncio-costado-derecho-en-hseq\/#primaryimage"},"image":{"@id":"https:\/\/smsafemode.com\/tienda\/producto\/anuncio-costado-derecho-en-hseq\/#primaryimage"},"thumbnailUrl":"https:\/\/farm1.staticflickr.com\/964\/28404658648_a755485c45_o.png","datePublished":"2019-01-12T23:52:47+00:00","dateModified":"2023-08-29T15:22:54+00:00","breadcrumb":{"@id":"https:\/\/smsafemode.com\/tienda\/producto\/anuncio-costado-derecho-en-hseq\/#breadcrumb"},"inLanguage":"es","potentialAction":[{"@type":"ReadAction","target":["https:\/\/smsafemode.com\/tienda\/producto\/anuncio-costado-derecho-en-hseq\/"]}]},{"@type":"ImageObject","inLanguage":"es","@id":"https:\/\/smsafemode.com\/tienda\/producto\/anuncio-costado-derecho-en-hseq\/#primaryimage","url":"https:\/\/farm1.staticflickr.com\/964\/28404658648_a755485c45_o.png","contentUrl":"https:\/\/farm1.staticflickr.com\/964\/28404658648_a755485c45_o.png","width":"703","height":"871","caption":"Anuncio costado derecho en HSEQ"},{"@type":"BreadcrumbList","@id":"https:\/\/smsafemode.com\/tienda\/producto\/anuncio-costado-derecho-en-hseq\/#breadcrumb","itemListElement":[{"@type":"ListItem","position":1,"name":"Portada","item":"https:\/\/smsafemode.com\/tienda\/"},{"@type":"ListItem","position":2,"name":"Inicio","item":"https:\/\/smsafemode.com\/tienda\/"},{"@type":"ListItem","position":3,"name":"Anuncio costado derecho en HSEQ"}]},{"@type":"WebSite","@id":"http:\/\/smsafemode.com\/tienda\/#website","url":"http:\/\/smsafemode.com\/tienda\/","name":"Tienda Virtual","description":"Todas nuestras soluciones a un clic","publisher":{"@id":"http:\/\/smsafemode.com\/tienda\/#organization"},"potentialAction":[{"@type":"SearchAction","target":{"@type":"EntryPoint","urlTemplate":"http:\/\/smsafemode.com\/tienda\/?s={search_term_string}"},"query-input":{"@type":"PropertyValueSpecification","valueRequired":true,"valueName":"search_term_string"}}],"inLanguage":"es"},{"@type":"Organization","@id":"http:\/\/smsafemode.com\/tienda\/#organization","name":"Safe Mode Sas","url":"http:\/\/smsafemode.com\/tienda\/","logo":{"@type":"ImageObject","inLanguage":"es","@id":"http:\/\/smsafemode.com\/tienda\/#\/schema\/logo\/image\/","url":"https:\/\/storage.googleapis.com\/stateless-smsafemode-com\/2019\/01\/26291970407_ec01902df5_o.png","contentUrl":"https:\/\/storage.googleapis.com\/stateless-smsafemode-com\/2019\/01\/26291970407_ec01902df5_o.png","width":425,"height":426,"caption":"Safe Mode Sas"},"image":{"@id":"http:\/\/smsafemode.com\/tienda\/#\/schema\/logo\/image\/"},"sameAs":["https:\/\/www.facebook.com\/smsafemode","https:\/\/x.com\/SMsafemode"]}]}},"_links":{"self":[{"href":"https:\/\/smsafemode.com\/tienda\/wp-json\/wp\/v2\/product\/20","targetHints":{"allow":["GET"]}}],"collection":[{"href":"https:\/\/smsafemode.com\/tienda\/wp-json\/wp\/v2\/product"}],"about":[{"href":"https:\/\/smsafemode.com\/tienda\/wp-json\/wp\/v2\/types\/product"}],"wp:featuredmedia":[{"embeddable":true,"href":"https:\/\/smsafemode.com\/tienda\/wp-json\/wp\/v2\/media\/30"}],"wp:attachment":[{"href":"https:\/\/smsafemode.com\/tienda\/wp-json\/wp\/v2\/media?parent=20"}],"wp:term":[{"taxonomy":"product_brand","embeddable":true,"href":"https:\/\/smsafemode.com\/tienda\/wp-json\/wp\/v2\/product_brand?post=20"},{"taxonomy":"product_cat","embeddable":true,"href":"https:\/\/smsafemode.com\/tienda\/wp-json\/wp\/v2\/product_cat?post=20"},{"taxonomy":"product_tag","embeddable":true,"href":"https:\/\/smsafemode.com\/tienda\/wp-json\/wp\/v2\/product_tag?post=20"}],"curies":[{"name":"wp","href":"https:\/\/api.w.org\/{rel}","templated":true}]}}