{"id":18,"date":"2019-01-12T23:52:47","date_gmt":"2019-01-12T23:52:47","guid":{"rendered":"http:\/\/smsafemode.com\/tienda\/producto\/evaluacion-y-diagnostico-sgsst\/"},"modified":"2021-09-11T19:09:05","modified_gmt":"2021-09-12T00:09:05","slug":"evaluacion-y-diagnostico-sgsst","status":"publish","type":"product","link":"https:\/\/smsafemode.com\/tienda\/producto\/evaluacion-y-diagnostico-sgsst\/","title":{"rendered":"Evaluaci\u00f3n y diagnostico SGSST"},"content":{"rendered":"<p>Este es un servicio creado para la evaluaci\u00f3n completa del SG-SST como lo exige la normatividad vigente (Resoluci\u00f3n 1111 de 2018) con el cual uno de nuestros expertos realiza la evaluaci\u00f3n y verifica el adecuado cumplimiento de los par\u00e1metros que exige el ministerio de trabajo.<\/p>\n<p>Con este servicio recibes:<\/p>\n<ul>\n<li>Auditoria y evaluaci\u00f3n del SG-SST<\/li>\n<li>Informe de resultados de la evaluaci\u00f3n<\/li>\n<li>Diagn\u00f3stico de la situaci\u00f3n actual de tu empresa u organizaci\u00f3n<\/li>\n<li>Listado de conformidades<\/li>\n<li>Listado de no conformidades<\/li>\n<li>Calificaci\u00f3n de la evaluaci\u00f3n firmada por profesional o especialista con licencia vigente SST<\/li>\n<li>Recomendaciones espec\u00edficas de aspectos por mejorar<\/li>\n<\/ul>\n<p>De acuerdo con la normatividad vigente se establece que de manera peri\u00f3dica un profesional o especialista debe evaluar y\/o auditar el cumplimiento de la normatividad vigente en materia de seguridad y salud en el trabajo como aspecto esencial del SG-SST que permitir\u00e1 proyectar adecuadamente un plan de trabajo teniendo en cuenta las falencias identificadas en la evaluaci\u00f3n.<\/p>\n<p>Se recomienda que las empresas realicen esta evaluaci\u00f3n de manera anual para as\u00ed certificar que su sistema de gesti\u00f3n cumple con lo exigido por la normatividad vigente as\u00ed como tambi\u00e9n que se cuentan con los documentos, formatos y registros que le aplican a cada empresa.<\/p>\n<p>De igual manera este servicio es recomendado a las empresas que desean conocer si el dise\u00f1o y desarrollo del SG-SST se ha realizado de manera adecuada con resultados de un tercero que pueda generar un resultado y evaluaci\u00f3n imparcial del SG-SST<\/p>\n<p>El valor de este servicio \u00fanicamente est\u00e1 disponible para la ciudad de Bogot\u00e1 y algunos municipios de Cundinamarca, en caso de requerir que la auditoria se realice en otra ciudad es necesario que el cliente asuma los costos de vi\u00e1ticos, si deseas saber si nuestro servicio tiene cobertura en tu ciudad o municipio antes de comprar este servicio cont\u00e1ctanos a <strong><a href=\"mailto:info@smsafemode.com\">info@smsafemode.com<\/a><\/strong><\/p>\n","protected":false},"excerpt":{"rendered":"<p>Servicio de evaluaci\u00f3n y diagn\u00f3stico para verificaci\u00f3n del cumplimiento del Sistema de gesti\u00f3n de seguridad y salud en el trabajo tomando como base los requerimientos del decreto 1072 del 2015 y la resoluci\u00f3n 1111 de 2017<\/p>\n","protected":false},"featured_media":1375,"template":"","meta":{"inline_featured_image":false,"_joinchat":[]},"product_brand":[],"product_cat":[27],"product_tag":[64,46,82,83,84,50,53],"class_list":{"0":"post-18","1":"product","2":"type-product","3":"status-publish","4":"has-post-thumbnail","6":"product_cat-hseq-seguridad-y-salud-en-el-trabajo-sst-evaluacion-sg-sst","7":"product_tag-auditoria","8":"product_tag-decreto-1072","9":"product_tag-diagnostico","10":"product_tag-evaluacion","11":"product_tag-ministerio-de-trabajo","12":"product_tag-resolucion-1111","13":"product_tag-sgsst","15":"first","16":"instock","17":"sale","18":"taxable","19":"shipping-taxable","20":"purchasable","21":"product-type-simple","22":"customify-col"},"yoast_head":"<!-- This site is optimized with the Yoast SEO plugin v26.7 - https:\/\/yoast.com\/wordpress\/plugins\/seo\/ -->\n<title>Evaluaci\u00f3n y diagnostico SGSST | Tienda Virtual Safe Mode<\/title>\n<meta name=\"robots\" content=\"index, follow, max-snippet:-1, max-image-preview:large, max-video-preview:-1\" \/>\n<link rel=\"canonical\" href=\"http:\/\/smsafemode.com\/tienda\/producto\/evaluacion-y-diagnostico-sgsst\/\" \/>\n<meta property=\"og:locale\" content=\"es_ES\" \/>\n<meta property=\"og:type\" content=\"article\" \/>\n<meta property=\"og:title\" content=\"Evaluaci\u00f3n y diagnostico SGSST | Tienda Virtual Safe Mode\" \/>\n<meta property=\"og:description\" content=\"Servicio de evaluaci\u00f3n y diagn\u00f3stico para verificaci\u00f3n del cumplimiento del Sistema de gesti\u00f3n de seguridad y salud en el trabajo tomando como base los requerimientos del decreto 1072 del 2015 y la resoluci\u00f3n 1111 de 2017\" \/>\n<meta property=\"og:url\" content=\"http:\/\/smsafemode.com\/tienda\/producto\/evaluacion-y-diagnostico-sgsst\/\" \/>\n<meta property=\"og:site_name\" content=\"Tienda Virtual\" \/>\n<meta property=\"article:publisher\" content=\"https:\/\/www.facebook.com\/smsafemode\" \/>\n<meta property=\"article:modified_time\" content=\"2021-09-12T00:09:05+00:00\" \/>\n<meta property=\"og:image\" content=\"https:\/\/storage.googleapis.com\/stateless-smsafemode-com\/2019\/01\/aeafda43-evaluacion-diagnostico-inicial-del-sgsst.png\" \/>\n\t<meta property=\"og:image:width\" content=\"704\" \/>\n\t<meta property=\"og:image:height\" content=\"868\" \/>\n\t<meta property=\"og:image:type\" content=\"image\/png\" \/>\n<meta name=\"twitter:card\" content=\"summary_large_image\" \/>\n<meta name=\"twitter:site\" content=\"@SMsafemode\" \/>\n<meta name=\"twitter:label1\" content=\"Tiempo de lectura\" \/>\n\t<meta name=\"twitter:data1\" content=\"2 minutos\" \/>\n<script type=\"application\/ld+json\" class=\"yoast-schema-graph\">{\"@context\":\"https:\/\/schema.org\",\"@graph\":[{\"@type\":\"WebPage\",\"@id\":\"http:\/\/smsafemode.com\/tienda\/producto\/evaluacion-y-diagnostico-sgsst\/\",\"url\":\"http:\/\/smsafemode.com\/tienda\/producto\/evaluacion-y-diagnostico-sgsst\/\",\"name\":\"Evaluaci\u00f3n y diagnostico SGSST | Tienda Virtual Safe Mode\",\"isPartOf\":{\"@id\":\"http:\/\/smsafemode.com\/tienda\/#website\"},\"primaryImageOfPage\":{\"@id\":\"http:\/\/smsafemode.com\/tienda\/producto\/evaluacion-y-diagnostico-sgsst\/#primaryimage\"},\"image\":{\"@id\":\"http:\/\/smsafemode.com\/tienda\/producto\/evaluacion-y-diagnostico-sgsst\/#primaryimage\"},\"thumbnailUrl\":\"https:\/\/storage.googleapis.com\/stateless-smsafemode-com\/2019\/01\/aeafda43-evaluacion-diagnostico-inicial-del-sgsst.png\",\"datePublished\":\"2019-01-12T23:52:47+00:00\",\"dateModified\":\"2021-09-12T00:09:05+00:00\",\"breadcrumb\":{\"@id\":\"http:\/\/smsafemode.com\/tienda\/producto\/evaluacion-y-diagnostico-sgsst\/#breadcrumb\"},\"inLanguage\":\"es\",\"potentialAction\":[{\"@type\":\"ReadAction\",\"target\":[\"http:\/\/smsafemode.com\/tienda\/producto\/evaluacion-y-diagnostico-sgsst\/\"]}]},{\"@type\":\"ImageObject\",\"inLanguage\":\"es\",\"@id\":\"http:\/\/smsafemode.com\/tienda\/producto\/evaluacion-y-diagnostico-sgsst\/#primaryimage\",\"url\":\"https:\/\/storage.googleapis.com\/stateless-smsafemode-com\/2019\/01\/aeafda43-evaluacion-diagnostico-inicial-del-sgsst.png\",\"contentUrl\":\"https:\/\/storage.googleapis.com\/stateless-smsafemode-com\/2019\/01\/aeafda43-evaluacion-diagnostico-inicial-del-sgsst.png\",\"width\":704,\"height\":868},{\"@type\":\"BreadcrumbList\",\"@id\":\"http:\/\/smsafemode.com\/tienda\/producto\/evaluacion-y-diagnostico-sgsst\/#breadcrumb\",\"itemListElement\":[{\"@type\":\"ListItem\",\"position\":1,\"name\":\"Portada\",\"item\":\"https:\/\/smsafemode.com\/tienda\/\"},{\"@type\":\"ListItem\",\"position\":2,\"name\":\"Inicio\",\"item\":\"https:\/\/smsafemode.com\/tienda\/\"},{\"@type\":\"ListItem\",\"position\":3,\"name\":\"Evaluaci\u00f3n y diagnostico SGSST\"}]},{\"@type\":\"WebSite\",\"@id\":\"http:\/\/smsafemode.com\/tienda\/#website\",\"url\":\"http:\/\/smsafemode.com\/tienda\/\",\"name\":\"Tienda Virtual\",\"description\":\"Todas nuestras soluciones a un clic\",\"publisher\":{\"@id\":\"http:\/\/smsafemode.com\/tienda\/#organization\"},\"potentialAction\":[{\"@type\":\"SearchAction\",\"target\":{\"@type\":\"EntryPoint\",\"urlTemplate\":\"http:\/\/smsafemode.com\/tienda\/?s={search_term_string}\"},\"query-input\":{\"@type\":\"PropertyValueSpecification\",\"valueRequired\":true,\"valueName\":\"search_term_string\"}}],\"inLanguage\":\"es\"},{\"@type\":\"Organization\",\"@id\":\"http:\/\/smsafemode.com\/tienda\/#organization\",\"name\":\"Safe Mode Sas\",\"url\":\"http:\/\/smsafemode.com\/tienda\/\",\"logo\":{\"@type\":\"ImageObject\",\"inLanguage\":\"es\",\"@id\":\"http:\/\/smsafemode.com\/tienda\/#\/schema\/logo\/image\/\",\"url\":\"https:\/\/storage.googleapis.com\/stateless-smsafemode-com\/2019\/01\/26291970407_ec01902df5_o.png\",\"contentUrl\":\"https:\/\/storage.googleapis.com\/stateless-smsafemode-com\/2019\/01\/26291970407_ec01902df5_o.png\",\"width\":425,\"height\":426,\"caption\":\"Safe Mode Sas\"},\"image\":{\"@id\":\"http:\/\/smsafemode.com\/tienda\/#\/schema\/logo\/image\/\"},\"sameAs\":[\"https:\/\/www.facebook.com\/smsafemode\",\"https:\/\/x.com\/SMsafemode\"]}]}<\/script>\n<!-- \/ Yoast SEO plugin. -->","yoast_head_json":{"title":"Evaluaci\u00f3n y diagnostico SGSST | Tienda Virtual Safe Mode","robots":{"index":"index","follow":"follow","max-snippet":"max-snippet:-1","max-image-preview":"max-image-preview:large","max-video-preview":"max-video-preview:-1"},"canonical":"http:\/\/smsafemode.com\/tienda\/producto\/evaluacion-y-diagnostico-sgsst\/","og_locale":"es_ES","og_type":"article","og_title":"Evaluaci\u00f3n y diagnostico SGSST | Tienda Virtual Safe Mode","og_description":"Servicio de evaluaci\u00f3n y diagn\u00f3stico para verificaci\u00f3n del cumplimiento del Sistema de gesti\u00f3n de seguridad y salud en el trabajo tomando como base los requerimientos del decreto 1072 del 2015 y la resoluci\u00f3n 1111 de 2017","og_url":"http:\/\/smsafemode.com\/tienda\/producto\/evaluacion-y-diagnostico-sgsst\/","og_site_name":"Tienda Virtual","article_publisher":"https:\/\/www.facebook.com\/smsafemode","article_modified_time":"2021-09-12T00:09:05+00:00","og_image":[{"width":704,"height":868,"url":"https:\/\/storage.googleapis.com\/stateless-smsafemode-com\/2019\/01\/aeafda43-evaluacion-diagnostico-inicial-del-sgsst.png","type":"image\/png"}],"twitter_card":"summary_large_image","twitter_site":"@SMsafemode","twitter_misc":{"Tiempo de lectura":"2 minutos"},"schema":{"@context":"https:\/\/schema.org","@graph":[{"@type":"WebPage","@id":"http:\/\/smsafemode.com\/tienda\/producto\/evaluacion-y-diagnostico-sgsst\/","url":"http:\/\/smsafemode.com\/tienda\/producto\/evaluacion-y-diagnostico-sgsst\/","name":"Evaluaci\u00f3n y diagnostico SGSST | Tienda Virtual Safe Mode","isPartOf":{"@id":"http:\/\/smsafemode.com\/tienda\/#website"},"primaryImageOfPage":{"@id":"http:\/\/smsafemode.com\/tienda\/producto\/evaluacion-y-diagnostico-sgsst\/#primaryimage"},"image":{"@id":"http:\/\/smsafemode.com\/tienda\/producto\/evaluacion-y-diagnostico-sgsst\/#primaryimage"},"thumbnailUrl":"https:\/\/storage.googleapis.com\/stateless-smsafemode-com\/2019\/01\/aeafda43-evaluacion-diagnostico-inicial-del-sgsst.png","datePublished":"2019-01-12T23:52:47+00:00","dateModified":"2021-09-12T00:09:05+00:00","breadcrumb":{"@id":"http:\/\/smsafemode.com\/tienda\/producto\/evaluacion-y-diagnostico-sgsst\/#breadcrumb"},"inLanguage":"es","potentialAction":[{"@type":"ReadAction","target":["http:\/\/smsafemode.com\/tienda\/producto\/evaluacion-y-diagnostico-sgsst\/"]}]},{"@type":"ImageObject","inLanguage":"es","@id":"http:\/\/smsafemode.com\/tienda\/producto\/evaluacion-y-diagnostico-sgsst\/#primaryimage","url":"https:\/\/storage.googleapis.com\/stateless-smsafemode-com\/2019\/01\/aeafda43-evaluacion-diagnostico-inicial-del-sgsst.png","contentUrl":"https:\/\/storage.googleapis.com\/stateless-smsafemode-com\/2019\/01\/aeafda43-evaluacion-diagnostico-inicial-del-sgsst.png","width":704,"height":868},{"@type":"BreadcrumbList","@id":"http:\/\/smsafemode.com\/tienda\/producto\/evaluacion-y-diagnostico-sgsst\/#breadcrumb","itemListElement":[{"@type":"ListItem","position":1,"name":"Portada","item":"https:\/\/smsafemode.com\/tienda\/"},{"@type":"ListItem","position":2,"name":"Inicio","item":"https:\/\/smsafemode.com\/tienda\/"},{"@type":"ListItem","position":3,"name":"Evaluaci\u00f3n y diagnostico SGSST"}]},{"@type":"WebSite","@id":"http:\/\/smsafemode.com\/tienda\/#website","url":"http:\/\/smsafemode.com\/tienda\/","name":"Tienda Virtual","description":"Todas nuestras soluciones a un clic","publisher":{"@id":"http:\/\/smsafemode.com\/tienda\/#organization"},"potentialAction":[{"@type":"SearchAction","target":{"@type":"EntryPoint","urlTemplate":"http:\/\/smsafemode.com\/tienda\/?s={search_term_string}"},"query-input":{"@type":"PropertyValueSpecification","valueRequired":true,"valueName":"search_term_string"}}],"inLanguage":"es"},{"@type":"Organization","@id":"http:\/\/smsafemode.com\/tienda\/#organization","name":"Safe Mode Sas","url":"http:\/\/smsafemode.com\/tienda\/","logo":{"@type":"ImageObject","inLanguage":"es","@id":"http:\/\/smsafemode.com\/tienda\/#\/schema\/logo\/image\/","url":"https:\/\/storage.googleapis.com\/stateless-smsafemode-com\/2019\/01\/26291970407_ec01902df5_o.png","contentUrl":"https:\/\/storage.googleapis.com\/stateless-smsafemode-com\/2019\/01\/26291970407_ec01902df5_o.png","width":425,"height":426,"caption":"Safe Mode Sas"},"image":{"@id":"http:\/\/smsafemode.com\/tienda\/#\/schema\/logo\/image\/"},"sameAs":["https:\/\/www.facebook.com\/smsafemode","https:\/\/x.com\/SMsafemode"]}]}},"_links":{"self":[{"href":"https:\/\/smsafemode.com\/tienda\/wp-json\/wp\/v2\/product\/18","targetHints":{"allow":["GET"]}}],"collection":[{"href":"https:\/\/smsafemode.com\/tienda\/wp-json\/wp\/v2\/product"}],"about":[{"href":"https:\/\/smsafemode.com\/tienda\/wp-json\/wp\/v2\/types\/product"}],"wp:featuredmedia":[{"embeddable":true,"href":"https:\/\/smsafemode.com\/tienda\/wp-json\/wp\/v2\/media\/1375"}],"wp:attachment":[{"href":"https:\/\/smsafemode.com\/tienda\/wp-json\/wp\/v2\/media?parent=18"}],"wp:term":[{"taxonomy":"product_brand","embeddable":true,"href":"https:\/\/smsafemode.com\/tienda\/wp-json\/wp\/v2\/product_brand?post=18"},{"taxonomy":"product_cat","embeddable":true,"href":"https:\/\/smsafemode.com\/tienda\/wp-json\/wp\/v2\/product_cat?post=18"},{"taxonomy":"product_tag","embeddable":true,"href":"https:\/\/smsafemode.com\/tienda\/wp-json\/wp\/v2\/product_tag?post=18"}],"curies":[{"name":"wp","href":"https:\/\/api.w.org\/{rel}","templated":true}]}}