{"id":17,"date":"2019-01-12T23:52:47","date_gmt":"2019-01-12T23:52:47","guid":{"rendered":"http:\/\/smsafemode.com\/tienda\/producto\/auditoria-de-verificacion-iso-45001\/"},"modified":"2026-01-18T18:57:02","modified_gmt":"2026-01-18T23:57:02","slug":"auditoria-de-verificacion-iso-45001","status":"publish","type":"product","link":"https:\/\/smsafemode.com\/tienda\/producto\/auditoria-de-verificacion-iso-45001\/","title":{"rendered":"Auditoria de verificaci\u00f3n ISO 45001"},"content":{"rendered":"<p>Con este servicio le ofrecemos a su organizaci\u00f3n un auditorio de control y verificaci\u00f3n del adecuado cumplimiento de lo establecido por la norma ISO 45001 de tal manera generamos un proceso de verificaci\u00f3n en el que su organizaci\u00f3n podr\u00e1 conocer antes de una auditoria de certificaci\u00f3n.<\/p>\n<p>Con este servicio recibes:<\/p>\n<ul>\n<li>Auditoria presencial con duraci\u00f3n de un d\u00eda<\/li>\n<li>Informe de resultados de la auditoria<\/li>\n<li>Listado detallado de conformidades<\/li>\n<li>Listado detallado de no conformidades<\/li>\n<li>Recomendaciones espec\u00edficas de aspectos por mejorar<\/li>\n<li>Calificaci\u00f3n general de la auditoria<\/li>\n<\/ul>\n<p>Este servicio es contratado por las empresas para garantizar que la ejecuci\u00f3n de la norma ISO 45001 se ha desarrollado adecuadamente o para generar los cambios pertinentes antes de una auditoria para certificaci\u00f3n.<\/p>\n<p>Las personas que realizan este servicio son profesionales y\/o especialistas en seguridad y salud en el trabajo con calificaci\u00f3n en sistemas integrados de gesti\u00f3n, para que t\u00fa y tu organizaci\u00f3n tengan la tranquilidad de recibir un servicio de alta calidad que contribuir\u00e1 en el sistema de gesti\u00f3n de tu compa\u00f1\u00eda.<\/p>\n<p>El valor de este servicio \u00fanicamente est\u00e1 disponible para la ciudad de Bogot\u00e1 y algunos municipios de Cundinamarca, en caso de requerir que la auditoria se realice en otra ciudad es necesario que el cliente asuma los costos de vi\u00e1ticos, si deseas saber si nuestro servicio tiene cobertura en tu ciudad o municipio antes de comprar este servicio cont\u00e1ctanos a <a href=\"mailto:info@smsafemode.com\">info@smsafemode.com<\/a><\/p>\n","protected":false},"excerpt":{"rendered":"<p>Servicio para la verificaci\u00f3n de cumplimiento de lo establecido por la norma ISO 41001 antes OSAS 18001 para la identificaci\u00f3n de conformidades y no conformidades antes de auditoria de certificaci\u00f3n. (Bogot\u00e1)<\/p>\n","protected":false},"featured_media":36,"template":"","meta":{"inline_featured_image":false,"_joinchat":[]},"product_brand":[],"product_cat":[25],"product_tag":[64,65,66,67,68,69,70,71,72],"class_list":{"0":"post-17","1":"product","2":"type-product","3":"status-publish","4":"has-post-thumbnail","6":"product_cat-hseq-iso-45001-hseq-iso","7":"product_tag-auditoria","8":"product_tag-auditoria-externa","9":"product_tag-calificacion-general-de-auditoria","10":"product_tag-conformidades","11":"product_tag-informe-de-resultados","12":"product_tag-iso-45001","13":"product_tag-no-conformidades","14":"product_tag-plan-de-mejora","15":"product_tag-verificacion","17":"first","18":"instock","19":"sale","20":"virtual","21":"taxable","22":"purchasable","23":"product-type-simple","24":"customify-col"},"yoast_head":"<!-- This site is optimized with the Yoast SEO plugin v26.7 - https:\/\/yoast.com\/wordpress\/plugins\/seo\/ -->\n<title>Auditoria de verificaci\u00f3n ISO 45001 | Tienda Virtual Safe Mode<\/title>\n<meta name=\"robots\" content=\"index, follow, max-snippet:-1, max-image-preview:large, max-video-preview:-1\" \/>\n<link rel=\"canonical\" href=\"https:\/\/smsafemode.com\/tienda\/producto\/auditoria-de-verificacion-iso-45001\/\" \/>\n<meta property=\"og:locale\" content=\"es_ES\" \/>\n<meta property=\"og:type\" content=\"article\" \/>\n<meta property=\"og:title\" content=\"Auditoria de verificaci\u00f3n ISO 45001 | Tienda Virtual Safe Mode\" \/>\n<meta property=\"og:description\" content=\"Servicio para la verificaci\u00f3n de cumplimiento de lo establecido por la norma ISO 41001 antes OSAS 18001 para la identificaci\u00f3n de conformidades y no conformidades antes de auditoria de certificaci\u00f3n. (Bogot\u00e1)\" \/>\n<meta property=\"og:url\" content=\"https:\/\/smsafemode.com\/tienda\/producto\/auditoria-de-verificacion-iso-45001\/\" \/>\n<meta property=\"og:site_name\" content=\"Tienda Virtual\" \/>\n<meta property=\"article:publisher\" content=\"https:\/\/www.facebook.com\/smsafemode\" \/>\n<meta property=\"article:modified_time\" content=\"2026-01-18T23:57:02+00:00\" \/>\n<meta property=\"og:image\" content=\"https:\/\/farm1.staticflickr.com\/960\/42125564961_0b1ff97cd7_o.png\" \/>\n<meta name=\"twitter:card\" content=\"summary_large_image\" \/>\n<meta name=\"twitter:image\" content=\"https:\/\/farm1.staticflickr.com\/960\/42125564961_0b1ff97cd7_o.png\" \/>\n<meta name=\"twitter:site\" content=\"@SMsafemode\" \/>\n<meta name=\"twitter:label1\" content=\"Tiempo de lectura\" \/>\n\t<meta name=\"twitter:data1\" content=\"2 minutos\" \/>\n<script type=\"application\/ld+json\" class=\"yoast-schema-graph\">{\"@context\":\"https:\/\/schema.org\",\"@graph\":[{\"@type\":\"WebPage\",\"@id\":\"https:\/\/smsafemode.com\/tienda\/producto\/auditoria-de-verificacion-iso-45001\/\",\"url\":\"https:\/\/smsafemode.com\/tienda\/producto\/auditoria-de-verificacion-iso-45001\/\",\"name\":\"Auditoria de verificaci\u00f3n ISO 45001 | Tienda Virtual Safe Mode\",\"isPartOf\":{\"@id\":\"http:\/\/smsafemode.com\/tienda\/#website\"},\"primaryImageOfPage\":{\"@id\":\"https:\/\/smsafemode.com\/tienda\/producto\/auditoria-de-verificacion-iso-45001\/#primaryimage\"},\"image\":{\"@id\":\"https:\/\/smsafemode.com\/tienda\/producto\/auditoria-de-verificacion-iso-45001\/#primaryimage\"},\"thumbnailUrl\":\"https:\/\/farm1.staticflickr.com\/960\/42125564961_0b1ff97cd7_o.png\",\"datePublished\":\"2019-01-12T23:52:47+00:00\",\"dateModified\":\"2026-01-18T23:57:02+00:00\",\"breadcrumb\":{\"@id\":\"https:\/\/smsafemode.com\/tienda\/producto\/auditoria-de-verificacion-iso-45001\/#breadcrumb\"},\"inLanguage\":\"es\",\"potentialAction\":[{\"@type\":\"ReadAction\",\"target\":[\"https:\/\/smsafemode.com\/tienda\/producto\/auditoria-de-verificacion-iso-45001\/\"]}]},{\"@type\":\"ImageObject\",\"inLanguage\":\"es\",\"@id\":\"https:\/\/smsafemode.com\/tienda\/producto\/auditoria-de-verificacion-iso-45001\/#primaryimage\",\"url\":\"https:\/\/farm1.staticflickr.com\/960\/42125564961_0b1ff97cd7_o.png\",\"contentUrl\":\"https:\/\/farm1.staticflickr.com\/960\/42125564961_0b1ff97cd7_o.png\",\"width\":\"703\",\"height\":\"868\",\"caption\":\"Auditoria de verificaci\u00f3n ISO 45001\"},{\"@type\":\"BreadcrumbList\",\"@id\":\"https:\/\/smsafemode.com\/tienda\/producto\/auditoria-de-verificacion-iso-45001\/#breadcrumb\",\"itemListElement\":[{\"@type\":\"ListItem\",\"position\":1,\"name\":\"Portada\",\"item\":\"https:\/\/smsafemode.com\/tienda\/\"},{\"@type\":\"ListItem\",\"position\":2,\"name\":\"Inicio\",\"item\":\"https:\/\/smsafemode.com\/tienda\/\"},{\"@type\":\"ListItem\",\"position\":3,\"name\":\"Auditoria de verificaci\u00f3n ISO 45001\"}]},{\"@type\":\"WebSite\",\"@id\":\"http:\/\/smsafemode.com\/tienda\/#website\",\"url\":\"http:\/\/smsafemode.com\/tienda\/\",\"name\":\"Tienda Virtual\",\"description\":\"Todas nuestras soluciones a un clic\",\"publisher\":{\"@id\":\"http:\/\/smsafemode.com\/tienda\/#organization\"},\"potentialAction\":[{\"@type\":\"SearchAction\",\"target\":{\"@type\":\"EntryPoint\",\"urlTemplate\":\"http:\/\/smsafemode.com\/tienda\/?s={search_term_string}\"},\"query-input\":{\"@type\":\"PropertyValueSpecification\",\"valueRequired\":true,\"valueName\":\"search_term_string\"}}],\"inLanguage\":\"es\"},{\"@type\":\"Organization\",\"@id\":\"http:\/\/smsafemode.com\/tienda\/#organization\",\"name\":\"Safe Mode Sas\",\"url\":\"http:\/\/smsafemode.com\/tienda\/\",\"logo\":{\"@type\":\"ImageObject\",\"inLanguage\":\"es\",\"@id\":\"http:\/\/smsafemode.com\/tienda\/#\/schema\/logo\/image\/\",\"url\":\"https:\/\/storage.googleapis.com\/stateless-smsafemode-com\/2019\/01\/26291970407_ec01902df5_o.png\",\"contentUrl\":\"https:\/\/storage.googleapis.com\/stateless-smsafemode-com\/2019\/01\/26291970407_ec01902df5_o.png\",\"width\":425,\"height\":426,\"caption\":\"Safe Mode Sas\"},\"image\":{\"@id\":\"http:\/\/smsafemode.com\/tienda\/#\/schema\/logo\/image\/\"},\"sameAs\":[\"https:\/\/www.facebook.com\/smsafemode\",\"https:\/\/x.com\/SMsafemode\"]}]}<\/script>\n<!-- \/ Yoast SEO plugin. -->","yoast_head_json":{"title":"Auditoria de verificaci\u00f3n ISO 45001 | Tienda Virtual Safe Mode","robots":{"index":"index","follow":"follow","max-snippet":"max-snippet:-1","max-image-preview":"max-image-preview:large","max-video-preview":"max-video-preview:-1"},"canonical":"https:\/\/smsafemode.com\/tienda\/producto\/auditoria-de-verificacion-iso-45001\/","og_locale":"es_ES","og_type":"article","og_title":"Auditoria de verificaci\u00f3n ISO 45001 | Tienda Virtual Safe Mode","og_description":"Servicio para la verificaci\u00f3n de cumplimiento de lo establecido por la norma ISO 41001 antes OSAS 18001 para la identificaci\u00f3n de conformidades y no conformidades antes de auditoria de certificaci\u00f3n. (Bogot\u00e1)","og_url":"https:\/\/smsafemode.com\/tienda\/producto\/auditoria-de-verificacion-iso-45001\/","og_site_name":"Tienda Virtual","article_publisher":"https:\/\/www.facebook.com\/smsafemode","article_modified_time":"2026-01-18T23:57:02+00:00","og_image":[{"url":"https:\/\/farm1.staticflickr.com\/960\/42125564961_0b1ff97cd7_o.png","type":"","width":"","height":""}],"twitter_card":"summary_large_image","twitter_image":"https:\/\/farm1.staticflickr.com\/960\/42125564961_0b1ff97cd7_o.png","twitter_site":"@SMsafemode","twitter_misc":{"Tiempo de lectura":"2 minutos"},"schema":{"@context":"https:\/\/schema.org","@graph":[{"@type":"WebPage","@id":"https:\/\/smsafemode.com\/tienda\/producto\/auditoria-de-verificacion-iso-45001\/","url":"https:\/\/smsafemode.com\/tienda\/producto\/auditoria-de-verificacion-iso-45001\/","name":"Auditoria de verificaci\u00f3n ISO 45001 | Tienda Virtual Safe Mode","isPartOf":{"@id":"http:\/\/smsafemode.com\/tienda\/#website"},"primaryImageOfPage":{"@id":"https:\/\/smsafemode.com\/tienda\/producto\/auditoria-de-verificacion-iso-45001\/#primaryimage"},"image":{"@id":"https:\/\/smsafemode.com\/tienda\/producto\/auditoria-de-verificacion-iso-45001\/#primaryimage"},"thumbnailUrl":"https:\/\/farm1.staticflickr.com\/960\/42125564961_0b1ff97cd7_o.png","datePublished":"2019-01-12T23:52:47+00:00","dateModified":"2026-01-18T23:57:02+00:00","breadcrumb":{"@id":"https:\/\/smsafemode.com\/tienda\/producto\/auditoria-de-verificacion-iso-45001\/#breadcrumb"},"inLanguage":"es","potentialAction":[{"@type":"ReadAction","target":["https:\/\/smsafemode.com\/tienda\/producto\/auditoria-de-verificacion-iso-45001\/"]}]},{"@type":"ImageObject","inLanguage":"es","@id":"https:\/\/smsafemode.com\/tienda\/producto\/auditoria-de-verificacion-iso-45001\/#primaryimage","url":"https:\/\/farm1.staticflickr.com\/960\/42125564961_0b1ff97cd7_o.png","contentUrl":"https:\/\/farm1.staticflickr.com\/960\/42125564961_0b1ff97cd7_o.png","width":"703","height":"868","caption":"Auditoria de verificaci\u00f3n ISO 45001"},{"@type":"BreadcrumbList","@id":"https:\/\/smsafemode.com\/tienda\/producto\/auditoria-de-verificacion-iso-45001\/#breadcrumb","itemListElement":[{"@type":"ListItem","position":1,"name":"Portada","item":"https:\/\/smsafemode.com\/tienda\/"},{"@type":"ListItem","position":2,"name":"Inicio","item":"https:\/\/smsafemode.com\/tienda\/"},{"@type":"ListItem","position":3,"name":"Auditoria de verificaci\u00f3n ISO 45001"}]},{"@type":"WebSite","@id":"http:\/\/smsafemode.com\/tienda\/#website","url":"http:\/\/smsafemode.com\/tienda\/","name":"Tienda Virtual","description":"Todas nuestras soluciones a un clic","publisher":{"@id":"http:\/\/smsafemode.com\/tienda\/#organization"},"potentialAction":[{"@type":"SearchAction","target":{"@type":"EntryPoint","urlTemplate":"http:\/\/smsafemode.com\/tienda\/?s={search_term_string}"},"query-input":{"@type":"PropertyValueSpecification","valueRequired":true,"valueName":"search_term_string"}}],"inLanguage":"es"},{"@type":"Organization","@id":"http:\/\/smsafemode.com\/tienda\/#organization","name":"Safe Mode Sas","url":"http:\/\/smsafemode.com\/tienda\/","logo":{"@type":"ImageObject","inLanguage":"es","@id":"http:\/\/smsafemode.com\/tienda\/#\/schema\/logo\/image\/","url":"https:\/\/storage.googleapis.com\/stateless-smsafemode-com\/2019\/01\/26291970407_ec01902df5_o.png","contentUrl":"https:\/\/storage.googleapis.com\/stateless-smsafemode-com\/2019\/01\/26291970407_ec01902df5_o.png","width":425,"height":426,"caption":"Safe Mode Sas"},"image":{"@id":"http:\/\/smsafemode.com\/tienda\/#\/schema\/logo\/image\/"},"sameAs":["https:\/\/www.facebook.com\/smsafemode","https:\/\/x.com\/SMsafemode"]}]}},"_links":{"self":[{"href":"https:\/\/smsafemode.com\/tienda\/wp-json\/wp\/v2\/product\/17","targetHints":{"allow":["GET"]}}],"collection":[{"href":"https:\/\/smsafemode.com\/tienda\/wp-json\/wp\/v2\/product"}],"about":[{"href":"https:\/\/smsafemode.com\/tienda\/wp-json\/wp\/v2\/types\/product"}],"wp:featuredmedia":[{"embeddable":true,"href":"https:\/\/smsafemode.com\/tienda\/wp-json\/wp\/v2\/media\/36"}],"wp:attachment":[{"href":"https:\/\/smsafemode.com\/tienda\/wp-json\/wp\/v2\/media?parent=17"}],"wp:term":[{"taxonomy":"product_brand","embeddable":true,"href":"https:\/\/smsafemode.com\/tienda\/wp-json\/wp\/v2\/product_brand?post=17"},{"taxonomy":"product_cat","embeddable":true,"href":"https:\/\/smsafemode.com\/tienda\/wp-json\/wp\/v2\/product_cat?post=17"},{"taxonomy":"product_tag","embeddable":true,"href":"https:\/\/smsafemode.com\/tienda\/wp-json\/wp\/v2\/product_tag?post=17"}],"curies":[{"name":"wp","href":"https:\/\/api.w.org\/{rel}","templated":true}]}}