{"id":16,"date":"2019-01-12T23:52:47","date_gmt":"2019-01-12T23:52:47","guid":{"rendered":"http:\/\/smsafemode.com\/tienda\/producto\/investigacion-de-accidentes-de-trabajo\/"},"modified":"2024-01-29T10:28:01","modified_gmt":"2024-01-29T15:28:01","slug":"investigacion-de-accidentes-de-trabajo","status":"publish","type":"product","link":"https:\/\/smsafemode.com\/tienda\/producto\/investigacion-de-accidentes-de-trabajo\/","title":{"rendered":"Investigaci\u00f3n de accidentes de trabajo"},"content":{"rendered":"<p>Con este servicio usted nos encargamos de la investigaci\u00f3n de un accidente de trabajo donde nuestros expertos profesionales y especialistas analizan la situaci\u00f3n usando diferentes metodolog\u00edas para conocer que ocasion\u00f3 el accidente, con este servicio usted recibe:<\/p>\n<ul>\n<li>Investigaci\u00f3n del accidente (Origen y causas del riesgo)<\/li>\n<li>An\u00e1lisis del contexto completo del accidente<\/li>\n<li>Entrevista con testigos del accidente<\/li>\n<li>Creaci\u00f3n de informe del accidente<\/li>\n<li>Firma de la investigaci\u00f3n del accidente de trabajo por profesional o especialista con licencia vigente.<\/li>\n<li>Generaci\u00f3n de recomendaciones para prevenir la repetici\u00f3n de este accidente<\/li>\n<li>Recomendaci\u00f3n sobre los planes de acci\u00f3n m\u00e1s adecuados.<\/li>\n<\/ul>\n<p>De esta manera podr\u00e1 cumplir con lo que exige la normatividad vigente en materia de investigaci\u00f3n de los accidentes de trabajo, de esta manera podr\u00e1 presentar ante la ARL o administradora de riesgos laborales los documentos y anexos necesarios para que tengan validez para su organizaci\u00f3n.<\/p>\n<p><strong>Garant\u00eda de servicio<\/strong><\/p>\n<p>Por lo general la ARL acepta desde el principio los documentos que radicamos para la investigaci\u00f3n del accidente de trabajo, sin embargo en caso tal en el que la ARL solicite alg\u00fan cambio o modificaci\u00f3n en lo establecido a nivel documental generamos estos cambios en el menos tiempo posible sin ning\u00fan costo adicional.<\/p>\n<p><strong>Complemento disponible<br \/>\n<\/strong>De pendiendo las caracter\u00edsticas del accidente es necesario implementar una serie de planes de acci\u00f3n los cuales les ofrecemos a una tarifa preferencial si fue contratada con nosotros la investigaci\u00f3n del accidente de trabajo.<\/p>\n","protected":false},"excerpt":{"rendered":"<p>Servicio para la investigaci\u00f3n y firma de accidente de trabajo por profesional o especialistas as\u00ed como tambi\u00e9n la recomendaci\u00f3n de planes de acci\u00f3n para el control del riesgo.<\/p>\n","protected":false},"featured_media":40,"template":"","meta":{"inline_featured_image":false,"_joinchat":[]},"product_brand":[],"product_cat":[151,23],"product_tag":[85,86,87,88,89,90,51,91],"class_list":{"0":"post-16","1":"product","2":"type-product","3":"status-publish","4":"has-post-thumbnail","6":"product_cat-accidentes-de-trabajo","7":"product_cat-hseq-seguridad-y-salud-en-el-trabajo-sst-investigacion-at","8":"product_tag-accidente-de-trabajo","9":"product_tag-anexos","10":"product_tag-firma-con-licencia","11":"product_tag-investigacion","12":"product_tag-investigacion-arl","13":"product_tag-radicacion-a-arl","14":"product_tag-servicio","15":"product_tag-servicio-completo","17":"first","18":"instock","19":"taxable","20":"shipping-taxable","21":"purchasable","22":"product-type-simple","23":"customify-col"},"yoast_head":"<!-- This site is optimized with the Yoast SEO plugin v26.7 - https:\/\/yoast.com\/wordpress\/plugins\/seo\/ -->\n<title>Investigaci\u00f3n de accidentes de trabajo | Tienda Virtual Safe Mode<\/title>\n<meta name=\"robots\" content=\"index, follow, max-snippet:-1, max-image-preview:large, max-video-preview:-1\" \/>\n<link rel=\"canonical\" href=\"https:\/\/smsafemode.com\/tienda\/producto\/investigacion-de-accidentes-de-trabajo\/\" \/>\n<meta property=\"og:locale\" content=\"es_ES\" \/>\n<meta property=\"og:type\" content=\"article\" \/>\n<meta property=\"og:title\" content=\"Investigaci\u00f3n de accidentes de trabajo | Tienda Virtual Safe Mode\" \/>\n<meta property=\"og:description\" content=\"Servicio para la investigaci\u00f3n y firma de accidente de trabajo por profesional o especialistas as\u00ed como tambi\u00e9n la recomendaci\u00f3n de planes de acci\u00f3n para el control del riesgo.\" \/>\n<meta property=\"og:url\" content=\"https:\/\/smsafemode.com\/tienda\/producto\/investigacion-de-accidentes-de-trabajo\/\" \/>\n<meta property=\"og:site_name\" content=\"Tienda Virtual\" \/>\n<meta property=\"article:publisher\" content=\"https:\/\/www.facebook.com\/smsafemode\" \/>\n<meta property=\"article:modified_time\" content=\"2024-01-29T15:28:01+00:00\" \/>\n<meta property=\"og:image\" content=\"https:\/\/farm1.staticflickr.com\/970\/27241643797_7eff9ac6d6_o.png\" \/>\n<meta name=\"twitter:card\" content=\"summary_large_image\" \/>\n<meta name=\"twitter:image\" content=\"https:\/\/farm1.staticflickr.com\/970\/27241643797_7eff9ac6d6_o.png\" \/>\n<meta name=\"twitter:site\" content=\"@SMsafemode\" \/>\n<meta name=\"twitter:label1\" content=\"Tiempo de lectura\" \/>\n\t<meta name=\"twitter:data1\" content=\"2 minutos\" \/>\n<script type=\"application\/ld+json\" class=\"yoast-schema-graph\">{\"@context\":\"https:\/\/schema.org\",\"@graph\":[{\"@type\":\"WebPage\",\"@id\":\"https:\/\/smsafemode.com\/tienda\/producto\/investigacion-de-accidentes-de-trabajo\/\",\"url\":\"https:\/\/smsafemode.com\/tienda\/producto\/investigacion-de-accidentes-de-trabajo\/\",\"name\":\"Investigaci\u00f3n de accidentes de trabajo | Tienda Virtual Safe Mode\",\"isPartOf\":{\"@id\":\"http:\/\/smsafemode.com\/tienda\/#website\"},\"primaryImageOfPage\":{\"@id\":\"https:\/\/smsafemode.com\/tienda\/producto\/investigacion-de-accidentes-de-trabajo\/#primaryimage\"},\"image\":{\"@id\":\"https:\/\/smsafemode.com\/tienda\/producto\/investigacion-de-accidentes-de-trabajo\/#primaryimage\"},\"thumbnailUrl\":\"https:\/\/farm1.staticflickr.com\/970\/27241643797_7eff9ac6d6_o.png\",\"datePublished\":\"2019-01-12T23:52:47+00:00\",\"dateModified\":\"2024-01-29T15:28:01+00:00\",\"breadcrumb\":{\"@id\":\"https:\/\/smsafemode.com\/tienda\/producto\/investigacion-de-accidentes-de-trabajo\/#breadcrumb\"},\"inLanguage\":\"es\",\"potentialAction\":[{\"@type\":\"ReadAction\",\"target\":[\"https:\/\/smsafemode.com\/tienda\/producto\/investigacion-de-accidentes-de-trabajo\/\"]}]},{\"@type\":\"ImageObject\",\"inLanguage\":\"es\",\"@id\":\"https:\/\/smsafemode.com\/tienda\/producto\/investigacion-de-accidentes-de-trabajo\/#primaryimage\",\"url\":\"https:\/\/farm1.staticflickr.com\/970\/27241643797_7eff9ac6d6_o.png\",\"contentUrl\":\"https:\/\/farm1.staticflickr.com\/970\/27241643797_7eff9ac6d6_o.png\",\"width\":\"702\",\"height\":\"868\",\"caption\":\"Investigaci\u00f3n de accidentes de trabajo\"},{\"@type\":\"BreadcrumbList\",\"@id\":\"https:\/\/smsafemode.com\/tienda\/producto\/investigacion-de-accidentes-de-trabajo\/#breadcrumb\",\"itemListElement\":[{\"@type\":\"ListItem\",\"position\":1,\"name\":\"Portada\",\"item\":\"https:\/\/smsafemode.com\/tienda\/\"},{\"@type\":\"ListItem\",\"position\":2,\"name\":\"Inicio\",\"item\":\"https:\/\/smsafemode.com\/tienda\/\"},{\"@type\":\"ListItem\",\"position\":3,\"name\":\"Investigaci\u00f3n de accidentes de trabajo\"}]},{\"@type\":\"WebSite\",\"@id\":\"http:\/\/smsafemode.com\/tienda\/#website\",\"url\":\"http:\/\/smsafemode.com\/tienda\/\",\"name\":\"Tienda Virtual\",\"description\":\"Todas nuestras soluciones a un clic\",\"publisher\":{\"@id\":\"http:\/\/smsafemode.com\/tienda\/#organization\"},\"potentialAction\":[{\"@type\":\"SearchAction\",\"target\":{\"@type\":\"EntryPoint\",\"urlTemplate\":\"http:\/\/smsafemode.com\/tienda\/?s={search_term_string}\"},\"query-input\":{\"@type\":\"PropertyValueSpecification\",\"valueRequired\":true,\"valueName\":\"search_term_string\"}}],\"inLanguage\":\"es\"},{\"@type\":\"Organization\",\"@id\":\"http:\/\/smsafemode.com\/tienda\/#organization\",\"name\":\"Safe Mode Sas\",\"url\":\"http:\/\/smsafemode.com\/tienda\/\",\"logo\":{\"@type\":\"ImageObject\",\"inLanguage\":\"es\",\"@id\":\"http:\/\/smsafemode.com\/tienda\/#\/schema\/logo\/image\/\",\"url\":\"https:\/\/storage.googleapis.com\/stateless-smsafemode-com\/2019\/01\/26291970407_ec01902df5_o.png\",\"contentUrl\":\"https:\/\/storage.googleapis.com\/stateless-smsafemode-com\/2019\/01\/26291970407_ec01902df5_o.png\",\"width\":425,\"height\":426,\"caption\":\"Safe Mode Sas\"},\"image\":{\"@id\":\"http:\/\/smsafemode.com\/tienda\/#\/schema\/logo\/image\/\"},\"sameAs\":[\"https:\/\/www.facebook.com\/smsafemode\",\"https:\/\/x.com\/SMsafemode\"]}]}<\/script>\n<!-- \/ Yoast SEO plugin. -->","yoast_head_json":{"title":"Investigaci\u00f3n de accidentes de trabajo | Tienda Virtual Safe Mode","robots":{"index":"index","follow":"follow","max-snippet":"max-snippet:-1","max-image-preview":"max-image-preview:large","max-video-preview":"max-video-preview:-1"},"canonical":"https:\/\/smsafemode.com\/tienda\/producto\/investigacion-de-accidentes-de-trabajo\/","og_locale":"es_ES","og_type":"article","og_title":"Investigaci\u00f3n de accidentes de trabajo | Tienda Virtual Safe Mode","og_description":"Servicio para la investigaci\u00f3n y firma de accidente de trabajo por profesional o especialistas as\u00ed como tambi\u00e9n la recomendaci\u00f3n de planes de acci\u00f3n para el control del riesgo.","og_url":"https:\/\/smsafemode.com\/tienda\/producto\/investigacion-de-accidentes-de-trabajo\/","og_site_name":"Tienda Virtual","article_publisher":"https:\/\/www.facebook.com\/smsafemode","article_modified_time":"2024-01-29T15:28:01+00:00","og_image":[{"url":"https:\/\/farm1.staticflickr.com\/970\/27241643797_7eff9ac6d6_o.png","type":"","width":"","height":""}],"twitter_card":"summary_large_image","twitter_image":"https:\/\/farm1.staticflickr.com\/970\/27241643797_7eff9ac6d6_o.png","twitter_site":"@SMsafemode","twitter_misc":{"Tiempo de lectura":"2 minutos"},"schema":{"@context":"https:\/\/schema.org","@graph":[{"@type":"WebPage","@id":"https:\/\/smsafemode.com\/tienda\/producto\/investigacion-de-accidentes-de-trabajo\/","url":"https:\/\/smsafemode.com\/tienda\/producto\/investigacion-de-accidentes-de-trabajo\/","name":"Investigaci\u00f3n de accidentes de trabajo | Tienda Virtual Safe Mode","isPartOf":{"@id":"http:\/\/smsafemode.com\/tienda\/#website"},"primaryImageOfPage":{"@id":"https:\/\/smsafemode.com\/tienda\/producto\/investigacion-de-accidentes-de-trabajo\/#primaryimage"},"image":{"@id":"https:\/\/smsafemode.com\/tienda\/producto\/investigacion-de-accidentes-de-trabajo\/#primaryimage"},"thumbnailUrl":"https:\/\/farm1.staticflickr.com\/970\/27241643797_7eff9ac6d6_o.png","datePublished":"2019-01-12T23:52:47+00:00","dateModified":"2024-01-29T15:28:01+00:00","breadcrumb":{"@id":"https:\/\/smsafemode.com\/tienda\/producto\/investigacion-de-accidentes-de-trabajo\/#breadcrumb"},"inLanguage":"es","potentialAction":[{"@type":"ReadAction","target":["https:\/\/smsafemode.com\/tienda\/producto\/investigacion-de-accidentes-de-trabajo\/"]}]},{"@type":"ImageObject","inLanguage":"es","@id":"https:\/\/smsafemode.com\/tienda\/producto\/investigacion-de-accidentes-de-trabajo\/#primaryimage","url":"https:\/\/farm1.staticflickr.com\/970\/27241643797_7eff9ac6d6_o.png","contentUrl":"https:\/\/farm1.staticflickr.com\/970\/27241643797_7eff9ac6d6_o.png","width":"702","height":"868","caption":"Investigaci\u00f3n de accidentes de trabajo"},{"@type":"BreadcrumbList","@id":"https:\/\/smsafemode.com\/tienda\/producto\/investigacion-de-accidentes-de-trabajo\/#breadcrumb","itemListElement":[{"@type":"ListItem","position":1,"name":"Portada","item":"https:\/\/smsafemode.com\/tienda\/"},{"@type":"ListItem","position":2,"name":"Inicio","item":"https:\/\/smsafemode.com\/tienda\/"},{"@type":"ListItem","position":3,"name":"Investigaci\u00f3n de accidentes de trabajo"}]},{"@type":"WebSite","@id":"http:\/\/smsafemode.com\/tienda\/#website","url":"http:\/\/smsafemode.com\/tienda\/","name":"Tienda Virtual","description":"Todas nuestras soluciones a un clic","publisher":{"@id":"http:\/\/smsafemode.com\/tienda\/#organization"},"potentialAction":[{"@type":"SearchAction","target":{"@type":"EntryPoint","urlTemplate":"http:\/\/smsafemode.com\/tienda\/?s={search_term_string}"},"query-input":{"@type":"PropertyValueSpecification","valueRequired":true,"valueName":"search_term_string"}}],"inLanguage":"es"},{"@type":"Organization","@id":"http:\/\/smsafemode.com\/tienda\/#organization","name":"Safe Mode Sas","url":"http:\/\/smsafemode.com\/tienda\/","logo":{"@type":"ImageObject","inLanguage":"es","@id":"http:\/\/smsafemode.com\/tienda\/#\/schema\/logo\/image\/","url":"https:\/\/storage.googleapis.com\/stateless-smsafemode-com\/2019\/01\/26291970407_ec01902df5_o.png","contentUrl":"https:\/\/storage.googleapis.com\/stateless-smsafemode-com\/2019\/01\/26291970407_ec01902df5_o.png","width":425,"height":426,"caption":"Safe Mode Sas"},"image":{"@id":"http:\/\/smsafemode.com\/tienda\/#\/schema\/logo\/image\/"},"sameAs":["https:\/\/www.facebook.com\/smsafemode","https:\/\/x.com\/SMsafemode"]}]}},"_links":{"self":[{"href":"https:\/\/smsafemode.com\/tienda\/wp-json\/wp\/v2\/product\/16","targetHints":{"allow":["GET"]}}],"collection":[{"href":"https:\/\/smsafemode.com\/tienda\/wp-json\/wp\/v2\/product"}],"about":[{"href":"https:\/\/smsafemode.com\/tienda\/wp-json\/wp\/v2\/types\/product"}],"wp:featuredmedia":[{"embeddable":true,"href":"https:\/\/smsafemode.com\/tienda\/wp-json\/wp\/v2\/media\/40"}],"wp:attachment":[{"href":"https:\/\/smsafemode.com\/tienda\/wp-json\/wp\/v2\/media?parent=16"}],"wp:term":[{"taxonomy":"product_brand","embeddable":true,"href":"https:\/\/smsafemode.com\/tienda\/wp-json\/wp\/v2\/product_brand?post=16"},{"taxonomy":"product_cat","embeddable":true,"href":"https:\/\/smsafemode.com\/tienda\/wp-json\/wp\/v2\/product_cat?post=16"},{"taxonomy":"product_tag","embeddable":true,"href":"https:\/\/smsafemode.com\/tienda\/wp-json\/wp\/v2\/product_tag?post=16"}],"curies":[{"name":"wp","href":"https:\/\/api.w.org\/{rel}","templated":true}]}}