{"id":1434,"date":"2022-09-17T22:01:56","date_gmt":"2022-09-18T03:01:56","guid":{"rendered":"http:\/\/smsafemode.com\/tienda\/?post_type=product&#038;p=1434"},"modified":"2024-03-22T07:39:17","modified_gmt":"2024-03-22T12:39:17","slug":"reporte-de-estandares-minimos-sgsst-0312","status":"publish","type":"product","link":"https:\/\/smsafemode.com\/tienda\/producto\/reporte-de-estandares-minimos-sgsst-0312\/","title":{"rendered":"Reporte de est\u00e1ndares m\u00ednimos 0312"},"content":{"rendered":"<h2>Reporte de est\u00e1ndares SGSST<\/h2>\n<p>Damos a las empresas la facilidad de cumplir con el requisito del reporte de los est\u00e1ndares m\u00ednimos con un servicio en el cual nos encargamos tanto de la evaluaci\u00f3n anual del SGSST como tambi\u00e9n de verificar el grado de cumplimiento certificando y reportando al Min Trabajo esta actividad.<\/p>\n<div class=\"gca-column one-half first\"><table>\n<tbody>\n<tr>\n<td colspan=\"2\" width=\"589\">\n<h2 style=\"text-align: center;\"><span style=\"color: #0575b5;\"><strong>Ficha t\u00e9cnica del servicio<\/strong><\/span><\/h2>\n<\/td>\n<\/tr>\n<tr>\n<td width=\"294\">Modalidad disponible<\/td>\n<td width=\"294\">Virtual y presencial<\/td>\n<\/tr>\n<tr>\n<td width=\"294\">Evaluaci\u00f3n SGSST<\/td>\n<td width=\"294\">Basada en resoluci\u00f3n 0312<\/td>\n<\/tr>\n<tr>\n<td width=\"294\">Entrega de resultados<\/td>\n<td width=\"294\">Firmada por profesional SST<\/td>\n<\/tr>\n<tr>\n<td width=\"294\">Plan de mejoramiento<\/td>\n<td width=\"294\">Acciones recomendadas para fortalecer el SGSST<\/td>\n<\/tr>\n<tr>\n<td width=\"294\">Reporte ante el Min Trabajo<\/td>\n<td width=\"294\">Reporte en Fondo de riesgos laborales<\/td>\n<\/tr>\n<tr>\n<td width=\"294\">Certificado de nivel de cumplimiento<\/td>\n<td width=\"294\">Certificaci\u00f3n con licencia vigente<\/td>\n<\/tr>\n<\/tbody>\n<\/table><\/div>\n<div class=\"gca-column one-half\"><h3 style=\"text-align: center;\"><span style=\"color: #00b6e8;\"><strong>Selecciona el servicio de reporte de estandares<\/strong><\/span><\/h3>\n<p><span style=\"color: #125194;\"><strong>En toda colombia modalidad vitual<a href=\"http:\/\/smsafemode.com\/tienda\/?add-to-cart=1436&amp;quantity=1\"><img loading=\"lazy\" decoding=\"async\" class=\"aligncenter wp-image-1402 size-large\" title=\"servicio virtual reporte de estandares\" src=\"https:\/\/storage.googleapis.com\/stateless-smsafemode-com\/2021\/09\/aabb433f-comprar-servicio-virtual-boton.svg\" alt=\"Comprar servicio virtual\" width=\"843\" height=\"843\" \/><\/a><\/strong><\/span><span style=\"color: #125194;\"><strong>\u00danicamente en Bogota Presencial<a href=\"http:\/\/smsafemode.com\/tienda\/?add-to-cart=1437&amp;quantity=1\"><img loading=\"lazy\" decoding=\"async\" class=\"aligncenter wp-image-1401 size-large\" title=\"servicio presencial reporte estandares 312 SGSST\" src=\"https:\/\/storage.googleapis.com\/stateless-smsafemode-com\/2021\/09\/b5ceae4c-comprar-servicio-presencial-boton.svg\" alt=\"comprar presenciar reporte estandares\" width=\"843\" height=\"843\" \/><\/a><\/strong><\/span><\/p>\n<p><a href=\"https:\/\/smsafemode.com\/contactanos\/\"><img loading=\"lazy\" decoding=\"async\" class=\"alignnone size-medium\" src=\"https:\/\/storage.googleapis.com\/stateless-smsafemode-com\/2022\/04\/d0652b59-contacto-safe-mode-1536x553.png\" alt=\"Contactanos, Aclaramos tus inquietudes\" width=\"1536\" height=\"553\" \/><\/a><\/p>\n<p><span style=\"color: #2b2b2b;\">Con cualquiera de las modalidades de servicio tienes un cumplimiento del requisito de reporte de los est\u00e1ndares.<\/span><\/p><\/div><div class=\"gca-utility clearfix\"><\/div>\n<h2><span style=\"color: #0575b5;\"><a href=\"https:\/\/www.fondoriesgoslaborales.gov.co\/\" target=\"_blank\" rel=\"noopener\"><img loading=\"lazy\" decoding=\"async\" class=\"alignright wp-image-1445\" title=\"Reporte de estandares 0312 ante el fondo de riesgos laborales sgsst\" src=\"https:\/\/storage.googleapis.com\/stateless-smsafemode-com\/2022\/09\/d759fe84-logo-fondo-de-riesgos-laborales.svg\" alt=\"Fondo de riesgos laborales colombie\" width=\"466\" height=\"466\" \/><\/a>Qu\u00e9 organizaciones deben reportar los estandares<\/span><\/h2>\n<p><span style=\"color: #2b2b2b;\">De acuerdo con lo establecido en la <a style=\"color: #2b2b2b;\" href=\"https:\/\/www.mintrabajo.gov.co\/documents\/20147\/59995826\/Resolucion+0312-2019-+Estandares+minimos+del+Sistema+de+la+Seguridad+y+Salud.pdf\" target=\"_blank\" rel=\"noopener\">resoluci\u00f3n 0312<\/a> el reporte de los est\u00e1ndares al menos una vez al a\u00f1o debe ser realizado por las siguientes organizaciones:<\/span><\/p>\n<ul>\n<li><span style=\"color: #2b2b2b;\">Todos los empleadores p\u00fablicos y privados<\/span><\/li>\n<li><span style=\"color: #2b2b2b;\">Los contratantes de personal bajo modalidad de contrato civil, comercial o administrativo<\/span><\/li>\n<li><span style=\"color: #2b2b2b;\">Las organizaciones de econom\u00eda solidaria y del sector cooperativo<\/span><\/li>\n<li><span style=\"color: #2b2b2b;\">Las empresas de servicios temporales<\/span><\/li>\n<\/ul>\n<h3><span style=\"color: #00b6e8;\">Destacando tambi\u00e9n con la circular 0072 de 2021 a:<\/span><\/h3>\n<p><span style=\"color: #2b2b2b;\">Empleadores p\u00fablicos y privados, contratantes de personal bajo modalidad de contrato civil, comercial o administrativo, trabajadores dependientes e independientes, organizaciones de econom\u00eda solidaria y del sector cooperativo, agremiaciones o asociaciones que afilian trabajadores independientes al Sistema de Seguridad Social Integral, Empresas de Servicios Temporales y Trabajadores en Misi\u00f3n, Estudiantes afiliados al Sistema General de Riesgos Laborales, Administradoras de Riesgos Laborales; Polic\u00eda Nacional en lo que corresponde a su personal no uniformado y al personal civil de las Fuerzas Militares.<\/span><\/p>\n<hr \/>\n<div class=\"gca-column one-half first\"><p><a href=\"http:\/\/smsafemode.com\/tienda\/?add-to-cart=1436&amp;quantity=1\"><img loading=\"lazy\" decoding=\"async\" class=\"aligncenter wp-image-1402 size-large\" title=\"servicio virtual reporte de estandares\" src=\"https:\/\/storage.googleapis.com\/stateless-smsafemode-com\/2021\/09\/aabb433f-comprar-servicio-virtual-boton.svg\" alt=\"Comprar servicio virtual\" width=\"843\" height=\"843\" \/><\/a><\/p><\/div>\n<div class=\"gca-column one-half\"><p><a href=\"http:\/\/smsafemode.com\/tienda\/?add-to-cart=1437&amp;quantity=1\"><img loading=\"lazy\" decoding=\"async\" class=\"aligncenter wp-image-1401 size-large\" title=\"servicio presencial reporte estandares 312 SGSST\" src=\"https:\/\/storage.googleapis.com\/stateless-smsafemode-com\/2021\/09\/b5ceae4c-comprar-servicio-presencial-boton.svg\" alt=\"comprar presenciar reporte estandares\" width=\"843\" height=\"843\" \/><\/a><\/p><\/div><div class=\"gca-utility clearfix\"><\/div>\n<hr \/>\n<h2><span style=\"color: #0575b5;\">Cuando se debe hacer el reporte de los est\u00e1ndares SGSST al Fondo de riesgo laborales<\/span><\/h2>\n<p><span style=\"color: #2b2b2b;\">De acuerdo con lo establecido en la resoluci\u00f3n 0312 de 2019 el reporte de los est\u00e1ndares se debe realizar 1 vez cada a\u00f1o por las organizaciones anteriormente indicadas. Esto con la finalidad de conocer la evaluaci\u00f3n del proceso en cada a\u00f1o, pero en el caso de calificaciones que impliquen un estado cr\u00edtico lo m\u00e1s recomendable es que a los 6 meses se realice el reporte nuevamente<\/span><\/p>\n<h2><span style=\"color: #0575b5;\">Como realizamos Reporte de Estandares<\/span><\/h2>\n<p><span style=\"color: #2b2b2b;\">Para la prestaci\u00f3n de este servicio tras haber realizado el pago de este se realizan las siguientes acciones:<\/span><\/p>\n<ol>\n<li><span style=\"color: #2b2b2b;\">Agendamiento de actividad de evaluaci\u00f3n<\/span><\/li>\n<li><span style=\"color: #2b2b2b;\">Realizaci\u00f3n de evaluaci\u00f3n de est\u00e1ndares m\u00ednimos de la resoluci\u00f3n 0312 de 2019<\/span><\/li>\n<li><span style=\"color: #2b2b2b;\">Entrega de resultados y plan de mejora<\/span><\/li>\n<li><span style=\"color: #2b2b2b;\">Reporte al fondo de Riesgos laborales de resultados (Reporte Min Trabajo)<\/span><\/li>\n<li><span style=\"color: #2b2b2b;\">Entrega de certificaci\u00f3n de nivel de cumplimiento<\/span><\/li>\n<\/ol>\n<h2><span style=\"color: #0575b5;\">Quien debe hacer el reporte del SGSST al Min Trabajo<\/span><\/h2>\n<p><span style=\"color: #2b2b2b;\">Teniendo en cuenta que uno de los par\u00e1metros que son solicitados al momento de realizar el Registro anual de autoevaluaciones del SG-SST es el numero de la licencia de quien esta realizando este reporte, es recomendado que el personal calificado con licencia vigente u organizaciones tambi\u00e9n licenciadas sean quienes realicen este proceso, es importante destacar que en Safe Mode contamos con licencia tanto profesional como tambi\u00e9n de la organizaci\u00f3n para la prestaci\u00f3n de este servicio.<\/span><\/p>\n<p><span style=\"color: #2b2b2b;\"><div class=\"gca-column two-thirds first\"><\/span><\/p>\n<h2><span style=\"color: #0575b5;\">Certificaci\u00f3n del SGSST \u2013 Resoluci\u00f3n 0312<\/span><\/h2>\n<p><span style=\"color: #2b2b2b;\">Tras realizar el reporte de los est\u00e1ndares y con el resultado de la evaluaci\u00f3n recibe sin ning\u00fan costo adicional la certificaci\u00f3n con el resultado de la evaluaci\u00f3n aplicada del SG-SST, este certificado tiene una vigencia de 1 a\u00f1o desde la fecha de su generaci\u00f3n y gracias a este podras tambi\u00e9n validar el estado actual de tu SGSST<\/span><\/p>\n<p><span style=\"color: #2b2b2b;\"><div class=\"gca-utility clearfix\"><\/div><div class=\"gca-column one-half first\"><\/span><span style=\"color: #2b2b2b;\"><a style=\"color: #2b2b2b;\" href=\"http:\/\/smsafemode.com\/tienda\/?add-to-cart=1436&amp;quantity=1\"><img loading=\"lazy\" decoding=\"async\" class=\" wp-image-1402 aligncenter\" src=\"https:\/\/storage.googleapis.com\/stateless-smsafemode-com\/2021\/09\/aabb433f-comprar-servicio-virtual-boton.svg\" alt=\"\" width=\"400\" height=\"80\" \/><\/a><\/span><\/p>\n<p><span style=\"color: #2b2b2b;\"><\/div><\/span><br \/>\n<span style=\"color: #2b2b2b;\"><div class=\"gca-column one-half\"><\/span><span style=\"color: #2b2b2b;\"><a style=\"color: #2b2b2b;\" href=\"http:\/\/smsafemode.com\/tienda\/?add-to-cart=1437&amp;quantity=1\"><img loading=\"lazy\" decoding=\"async\" class=\" wp-image-1401 aligncenter\" src=\"https:\/\/storage.googleapis.com\/stateless-smsafemode-com\/2021\/09\/b5ceae4c-comprar-servicio-presencial-boton.svg\" alt=\"\" width=\"400\" height=\"80\" \/><\/a><\/span><\/p>\n<p><span style=\"color: #2b2b2b;\"><\/div><\/span><\/p>\n<p><span style=\"color: #2b2b2b;\"><\/div><\/span><br \/>\n<span style=\"color: #2b2b2b;\"><div class=\"gca-column one-third\"><\/span><\/p>\n<p><span style=\"color: #2b2b2b;\"><img loading=\"lazy\" decoding=\"async\" class=\"aligncenter\" title=\"certificado de resolucion 0312 SGSST\" src=\"https:\/\/storage.googleapis.com\/stateless-smsafemode-com\/2022\/09\/751b9cde-resolucion-0312.svg\" alt=\"Certificado de resolucion 0312 SGSST\" width=\"468\" height=\"468\" \/><\/span><\/p>\n<p><span style=\"color: #2b2b2b;\"><\/div><div class=\"gca-utility clearfix\"><\/div><\/span><\/p>\n<p><span style=\"color: #00b6e8;\"><strong>Te recomendamos este articulo asi podras conocer m\u00e1s del reporte de la Autoevaluacion.<\/strong><\/span><\/p>\n<blockquote class=\"wp-embedded-content\" data-secret=\"srYie2ME90\"><p><span style=\"color: #125194;\"><a style=\"color: #125194;\" href=\"https:\/\/smsafemode.com\/blog\/reporte-autoevaluacion-de-estandares-minimos-sg-sst\/\">Reporte Autoevaluaci\u00f3n De Est\u00e1ndares m\u00ednimos SG-SST<\/a><\/span><\/p><\/blockquote>\n<p><iframe loading=\"lazy\" class=\"wp-embedded-content\" title=\"\u00abReporte Autoevaluaci\u00f3n De Est\u00e1ndares m\u00ednimos SG-SST\u00bb \u2014 SAFE MODE\" src=\"https:\/\/smsafemode.com\/blog\/reporte-autoevaluacion-de-estandares-minimos-sg-sst\/embed\/#?secret=srYie2ME90\" width=\"100%\" height=\"400\" frameborder=\"0\" marginwidth=\"0\" marginheight=\"0\" scrolling=\"no\" sandbox=\"allow-scripts\" data-secret=\"srYie2ME90\"><span data-mce-type=\"bookmark\" style=\"display: inline-block; width: 0px; overflow: hidden; line-height: 0;\" class=\"mce_SELRES_start\">\ufeff<\/span><\/iframe><script type=\"text\/javascript\">\n\/*! This file is auto-generated *\/\n!function(c,d){\"use strict\";var e=!1,o=!1;if(d.querySelector)if(c.addEventListener)e=!0;if(c.wp=c.wp||{},!c.wp.receiveEmbedMessage)if(c.wp.receiveEmbedMessage=function(e){var t=e.data;if(t)if(t.secret||t.message||t.value)if(!\/[^a-zA-Z0-9]\/.test(t.secret)){for(var r,a,i,s=d.querySelectorAll('iframe[data-secret=\"'+t.secret+'\"]'),n=d.querySelectorAll('blockquote[data-secret=\"'+t.secret+'\"]'),o=0;o<n.length;o++)n[o].style.display=\"none\";for(o=0;o<s.length;o++)if(r=s[o],e.source===r.contentWindow){if(r.removeAttribute(\"style\"),\"height\"===t.message){if(1e3<(i=parseInt(t.value,10)))i=1e3;else if(~~i<200)i=200;r.height=i}if(\"link\"===t.message)if(a=d.createElement(\"a\"),i=d.createElement(\"a\"),a.href=r.getAttribute(\"src\"),i.href=t.value,i.host===a.host)if(d.activeElement===r)c.top.location.href=t.value}}},e)c.addEventListener(\"message\",c.wp.receiveEmbedMessage,!1),d.addEventListener(\"DOMContentLoaded\",t,!1),c.addEventListener(\"load\",t,!1);function t(){if(!o){o=!0;for(var e,t,r,a=-1!==navigator.appVersion.indexOf(\"MSIE 10\"),i=!!navigator.userAgent.match(\/Trident.*rv:11\\.\/),s=d.querySelectorAll(\"iframe.wp-embedded-content\"),n=0;n<s.length;n++){if(!(r=(t=s[n]).getAttribute(\"data-secret\")))r=Math.random().toString(36).substr(2,10),t.src+=\"#?secret=\"+r,t.setAttribute(\"data-secret\",r);if(a||i)(e=t.cloneNode(!0)).removeAttribute(\"security\"),t.parentNode.replaceChild(e,t);t.contentWindow.postMessage({message:\"ready\",secret:r},\"*\")}}}}(window,document);\n<\/script><\/p>\n","protected":false},"excerpt":{"rendered":"<p>Nos encargamos de realizar el reporte de los est\u00e1ndares del SGSST en la plataforma del MinTrabajo (Sistema General de Riesgos Laborales SGRL)<br \/>\n<span style=\"color: #008000;\"><strong>\u2705 Evaluaci\u00f3n + Reporte incluidos<\/strong><\/span><\/p>\n","protected":false},"featured_media":1830,"template":"","meta":{"inline_featured_image":false,"_joinchat":[]},"product_brand":[],"product_cat":[122,123],"product_tag":[305,306,302,304,303],"class_list":{"0":"post-1434","1":"product","2":"type-product","3":"status-publish","4":"has-post-thumbnail","6":"product_cat-hseq","7":"product_cat-seguridad-y-salud-en-el-trabajo-sst","8":"product_tag-autoevaluacion-0312","9":"product_tag-fondo-de-riesgos-laborales","10":"product_tag-reporte-de-estandares-sg-sst","11":"product_tag-reporte-estandares-minimos","12":"product_tag-reporte-mintrabajo","14":"first","15":"instock","16":"sale","17":"sold-individually","18":"taxable","19":"shipping-taxable","20":"purchasable","21":"product-type-variable","22":"has-default-attributes","23":"customify-col","24":"product-has-gallery"},"yoast_head":"<!-- This site is optimized with the Yoast SEO plugin v26.7 - https:\/\/yoast.com\/wordpress\/plugins\/seo\/ -->\n<title>Reporte de Estandares MinTrabajo (Resoluci\u00f3n 0312) SGSST | DTO 30%<\/title>\n<meta name=\"description\" content=\"Reporte de est\u00e1ndares. Nos encargamos del Registro anual de autoevaluaciones y planes de mejoramiento del SG-SST. Resoluci\u00f3n 0312\" \/>\n<meta name=\"robots\" content=\"index, follow, max-snippet:-1, max-image-preview:large, max-video-preview:-1\" \/>\n<link rel=\"canonical\" href=\"https:\/\/smsafemode.com\/tienda\/producto\/reporte-de-estandares-minimos-sgsst-0312\/\" \/>\n<meta property=\"og:locale\" content=\"es_ES\" \/>\n<meta property=\"og:type\" content=\"article\" \/>\n<meta property=\"og:title\" content=\"Reporte de Estandares MinTrabajo (Resoluci\u00f3n 0312) SGSST | DTO 30%\" \/>\n<meta property=\"og:description\" content=\"Reporte de est\u00e1ndares. Nos encargamos del Registro anual de autoevaluaciones y planes de mejoramiento del SG-SST. Resoluci\u00f3n 0312\" \/>\n<meta property=\"og:url\" content=\"https:\/\/smsafemode.com\/tienda\/producto\/reporte-de-estandares-minimos-sgsst-0312\/\" \/>\n<meta property=\"og:site_name\" content=\"Tienda Virtual\" \/>\n<meta property=\"article:publisher\" content=\"https:\/\/www.facebook.com\/smsafemode\" \/>\n<meta property=\"article:modified_time\" content=\"2024-03-22T12:39:17+00:00\" \/>\n<meta property=\"og:image\" content=\"https:\/\/storage.googleapis.com\/stateless-smsafemode-com\/2022\/09\/cbcb7af9-reporte-sgsst-horizontal.png\" \/>\n\t<meta property=\"og:image:width\" content=\"1793\" \/>\n\t<meta property=\"og:image:height\" content=\"1009\" \/>\n\t<meta property=\"og:image:type\" content=\"image\/png\" \/>\n<meta name=\"twitter:card\" content=\"summary_large_image\" \/>\n<meta name=\"twitter:site\" content=\"@SMsafemode\" \/>\n<meta name=\"twitter:label1\" content=\"Tiempo de lectura\" \/>\n\t<meta name=\"twitter:data1\" content=\"5 minutos\" \/>\n<script type=\"application\/ld+json\" class=\"yoast-schema-graph\">{\"@context\":\"https:\/\/schema.org\",\"@graph\":[{\"@type\":\"WebPage\",\"@id\":\"https:\/\/smsafemode.com\/tienda\/producto\/reporte-de-estandares-minimos-sgsst-0312\/\",\"url\":\"https:\/\/smsafemode.com\/tienda\/producto\/reporte-de-estandares-minimos-sgsst-0312\/\",\"name\":\"Reporte de Estandares MinTrabajo (Resoluci\u00f3n 0312) SGSST | DTO 30%\",\"isPartOf\":{\"@id\":\"http:\/\/smsafemode.com\/tienda\/#website\"},\"primaryImageOfPage\":{\"@id\":\"https:\/\/smsafemode.com\/tienda\/producto\/reporte-de-estandares-minimos-sgsst-0312\/#primaryimage\"},\"image\":{\"@id\":\"https:\/\/smsafemode.com\/tienda\/producto\/reporte-de-estandares-minimos-sgsst-0312\/#primaryimage\"},\"thumbnailUrl\":\"https:\/\/storage.googleapis.com\/stateless-smsafemode-com\/2022\/09\/49b86a2c-servicio-reporte-de-evaluacion-estandares-ministerio-312.webp\",\"datePublished\":\"2022-09-18T03:01:56+00:00\",\"dateModified\":\"2024-03-22T12:39:17+00:00\",\"description\":\"Reporte de est\u00e1ndares. Nos encargamos del Registro anual de autoevaluaciones y planes de mejoramiento del SG-SST. Resoluci\u00f3n 0312\",\"breadcrumb\":{\"@id\":\"https:\/\/smsafemode.com\/tienda\/producto\/reporte-de-estandares-minimos-sgsst-0312\/#breadcrumb\"},\"inLanguage\":\"es\",\"potentialAction\":[{\"@type\":\"ReadAction\",\"target\":[\"https:\/\/smsafemode.com\/tienda\/producto\/reporte-de-estandares-minimos-sgsst-0312\/\"]}]},{\"@type\":\"ImageObject\",\"inLanguage\":\"es\",\"@id\":\"https:\/\/smsafemode.com\/tienda\/producto\/reporte-de-estandares-minimos-sgsst-0312\/#primaryimage\",\"url\":\"https:\/\/storage.googleapis.com\/stateless-smsafemode-com\/2022\/09\/49b86a2c-servicio-reporte-de-evaluacion-estandares-ministerio-312.webp\",\"contentUrl\":\"https:\/\/storage.googleapis.com\/stateless-smsafemode-com\/2022\/09\/49b86a2c-servicio-reporte-de-evaluacion-estandares-ministerio-312.webp\",\"width\":960,\"height\":1195,\"caption\":\"Reporte de autoevaluaci\u00f3n ministerio de trabajo\"},{\"@type\":\"BreadcrumbList\",\"@id\":\"https:\/\/smsafemode.com\/tienda\/producto\/reporte-de-estandares-minimos-sgsst-0312\/#breadcrumb\",\"itemListElement\":[{\"@type\":\"ListItem\",\"position\":1,\"name\":\"Portada\",\"item\":\"https:\/\/smsafemode.com\/tienda\/\"},{\"@type\":\"ListItem\",\"position\":2,\"name\":\"Inicio\",\"item\":\"https:\/\/smsafemode.com\/tienda\/\"},{\"@type\":\"ListItem\",\"position\":3,\"name\":\"Reporte de est\u00e1ndares m\u00ednimos 0312\"}]},{\"@type\":\"WebSite\",\"@id\":\"http:\/\/smsafemode.com\/tienda\/#website\",\"url\":\"http:\/\/smsafemode.com\/tienda\/\",\"name\":\"Tienda Virtual\",\"description\":\"Todas nuestras soluciones a un clic\",\"publisher\":{\"@id\":\"http:\/\/smsafemode.com\/tienda\/#organization\"},\"potentialAction\":[{\"@type\":\"SearchAction\",\"target\":{\"@type\":\"EntryPoint\",\"urlTemplate\":\"http:\/\/smsafemode.com\/tienda\/?s={search_term_string}\"},\"query-input\":{\"@type\":\"PropertyValueSpecification\",\"valueRequired\":true,\"valueName\":\"search_term_string\"}}],\"inLanguage\":\"es\"},{\"@type\":\"Organization\",\"@id\":\"http:\/\/smsafemode.com\/tienda\/#organization\",\"name\":\"Safe Mode Sas\",\"url\":\"http:\/\/smsafemode.com\/tienda\/\",\"logo\":{\"@type\":\"ImageObject\",\"inLanguage\":\"es\",\"@id\":\"http:\/\/smsafemode.com\/tienda\/#\/schema\/logo\/image\/\",\"url\":\"https:\/\/storage.googleapis.com\/stateless-smsafemode-com\/2019\/01\/26291970407_ec01902df5_o.png\",\"contentUrl\":\"https:\/\/storage.googleapis.com\/stateless-smsafemode-com\/2019\/01\/26291970407_ec01902df5_o.png\",\"width\":425,\"height\":426,\"caption\":\"Safe Mode Sas\"},\"image\":{\"@id\":\"http:\/\/smsafemode.com\/tienda\/#\/schema\/logo\/image\/\"},\"sameAs\":[\"https:\/\/www.facebook.com\/smsafemode\",\"https:\/\/x.com\/SMsafemode\"]}]}<\/script>\n<!-- \/ Yoast SEO plugin. -->","yoast_head_json":{"title":"Reporte de Estandares MinTrabajo (Resoluci\u00f3n 0312) SGSST | DTO 30%","description":"Reporte de est\u00e1ndares. Nos encargamos del Registro anual de autoevaluaciones y planes de mejoramiento del SG-SST. Resoluci\u00f3n 0312","robots":{"index":"index","follow":"follow","max-snippet":"max-snippet:-1","max-image-preview":"max-image-preview:large","max-video-preview":"max-video-preview:-1"},"canonical":"https:\/\/smsafemode.com\/tienda\/producto\/reporte-de-estandares-minimos-sgsst-0312\/","og_locale":"es_ES","og_type":"article","og_title":"Reporte de Estandares MinTrabajo (Resoluci\u00f3n 0312) SGSST | DTO 30%","og_description":"Reporte de est\u00e1ndares. Nos encargamos del Registro anual de autoevaluaciones y planes de mejoramiento del SG-SST. Resoluci\u00f3n 0312","og_url":"https:\/\/smsafemode.com\/tienda\/producto\/reporte-de-estandares-minimos-sgsst-0312\/","og_site_name":"Tienda Virtual","article_publisher":"https:\/\/www.facebook.com\/smsafemode","article_modified_time":"2024-03-22T12:39:17+00:00","og_image":[{"width":1793,"height":1009,"url":"https:\/\/storage.googleapis.com\/stateless-smsafemode-com\/2022\/09\/cbcb7af9-reporte-sgsst-horizontal.png","type":"image\/png"}],"twitter_card":"summary_large_image","twitter_site":"@SMsafemode","twitter_misc":{"Tiempo de lectura":"5 minutos"},"schema":{"@context":"https:\/\/schema.org","@graph":[{"@type":"WebPage","@id":"https:\/\/smsafemode.com\/tienda\/producto\/reporte-de-estandares-minimos-sgsst-0312\/","url":"https:\/\/smsafemode.com\/tienda\/producto\/reporte-de-estandares-minimos-sgsst-0312\/","name":"Reporte de Estandares MinTrabajo (Resoluci\u00f3n 0312) SGSST | DTO 30%","isPartOf":{"@id":"http:\/\/smsafemode.com\/tienda\/#website"},"primaryImageOfPage":{"@id":"https:\/\/smsafemode.com\/tienda\/producto\/reporte-de-estandares-minimos-sgsst-0312\/#primaryimage"},"image":{"@id":"https:\/\/smsafemode.com\/tienda\/producto\/reporte-de-estandares-minimos-sgsst-0312\/#primaryimage"},"thumbnailUrl":"https:\/\/storage.googleapis.com\/stateless-smsafemode-com\/2022\/09\/49b86a2c-servicio-reporte-de-evaluacion-estandares-ministerio-312.webp","datePublished":"2022-09-18T03:01:56+00:00","dateModified":"2024-03-22T12:39:17+00:00","description":"Reporte de est\u00e1ndares. Nos encargamos del Registro anual de autoevaluaciones y planes de mejoramiento del SG-SST. Resoluci\u00f3n 0312","breadcrumb":{"@id":"https:\/\/smsafemode.com\/tienda\/producto\/reporte-de-estandares-minimos-sgsst-0312\/#breadcrumb"},"inLanguage":"es","potentialAction":[{"@type":"ReadAction","target":["https:\/\/smsafemode.com\/tienda\/producto\/reporte-de-estandares-minimos-sgsst-0312\/"]}]},{"@type":"ImageObject","inLanguage":"es","@id":"https:\/\/smsafemode.com\/tienda\/producto\/reporte-de-estandares-minimos-sgsst-0312\/#primaryimage","url":"https:\/\/storage.googleapis.com\/stateless-smsafemode-com\/2022\/09\/49b86a2c-servicio-reporte-de-evaluacion-estandares-ministerio-312.webp","contentUrl":"https:\/\/storage.googleapis.com\/stateless-smsafemode-com\/2022\/09\/49b86a2c-servicio-reporte-de-evaluacion-estandares-ministerio-312.webp","width":960,"height":1195,"caption":"Reporte de autoevaluaci\u00f3n ministerio de trabajo"},{"@type":"BreadcrumbList","@id":"https:\/\/smsafemode.com\/tienda\/producto\/reporte-de-estandares-minimos-sgsst-0312\/#breadcrumb","itemListElement":[{"@type":"ListItem","position":1,"name":"Portada","item":"https:\/\/smsafemode.com\/tienda\/"},{"@type":"ListItem","position":2,"name":"Inicio","item":"https:\/\/smsafemode.com\/tienda\/"},{"@type":"ListItem","position":3,"name":"Reporte de est\u00e1ndares m\u00ednimos 0312"}]},{"@type":"WebSite","@id":"http:\/\/smsafemode.com\/tienda\/#website","url":"http:\/\/smsafemode.com\/tienda\/","name":"Tienda Virtual","description":"Todas nuestras soluciones a un clic","publisher":{"@id":"http:\/\/smsafemode.com\/tienda\/#organization"},"potentialAction":[{"@type":"SearchAction","target":{"@type":"EntryPoint","urlTemplate":"http:\/\/smsafemode.com\/tienda\/?s={search_term_string}"},"query-input":{"@type":"PropertyValueSpecification","valueRequired":true,"valueName":"search_term_string"}}],"inLanguage":"es"},{"@type":"Organization","@id":"http:\/\/smsafemode.com\/tienda\/#organization","name":"Safe Mode Sas","url":"http:\/\/smsafemode.com\/tienda\/","logo":{"@type":"ImageObject","inLanguage":"es","@id":"http:\/\/smsafemode.com\/tienda\/#\/schema\/logo\/image\/","url":"https:\/\/storage.googleapis.com\/stateless-smsafemode-com\/2019\/01\/26291970407_ec01902df5_o.png","contentUrl":"https:\/\/storage.googleapis.com\/stateless-smsafemode-com\/2019\/01\/26291970407_ec01902df5_o.png","width":425,"height":426,"caption":"Safe Mode Sas"},"image":{"@id":"http:\/\/smsafemode.com\/tienda\/#\/schema\/logo\/image\/"},"sameAs":["https:\/\/www.facebook.com\/smsafemode","https:\/\/x.com\/SMsafemode"]}]}},"_links":{"self":[{"href":"https:\/\/smsafemode.com\/tienda\/wp-json\/wp\/v2\/product\/1434","targetHints":{"allow":["GET"]}}],"collection":[{"href":"https:\/\/smsafemode.com\/tienda\/wp-json\/wp\/v2\/product"}],"about":[{"href":"https:\/\/smsafemode.com\/tienda\/wp-json\/wp\/v2\/types\/product"}],"wp:featuredmedia":[{"embeddable":true,"href":"https:\/\/smsafemode.com\/tienda\/wp-json\/wp\/v2\/media\/1830"}],"wp:attachment":[{"href":"https:\/\/smsafemode.com\/tienda\/wp-json\/wp\/v2\/media?parent=1434"}],"wp:term":[{"taxonomy":"product_brand","embeddable":true,"href":"https:\/\/smsafemode.com\/tienda\/wp-json\/wp\/v2\/product_brand?post=1434"},{"taxonomy":"product_cat","embeddable":true,"href":"https:\/\/smsafemode.com\/tienda\/wp-json\/wp\/v2\/product_cat?post=1434"},{"taxonomy":"product_tag","embeddable":true,"href":"https:\/\/smsafemode.com\/tienda\/wp-json\/wp\/v2\/product_tag?post=1434"}],"curies":[{"name":"wp","href":"https:\/\/api.w.org\/{rel}","templated":true}]}}