{"id":1348,"date":"2021-09-08T20:45:22","date_gmt":"2021-09-09T01:45:22","guid":{"rendered":"http:\/\/smsafemode.com\/tienda\/?post_type=product&#038;p=1348"},"modified":"2022-10-22T17:50:20","modified_gmt":"2022-10-22T22:50:20","slug":"inspecciones-de-puestos-de-trabajo-teletrabajo-o-trabajo-en-casa","status":"publish","type":"product","link":"https:\/\/smsafemode.com\/tienda\/producto\/inspecciones-de-puestos-de-trabajo-teletrabajo-o-trabajo-en-casa\/","title":{"rendered":"Inspecciones de puestos de trabajo (Teletrabajo o Trabajo en Casa)"},"content":{"rendered":"<p>Servicios de inspecciones de puestos de los puestos de trabajo con enfoque ergon\u00f3mico y biomec\u00e1nico en el que uno de nuestros expertos se dirige de manera presencial y realiza la verificaci\u00f3n de los puestos de trabajo en el cual se genera<\/p>\n<ul>\n<li>validaci\u00f3n de condiciones de puestos de trabajo<\/li>\n<li>Verificaci\u00f3n de condiciones ergon\u00f3micas<\/li>\n<li>Informe de los puestos de trabajo<\/li>\n<li>Recomendaciones individuales y generales<\/li>\n<\/ul>\n<p>Servicio \u00fanicamente en la Ciudad de Bogot\u00e1, El precio es por cada puesto de trabajo<\/p>\n<h2>\u00bfPor qu\u00e9 son tan importantes las inspecciones laborales en el teletrabajo?<\/h2>\n<p>Las actividades laborales en modalidad de teletrabajo o trabajo en casa cada vez son m\u00e1s frecuentes, es por esto que dentro de nuestros servicios complementarios de seguridad y salud en el trabajo hemos incorporado la opcion definitiva con la cual las empresas pueden hacer un reconocimiento de las condiciones con las cuales los trabajadores realizan sus actividades de forma remota para poder as\u00ed identificar los riesgos y poder a partir de esto generar acciones de mejora que prevengan condiciones alteradas de salud a mediano o largo plazo.<\/p>\n<h2>\u00bfEs obligatorio realizar Inspecciones de teletrabajo o Trabajo en casa?<\/h2>\n<p>Como lo establece la normatividad en materia de riesgos laborales es necesario que como parte del SGSST todas las empresas realicen actividades de identificacion de los peligros lo cual en terminos practicos para cualquier trabajador que realice actividades ya sea en modalidad de Teletrabajo o\u00a0 Trabajo en casa es recomendable que por parte de la empresa se verifiquen las condiciones de trabajo y se generen recomendaciones de estos puestos, destacando que al realizarlo se considera como una medida inicial que da cumplimiento al requisito.<\/p>\n<h2>Como ayudan las inspecciones de Teletrabajo<\/h2>\n<p>Cuando realizamos inspecciones de teletrabajo en cada puesto ademas de encontrar aquellas deficiencias que pueden causar sintomatoligia relacionada con condiciones de desordenes musculoesqueleticos DME, tambien es posible reducir la probabilidad de efectos a corto plazo tales como:<\/p>\n<ul>\n<li>Molestias musculares<\/li>\n<li>Fatiga visual<\/li>\n<li>Dolores en extremidades superiores o inferiores<\/li>\n<li>Sindrome de tunel del carpo<\/li>\n<li>Dolor y perdida de capacidades de movimiento<\/li>\n<\/ul>\n<h2>Por qu\u00e9 hacer inspecciones en Teletrabajo<\/h2>\n<p>Est<span data-offset-key=\"df6vb-1-0\">as<\/span><span data-offset-key=\"df6vb-2-0\"> son<\/span><span data-offset-key=\"df6vb-3-0\"> las<\/span><span data-offset-key=\"df6vb-4-0\"> 7 r<\/span><span data-offset-key=\"df6vb-6-0\">az<\/span><span data-offset-key=\"df6vb-7-0\">ones<\/span><span data-offset-key=\"df6vb-8-0\"> por<\/span><span data-offset-key=\"df6vb-9-0\"> las<\/span><span data-offset-key=\"df6vb-10-0\"> c<\/span><span data-offset-key=\"df6vb-11-0\">ual<\/span><span data-offset-key=\"df6vb-12-0\">es<\/span><span data-offset-key=\"df6vb-13-0\"> rec<\/span><span data-offset-key=\"df6vb-14-0\">om<\/span><span data-offset-key=\"df6vb-15-0\">end<\/span><span data-offset-key=\"df6vb-16-0\">am<\/span><span data-offset-key=\"df6vb-17-0\">os<\/span><span data-offset-key=\"df6vb-18-0\"> real<\/span><span data-offset-key=\"df6vb-19-0\">iz<\/span><span data-offset-key=\"df6vb-20-0\">ar<\/span><span data-offset-key=\"df6vb-21-0\"> ins<\/span><span data-offset-key=\"df6vb-22-0\">pe<\/span><span data-offset-key=\"df6vb-23-0\">cc<\/span><span data-offset-key=\"df6vb-24-0\">ion<\/span><span data-offset-key=\"df6vb-25-0\">es<\/span><span data-offset-key=\"df6vb-26-0\"> para<\/span><span data-offset-key=\"df6vb-27-0\"> te<\/span><span data-offset-key=\"df6vb-28-0\">let<\/span><span data-offset-key=\"df6vb-29-0\">rab<\/span><span data-offset-key=\"df6vb-30-0\">aj<\/span><span data-offset-key=\"df6vb-31-0\">ad<\/span><span data-offset-key=\"df6vb-32-0\">ores<\/span><span data-offset-key=\"df6vb-33-0\"> para<\/span><span data-offset-key=\"df6vb-34-0\"> la<\/span><span data-offset-key=\"df6vb-35-0\"> identificaci\u00f3n de<\/span><span data-offset-key=\"df6vb-39-0\"> los<\/span><span data-offset-key=\"df6vb-40-0\"> r<\/span><span data-offset-key=\"df6vb-41-0\">ies<\/span><span data-offset-key=\"df6vb-42-0\">g<\/span><span data-offset-key=\"df6vb-43-0\">os<\/span><span data-offset-key=\"df6vb-44-0\"> labor<\/span><span data-offset-key=\"df6vb-45-0\">ales<\/span><span data-offset-key=\"df6vb-46-0\">:<\/span><\/p>\n<ol>\n<li>Los teletrabajadores est\u00e1n m\u00e1s expuestos a los riesgos de lesiones por accidentes en el hogar que en el lugar de trabajo.<\/li>\n<\/ol>\n<ol start=\"2\">\n<li>Los teletrabajadores pueden estar expuestos a condiciones de trabajo inseguras, como, por ejemplo, si no tienen una buena iluminaci\u00f3n o si su silla no es ergon\u00f3mica.<\/li>\n<\/ol>\n<ol start=\"3\">\n<li>Los teletrabajadores pueden estar expuestos a riesgos psicol\u00f3gicos, como el estr\u00e9s y la ansiedad, debido a la falta de contacto social y la sobrecarga de trabajo.<\/li>\n<\/ol>\n<ol start=\"4\">\n<li>Los teletrabajadores pueden estar expuestos a riesgos de salud mental, como la depresi\u00f3n, debido a la falta de contacto social y la sobrecarga de trabajo.<\/li>\n<\/ol>\n<ol start=\"5\">\n<li>Los teletrabajadores pueden estar expuestos a riesgos de salud f\u00edsica, como el aumento de peso y la mala postura, debido a la falta de actividad f\u00edsica y el uso excesivo de la computadora.<\/li>\n<\/ol>\n<ol start=\"6\">\n<li>Los teletrabajadores pueden estar expuestos a riesgos de lesiones, como el esguince de cuello o el s\u00edndrome del t\u00fanel carpiano, debido al uso excesivo de la computadora.<\/li>\n<\/ol>\n<ol start=\"7\">\n<li>Los teletrabajadores pueden estar expuestos a riesgos de enfermedades tanto de origen laboral como de origen com\u00fan por lo cual es recomendable identificar estos peligros mediante una inspecci\u00f3n de su puesto.<\/li>\n<\/ol>\n","protected":false},"excerpt":{"rendered":"<p>Servicio \u00fanicamente en la <strong>Ciudad de Bogot\u00e1,<\/strong> El precio es por cada puesto de trabajo<\/p>\n","protected":false},"featured_media":1354,"template":"","meta":{"inline_featured_image":false,"_joinchat":[]},"product_brand":[],"product_cat":[123],"product_tag":[],"class_list":{"0":"post-1348","1":"product","2":"type-product","3":"status-publish","4":"has-post-thumbnail","6":"product_cat-seguridad-y-salud-en-el-trabajo-sst","8":"first","9":"instock","10":"taxable","11":"shipping-taxable","12":"purchasable","13":"product-type-simple","14":"customify-col"},"yoast_head":"<!-- This site is optimized with the Yoast SEO plugin v26.7 - https:\/\/yoast.com\/wordpress\/plugins\/seo\/ -->\n<title>Inspecciones de puestos de trabajo (Teletrabajo o Trabajo en Casa) | Tienda Virtual<\/title>\n<meta name=\"description\" content=\"Inspecciones de puestos de teletrabajo o trabajo en casa (PRESENCIALES) analisis ergonomicos - Biomecanicos por expertos en Bogot\u00e1\" \/>\n<meta name=\"robots\" content=\"index, follow, max-snippet:-1, max-image-preview:large, max-video-preview:-1\" \/>\n<link rel=\"canonical\" href=\"https:\/\/smsafemode.com\/tienda\/producto\/inspecciones-de-puestos-de-trabajo-teletrabajo-o-trabajo-en-casa\/\" \/>\n<meta property=\"og:locale\" content=\"es_ES\" \/>\n<meta property=\"og:type\" content=\"article\" \/>\n<meta property=\"og:title\" content=\"Inspecciones de puestos de trabajo (Teletrabajo o Trabajo en Casa) | Tienda Virtual\" \/>\n<meta property=\"og:description\" content=\"Inspecciones de puestos de teletrabajo o trabajo en casa (PRESENCIALES) analisis ergonomicos - Biomecanicos por expertos en Bogot\u00e1\" \/>\n<meta property=\"og:url\" content=\"https:\/\/smsafemode.com\/tienda\/producto\/inspecciones-de-puestos-de-trabajo-teletrabajo-o-trabajo-en-casa\/\" \/>\n<meta property=\"og:site_name\" content=\"Tienda Virtual\" \/>\n<meta property=\"article:publisher\" content=\"https:\/\/www.facebook.com\/smsafemode\" \/>\n<meta property=\"article:modified_time\" content=\"2022-10-22T22:50:20+00:00\" \/>\n<meta property=\"og:image\" content=\"https:\/\/storage.googleapis.com\/stateless-smsafemode-com\/2021\/09\/a710d05d-servicio-inpecciones-de-trabajo-en-casa2.png\" \/>\n\t<meta property=\"og:image:width\" content=\"853\" \/>\n\t<meta property=\"og:image:height\" content=\"1056\" \/>\n\t<meta property=\"og:image:type\" content=\"image\/png\" \/>\n<meta name=\"twitter:card\" content=\"summary_large_image\" \/>\n<meta name=\"twitter:site\" content=\"@SMsafemode\" \/>\n<meta name=\"twitter:label1\" content=\"Tiempo de lectura\" \/>\n\t<meta name=\"twitter:data1\" content=\"3 minutos\" \/>\n<script type=\"application\/ld+json\" class=\"yoast-schema-graph\">{\"@context\":\"https:\/\/schema.org\",\"@graph\":[{\"@type\":\"WebPage\",\"@id\":\"https:\/\/smsafemode.com\/tienda\/producto\/inspecciones-de-puestos-de-trabajo-teletrabajo-o-trabajo-en-casa\/\",\"url\":\"https:\/\/smsafemode.com\/tienda\/producto\/inspecciones-de-puestos-de-trabajo-teletrabajo-o-trabajo-en-casa\/\",\"name\":\"Inspecciones de puestos de trabajo (Teletrabajo o Trabajo en Casa) | Tienda Virtual\",\"isPartOf\":{\"@id\":\"http:\/\/smsafemode.com\/tienda\/#website\"},\"primaryImageOfPage\":{\"@id\":\"https:\/\/smsafemode.com\/tienda\/producto\/inspecciones-de-puestos-de-trabajo-teletrabajo-o-trabajo-en-casa\/#primaryimage\"},\"image\":{\"@id\":\"https:\/\/smsafemode.com\/tienda\/producto\/inspecciones-de-puestos-de-trabajo-teletrabajo-o-trabajo-en-casa\/#primaryimage\"},\"thumbnailUrl\":\"https:\/\/storage.googleapis.com\/stateless-smsafemode-com\/2021\/09\/a710d05d-servicio-inpecciones-de-trabajo-en-casa2.png\",\"datePublished\":\"2021-09-09T01:45:22+00:00\",\"dateModified\":\"2022-10-22T22:50:20+00:00\",\"description\":\"Inspecciones de puestos de teletrabajo o trabajo en casa (PRESENCIALES) analisis ergonomicos - Biomecanicos por expertos en Bogot\u00e1\",\"breadcrumb\":{\"@id\":\"https:\/\/smsafemode.com\/tienda\/producto\/inspecciones-de-puestos-de-trabajo-teletrabajo-o-trabajo-en-casa\/#breadcrumb\"},\"inLanguage\":\"es\",\"potentialAction\":[{\"@type\":\"ReadAction\",\"target\":[\"https:\/\/smsafemode.com\/tienda\/producto\/inspecciones-de-puestos-de-trabajo-teletrabajo-o-trabajo-en-casa\/\"]}]},{\"@type\":\"ImageObject\",\"inLanguage\":\"es\",\"@id\":\"https:\/\/smsafemode.com\/tienda\/producto\/inspecciones-de-puestos-de-trabajo-teletrabajo-o-trabajo-en-casa\/#primaryimage\",\"url\":\"https:\/\/storage.googleapis.com\/stateless-smsafemode-com\/2021\/09\/a710d05d-servicio-inpecciones-de-trabajo-en-casa2.png\",\"contentUrl\":\"https:\/\/storage.googleapis.com\/stateless-smsafemode-com\/2021\/09\/a710d05d-servicio-inpecciones-de-trabajo-en-casa2.png\",\"width\":853,\"height\":1056},{\"@type\":\"BreadcrumbList\",\"@id\":\"https:\/\/smsafemode.com\/tienda\/producto\/inspecciones-de-puestos-de-trabajo-teletrabajo-o-trabajo-en-casa\/#breadcrumb\",\"itemListElement\":[{\"@type\":\"ListItem\",\"position\":1,\"name\":\"Portada\",\"item\":\"https:\/\/smsafemode.com\/tienda\/\"},{\"@type\":\"ListItem\",\"position\":2,\"name\":\"Inicio\",\"item\":\"https:\/\/smsafemode.com\/tienda\/\"},{\"@type\":\"ListItem\",\"position\":3,\"name\":\"Inspecciones de puestos de trabajo (Teletrabajo o Trabajo en Casa)\"}]},{\"@type\":\"WebSite\",\"@id\":\"http:\/\/smsafemode.com\/tienda\/#website\",\"url\":\"http:\/\/smsafemode.com\/tienda\/\",\"name\":\"Tienda Virtual\",\"description\":\"Todas nuestras soluciones a un clic\",\"publisher\":{\"@id\":\"http:\/\/smsafemode.com\/tienda\/#organization\"},\"potentialAction\":[{\"@type\":\"SearchAction\",\"target\":{\"@type\":\"EntryPoint\",\"urlTemplate\":\"http:\/\/smsafemode.com\/tienda\/?s={search_term_string}\"},\"query-input\":{\"@type\":\"PropertyValueSpecification\",\"valueRequired\":true,\"valueName\":\"search_term_string\"}}],\"inLanguage\":\"es\"},{\"@type\":\"Organization\",\"@id\":\"http:\/\/smsafemode.com\/tienda\/#organization\",\"name\":\"Safe Mode Sas\",\"url\":\"http:\/\/smsafemode.com\/tienda\/\",\"logo\":{\"@type\":\"ImageObject\",\"inLanguage\":\"es\",\"@id\":\"http:\/\/smsafemode.com\/tienda\/#\/schema\/logo\/image\/\",\"url\":\"https:\/\/storage.googleapis.com\/stateless-smsafemode-com\/2019\/01\/26291970407_ec01902df5_o.png\",\"contentUrl\":\"https:\/\/storage.googleapis.com\/stateless-smsafemode-com\/2019\/01\/26291970407_ec01902df5_o.png\",\"width\":425,\"height\":426,\"caption\":\"Safe Mode Sas\"},\"image\":{\"@id\":\"http:\/\/smsafemode.com\/tienda\/#\/schema\/logo\/image\/\"},\"sameAs\":[\"https:\/\/www.facebook.com\/smsafemode\",\"https:\/\/x.com\/SMsafemode\"]}]}<\/script>\n<!-- \/ Yoast SEO plugin. -->","yoast_head_json":{"title":"Inspecciones de puestos de trabajo (Teletrabajo o Trabajo en Casa) | Tienda Virtual","description":"Inspecciones de puestos de teletrabajo o trabajo en casa (PRESENCIALES) analisis ergonomicos - Biomecanicos por expertos en Bogot\u00e1","robots":{"index":"index","follow":"follow","max-snippet":"max-snippet:-1","max-image-preview":"max-image-preview:large","max-video-preview":"max-video-preview:-1"},"canonical":"https:\/\/smsafemode.com\/tienda\/producto\/inspecciones-de-puestos-de-trabajo-teletrabajo-o-trabajo-en-casa\/","og_locale":"es_ES","og_type":"article","og_title":"Inspecciones de puestos de trabajo (Teletrabajo o Trabajo en Casa) | Tienda Virtual","og_description":"Inspecciones de puestos de teletrabajo o trabajo en casa (PRESENCIALES) analisis ergonomicos - Biomecanicos por expertos en Bogot\u00e1","og_url":"https:\/\/smsafemode.com\/tienda\/producto\/inspecciones-de-puestos-de-trabajo-teletrabajo-o-trabajo-en-casa\/","og_site_name":"Tienda Virtual","article_publisher":"https:\/\/www.facebook.com\/smsafemode","article_modified_time":"2022-10-22T22:50:20+00:00","og_image":[{"width":853,"height":1056,"url":"https:\/\/storage.googleapis.com\/stateless-smsafemode-com\/2021\/09\/a710d05d-servicio-inpecciones-de-trabajo-en-casa2.png","type":"image\/png"}],"twitter_card":"summary_large_image","twitter_site":"@SMsafemode","twitter_misc":{"Tiempo de lectura":"3 minutos"},"schema":{"@context":"https:\/\/schema.org","@graph":[{"@type":"WebPage","@id":"https:\/\/smsafemode.com\/tienda\/producto\/inspecciones-de-puestos-de-trabajo-teletrabajo-o-trabajo-en-casa\/","url":"https:\/\/smsafemode.com\/tienda\/producto\/inspecciones-de-puestos-de-trabajo-teletrabajo-o-trabajo-en-casa\/","name":"Inspecciones de puestos de trabajo (Teletrabajo o Trabajo en Casa) | Tienda Virtual","isPartOf":{"@id":"http:\/\/smsafemode.com\/tienda\/#website"},"primaryImageOfPage":{"@id":"https:\/\/smsafemode.com\/tienda\/producto\/inspecciones-de-puestos-de-trabajo-teletrabajo-o-trabajo-en-casa\/#primaryimage"},"image":{"@id":"https:\/\/smsafemode.com\/tienda\/producto\/inspecciones-de-puestos-de-trabajo-teletrabajo-o-trabajo-en-casa\/#primaryimage"},"thumbnailUrl":"https:\/\/storage.googleapis.com\/stateless-smsafemode-com\/2021\/09\/a710d05d-servicio-inpecciones-de-trabajo-en-casa2.png","datePublished":"2021-09-09T01:45:22+00:00","dateModified":"2022-10-22T22:50:20+00:00","description":"Inspecciones de puestos de teletrabajo o trabajo en casa (PRESENCIALES) analisis ergonomicos - Biomecanicos por expertos en Bogot\u00e1","breadcrumb":{"@id":"https:\/\/smsafemode.com\/tienda\/producto\/inspecciones-de-puestos-de-trabajo-teletrabajo-o-trabajo-en-casa\/#breadcrumb"},"inLanguage":"es","potentialAction":[{"@type":"ReadAction","target":["https:\/\/smsafemode.com\/tienda\/producto\/inspecciones-de-puestos-de-trabajo-teletrabajo-o-trabajo-en-casa\/"]}]},{"@type":"ImageObject","inLanguage":"es","@id":"https:\/\/smsafemode.com\/tienda\/producto\/inspecciones-de-puestos-de-trabajo-teletrabajo-o-trabajo-en-casa\/#primaryimage","url":"https:\/\/storage.googleapis.com\/stateless-smsafemode-com\/2021\/09\/a710d05d-servicio-inpecciones-de-trabajo-en-casa2.png","contentUrl":"https:\/\/storage.googleapis.com\/stateless-smsafemode-com\/2021\/09\/a710d05d-servicio-inpecciones-de-trabajo-en-casa2.png","width":853,"height":1056},{"@type":"BreadcrumbList","@id":"https:\/\/smsafemode.com\/tienda\/producto\/inspecciones-de-puestos-de-trabajo-teletrabajo-o-trabajo-en-casa\/#breadcrumb","itemListElement":[{"@type":"ListItem","position":1,"name":"Portada","item":"https:\/\/smsafemode.com\/tienda\/"},{"@type":"ListItem","position":2,"name":"Inicio","item":"https:\/\/smsafemode.com\/tienda\/"},{"@type":"ListItem","position":3,"name":"Inspecciones de puestos de trabajo (Teletrabajo o Trabajo en Casa)"}]},{"@type":"WebSite","@id":"http:\/\/smsafemode.com\/tienda\/#website","url":"http:\/\/smsafemode.com\/tienda\/","name":"Tienda Virtual","description":"Todas nuestras soluciones a un clic","publisher":{"@id":"http:\/\/smsafemode.com\/tienda\/#organization"},"potentialAction":[{"@type":"SearchAction","target":{"@type":"EntryPoint","urlTemplate":"http:\/\/smsafemode.com\/tienda\/?s={search_term_string}"},"query-input":{"@type":"PropertyValueSpecification","valueRequired":true,"valueName":"search_term_string"}}],"inLanguage":"es"},{"@type":"Organization","@id":"http:\/\/smsafemode.com\/tienda\/#organization","name":"Safe Mode Sas","url":"http:\/\/smsafemode.com\/tienda\/","logo":{"@type":"ImageObject","inLanguage":"es","@id":"http:\/\/smsafemode.com\/tienda\/#\/schema\/logo\/image\/","url":"https:\/\/storage.googleapis.com\/stateless-smsafemode-com\/2019\/01\/26291970407_ec01902df5_o.png","contentUrl":"https:\/\/storage.googleapis.com\/stateless-smsafemode-com\/2019\/01\/26291970407_ec01902df5_o.png","width":425,"height":426,"caption":"Safe Mode Sas"},"image":{"@id":"http:\/\/smsafemode.com\/tienda\/#\/schema\/logo\/image\/"},"sameAs":["https:\/\/www.facebook.com\/smsafemode","https:\/\/x.com\/SMsafemode"]}]}},"_links":{"self":[{"href":"https:\/\/smsafemode.com\/tienda\/wp-json\/wp\/v2\/product\/1348","targetHints":{"allow":["GET"]}}],"collection":[{"href":"https:\/\/smsafemode.com\/tienda\/wp-json\/wp\/v2\/product"}],"about":[{"href":"https:\/\/smsafemode.com\/tienda\/wp-json\/wp\/v2\/types\/product"}],"wp:featuredmedia":[{"embeddable":true,"href":"https:\/\/smsafemode.com\/tienda\/wp-json\/wp\/v2\/media\/1354"}],"wp:attachment":[{"href":"https:\/\/smsafemode.com\/tienda\/wp-json\/wp\/v2\/media?parent=1348"}],"wp:term":[{"taxonomy":"product_brand","embeddable":true,"href":"https:\/\/smsafemode.com\/tienda\/wp-json\/wp\/v2\/product_brand?post=1348"},{"taxonomy":"product_cat","embeddable":true,"href":"https:\/\/smsafemode.com\/tienda\/wp-json\/wp\/v2\/product_cat?post=1348"},{"taxonomy":"product_tag","embeddable":true,"href":"https:\/\/smsafemode.com\/tienda\/wp-json\/wp\/v2\/product_tag?post=1348"}],"curies":[{"name":"wp","href":"https:\/\/api.w.org\/{rel}","templated":true}]}}