{"id":13,"date":"2019-01-12T23:52:47","date_gmt":"2019-01-12T23:52:47","guid":{"rendered":"http:\/\/smsafemode.com\/tienda\/producto\/asesoria-virtual-video-llamada-sst\/"},"modified":"2026-01-18T18:57:11","modified_gmt":"2026-01-18T23:57:11","slug":"asesoria-virtual-video-llamada-sst","status":"publish","type":"product","link":"https:\/\/smsafemode.com\/tienda\/producto\/asesoria-virtual-video-llamada-sst\/","title":{"rendered":"Asesor\u00eda virtual video-llamada (SST)"},"content":{"rendered":"<h4>Con este servicio podemos asesorarte en modalidad virtual en los temas de seguridad y salud en el trabajo (SGSST) aclarado tus inquietudes y gui\u00e1ndote para que puedas tener una implementaci\u00f3n adecuada.<\/h4>\n<hr \/>\n<h4>Siempre ofrecemos nuestros servicios de la m\u00e1s alta calidad por esto mismo por la compra de este servicio recibes:<\/h4>\n<ul>\n<li>\n<h4>Contacto por medio de video-Llamada con uno de nuestros asesores<\/h4>\n<\/li>\n<li>\n<h4>Asesoramiento con una duraci\u00f3n de 1 hora<\/h4>\n<\/li>\n<li>\n<h4>Generaci\u00f3n de recomendaciones en la asesor\u00eda<\/h4>\n<\/li>\n<li>\n<h4>1 seguimiento v\u00eda llamada telef\u00f3nica.<\/h4>\n<\/li>\n<\/ul>\n<hr \/>\n<h4>Por las caracter\u00edsticas de este servicio\u00a0 la asesor\u00eda es de c\u00f3mo <span style=\"text-decoration: underline;\">m\u00ednimo 1 hora<\/span> donde uno de nuestros asesores iniciara una <strong>Video-Llamada<\/strong> para brindarte la asesor\u00eda donde puedes consultarle directamente cualquier inquietud, de igual manera enviaremos a tu correo electr\u00f3nico las recomendaciones concretas para que las pueda aplicar con mayor facilidad a su sistema de gesti\u00f3n (SG-SST).<\/h4>\n<h4>De igual manera 1 semana despu\u00e9s le brindamos un seguimiento telef\u00f3nico (15 minutos) en el cual aclaramos cualquier inquietud adicional que haya podido surgir despu\u00e9s de la asesor\u00eda presencial.<\/h4>\n<hr \/>\n<h4><span style=\"color: #ff6600;\"><strong>Horario<\/strong><\/span><br \/>\nLas asesor\u00edas virtuales \u00fanicamente est\u00e1n disponibles en los horarios h\u00e1biles que manejamos en la empresa, de lunes a viernes de 8:00 am a 5:00 pm, una vez solicitado el servicio y generado el pago el asesor designado se comunicar\u00e1 contigo para agendar la asesor\u00eda, en caso de requerir reprogramar la asesor\u00eda debe notificarse con 24 horas de anticipaci\u00f3n v\u00eda correo electr\u00f3nico a <a href=\"mailto:info@smsafemode.com\">info@smsafemode.com<\/a>.<\/h4>\n<hr \/>\n<h4><span style=\"color: #ff6600;\"><strong>Caracter\u00edsticas t\u00e9cnicas<\/strong><\/span><\/h4>\n<h4>Dado que esta asesor\u00eda es virtual puede brindamos cobertura en toda Colombia, te recomendamos que para garantizar una asesor\u00eda sin interrupciones est\u00e9s conectado a internet mediante WiFi con una conexi\u00f3n de al menos 5 Mb\/s para verificar cual es la velocidad de internet que tienes da clic aqu\u00ed<\/h4>\n<h4>La video llamada se puede generar por medio de nuestros medios oficiales.<\/h4>\n<ul>\n<li>\n<h4>Skype<\/h4>\n<\/li>\n<li>\n<h4>WhatsApp<\/h4>\n<\/li>\n<li>\n<h4>Hangouts<\/h4>\n<\/li>\n<li>\n<h4>FaceTime (requieres dispositivo con MacOS o iOS)<\/h4>\n<\/li>\n<\/ul>\n","protected":false},"excerpt":{"rendered":"<p>Este servicio es creado para ofrecerles a las empresas la posibilidad de guiarlos en el proceso de implementaci\u00f3n de SG-SST con el acompa\u00f1amiento virtual en Video-Llamada de nuestros expertos (<strong>el valor de este servicios es por una hora<\/strong>)<\/p>\n","protected":false},"featured_media":35,"template":"","meta":{"inline_featured_image":false,"_joinchat":[]},"product_brand":[],"product_cat":[17],"product_tag":[43,44,45,46,47,60,61,48,50,51,52,53,54,55,62,56,59,63],"class_list":{"0":"post-13","1":"product","2":"type-product","3":"status-publish","4":"has-post-thumbnail","6":"product_cat-hseq-seguridad-y-salud-en-el-trabajo-sst-asesorias-sst","7":"product_tag-asesoramiento-empresarial","8":"product_tag-asesorias","9":"product_tag-consultoria","10":"product_tag-decreto-1072","11":"product_tag-expertos","12":"product_tag-facetime","13":"product_tag-hangouts","14":"product_tag-hseq","15":"product_tag-resolucion-1111","16":"product_tag-servicio","17":"product_tag-sg-sst","18":"product_tag-sgsst","19":"product_tag-siso","20":"product_tag-sisoma","21":"product_tag-skype","22":"product_tag-sst","23":"product_tag-virtual","24":"product_tag-whatsapp","26":"first","27":"instock","28":"virtual","29":"taxable","30":"purchasable","31":"product-type-simple","32":"customify-col"},"yoast_head":"<!-- This site is optimized with the Yoast SEO plugin v26.7 - https:\/\/yoast.com\/wordpress\/plugins\/seo\/ -->\n<title>Asesor\u00eda virtual video-llamada (SST) | Tienda Virtual Safe Mode<\/title>\n<meta name=\"robots\" content=\"index, follow, max-snippet:-1, max-image-preview:large, max-video-preview:-1\" \/>\n<link rel=\"canonical\" href=\"https:\/\/smsafemode.com\/tienda\/producto\/asesoria-virtual-video-llamada-sst\/\" \/>\n<meta property=\"og:locale\" content=\"es_ES\" \/>\n<meta property=\"og:type\" content=\"article\" \/>\n<meta property=\"og:title\" content=\"Asesor\u00eda virtual video-llamada (SST) | Tienda Virtual Safe Mode\" \/>\n<meta property=\"og:description\" content=\"Este servicio es creado para ofrecerles a las empresas la posibilidad de guiarlos en el proceso de implementaci\u00f3n de SG-SST con el acompa\u00f1amiento virtual en Video-Llamada de nuestros expertos (el valor de este servicios es por una hora)\" \/>\n<meta property=\"og:url\" content=\"https:\/\/smsafemode.com\/tienda\/producto\/asesoria-virtual-video-llamada-sst\/\" \/>\n<meta property=\"og:site_name\" content=\"Tienda Virtual\" \/>\n<meta property=\"article:publisher\" content=\"https:\/\/www.facebook.com\/smsafemode\" \/>\n<meta property=\"article:modified_time\" content=\"2026-01-18T23:57:11+00:00\" \/>\n<meta property=\"og:image\" content=\"https:\/\/farm1.staticflickr.com\/893\/39490930900_7091d74be8_o.png\" \/>\n<meta name=\"twitter:card\" content=\"summary_large_image\" \/>\n<meta name=\"twitter:image\" content=\"https:\/\/farm1.staticflickr.com\/893\/39490930900_7091d74be8_o.png\" \/>\n<meta name=\"twitter:site\" content=\"@SMsafemode\" \/>\n<meta name=\"twitter:label1\" content=\"Tiempo de lectura\" \/>\n\t<meta name=\"twitter:data1\" content=\"2 minutos\" \/>\n<script type=\"application\/ld+json\" class=\"yoast-schema-graph\">{\"@context\":\"https:\/\/schema.org\",\"@graph\":[{\"@type\":\"WebPage\",\"@id\":\"https:\/\/smsafemode.com\/tienda\/producto\/asesoria-virtual-video-llamada-sst\/\",\"url\":\"https:\/\/smsafemode.com\/tienda\/producto\/asesoria-virtual-video-llamada-sst\/\",\"name\":\"Asesor\u00eda virtual video-llamada (SST) | Tienda Virtual Safe Mode\",\"isPartOf\":{\"@id\":\"http:\/\/smsafemode.com\/tienda\/#website\"},\"primaryImageOfPage\":{\"@id\":\"https:\/\/smsafemode.com\/tienda\/producto\/asesoria-virtual-video-llamada-sst\/#primaryimage\"},\"image\":{\"@id\":\"https:\/\/smsafemode.com\/tienda\/producto\/asesoria-virtual-video-llamada-sst\/#primaryimage\"},\"thumbnailUrl\":\"https:\/\/farm1.staticflickr.com\/893\/39490930900_7091d74be8_o.png\",\"datePublished\":\"2019-01-12T23:52:47+00:00\",\"dateModified\":\"2026-01-18T23:57:11+00:00\",\"breadcrumb\":{\"@id\":\"https:\/\/smsafemode.com\/tienda\/producto\/asesoria-virtual-video-llamada-sst\/#breadcrumb\"},\"inLanguage\":\"es\",\"potentialAction\":[{\"@type\":\"ReadAction\",\"target\":[\"https:\/\/smsafemode.com\/tienda\/producto\/asesoria-virtual-video-llamada-sst\/\"]}]},{\"@type\":\"ImageObject\",\"inLanguage\":\"es\",\"@id\":\"https:\/\/smsafemode.com\/tienda\/producto\/asesoria-virtual-video-llamada-sst\/#primaryimage\",\"url\":\"https:\/\/farm1.staticflickr.com\/893\/39490930900_7091d74be8_o.png\",\"contentUrl\":\"https:\/\/farm1.staticflickr.com\/893\/39490930900_7091d74be8_o.png\",\"width\":\"703\",\"height\":\"869\",\"caption\":\"Asesor\u00eda virtual video-llamada (SST)\"},{\"@type\":\"BreadcrumbList\",\"@id\":\"https:\/\/smsafemode.com\/tienda\/producto\/asesoria-virtual-video-llamada-sst\/#breadcrumb\",\"itemListElement\":[{\"@type\":\"ListItem\",\"position\":1,\"name\":\"Portada\",\"item\":\"https:\/\/smsafemode.com\/tienda\/\"},{\"@type\":\"ListItem\",\"position\":2,\"name\":\"Inicio\",\"item\":\"https:\/\/smsafemode.com\/tienda\/\"},{\"@type\":\"ListItem\",\"position\":3,\"name\":\"Asesor\u00eda virtual video-llamada (SST)\"}]},{\"@type\":\"WebSite\",\"@id\":\"http:\/\/smsafemode.com\/tienda\/#website\",\"url\":\"http:\/\/smsafemode.com\/tienda\/\",\"name\":\"Tienda Virtual\",\"description\":\"Todas nuestras soluciones a un clic\",\"publisher\":{\"@id\":\"http:\/\/smsafemode.com\/tienda\/#organization\"},\"potentialAction\":[{\"@type\":\"SearchAction\",\"target\":{\"@type\":\"EntryPoint\",\"urlTemplate\":\"http:\/\/smsafemode.com\/tienda\/?s={search_term_string}\"},\"query-input\":{\"@type\":\"PropertyValueSpecification\",\"valueRequired\":true,\"valueName\":\"search_term_string\"}}],\"inLanguage\":\"es\"},{\"@type\":\"Organization\",\"@id\":\"http:\/\/smsafemode.com\/tienda\/#organization\",\"name\":\"Safe Mode Sas\",\"url\":\"http:\/\/smsafemode.com\/tienda\/\",\"logo\":{\"@type\":\"ImageObject\",\"inLanguage\":\"es\",\"@id\":\"http:\/\/smsafemode.com\/tienda\/#\/schema\/logo\/image\/\",\"url\":\"https:\/\/storage.googleapis.com\/stateless-smsafemode-com\/2019\/01\/26291970407_ec01902df5_o.png\",\"contentUrl\":\"https:\/\/storage.googleapis.com\/stateless-smsafemode-com\/2019\/01\/26291970407_ec01902df5_o.png\",\"width\":425,\"height\":426,\"caption\":\"Safe Mode Sas\"},\"image\":{\"@id\":\"http:\/\/smsafemode.com\/tienda\/#\/schema\/logo\/image\/\"},\"sameAs\":[\"https:\/\/www.facebook.com\/smsafemode\",\"https:\/\/x.com\/SMsafemode\"]}]}<\/script>\n<!-- \/ Yoast SEO plugin. -->","yoast_head_json":{"title":"Asesor\u00eda virtual video-llamada (SST) | Tienda Virtual Safe Mode","robots":{"index":"index","follow":"follow","max-snippet":"max-snippet:-1","max-image-preview":"max-image-preview:large","max-video-preview":"max-video-preview:-1"},"canonical":"https:\/\/smsafemode.com\/tienda\/producto\/asesoria-virtual-video-llamada-sst\/","og_locale":"es_ES","og_type":"article","og_title":"Asesor\u00eda virtual video-llamada (SST) | Tienda Virtual Safe Mode","og_description":"Este servicio es creado para ofrecerles a las empresas la posibilidad de guiarlos en el proceso de implementaci\u00f3n de SG-SST con el acompa\u00f1amiento virtual en Video-Llamada de nuestros expertos (el valor de este servicios es por una hora)","og_url":"https:\/\/smsafemode.com\/tienda\/producto\/asesoria-virtual-video-llamada-sst\/","og_site_name":"Tienda Virtual","article_publisher":"https:\/\/www.facebook.com\/smsafemode","article_modified_time":"2026-01-18T23:57:11+00:00","og_image":[{"url":"https:\/\/farm1.staticflickr.com\/893\/39490930900_7091d74be8_o.png","type":"","width":"","height":""}],"twitter_card":"summary_large_image","twitter_image":"https:\/\/farm1.staticflickr.com\/893\/39490930900_7091d74be8_o.png","twitter_site":"@SMsafemode","twitter_misc":{"Tiempo de lectura":"2 minutos"},"schema":{"@context":"https:\/\/schema.org","@graph":[{"@type":"WebPage","@id":"https:\/\/smsafemode.com\/tienda\/producto\/asesoria-virtual-video-llamada-sst\/","url":"https:\/\/smsafemode.com\/tienda\/producto\/asesoria-virtual-video-llamada-sst\/","name":"Asesor\u00eda virtual video-llamada (SST) | Tienda Virtual Safe Mode","isPartOf":{"@id":"http:\/\/smsafemode.com\/tienda\/#website"},"primaryImageOfPage":{"@id":"https:\/\/smsafemode.com\/tienda\/producto\/asesoria-virtual-video-llamada-sst\/#primaryimage"},"image":{"@id":"https:\/\/smsafemode.com\/tienda\/producto\/asesoria-virtual-video-llamada-sst\/#primaryimage"},"thumbnailUrl":"https:\/\/farm1.staticflickr.com\/893\/39490930900_7091d74be8_o.png","datePublished":"2019-01-12T23:52:47+00:00","dateModified":"2026-01-18T23:57:11+00:00","breadcrumb":{"@id":"https:\/\/smsafemode.com\/tienda\/producto\/asesoria-virtual-video-llamada-sst\/#breadcrumb"},"inLanguage":"es","potentialAction":[{"@type":"ReadAction","target":["https:\/\/smsafemode.com\/tienda\/producto\/asesoria-virtual-video-llamada-sst\/"]}]},{"@type":"ImageObject","inLanguage":"es","@id":"https:\/\/smsafemode.com\/tienda\/producto\/asesoria-virtual-video-llamada-sst\/#primaryimage","url":"https:\/\/farm1.staticflickr.com\/893\/39490930900_7091d74be8_o.png","contentUrl":"https:\/\/farm1.staticflickr.com\/893\/39490930900_7091d74be8_o.png","width":"703","height":"869","caption":"Asesor\u00eda virtual video-llamada (SST)"},{"@type":"BreadcrumbList","@id":"https:\/\/smsafemode.com\/tienda\/producto\/asesoria-virtual-video-llamada-sst\/#breadcrumb","itemListElement":[{"@type":"ListItem","position":1,"name":"Portada","item":"https:\/\/smsafemode.com\/tienda\/"},{"@type":"ListItem","position":2,"name":"Inicio","item":"https:\/\/smsafemode.com\/tienda\/"},{"@type":"ListItem","position":3,"name":"Asesor\u00eda virtual video-llamada (SST)"}]},{"@type":"WebSite","@id":"http:\/\/smsafemode.com\/tienda\/#website","url":"http:\/\/smsafemode.com\/tienda\/","name":"Tienda Virtual","description":"Todas nuestras soluciones a un clic","publisher":{"@id":"http:\/\/smsafemode.com\/tienda\/#organization"},"potentialAction":[{"@type":"SearchAction","target":{"@type":"EntryPoint","urlTemplate":"http:\/\/smsafemode.com\/tienda\/?s={search_term_string}"},"query-input":{"@type":"PropertyValueSpecification","valueRequired":true,"valueName":"search_term_string"}}],"inLanguage":"es"},{"@type":"Organization","@id":"http:\/\/smsafemode.com\/tienda\/#organization","name":"Safe Mode Sas","url":"http:\/\/smsafemode.com\/tienda\/","logo":{"@type":"ImageObject","inLanguage":"es","@id":"http:\/\/smsafemode.com\/tienda\/#\/schema\/logo\/image\/","url":"https:\/\/storage.googleapis.com\/stateless-smsafemode-com\/2019\/01\/26291970407_ec01902df5_o.png","contentUrl":"https:\/\/storage.googleapis.com\/stateless-smsafemode-com\/2019\/01\/26291970407_ec01902df5_o.png","width":425,"height":426,"caption":"Safe Mode Sas"},"image":{"@id":"http:\/\/smsafemode.com\/tienda\/#\/schema\/logo\/image\/"},"sameAs":["https:\/\/www.facebook.com\/smsafemode","https:\/\/x.com\/SMsafemode"]}]}},"_links":{"self":[{"href":"https:\/\/smsafemode.com\/tienda\/wp-json\/wp\/v2\/product\/13","targetHints":{"allow":["GET"]}}],"collection":[{"href":"https:\/\/smsafemode.com\/tienda\/wp-json\/wp\/v2\/product"}],"about":[{"href":"https:\/\/smsafemode.com\/tienda\/wp-json\/wp\/v2\/types\/product"}],"wp:featuredmedia":[{"embeddable":true,"href":"https:\/\/smsafemode.com\/tienda\/wp-json\/wp\/v2\/media\/35"}],"wp:attachment":[{"href":"https:\/\/smsafemode.com\/tienda\/wp-json\/wp\/v2\/media?parent=13"}],"wp:term":[{"taxonomy":"product_brand","embeddable":true,"href":"https:\/\/smsafemode.com\/tienda\/wp-json\/wp\/v2\/product_brand?post=13"},{"taxonomy":"product_cat","embeddable":true,"href":"https:\/\/smsafemode.com\/tienda\/wp-json\/wp\/v2\/product_cat?post=13"},{"taxonomy":"product_tag","embeddable":true,"href":"https:\/\/smsafemode.com\/tienda\/wp-json\/wp\/v2\/product_tag?post=13"}],"curies":[{"name":"wp","href":"https:\/\/api.w.org\/{rel}","templated":true}]}}