{"id":110,"date":"2019-01-15T20:32:31","date_gmt":"2019-01-15T20:32:31","guid":{"rendered":"http:\/\/smsafemode.com\/tienda\/?post_type=product&#038;p=110"},"modified":"2021-09-11T19:11:20","modified_gmt":"2021-09-12T00:11:20","slug":"diseno-de-imagenes-para-redes-sociales-20-imagenes","status":"publish","type":"product","link":"https:\/\/smsafemode.com\/tienda\/producto\/diseno-de-imagenes-para-redes-sociales-20-imagenes\/","title":{"rendered":"Dise\u00f1o de im\u00e1genes para redes sociales 20 im\u00e1genes"},"content":{"rendered":"<p>Gracias a este servicio puedes mantener publicaciones constantes con las cuales siempre podr\u00e1s publicar una imagen diferente que atraiga la atenci\u00f3n de tus clientes o seguidores impulsando marcas, productos o servicios de forma eficiente<\/p>\n<p>Este servicio pertenece a nuestra unidad de negocio MAKE la cual esta enteramente dedicada a ofrecer soluciones practicas y adecuadas de dise\u00f1o gr\u00e1fico de f\u00e1cil acceso para todos, mejorando as\u00ed la proyecci\u00f3n de marca y branding.<\/p>\n<p>La prestaci\u00f3n de este servicio se realiza de la siguiente forma:<img loading=\"lazy\" decoding=\"async\" class=\"alignright\" src=\"https:\/\/farm1.staticflickr.com\/923\/41606508261_e2d300d1e6_o.png\" width=\"202\" height=\"207\" data-large_image_width=\"1384.8219512195121\" data-large_image_height=\"1423\" \/><\/p>\n<ol>\n<li>Adquieres el servicio por medio de nuestra tienda virtual y lo pagas con cualquiera de los medios de pago disponibles<\/li>\n<li>En un plazo no mayor a 24 horas nos estaremos comunicando contigo para conocer que es lo que quieres encontrar en tus im\u00e1genes.<\/li>\n<li>Creamos un borrador de las im\u00e1genes con avanzados programas de dise\u00f1o grafico para que lo apruebes o nos des las correcciones respectivas.<\/li>\n<li>Realizamos los ajustes que hagan falta y te enviamos los archivos por correo electr\u00f3nico.<\/li>\n<\/ol>\n<p>Las ventajas de contar con material fresco en tus redes sociales es que con facilidad logras generar recordaci\u00f3n de marca entre tus seguidores o clientes incrementando hasta en un 80% la intenci\u00f3n de compra o contacto contigo, esto significa que cuando un cliente constantemente tiene noticias tuyas o de tu empresa se va sintiendo con mas confianza de comprar o adquirir lo que tu ofreces y as\u00ed logras que siempre que alguien tenga una necesidad de tus productos o servicios te tome a ti como primera opci\u00f3n.<\/p>\n<h6 style=\"text-align: center;\"><b>Importante el dise\u00f1o de im\u00e1genes\u00a0no contiene dise\u00f1o de logos o iso-logos<\/b><\/h6>\n","protected":false},"excerpt":{"rendered":"<p>Servicio gracias al cual podr\u00e1s de manera f\u00e1cil mantener en movimiento tus redes sociales de manera continua donde incluimos:<\/p>\n<ul>\n<li>Dise\u00f1o de im\u00e1genes o tem\u00e1tica<\/li>\n<li>10 im\u00e1genes en tama\u00f1os adecuados para las redes sociales<\/li>\n<\/ul>\n","protected":false},"featured_media":1374,"template":"","meta":{"inline_featured_image":false,"_joinchat":[]},"product_brand":[],"product_cat":[121],"product_tag":[114,115,116,117,113,118,119],"class_list":{"0":"post-110","1":"product","2":"type-product","3":"status-publish","4":"has-post-thumbnail","6":"product_cat-diseno-para-redes-sociales","7":"product_tag-diseno-grafico","8":"product_tag-diseno-para-redes-sociales","9":"product_tag-facebook","10":"product_tag-instagram","11":"product_tag-make","12":"product_tag-stories","13":"product_tag-twitter","15":"first","16":"instock","17":"virtual","18":"taxable","19":"purchasable","20":"product-type-simple","21":"customify-col"},"yoast_head":"<!-- This site is optimized with the Yoast SEO plugin v26.7 - https:\/\/yoast.com\/wordpress\/plugins\/seo\/ -->\n<title>Dise\u00f1o de im\u00e1genes para redes sociales 20 im\u00e1genes | Tienda Virtual SM<\/title>\n<meta name=\"description\" content=\"No te mantes pensando que publicar en las redes sociales de tu empresa, nosotros nos encargamos de eso compra 20 imagenes y todo el mes podras publicar.\" \/>\n<meta name=\"robots\" content=\"index, follow, max-snippet:-1, max-image-preview:large, max-video-preview:-1\" \/>\n<link rel=\"canonical\" href=\"http:\/\/smsafemode.com\/tienda\/producto\/diseno-de-imagenes-para-redes-sociales-20-imagenes\/\" \/>\n<meta property=\"og:locale\" content=\"es_ES\" \/>\n<meta property=\"og:type\" content=\"article\" \/>\n<meta property=\"og:title\" content=\"Dise\u00f1o de im\u00e1genes para redes sociales 20 im\u00e1genes | Tienda Virtual SM\" \/>\n<meta property=\"og:description\" content=\"No te mantes pensando que publicar en las redes sociales de tu empresa, nosotros nos encargamos de eso compra 20 imagenes y todo el mes podras publicar.\" \/>\n<meta property=\"og:url\" content=\"http:\/\/smsafemode.com\/tienda\/producto\/diseno-de-imagenes-para-redes-sociales-20-imagenes\/\" \/>\n<meta property=\"og:site_name\" content=\"Tienda Virtual\" \/>\n<meta property=\"article:publisher\" content=\"https:\/\/www.facebook.com\/smsafemode\" \/>\n<meta property=\"article:modified_time\" content=\"2021-09-12T00:11:20+00:00\" \/>\n<meta property=\"og:image\" content=\"https:\/\/storage.googleapis.com\/stateless-smsafemode-com\/2019\/01\/d740b1e9-diseno-de-20-imagenes-para-redes-sociales-safe-mode.png\" \/>\n\t<meta property=\"og:image:width\" content=\"862\" \/>\n\t<meta property=\"og:image:height\" content=\"1062\" \/>\n\t<meta property=\"og:image:type\" content=\"image\/png\" \/>\n<meta name=\"twitter:card\" content=\"summary_large_image\" \/>\n<meta name=\"twitter:site\" content=\"@SMsafemode\" \/>\n<meta name=\"twitter:label1\" content=\"Tiempo de lectura\" \/>\n\t<meta name=\"twitter:data1\" content=\"1 minuto\" \/>\n<script type=\"application\/ld+json\" class=\"yoast-schema-graph\">{\"@context\":\"https:\/\/schema.org\",\"@graph\":[{\"@type\":\"WebPage\",\"@id\":\"http:\/\/smsafemode.com\/tienda\/producto\/diseno-de-imagenes-para-redes-sociales-20-imagenes\/\",\"url\":\"http:\/\/smsafemode.com\/tienda\/producto\/diseno-de-imagenes-para-redes-sociales-20-imagenes\/\",\"name\":\"Dise\u00f1o de im\u00e1genes para redes sociales 20 im\u00e1genes | Tienda Virtual SM\",\"isPartOf\":{\"@id\":\"http:\/\/smsafemode.com\/tienda\/#website\"},\"primaryImageOfPage\":{\"@id\":\"http:\/\/smsafemode.com\/tienda\/producto\/diseno-de-imagenes-para-redes-sociales-20-imagenes\/#primaryimage\"},\"image\":{\"@id\":\"http:\/\/smsafemode.com\/tienda\/producto\/diseno-de-imagenes-para-redes-sociales-20-imagenes\/#primaryimage\"},\"thumbnailUrl\":\"https:\/\/storage.googleapis.com\/stateless-smsafemode-com\/2019\/01\/d740b1e9-diseno-de-20-imagenes-para-redes-sociales-safe-mode.png\",\"datePublished\":\"2019-01-15T20:32:31+00:00\",\"dateModified\":\"2021-09-12T00:11:20+00:00\",\"description\":\"No te mantes pensando que publicar en las redes sociales de tu empresa, nosotros nos encargamos de eso compra 20 imagenes y todo el mes podras publicar.\",\"breadcrumb\":{\"@id\":\"http:\/\/smsafemode.com\/tienda\/producto\/diseno-de-imagenes-para-redes-sociales-20-imagenes\/#breadcrumb\"},\"inLanguage\":\"es\",\"potentialAction\":[{\"@type\":\"ReadAction\",\"target\":[\"http:\/\/smsafemode.com\/tienda\/producto\/diseno-de-imagenes-para-redes-sociales-20-imagenes\/\"]}]},{\"@type\":\"ImageObject\",\"inLanguage\":\"es\",\"@id\":\"http:\/\/smsafemode.com\/tienda\/producto\/diseno-de-imagenes-para-redes-sociales-20-imagenes\/#primaryimage\",\"url\":\"https:\/\/storage.googleapis.com\/stateless-smsafemode-com\/2019\/01\/d740b1e9-diseno-de-20-imagenes-para-redes-sociales-safe-mode.png\",\"contentUrl\":\"https:\/\/storage.googleapis.com\/stateless-smsafemode-com\/2019\/01\/d740b1e9-diseno-de-20-imagenes-para-redes-sociales-safe-mode.png\",\"width\":862,\"height\":1062},{\"@type\":\"BreadcrumbList\",\"@id\":\"http:\/\/smsafemode.com\/tienda\/producto\/diseno-de-imagenes-para-redes-sociales-20-imagenes\/#breadcrumb\",\"itemListElement\":[{\"@type\":\"ListItem\",\"position\":1,\"name\":\"Portada\",\"item\":\"https:\/\/smsafemode.com\/tienda\/\"},{\"@type\":\"ListItem\",\"position\":2,\"name\":\"Inicio\",\"item\":\"https:\/\/smsafemode.com\/tienda\/\"},{\"@type\":\"ListItem\",\"position\":3,\"name\":\"Dise\u00f1o de im\u00e1genes para redes sociales 20 im\u00e1genes\"}]},{\"@type\":\"WebSite\",\"@id\":\"http:\/\/smsafemode.com\/tienda\/#website\",\"url\":\"http:\/\/smsafemode.com\/tienda\/\",\"name\":\"Tienda Virtual\",\"description\":\"Todas nuestras soluciones a un clic\",\"publisher\":{\"@id\":\"http:\/\/smsafemode.com\/tienda\/#organization\"},\"potentialAction\":[{\"@type\":\"SearchAction\",\"target\":{\"@type\":\"EntryPoint\",\"urlTemplate\":\"http:\/\/smsafemode.com\/tienda\/?s={search_term_string}\"},\"query-input\":{\"@type\":\"PropertyValueSpecification\",\"valueRequired\":true,\"valueName\":\"search_term_string\"}}],\"inLanguage\":\"es\"},{\"@type\":\"Organization\",\"@id\":\"http:\/\/smsafemode.com\/tienda\/#organization\",\"name\":\"Safe Mode Sas\",\"url\":\"http:\/\/smsafemode.com\/tienda\/\",\"logo\":{\"@type\":\"ImageObject\",\"inLanguage\":\"es\",\"@id\":\"http:\/\/smsafemode.com\/tienda\/#\/schema\/logo\/image\/\",\"url\":\"https:\/\/storage.googleapis.com\/stateless-smsafemode-com\/2019\/01\/26291970407_ec01902df5_o.png\",\"contentUrl\":\"https:\/\/storage.googleapis.com\/stateless-smsafemode-com\/2019\/01\/26291970407_ec01902df5_o.png\",\"width\":425,\"height\":426,\"caption\":\"Safe Mode Sas\"},\"image\":{\"@id\":\"http:\/\/smsafemode.com\/tienda\/#\/schema\/logo\/image\/\"},\"sameAs\":[\"https:\/\/www.facebook.com\/smsafemode\",\"https:\/\/x.com\/SMsafemode\"]}]}<\/script>\n<!-- \/ Yoast SEO plugin. -->","yoast_head_json":{"title":"Dise\u00f1o de im\u00e1genes para redes sociales 20 im\u00e1genes | Tienda Virtual SM","description":"No te mantes pensando que publicar en las redes sociales de tu empresa, nosotros nos encargamos de eso compra 20 imagenes y todo el mes podras publicar.","robots":{"index":"index","follow":"follow","max-snippet":"max-snippet:-1","max-image-preview":"max-image-preview:large","max-video-preview":"max-video-preview:-1"},"canonical":"http:\/\/smsafemode.com\/tienda\/producto\/diseno-de-imagenes-para-redes-sociales-20-imagenes\/","og_locale":"es_ES","og_type":"article","og_title":"Dise\u00f1o de im\u00e1genes para redes sociales 20 im\u00e1genes | Tienda Virtual SM","og_description":"No te mantes pensando que publicar en las redes sociales de tu empresa, nosotros nos encargamos de eso compra 20 imagenes y todo el mes podras publicar.","og_url":"http:\/\/smsafemode.com\/tienda\/producto\/diseno-de-imagenes-para-redes-sociales-20-imagenes\/","og_site_name":"Tienda Virtual","article_publisher":"https:\/\/www.facebook.com\/smsafemode","article_modified_time":"2021-09-12T00:11:20+00:00","og_image":[{"width":862,"height":1062,"url":"https:\/\/storage.googleapis.com\/stateless-smsafemode-com\/2019\/01\/d740b1e9-diseno-de-20-imagenes-para-redes-sociales-safe-mode.png","type":"image\/png"}],"twitter_card":"summary_large_image","twitter_site":"@SMsafemode","twitter_misc":{"Tiempo de lectura":"1 minuto"},"schema":{"@context":"https:\/\/schema.org","@graph":[{"@type":"WebPage","@id":"http:\/\/smsafemode.com\/tienda\/producto\/diseno-de-imagenes-para-redes-sociales-20-imagenes\/","url":"http:\/\/smsafemode.com\/tienda\/producto\/diseno-de-imagenes-para-redes-sociales-20-imagenes\/","name":"Dise\u00f1o de im\u00e1genes para redes sociales 20 im\u00e1genes | Tienda Virtual SM","isPartOf":{"@id":"http:\/\/smsafemode.com\/tienda\/#website"},"primaryImageOfPage":{"@id":"http:\/\/smsafemode.com\/tienda\/producto\/diseno-de-imagenes-para-redes-sociales-20-imagenes\/#primaryimage"},"image":{"@id":"http:\/\/smsafemode.com\/tienda\/producto\/diseno-de-imagenes-para-redes-sociales-20-imagenes\/#primaryimage"},"thumbnailUrl":"https:\/\/storage.googleapis.com\/stateless-smsafemode-com\/2019\/01\/d740b1e9-diseno-de-20-imagenes-para-redes-sociales-safe-mode.png","datePublished":"2019-01-15T20:32:31+00:00","dateModified":"2021-09-12T00:11:20+00:00","description":"No te mantes pensando que publicar en las redes sociales de tu empresa, nosotros nos encargamos de eso compra 20 imagenes y todo el mes podras publicar.","breadcrumb":{"@id":"http:\/\/smsafemode.com\/tienda\/producto\/diseno-de-imagenes-para-redes-sociales-20-imagenes\/#breadcrumb"},"inLanguage":"es","potentialAction":[{"@type":"ReadAction","target":["http:\/\/smsafemode.com\/tienda\/producto\/diseno-de-imagenes-para-redes-sociales-20-imagenes\/"]}]},{"@type":"ImageObject","inLanguage":"es","@id":"http:\/\/smsafemode.com\/tienda\/producto\/diseno-de-imagenes-para-redes-sociales-20-imagenes\/#primaryimage","url":"https:\/\/storage.googleapis.com\/stateless-smsafemode-com\/2019\/01\/d740b1e9-diseno-de-20-imagenes-para-redes-sociales-safe-mode.png","contentUrl":"https:\/\/storage.googleapis.com\/stateless-smsafemode-com\/2019\/01\/d740b1e9-diseno-de-20-imagenes-para-redes-sociales-safe-mode.png","width":862,"height":1062},{"@type":"BreadcrumbList","@id":"http:\/\/smsafemode.com\/tienda\/producto\/diseno-de-imagenes-para-redes-sociales-20-imagenes\/#breadcrumb","itemListElement":[{"@type":"ListItem","position":1,"name":"Portada","item":"https:\/\/smsafemode.com\/tienda\/"},{"@type":"ListItem","position":2,"name":"Inicio","item":"https:\/\/smsafemode.com\/tienda\/"},{"@type":"ListItem","position":3,"name":"Dise\u00f1o de im\u00e1genes para redes sociales 20 im\u00e1genes"}]},{"@type":"WebSite","@id":"http:\/\/smsafemode.com\/tienda\/#website","url":"http:\/\/smsafemode.com\/tienda\/","name":"Tienda Virtual","description":"Todas nuestras soluciones a un clic","publisher":{"@id":"http:\/\/smsafemode.com\/tienda\/#organization"},"potentialAction":[{"@type":"SearchAction","target":{"@type":"EntryPoint","urlTemplate":"http:\/\/smsafemode.com\/tienda\/?s={search_term_string}"},"query-input":{"@type":"PropertyValueSpecification","valueRequired":true,"valueName":"search_term_string"}}],"inLanguage":"es"},{"@type":"Organization","@id":"http:\/\/smsafemode.com\/tienda\/#organization","name":"Safe Mode Sas","url":"http:\/\/smsafemode.com\/tienda\/","logo":{"@type":"ImageObject","inLanguage":"es","@id":"http:\/\/smsafemode.com\/tienda\/#\/schema\/logo\/image\/","url":"https:\/\/storage.googleapis.com\/stateless-smsafemode-com\/2019\/01\/26291970407_ec01902df5_o.png","contentUrl":"https:\/\/storage.googleapis.com\/stateless-smsafemode-com\/2019\/01\/26291970407_ec01902df5_o.png","width":425,"height":426,"caption":"Safe Mode Sas"},"image":{"@id":"http:\/\/smsafemode.com\/tienda\/#\/schema\/logo\/image\/"},"sameAs":["https:\/\/www.facebook.com\/smsafemode","https:\/\/x.com\/SMsafemode"]}]}},"_links":{"self":[{"href":"https:\/\/smsafemode.com\/tienda\/wp-json\/wp\/v2\/product\/110","targetHints":{"allow":["GET"]}}],"collection":[{"href":"https:\/\/smsafemode.com\/tienda\/wp-json\/wp\/v2\/product"}],"about":[{"href":"https:\/\/smsafemode.com\/tienda\/wp-json\/wp\/v2\/types\/product"}],"wp:featuredmedia":[{"embeddable":true,"href":"https:\/\/smsafemode.com\/tienda\/wp-json\/wp\/v2\/media\/1374"}],"wp:attachment":[{"href":"https:\/\/smsafemode.com\/tienda\/wp-json\/wp\/v2\/media?parent=110"}],"wp:term":[{"taxonomy":"product_brand","embeddable":true,"href":"https:\/\/smsafemode.com\/tienda\/wp-json\/wp\/v2\/product_brand?post=110"},{"taxonomy":"product_cat","embeddable":true,"href":"https:\/\/smsafemode.com\/tienda\/wp-json\/wp\/v2\/product_cat?post=110"},{"taxonomy":"product_tag","embeddable":true,"href":"https:\/\/smsafemode.com\/tienda\/wp-json\/wp\/v2\/product_tag?post=110"}],"curies":[{"name":"wp","href":"https:\/\/api.w.org\/{rel}","templated":true}]}}