{"id":9163,"date":"2022-10-24T12:59:20","date_gmt":"2022-10-24T12:59:20","guid":{"rendered":"https:\/\/smsafemode.com\/cursos\/?post_type=product&#038;p=9163"},"modified":"2024-05-06T15:13:52","modified_gmt":"2024-05-06T15:13:52","slug":"primeros-auxilios","status":"publish","type":"product","link":"https:\/\/smsafemode.com\/cursos\/producto\/primeros-auxilios\/","title":{"rendered":"Curso Primeros Auxilios"},"content":{"rendered":"<p>Te presentamos el curso de primeros auxilios en el cual podr\u00e1s conocer todos los conceptos principales de c\u00f3mo prestar un primer auxilio, as\u00ed como tambi\u00e9n poder reaccionar e identificar las acciones asertivas para un primer auxilio.<\/p>\n[su_button url=\u00bbhttps:\/\/smsafemode.com\/tienda\/producto\/curso-primeros-auxilios-basicos-certificado\/\u00bb style=\u00bb3d\u00bb background=\u00bb#FC551F\u00bb size=\u00bb8&#8243; wide=\u00bbyes\u00bb center=\u00bbyes\u00bb]Ver m\u00e1s del curso primeros auxilios[\/su_button]\n<h2>Tem\u00e1ticas de primeros auxilios<\/h2>\n<ul>\n<li>Qu\u00e9 son los primeros auxilios y su importancia.<\/li>\n<li>Botiqu\u00edn de primeros auxilios.<\/li>\n<li>Signos Vitales.<\/li>\n<li>El socorrista o Primer Respondiente.<\/li>\n<li>Actuaci\u00f3n general ante emergencia.<\/li>\n<li>Valoraci\u00f3n Primaria y secundaria en Primeros auxilios.<\/li>\n<li>C\u00f3mo revisar a una persona consciente, inconsciente.<\/li>\n<li>C\u00f3mo revisar a un adulto a un ni\u00f1o o beb\u00e9.<\/li>\n<li>Cadena de Supervivencia.<\/li>\n<li>RCP en Adultos, Ni\u00f1os y Reci\u00e9n Nacidos.<\/li>\n<li>Desfibriladores autom\u00e1ticos externos.<\/li>\n<li>Abordaje de la Asfixia.<\/li>\n<li>Atragantamiento en Adultos, Ni\u00f1os y RN.<\/li>\n<li>Crisis Diab\u00e9ticas y Al\u00e9rgicas.<\/li>\n<li>Deshidrataci\u00f3n.<\/li>\n<li>Crisis Asm\u00e1ticas, Hipertensivas.<\/li>\n<li>Consumo de alcohol.<\/li>\n<li>Sangrado nasal.<\/li>\n<li>Lesiones El\u00e9ctricas.<\/li>\n<li>Incendio en Vivienda.<\/li>\n<li>Accidente Dental.<\/li>\n<li>Cuerpo extra\u00f1o ojo, nariz y o\u00eddo.<\/li>\n<li>Lesi\u00f3n por Rayo, lesi\u00f3n ocular.<\/li>\n<li>Lesiones t\u00e9rmicas.<\/li>\n<li>Miembro seccionado\/amputaci\u00f3n.<\/li>\n<li>Herida en el Abdomen, Herida Grave y Leve.<\/li>\n<li>Herida en el T\u00f3rax.<\/li>\n<li>Esguince o Torcedura de tobillo.<\/li>\n<li>Fractura de Pierna.<\/li>\n<li>Traumatismo cr\u00e1neo y columna.<\/li>\n<li>Fractura de Brazo.<\/li>\n<\/ul>\n[su_button url=\u00bbhhttps:\/\/smsafemode.com\/tienda\/producto\/curso-primeros-auxilios-basicos-certificado\/\u00bb style=\u00bb3d\u00bb background=\u00bb#FC551F\u00bb size=\u00bb8&#8243; wide=\u00bbyes\u00bb center=\u00bbyes\u00bb]Ver m\u00e1s del curso primeros auxilios[\/su_button]\n<ul>\n<li>Quemaduras en general.<\/li>\n<li>Quemaduras en ni\u00f1os, Leves y Graves.<\/li>\n<li>Mordedura de serpiente.<\/li>\n<li>Picadura de Garrapata, de Medusa.<\/li>\n<li>Mordedura animal humana.<\/li>\n<li>Picadura o mordedura varios animales.<\/li>\n<li>Picadura de abeja.<\/li>\n<li>Derrame cerebral.<\/li>\n<li>P\u00e9rdida del conocimiento o Lipotimia.<\/li>\n<li>Intoxicaci\u00f3n por Mon\u00f3xido de Carbono.<\/li>\n<li>Intoxicaci\u00f3n Qu\u00edmica y Alimentaria.<\/li>\n<li>Intoxicaci\u00f3n por Humo y Gases.<\/li>\n<li>Plantas venenosas.<\/li>\n<li>Posici\u00f3n lateral de Seguridad.<\/li>\n<li>Traslado y transporte de accidentados.<\/li>\n<\/ul>\n<h2>Que vas a lograr con el curso PRIMEROS AUXILIOS<\/h2>\n<ul>\n<li>Conocer c\u00f3mo evitar una condici\u00f3n m\u00e9dica de mayor complejidad.<\/li>\n<li>Desbloquear tu mente y aplicar las t\u00e9cnicas de atenci\u00f3n r\u00e1pida en accidentes de trabajo, de tr\u00e1nsito o en casa.<\/li>\n<li>Preparar a la persona\/v\u00edctima\/paciente para una atenci\u00f3n m\u00e9dica posterior y mejorar las probabilidades de recuperaci\u00f3n.<\/li>\n<li>Proporcionar ayuda cualificada en diversas situaciones de emergencia, a tu familia, tus amigos o compa\u00f1eros de trabajo.<\/li>\n<li>Comprender por qu\u00e9 muchas de las muertes podr\u00edan evitarse si tuvi\u00e9ramos unas nociones b\u00e1sicas de primeros auxilios.<\/li>\n<li>Entender la relevancia del porqu\u00e9 \u201cEl primer minuto despu\u00e9s de una situaci\u00f3n de emergencia es fundamental, para prevenir muchas muertes o secuelas posteriores\u201d.<\/li>\n<li>Descubrir c\u00f3mo las t\u00e9cnicas iniciales de primeros auxilios pueden mejorar la eficacia de la atenci\u00f3n m\u00e9dica posterior.<\/li>\n<li>Saber d\u00f3nde consultar tus preguntas sobre primeros auxilios y mejorar tus t\u00e9cnicas. Recuerda que: \u201cLa gente no se bloquea con la cabeza, se bloquea con el cuerpo\u201d.<\/li>\n<li>Acceder a los contenidos PARA TODA LA VIDA y tambi\u00e9n a todas las actualizaciones que haga del programa.<\/li>\n<li>Acceder a un sistema de comentarios en los que podr\u00e1s publicar tus preguntas y recibir una respuesta precisa y r\u00e1pida que te permita seguir con tu capacitaci\u00f3n.<\/li>\n<li>Acceder al diploma descargable avalado<\/li>\n<\/ul>\n[su_button url=\u00bbhttps:\/\/smsafemode.com\/tienda\/producto\/curso-primeros-auxilios-basicos-certificado\/\u00bb style=\u00bb3d\u00bb background=\u00bb#FC551F\u00bb size=\u00bb8&#8243; wide=\u00bbyes\u00bb center=\u00bbyes\u00bb]Ver m\u00e1s del curso primeros auxilios[\/su_button]\n<h2>Por que aprender de primeros auxilios<\/h2>\n<p>Est<span data-offset-key=\"9u7j2-1-0\">as<\/span><span data-offset-key=\"9u7j2-2-0\"> son<\/span><span data-offset-key=\"9u7j2-3-0\"> las<\/span><span data-offset-key=\"9u7j2-4-0\"> 8 r<\/span><span data-offset-key=\"9u7j2-6-0\">az<\/span><span data-offset-key=\"9u7j2-7-0\">ones<\/span><span data-offset-key=\"9u7j2-8-0\"> det<\/span><span data-offset-key=\"9u7j2-9-0\">all<\/span><span data-offset-key=\"9u7j2-10-0\">adas<\/span><span data-offset-key=\"9u7j2-11-0\"> por<\/span><span data-offset-key=\"9u7j2-12-0\"> las<\/span><span data-offset-key=\"9u7j2-13-0\"> c<\/span><span data-offset-key=\"9u7j2-14-0\">ual<\/span><span data-offset-key=\"9u7j2-15-0\">es<\/span><span data-offset-key=\"9u7j2-16-0\"> rec<\/span><span data-offset-key=\"9u7j2-17-0\">om<\/span><span data-offset-key=\"9u7j2-18-0\">end<\/span><span data-offset-key=\"9u7j2-19-0\">am<\/span><span data-offset-key=\"9u7j2-20-0\">os<\/span><span data-offset-key=\"9u7j2-21-0\"> ap<\/span><span data-offset-key=\"9u7j2-22-0\">render<\/span><span data-offset-key=\"9u7j2-23-0\"> prim<\/span><span data-offset-key=\"9u7j2-24-0\">eros<\/span><span data-offset-key=\"9u7j2-25-0\"> aux<\/span><span data-offset-key=\"9u7j2-26-0\">ili<\/span><span data-offset-key=\"9u7j2-27-0\">os<\/span><span data-offset-key=\"9u7j2-28-0\"> para<\/span><span data-offset-key=\"9u7j2-29-0\"> la<\/span><span data-offset-key=\"9u7j2-30-0\"> brig<\/span><span data-offset-key=\"9u7j2-31-0\">ada<\/span><span data-offset-key=\"9u7j2-32-0\"> de<\/span><span data-offset-key=\"9u7j2-33-0\"> emer<\/span><span data-offset-key=\"9u7j2-34-0\">gen<\/span><span data-offset-key=\"9u7j2-35-0\">cia<\/span><span data-offset-key=\"9u7j2-36-0\"> en<\/span><span data-offset-key=\"9u7j2-37-0\"> las<\/span><span data-offset-key=\"9u7j2-38-0\"> em<\/span><span data-offset-key=\"9u7j2-39-0\">pres<\/span><span data-offset-key=\"9u7j2-40-0\">as<\/span><span data-offset-key=\"9u7j2-41-0\">:<\/span><\/p>\n<h4>1<span data-offset-key=\"9u7j2-44-0\">. Los accidentes ocurren sin previo aviso <\/span><\/h4>\n<p>Los<span data-offset-key=\"9u7j2-57-0\"> accidentes pueden ocurrir en cualquier momento y en cualquier lugar. No importa si la empresa es grande o peque\u00f1a, si est\u00e1 en una zona rural o urbana, si es una f\u00e1brica o una oficina. Los accidentes pueden ocurrir en cualquier momento y en cualquier lugar. No importa si la empresa es grande o peque\u00f1a, si est\u00e1 en una zona rural o urbana, si es una f\u00e1brica o una oficina. <\/span><\/p>\n<h3>2<span data-offset-key=\"9u7j2-201-0\">. Los accidentes son imprevisibles Los accidentes son imprevisibles. <\/span><\/h3>\n<p>No<span data-offset-key=\"9u7j2-222-0\"> se puede predecir cu\u00e1ndo ocurrir\u00e1n. No se puede predecir qu\u00e9 tipo de accidente ocurrir\u00e1. No se puede predecir cu\u00e1ntas personas estar\u00e1n involucradas. <\/span><\/p>\n<h3>3<span data-offset-key=\"9u7j2-278-0\">. Los accidentes son inevitables.<\/span><\/h3>\n<p>Aun cuando tengamos un mayor control sobre los riesgos laborales siempre existe la probabilidad de accidente puede aspectos de los cu\u00e1les se requiera prestar un primer auxilio de forma inmediata.<\/p>\n<h3>4<span data-offset-key=\"9u7j2-278-0\">. Los accidentes pueden ser graves. <\/span><\/h3>\n<p>P<span data-offset-key=\"9u7j2-364-0\">ueden causar lesiones leves, moderadas o graves. Pueden causar la muerte en los casos en donde encontramos una adecuada preparaci\u00f3n de primeros auxilios podemos reducir el riesgo tanto de alteraciones graves como de muertes en caso de una emergencia<\/span><\/p>\n<h3>5.<span data-offset-key=\"9u7j2-364-0\"> Los accidentes pueden tener consecuencias a largo plazo <\/span><\/h3>\n<p>Puedes reconocer como atender adecuadamente un primer auxilio puedes reducir el riesgo de que se presenten consecuencias en la salud de las personas a mediano o largo plazo ya que recibi\u00f3 una debida y adecuada atenci\u00f3n de primeros auxilios<\/p>\n<h3>6.<span data-offset-key=\"9u7j2-455-0\"> Los accidentes pueden afectar a m\u00e1s de una persona.<\/span><\/h3>\n<p>En los casos en los cuales se presenta una emergencia masiva pueden producirse accidentes que llegan a afectar a m\u00e1s de una persona por lo tanto lo ideal es que m\u00e1s personas puedan tener claridad de c\u00f3mo prestar un primer auxilio y socorrer adecuadamente a quien lo requiera.<\/p>\n<h3>7.<span data-offset-key=\"9u7j2-455-0\"> Los accidentes pueden tener un impacto emocional <\/span><\/h3>\n<p>En los casos en los que se presenta una emergencia o un accidente del cual se requiera prestar un primer auxilio puede tener un impacto emocional tanto para la persona que se vio afectada como para el personal que va a prestar el primer auxilio por lo tanto es fundamental conocer y tener claridad sobre los conceptos principales de c\u00f3mo realizar un primer auxilio de forma adecuada para garantizar un mayor control de situaciones de emergencias.<\/p>\n<h3>8.<span data-offset-key=\"9u7j2-642-0\"> Los accidentes pueden tener un impacto en incapacidades <\/span><\/h3>\n<p>Las situaciones de emergencia y accidentes que requieren un primer auxilio fue en llegar a derivar en impactos de incapacidades para las personas quienes lo sufren por eso a partir de este curso vamos a poder generar o mitigar al m\u00e1ximo cualquier da\u00f1o que pueda llegar a tener implicaciones en las personas afectadas<\/p>\n","protected":false},"excerpt":{"rendered":"<p>Curso de primeros auxilios en los cuales se da explicaci\u00f3n sobre las principales acciones que se deben hacer en caso de una emergencia en la cual se requiera la atenci\u00f3n primaria de una persona.<\/p>\n<p style=\"text-align: center;\"><span style=\"color: #ff6600;\"><strong>Oferta especial<\/strong><\/span><\/p>\n","protected":false},"featured_media":9666,"comment_status":"open","ping_status":"closed","template":"","meta":{"inline_featured_image":false},"product_brand":[],"product_cat":[88],"product_tag":[92,90,91,89],"class_list":{"0":"post-9163","1":"product","2":"type-product","3":"status-publish","4":"has-post-thumbnail","6":"product_cat-emergencias","7":"product_tag-atencion-de-emergencias","8":"product_tag-primer-auxilio","9":"product_tag-primer-respondiente","10":"product_tag-primeros-auxilios","12":"first","13":"instock","14":"shipping-taxable","15":"product-type-external","16":"customify-col"},"_links":{"self":[{"href":"https:\/\/smsafemode.com\/cursos\/wp-json\/wp\/v2\/product\/9163","targetHints":{"allow":["GET"]}}],"collection":[{"href":"https:\/\/smsafemode.com\/cursos\/wp-json\/wp\/v2\/product"}],"about":[{"href":"https:\/\/smsafemode.com\/cursos\/wp-json\/wp\/v2\/types\/product"}],"replies":[{"embeddable":true,"href":"https:\/\/smsafemode.com\/cursos\/wp-json\/wp\/v2\/comments?post=9163"}],"wp:featuredmedia":[{"embeddable":true,"href":"https:\/\/smsafemode.com\/cursos\/wp-json\/wp\/v2\/media\/9666"}],"wp:attachment":[{"href":"https:\/\/smsafemode.com\/cursos\/wp-json\/wp\/v2\/media?parent=9163"}],"wp:term":[{"taxonomy":"product_brand","embeddable":true,"href":"https:\/\/smsafemode.com\/cursos\/wp-json\/wp\/v2\/product_brand?post=9163"},{"taxonomy":"product_cat","embeddable":true,"href":"https:\/\/smsafemode.com\/cursos\/wp-json\/wp\/v2\/product_cat?post=9163"},{"taxonomy":"product_tag","embeddable":true,"href":"https:\/\/smsafemode.com\/cursos\/wp-json\/wp\/v2\/product_tag?post=9163"}],"curies":[{"name":"wp","href":"https:\/\/api.w.org\/{rel}","templated":true}]}}