{"id":9148,"date":"2022-10-23T16:44:46","date_gmt":"2022-10-23T16:44:46","guid":{"rendered":"https:\/\/smsafemode.com\/cursos\/?post_type=product&#038;p=9148"},"modified":"2024-11-11T02:41:15","modified_gmt":"2024-11-11T02:41:15","slug":"curso-powerpoint-desde-cero","status":"publish","type":"product","link":"https:\/\/smsafemode.com\/cursos\/producto\/curso-powerpoint-desde-cero\/","title":{"rendered":"Curso PowerPoint"},"content":{"rendered":"<p>Aprende f\u00e1cilmente y en poco tiempo como dominar por completo la herramienta de office PowerPoint, desde la cual te explicamos c\u00f3mo dise\u00f1ar desde cero una presentaci\u00f3n adecuada din\u00e1mica utilizando las herramientas disponibles para tus presentaciones profesionales y acad\u00e9micas.<\/p>\n<p>Curso en espa\u00f1ol<\/p>\n<h2>Informacion Curso PowerPoint<\/h2>\n<div class=\"gca-column three-fifths first\"><h3>Mira estes Video<\/h3>\n[embedyt] https:\/\/www.youtube.com\/watch?v=JrJKVAi7sFY[\/embedyt]<\/div>\n<div class=\"gca-column two-fifths\">[su_button url=\u00bbhttps:\/\/go.hotmart.com\/O91623918M?dp=1&#8243; style=\u00bb3d\u00bb background=\u00bb#FC551F\u00bb size=\u00bb8&#8243; wide=\u00bbyes\u00bb center=\u00bbyes\u00bb]Ver m\u00e1s del curso PowerPoint[\/su_button]\n<ul>\n<li>\u00a0Garantia de 7 dias \u2705<\/li>\n<li>Descarga las clases en la app y estudia offline<\/li>\n<li>Estudia a tu manera y en cualquier dispositivo<\/li>\n<li>34 clases y 2 horas de contenido original<\/li>\n<\/ul><\/div>\n<h2>Contenido de curso<\/h2>\n<p>Dentro del curso b\u00e1sico de Power Point podr\u00e1s encontrar 5 m\u00f3dulos con las siguientes tem\u00e1ticas<\/p>\n[su_button url=\u00bbhttps:\/\/go.hotmart.com\/O91623918M?dp=1&#8243; style=\u00bb3d\u00bb background=\u00bb#FC551F\u00bb size=\u00bb8&#8243; wide=\u00bbyes\u00bb center=\u00bbyes\u00bb]Ver m\u00e1s del curso PowerPoint[\/su_button]\n<h3><span class=\"accordion__title\">Introducci\u00f3n<\/span><\/h3>\n<ul class=\"accordion__description idented\">\n<li class=\"accordion__text hover clickable\" tabindex=\"0\">Introducci\u00f3n<\/li>\n<li class=\"accordion__text hover clickable\" tabindex=\"0\">Los significados de los diferentes efectos<\/li>\n<\/ul>\n<h3>Comenzamos con PowerPoint<img loading=\"lazy\" decoding=\"async\" class=\"alignright wp-image-9154 size-medium\" title=\"curso de powerpoint en espa\u00f1ol\" src=\"https:\/\/storage.googleapis.com\/stateless-smsafemode-com\/2022\/10\/e621423f-powerpoint-300x300.png\" alt=\"curso de power point en espa\u00f1ol\" width=\"300\" height=\"300\" srcset=\"https:\/\/storage.googleapis.com\/stateless-smsafemode-com\/2022\/10\/e621423f-powerpoint-300x300.png 300w, https:\/\/storage.googleapis.com\/stateless-smsafemode-com\/2022\/10\/e621423f-powerpoint-150x150.png 150w, https:\/\/storage.googleapis.com\/stateless-smsafemode-com\/2022\/10\/e621423f-powerpoint-100x100.png 100w, https:\/\/storage.googleapis.com\/stateless-smsafemode-com\/2022\/10\/e621423f-powerpoint.png 512w\" sizes=\"auto, (max-width: 300px) 100vw, 300px\" \/><\/h3>\n<ul class=\"accordion__description idented\">\n<li class=\"accordion__text hover clickable\" tabindex=\"0\">\u00bfQu\u00e9 es PowerPoint?<\/li>\n<li class=\"accordion__text hover clickable\" tabindex=\"0\">Navegaci\u00f3n por PowerPoint<\/li>\n<li class=\"accordion__text hover clickable\" tabindex=\"0\">cambiar de vista de las diapositivas y cambiar tama\u00f1o de la diapositiva<\/li>\n<li class=\"accordion__text hover clickable\" tabindex=\"0\">Colocar titulo y autor de la ppt<\/li>\n<li class=\"accordion__text hover clickable\" tabindex=\"0\">Historial de versi\u00f3n en PowerPoint<\/li>\n<li class=\"accordion__text hover clickable\" tabindex=\"0\">Creaci\u00f3n de nuevas diapositivas y dando dise\u00f1o b\u00e1sico<\/li>\n<li class=\"accordion__text hover clickable\" tabindex=\"0\">Consejos para Imprimir en PowerPoint<\/li>\n<li class=\"accordion__text hover clickable\" tabindex=\"0\">Compartir informaci\u00f3n de las ppt si perder el dise\u00f1o en otras computadoras<\/li>\n<\/ul>\n<h3>Insertar texto, formas y vinculos en powerpoint<\/h3>\n<ul class=\"accordion__description idented\">\n<li class=\"accordion__text hover clickable\" tabindex=\"0\">Crear plantilla personalizada en PowerPoint<\/li>\n<li class=\"accordion__text hover clickable\" tabindex=\"0\">Insertar texto y formas en PowerPoint<\/li>\n<li class=\"accordion__text hover clickable\" tabindex=\"0\">Colocar V\u00ednculos dentro PowerPoint<\/li>\n<li class=\"accordion__text hover clickable\" tabindex=\"0\">Cambiar las formas de las figuras<\/li>\n<li class=\"accordion__text hover clickable\" tabindex=\"0\">Inserta im\u00e1genes en PowerPoint<\/li>\n<li class=\"accordion__text hover clickable\" tabindex=\"0\">insertar v\u00eddeo en PowerPoint<\/li>\n<li class=\"accordion__text hover clickable\" tabindex=\"0\">cambiar de color a la imagen dentro PowerPoint<\/li>\n<\/ul>\n[su_button url=\u00bbhttps:\/\/go.hotmart.com\/O91623918M?dp=1&#8243; style=\u00bb3d\u00bb background=\u00bb#FC551F\u00bb size=\u00bb8&#8243; wide=\u00bbyes\u00bb center=\u00bbyes\u00bb]Ver m\u00e1s del curso PowerPoint[\/su_button]\n<h3>Configuraci\u00f3n Avanzada de PowerPoint<\/h3>\n<ul class=\"accordion__description idented\">\n<li class=\"accordion__text hover clickable\" tabindex=\"0\">Insertar diapositiva externa<\/li>\n<li class=\"accordion__text hover clickable\" tabindex=\"0\">Creaci\u00f3n de indice<\/li>\n<li class=\"accordion__text hover clickable\" tabindex=\"0\">Colocar numero a las diapositivas<\/li>\n<li class=\"accordion__text hover clickable\" tabindex=\"0\">Colocar animaci\u00f3n<\/li>\n<li class=\"accordion__text hover clickable\" tabindex=\"0\">colocar transici\u00f3n<\/li>\n<li class=\"accordion__text hover clickable\" tabindex=\"0\">Crear un temporizador de presentaci\u00f3n<\/li>\n<li class=\"accordion__text hover clickable\" tabindex=\"0\">Asegurar la diapositivas<\/li>\n<li class=\"accordion__text hover clickable\" tabindex=\"0\">Realizar comentario dentro del PowerPoint<\/li>\n<li class=\"accordion__text hover clickable\" tabindex=\"0\">guardar en formato pdf<\/li>\n<li class=\"accordion__text hover clickable\" tabindex=\"0\">guardar en formato jpg<\/li>\n<\/ul>\n<h3>Conversiones del documento<\/h3>\n<ul class=\"accordion__description idented\">\n<li class=\"accordion__text hover clickable\" tabindex=\"0\">Convertir de PowerPoint a PDF<\/li>\n<\/ul>\n[su_button url=\u00bbhttps:\/\/go.hotmart.com\/O91623918M?dp=1&#8243; style=\u00bb3d\u00bb background=\u00bb#FC551F\u00bb size=\u00bb8&#8243; wide=\u00bbyes\u00bb center=\u00bbyes\u00bb]Ver m\u00e1s del curso PowerPoint[\/su_button]\n<h2>M\u00e1s sobre el Curso Powerpoint:<\/h2>\n<p>El material se grab\u00f3 usando la versi\u00f3n office 2019 en una m\u00e1quina con Windows, pero es relevante para Word 2016, 2019 y office 365. Usuarios de MAC, dado que los v\u00eddeos se graban con la versi\u00f3n de Windows de PowerPoint, la interfaz ser\u00e1 un poco diferente.<\/p>\n[su_button url=\u00bbhttps:\/\/go.hotmart.com\/O91623918M?dp=1&#8243; style=\u00bb3d\u00bb background=\u00bb#FC551F\u00bb size=\u00bb8&#8243; wide=\u00bbyes\u00bb center=\u00bbyes\u00bb]Ver m\u00e1s del curso PowerPoint[\/su_button]\n<p>PowerPoint es una aplicaci\u00f3n poderosa que le permite crear diapositivas impresionantes utilizando sus diversas caracter\u00edsticas que se explican detalladamente en el curso, lo que le brinda una comprensi\u00f3n muy clara de su uso al implementar.<\/p>\n<p>PowerPoint es una aplicaci\u00f3n poderosa que le permite crear diapositivas impresionantes utilizando sus diversas caracter\u00edsticas que se explican detalladamente en el curso, lo que le brinda una comprensi\u00f3n muy clara de su uso al implementar.<\/p>\n<p>Algunas de las caracter\u00edsticas cubiertas en el curso son: Colocaci\u00f3n del t\u00edtulo y los autores quienes trabajan en el desarrollo de las diapositivas Historial de versiones Crear hiperv\u00ednculos Compartir informaci\u00f3n si perder el formato Creaci\u00f3n de plantillas personalizadas Protecci\u00f3n de contrase\u00f1a Cambiar las formas de las figuras Insertar im\u00e1genes Insertar videos y mucho, mucho m\u00e1s&#8230;<\/p>\n<p>El curso est\u00e1 cubierto en un lenguaje f\u00e1cil y l\u00facido, lo que facilita la comprensi\u00f3n de los conceptos, al mismo tiempo se adjuntan los enlaces de los ejercicios con el curso que le permitir\u00e1n ir en conjunto con el instructor y asegurarse de que se entienda el tema. a fondo.<\/p>\n[su_button url=\u00bbhttps:\/\/go.hotmart.com\/O91623918M?dp=1&#8243; style=\u00bb3d\u00bb background=\u00bb#FC551F\u00bb size=\u00bb8&#8243; wide=\u00bbyes\u00bb center=\u00bbyes\u00bb]Ver m\u00e1s del curso PowerPoint[\/su_button]\n<p>Escr\u00edbanse ahora para pasar de usuario principiante de PowerPoint a usuario avanzado. Este curso lo llevar\u00e1 a trav\u00e9s de una comprensi\u00f3n integral de las herramientas de presentaci\u00f3n m\u00e1s populares del mercado.<\/p>\n<p>Al finalizar este curso, habr\u00e1 dominado las herramientas de PowerPoint m\u00e1s populares y buscadas y saldr\u00e1 con confianza para completar mucha presentaci\u00f3n en PowerPoint con eficiencia y elegancia. Entonces, \u00bfQu\u00e9 est\u00e1s esperando? Inscr\u00edbete ahora y da el siguiente paso para dominar PowerPoint<\/p>\n<p><a href=\"https:\/\/smsafemode.com\/cursos\/producto\/curso-excel\/\">Tambien te recomendamos el curso de Excel<\/a><\/p>\n<blockquote class=\"wp-embedded-content\" data-secret=\"6cMMOZJuwa\"><p><a href=\"https:\/\/smsafemode.com\/cursos\/producto\/curso-excel\/\">Curso Excel<\/a><\/p><\/blockquote>\n<p><iframe loading=\"lazy\" class=\"wp-embedded-content\" sandbox=\"allow-scripts\" security=\"restricted\" style=\"position: absolute; clip: rect(1px, 1px, 1px, 1px);\" title=\"\u00abCurso Excel\u00bb \u2014 Cursos\" src=\"https:\/\/smsafemode.com\/cursos\/producto\/curso-excel\/embed\/#?secret=FFZoMlSSCV#?secret=6cMMOZJuwa\" data-secret=\"6cMMOZJuwa\" width=\"600\" height=\"338\" frameborder=\"0\" marginwidth=\"0\" marginheight=\"0\" scrolling=\"no\"><\/iframe><\/p>\n<h2>\u00bfPor qu\u00e9 aprender PowerPoint?<\/h2>\n<p>Est<span data-offset-key=\"8vbhs-1-0\">as<\/span><span data-offset-key=\"8vbhs-2-0\"> son<\/span><span data-offset-key=\"8vbhs-3-0\"> las<\/span><span data-offset-key=\"8vbhs-4-0\"> 10<\/span><span data-offset-key=\"8vbhs-5-0\"> r<\/span><span data-offset-key=\"8vbhs-6-0\">az<\/span><span data-offset-key=\"8vbhs-7-0\">ones<\/span><span data-offset-key=\"8vbhs-8-0\"> por<\/span><span data-offset-key=\"8vbhs-9-0\"> las<\/span><span data-offset-key=\"8vbhs-10-0\"> c<\/span><span data-offset-key=\"8vbhs-11-0\">ual<\/span><span data-offset-key=\"8vbhs-12-0\">es<\/span><span data-offset-key=\"8vbhs-13-0\"> es<\/span><span data-offset-key=\"8vbhs-14-0\"> rec<\/span><span data-offset-key=\"8vbhs-15-0\">om<\/span><span data-offset-key=\"8vbhs-16-0\">end<\/span><span data-offset-key=\"8vbhs-17-0\">able<\/span><span data-offset-key=\"8vbhs-18-0\"> ap<\/span><span data-offset-key=\"8vbhs-19-0\">render<\/span><span data-offset-key=\"8vbhs-20-0\"> a<\/span><span data-offset-key=\"8vbhs-21-0\"> h<\/span><span data-offset-key=\"8vbhs-22-0\">acer<\/span><span data-offset-key=\"8vbhs-23-0\"> present<\/span><span data-offset-key=\"8vbhs-24-0\">acion<\/span><span data-offset-key=\"8vbhs-25-0\">es<\/span><span data-offset-key=\"8vbhs-26-0\"> en<\/span><span data-offset-key=\"8vbhs-27-0\"> power<\/span><span data-offset-key=\"8vbhs-28-0\"> point<\/span><span data-offset-key=\"8vbhs-29-0\">:<\/span><\/p>\n[su_button url=\u00bbhttps:\/\/go.hotmart.com\/M75965260O\u00bb style=\u00bb3d\u00bb background=\u00bb#FC551F\u00bb size=\u00bb8&#8243; wide=\u00bbyes\u00bb center=\u00bbyes\u00bb]Ver m\u00e1s del curso PowerPoint[\/su_button]\n<ol>\n<li>Las presentaciones en PowerPoint son una forma eficaz de comunicar ideas y conceptos a una audiencia.<\/li>\n<\/ol>\n<ol start=\"2\">\n<li>PowerPoint permite a los presentadores crear diapositivas atractivas y visualmente impactantes, lo que ayuda a mantener el inter\u00e9s de la audiencia.<\/li>\n<\/ol>\n<ol start=\"3\">\n<li>PowerPoint tambi\u00e9n permite a los presentadores incorporar multimedia en sus presentaciones, lo que las hace m\u00e1s din\u00e1micas y enriquecidas.<\/li>\n<\/ol>\n<ol start=\"4\">\n<li>PowerPoint facilita la creaci\u00f3n de presentaciones consistentes y profesionales.<\/li>\n<\/ol>\n<ol start=\"5\">\n<li>PowerPoint permite a los presentadores compartir sus presentaciones con otros de forma f\u00e1cil y eficiente.<\/li>\n<\/ol>\n<ol start=\"6\">\n<li>PowerPoint ofrece una gran flexibilidad a los presentadores, permiti\u00e9ndoles personalizar sus presentaciones de acuerdo a sus necesidades y preferencias.<\/li>\n<\/ol>\n<ol start=\"7\">\n<li>PowerPoint es un programa f\u00e1cil de aprender y de usar, por lo que es ideal tanto para presentadores principiantes como para aquellos con experiencia.<\/li>\n<\/ol>\n<ol start=\"8\">\n<li>PowerPoint cuenta con una amplia gama de funciones y herramientas que facilitan la creaci\u00f3n de presentaciones de alta calidad.<\/li>\n<\/ol>\n<ol start=\"9\">\n<li>PowerPoint es un programa ampliamente compatible, lo que permite a los presentadores compartir sus presentaciones con una gran variedad de dispositivos y plataformas.<\/li>\n<\/ol>\n<ol start=\"10\">\n<li>PowerPoint es un programa de Microsoft, lo que garantiza un soporte t\u00e9cnico y actualizaciones constantes.<\/li>\n<\/ol>\n","protected":false},"excerpt":{"rendered":"<p><span data-offset-key=\"c3u8g-6-0\">E<\/span><span data-offset-key=\"c3u8g-7-0\">ste<\/span><span data-offset-key=\"c3u8g-8-0\"> es<\/span><span data-offset-key=\"c3u8g-9-0\"> un<\/span><span data-offset-key=\"c3u8g-10-0\"> cur<\/span><span data-offset-key=\"c3u8g-11-0\">so<\/span><span data-offset-key=\"c3u8g-12-0\"> de<\/span><span data-offset-key=\"c3u8g-13-0\"> power<\/span><span data-offset-key=\"c3u8g-14-0\">point<\/span><span data-offset-key=\"c3u8g-15-0\"> des<\/span><span data-offset-key=\"c3u8g-16-0\">de<\/span><span data-offset-key=\"c3u8g-17-0\"> 0<\/span><span data-offset-key=\"c3u8g-18-0\"> comple<\/span><span data-offset-key=\"c3u8g-19-0\">t<\/span><span data-offset-key=\"c3u8g-20-0\">ament<\/span><span data-offset-key=\"c3u8g-21-0\">e<\/span><span data-offset-key=\"c3u8g-22-0\"> virtual<\/span><span data-offset-key=\"c3u8g-23-0\">,<\/span><span data-offset-key=\"c3u8g-24-0\"> en<\/span><span data-offset-key=\"c3u8g-25-0\"> el<\/span><span data-offset-key=\"c3u8g-26-0\"> c<\/span><span data-offset-key=\"c3u8g-27-0\">ual<\/span><span data-offset-key=\"c3u8g-28-0\"> se<\/span><span data-offset-key=\"c3u8g-29-0\"> en<\/span><span data-offset-key=\"c3u8g-30-0\">se<\/span><span data-offset-key=\"c3u8g-31-0\">\u00f1<\/span><span data-offset-key=\"c3u8g-32-0\">ara<\/span><span data-offset-key=\"c3u8g-33-0\"> a<\/span><span data-offset-key=\"c3u8g-34-0\"> man<\/span><span data-offset-key=\"c3u8g-35-0\">e<\/span><span data-offset-key=\"c3u8g-36-0\">jar<\/span><span data-offset-key=\"c3u8g-37-0\"> est<\/span><span data-offset-key=\"c3u8g-38-0\">a<\/span><span data-offset-key=\"c3u8g-39-0\"> her<\/span><span data-offset-key=\"c3u8g-40-0\">ram<\/span><span data-offset-key=\"c3u8g-41-0\">ient<\/span><span data-offset-key=\"c3u8g-42-0\">a<\/span><span data-offset-key=\"c3u8g-43-0\"> de<\/span><span data-offset-key=\"c3u8g-44-0\"> form<\/span><span data-offset-key=\"c3u8g-45-0\">a<\/span><span data-offset-key=\"c3u8g-46-0\"> correct<\/span><span data-offset-key=\"c3u8g-47-0\">a<\/span><span data-offset-key=\"c3u8g-48-0\"> y<\/span><span data-offset-key=\"c3u8g-49-0\"> e<\/span><span data-offset-key=\"c3u8g-50-0\">f<\/span><span data-offset-key=\"c3u8g-51-0\">icient<\/span><span data-offset-key=\"c3u8g-52-0\">e<\/span><span data-offset-key=\"c3u8g-53-0\">,<\/span><span data-offset-key=\"c3u8g-54-0\"> se<\/span><span data-offset-key=\"c3u8g-55-0\"> en<\/span><span data-offset-key=\"c3u8g-56-0\">se<\/span><span data-offset-key=\"c3u8g-57-0\">\u00f1<\/span><span data-offset-key=\"c3u8g-58-0\">ara<\/span><span data-offset-key=\"c3u8g-59-0\"> a<\/span><span data-offset-key=\"c3u8g-60-0\"> cre<\/span><span data-offset-key=\"c3u8g-61-0\">ar<\/span><span data-offset-key=\"c3u8g-62-0\"> present<\/span><span data-offset-key=\"c3u8g-63-0\">acion<\/span><span data-offset-key=\"c3u8g-64-0\">es<\/span><span data-offset-key=\"c3u8g-65-0\"> at<\/span><span data-offset-key=\"c3u8g-66-0\">ract<\/span><span data-offset-key=\"c3u8g-67-0\">ivas<\/span><span data-offset-key=\"c3u8g-68-0\"> y<\/span><span data-offset-key=\"c3u8g-69-0\"> prof<\/span><span data-offset-key=\"c3u8g-70-0\">es<\/span><span data-offset-key=\"c3u8g-71-0\">ional<\/span><span data-offset-key=\"c3u8g-72-0\">es<\/span><span data-offset-key=\"c3u8g-73-0\">.<\/span><\/p>\n","protected":false},"featured_media":9149,"comment_status":"open","ping_status":"closed","template":"","meta":{"inline_featured_image":false},"product_brand":[],"product_cat":[82],"product_tag":[86,84,87],"class_list":{"0":"post-9148","1":"product","2":"type-product","3":"status-publish","4":"has-post-thumbnail","6":"product_cat-ofimatica","7":"product_tag-office","8":"product_tag-ofimatica","9":"product_tag-powerpoint","11":"first","12":"instock","13":"shipping-taxable","14":"product-type-external","15":"customify-col"},"_links":{"self":[{"href":"https:\/\/smsafemode.com\/cursos\/wp-json\/wp\/v2\/product\/9148","targetHints":{"allow":["GET"]}}],"collection":[{"href":"https:\/\/smsafemode.com\/cursos\/wp-json\/wp\/v2\/product"}],"about":[{"href":"https:\/\/smsafemode.com\/cursos\/wp-json\/wp\/v2\/types\/product"}],"replies":[{"embeddable":true,"href":"https:\/\/smsafemode.com\/cursos\/wp-json\/wp\/v2\/comments?post=9148"}],"wp:featuredmedia":[{"embeddable":true,"href":"https:\/\/smsafemode.com\/cursos\/wp-json\/wp\/v2\/media\/9149"}],"wp:attachment":[{"href":"https:\/\/smsafemode.com\/cursos\/wp-json\/wp\/v2\/media?parent=9148"}],"wp:term":[{"taxonomy":"product_brand","embeddable":true,"href":"https:\/\/smsafemode.com\/cursos\/wp-json\/wp\/v2\/product_brand?post=9148"},{"taxonomy":"product_cat","embeddable":true,"href":"https:\/\/smsafemode.com\/cursos\/wp-json\/wp\/v2\/product_cat?post=9148"},{"taxonomy":"product_tag","embeddable":true,"href":"https:\/\/smsafemode.com\/cursos\/wp-json\/wp\/v2\/product_tag?post=9148"}],"curies":[{"name":"wp","href":"https:\/\/api.w.org\/{rel}","templated":true}]}}