{"id":9062,"date":"2019-09-18T00:08:16","date_gmt":"2019-09-18T00:08:16","guid":{"rendered":"https:\/\/smsafemode.com\/cursos\/producto\/curso-basico-virtual-para-brigadistas\/"},"modified":"2022-10-18T11:47:54","modified_gmt":"2022-10-18T11:47:54","slug":"curso-basico-virtual-para-brigadistas","status":"publish","type":"product","link":"https:\/\/smsafemode.com\/cursos\/producto\/curso-basico-virtual-para-brigadistas\/","title":{"rendered":"Curso b\u00e1sico virtual para Brigadistas"},"content":{"rendered":"<p>En este curso puedes adquirir los conocimientos b\u00e1sicos de brigadas de emergencias por medio de nuestra plataforma virtual de capacitaciones que te permitir\u00e1 desarrollar este curso desde cualquier dispositivo con conexi\u00f3n a internet.<\/p>\n<p>Gracias a este curso puedes conocer algunos de los temas m\u00e1s importantes relacionados con brigadas de emergencias con 4 m\u00f3dulos de aprendizaje compuestos por:<\/p>\n<ul>\n<li>Brigadas de evacuaci\u00f3n<\/li>\n<li>Conceptos generales de brigada de emergencias<\/li>\n<li>Control de incendios y manejo de extintores<\/li>\n<li>Primeros auxilios<\/li>\n<\/ul>\n<h2>Certificacion brigadista<\/h2>\n<p>Con el curso ahora incluimos certificacion de brigadista<\/p>\n","protected":false},"excerpt":{"rendered":"<p>En este curso puedes adquirir los conocimientos b\u00e1sicos de brigadas de emergencias por medio de nuestra plataforma virtual de capacitaciones&hellip;<\/p>\n","protected":false},"featured_media":9059,"comment_status":"closed","ping_status":"closed","template":"","meta":{"inline_featured_image":false},"product_brand":[],"product_cat":[15],"product_tag":[76,77,78,79,80],"class_list":{"0":"post-9062","1":"product","2":"type-product","3":"status-publish","4":"has-post-thumbnail","6":"product_cat-sin-categorizar","7":"product_tag-brigada","8":"product_tag-brigadista","9":"product_tag-caoacitacion-a-la-brigada","10":"product_tag-conceptos-brigada","11":"product_tag-emergencias","13":"first","14":"instock","15":"sold-individually","16":"shipping-taxable","17":"product-type-external","18":"customify-col"},"_links":{"self":[{"href":"https:\/\/smsafemode.com\/cursos\/wp-json\/wp\/v2\/product\/9062","targetHints":{"allow":["GET"]}}],"collection":[{"href":"https:\/\/smsafemode.com\/cursos\/wp-json\/wp\/v2\/product"}],"about":[{"href":"https:\/\/smsafemode.com\/cursos\/wp-json\/wp\/v2\/types\/product"}],"replies":[{"embeddable":true,"href":"https:\/\/smsafemode.com\/cursos\/wp-json\/wp\/v2\/comments?post=9062"}],"wp:featuredmedia":[{"embeddable":true,"href":"https:\/\/smsafemode.com\/cursos\/wp-json\/wp\/v2\/media\/9059"}],"wp:attachment":[{"href":"https:\/\/smsafemode.com\/cursos\/wp-json\/wp\/v2\/media?parent=9062"}],"wp:term":[{"taxonomy":"product_brand","embeddable":true,"href":"https:\/\/smsafemode.com\/cursos\/wp-json\/wp\/v2\/product_brand?post=9062"},{"taxonomy":"product_cat","embeddable":true,"href":"https:\/\/smsafemode.com\/cursos\/wp-json\/wp\/v2\/product_cat?post=9062"},{"taxonomy":"product_tag","embeddable":true,"href":"https:\/\/smsafemode.com\/cursos\/wp-json\/wp\/v2\/product_tag?post=9062"}],"curies":[{"name":"wp","href":"https:\/\/api.w.org\/{rel}","templated":true}]}}