{"id":70,"date":"2015-07-15T14:55:13","date_gmt":"2015-07-15T14:55:13","guid":{"rendered":"https:\/\/smpausas.wordpress.com\/?page_id=70"},"modified":"2015-07-15T14:55:13","modified_gmt":"2015-07-15T14:55:13","slug":"descarga-nuestra-app","status":"publish","type":"page","link":"https:\/\/smsafemode.com\/blog\/acerca-de-pausas-activas-app\/descarga-nuestra-app\/","title":{"rendered":"Descarga nuestra App"},"content":{"rendered":"<ul>\n<li>\n<h5>Nuestra aplicaci\u00f3n est\u00e1 disponible para dispositivos con Android<\/h5>\n<\/li>\n<\/ul>\n<h5><span style=\"color:#ff6600;\"><em>Recuerda que para poder instalar la app en tu Anddroid debes aceptar or\u00edgenes desconocidos!<\/em><\/span><\/h5>\n<p style=\"text-align:center;\"><a href=\"http:\/\/pausas.smsafemode.com\/acerca-de\/descarga-nuestra-app\/origenes-desconocidos-en-android\/\">En caso tal en el que no sepas como aceptar Origenes desconocidos da click aqui.<\/a><br \/>\n<a href=\"http:\/\/pausas.smsafemode.com\/acerca-de\/descarga-nuestra-app\/origenes-desconocidos-en-android\/\"> <img loading=\"lazy\" decoding=\"async\" class=\"size-medium wp-image-330 aligncenter\" src=\"https:\/\/smpausas.files.wordpress.com\/2015\/07\/imagen53.png?w=300\" alt=\"Imagen5\" width=\"300\" height=\"93\" \/><\/a><\/p>\n<hr \/>\n<h3>Opciones de descarga.<\/h3>\n<ul>\n<li>Dale al bot\u00f3n de descarga, y de inmediato se te descargara nuestra aplicaci\u00f3n con el nombre \u201capp77404\u201d cuando las descargues inst\u00e1lala y ya podr\u00e1s acceder a todo nuestro contenido.\n<p style=\"text-align:center;\"><a href=\"http:\/\/www.androidcreator.com\/apk\/app77404.apk\"><img loading=\"lazy\" decoding=\"async\" class=\"aligncenter\" src=\"http:\/\/www.androidcreator.com\/android-app-creator\/descargar_es.png\" alt=\"\" width=\"274\" height=\"82\" \/><br \/>\n<\/a><a href=\"https:\/\/smsafemode.com\/blog\/wp-content\/uploads\/2015\/09\/qr-app-pausas-activas.png\"><img loading=\"lazy\" decoding=\"async\" class=\"alignnone wp-image-384\" src=\"http:\/\/pausas.smsafemode.com\/wp-content\/uploads\/2015\/07\/qr-app-pausas-activas-300x300.png\" alt=\"qr app pausas activas safe mode\" width=\"265\" height=\"265\" \/><\/a>\u00a0<a href=\"http:\/\/www.androidcreator.com\/apk\/app77404.apk\" target=\"_blank\" rel=\"noopener noreferrer\"><br \/>\n<\/a><\/p>\n<\/li>\n<\/ul>\n<p>Tambi\u00e9n puedes descargar\u00a0haciendo\u00a0<a href=\"http:\/\/www.androidcreator.com\/app77404\" target=\"_blank\" rel=\"noopener noreferrer\">click aqui<\/a>\u00a0o puedes ir a\u00a0<a href=\"http:\/\/www.androidcreator.com\/app77404\" target=\"_blank\" rel=\"noopener noreferrer\">http:\/\/www.androidcreator.com\/app77404<\/a><\/p>\n<hr \/>\n<blockquote><p>En caso tal en el que tengas cualquier duda puedes ver el instructivo o contactarnos<\/p>\n<p><a href=\"http:\/\/pausas.smsafemode.com\/instructivo\/\"><img loading=\"lazy\" decoding=\"async\" class=\" size-medium wp-image-155 aligncenter\" src=\"https:\/\/smpausas.files.wordpress.com\/2015\/07\/imagen1.png?w=300\" alt=\"Imagen1\" width=\"300\" height=\"55\" \/><\/a><\/p>\n<p><a href=\"http:\/\/pausas.smsafemode.com\/acerca-de\/contactanos\/\"><img loading=\"lazy\" decoding=\"async\" class=\" size-medium wp-image-220 aligncenter\" src=\"https:\/\/smpausas.files.wordpress.com\/2015\/07\/imagen7.png?w=300\" alt=\"Imagen7\" width=\"300\" height=\"52\" \/><\/a><\/p><\/blockquote>\n","protected":false},"excerpt":{"rendered":"<p>Nuestra aplicaci\u00f3n est\u00e1 disponible para dispositivos con Android Recuerda que para poder instalar la app en tu Anddroid debes aceptar or\u00edgenes desconocidos! En caso tal&hellip;<\/p>\n","protected":false},"author":2,"featured_media":0,"parent":2633,"menu_order":0,"comment_status":"open","ping_status":"open","template":"","meta":{"inline_featured_image":false,"_joinchat":[],"footnotes":""},"class_list":["post-70","page","type-page","status-publish","hentry"],"yoast_head":"<!-- This site is optimized with the Yoast SEO plugin v26.7 - https:\/\/yoast.com\/wordpress\/plugins\/seo\/ -->\n<title>Descarga nuestra App | SM Safe Mode<\/title>\n<meta name=\"robots\" content=\"index, follow, max-snippet:-1, max-image-preview:large, max-video-preview:-1\" \/>\n<link rel=\"canonical\" href=\"https:\/\/smsafemode.com\/blog\/acerca-de-pausas-activas-app\/descarga-nuestra-app\/\" \/>\n<meta property=\"og:locale\" content=\"es_ES\" \/>\n<meta property=\"og:type\" content=\"article\" \/>\n<meta property=\"og:title\" content=\"Descarga nuestra App | SM Safe Mode\" \/>\n<meta property=\"og:description\" content=\"Nuestra aplicaci\u00f3n est\u00e1 disponible para dispositivos con Android Recuerda que para poder instalar la app en tu Anddroid debes aceptar or\u00edgenes desconocidos! En caso tal&hellip;\" \/>\n<meta property=\"og:url\" content=\"https:\/\/smsafemode.com\/blog\/acerca-de-pausas-activas-app\/descarga-nuestra-app\/\" \/>\n<meta property=\"og:site_name\" content=\"SAFE MODE\" \/>\n<meta property=\"article:publisher\" content=\"https:\/\/www.facebook.com\/smsafemode\" \/>\n<meta property=\"og:image\" content=\"https:\/\/smpausas.files.wordpress.com\/2015\/07\/imagen53.png?w=300\" \/>\n<meta name=\"twitter:card\" content=\"summary_large_image\" \/>\n<meta name=\"twitter:site\" content=\"@SMsafemode\" \/>\n<meta name=\"twitter:label1\" content=\"Tiempo de lectura\" \/>\n\t<meta name=\"twitter:data1\" content=\"1 minuto\" \/>\n<script type=\"application\/ld+json\" class=\"yoast-schema-graph\">{\"@context\":\"https:\/\/schema.org\",\"@graph\":[{\"@type\":\"WebPage\",\"@id\":\"https:\/\/smsafemode.com\/blog\/acerca-de-pausas-activas-app\/descarga-nuestra-app\/\",\"url\":\"https:\/\/smsafemode.com\/blog\/acerca-de-pausas-activas-app\/descarga-nuestra-app\/\",\"name\":\"Descarga nuestra App | SM Safe Mode\",\"isPartOf\":{\"@id\":\"https:\/\/smsafemode.com\/blog\/#website\"},\"primaryImageOfPage\":{\"@id\":\"https:\/\/smsafemode.com\/blog\/acerca-de-pausas-activas-app\/descarga-nuestra-app\/#primaryimage\"},\"image\":{\"@id\":\"https:\/\/smsafemode.com\/blog\/acerca-de-pausas-activas-app\/descarga-nuestra-app\/#primaryimage\"},\"thumbnailUrl\":\"https:\/\/smpausas.files.wordpress.com\/2015\/07\/imagen53.png?w=300\",\"datePublished\":\"2015-07-15T14:55:13+00:00\",\"breadcrumb\":{\"@id\":\"https:\/\/smsafemode.com\/blog\/acerca-de-pausas-activas-app\/descarga-nuestra-app\/#breadcrumb\"},\"inLanguage\":\"es\",\"potentialAction\":[{\"@type\":\"ReadAction\",\"target\":[\"https:\/\/smsafemode.com\/blog\/acerca-de-pausas-activas-app\/descarga-nuestra-app\/\"]}]},{\"@type\":\"ImageObject\",\"inLanguage\":\"es\",\"@id\":\"https:\/\/smsafemode.com\/blog\/acerca-de-pausas-activas-app\/descarga-nuestra-app\/#primaryimage\",\"url\":\"https:\/\/smpausas.files.wordpress.com\/2015\/07\/imagen53.png?w=300\",\"contentUrl\":\"https:\/\/smpausas.files.wordpress.com\/2015\/07\/imagen53.png?w=300\"},{\"@type\":\"BreadcrumbList\",\"@id\":\"https:\/\/smsafemode.com\/blog\/acerca-de-pausas-activas-app\/descarga-nuestra-app\/#breadcrumb\",\"itemListElement\":[{\"@type\":\"ListItem\",\"position\":1,\"name\":\"Portada\",\"item\":\"https:\/\/smsafemode.com\/blog\/\"},{\"@type\":\"ListItem\",\"position\":2,\"name\":\"Sobre Pausas activas APP\",\"item\":\"https:\/\/smsafemode.com\/blog\/acerca-de-pausas-activas-app\/\"},{\"@type\":\"ListItem\",\"position\":3,\"name\":\"Descarga nuestra App\"}]},{\"@type\":\"WebSite\",\"@id\":\"https:\/\/smsafemode.com\/blog\/#website\",\"url\":\"https:\/\/smsafemode.com\/blog\/\",\"name\":\"SAFE MODE\",\"description\":\"Blog empresarial\",\"publisher\":{\"@id\":\"https:\/\/smsafemode.com\/blog\/#organization\"},\"potentialAction\":[{\"@type\":\"SearchAction\",\"target\":{\"@type\":\"EntryPoint\",\"urlTemplate\":\"https:\/\/smsafemode.com\/blog\/?s={search_term_string}\"},\"query-input\":{\"@type\":\"PropertyValueSpecification\",\"valueRequired\":true,\"valueName\":\"search_term_string\"}}],\"inLanguage\":\"es\"},{\"@type\":\"Organization\",\"@id\":\"https:\/\/smsafemode.com\/blog\/#organization\",\"name\":\"Safe Mode Sas\",\"url\":\"https:\/\/smsafemode.com\/blog\/\",\"logo\":{\"@type\":\"ImageObject\",\"inLanguage\":\"es\",\"@id\":\"https:\/\/smsafemode.com\/blog\/#\/schema\/logo\/image\/\",\"url\":\"https:\/\/smsafemode.com\/blog\/wp-content\/uploads\/2020\/10\/safe-mode-sas-soluciones-empresariales.png\",\"contentUrl\":\"https:\/\/smsafemode.com\/blog\/wp-content\/uploads\/2020\/10\/safe-mode-sas-soluciones-empresariales.png\",\"width\":254,\"height\":255,\"caption\":\"Safe Mode Sas\"},\"image\":{\"@id\":\"https:\/\/smsafemode.com\/blog\/#\/schema\/logo\/image\/\"},\"sameAs\":[\"https:\/\/www.facebook.com\/smsafemode\",\"https:\/\/x.com\/SMsafemode\",\"https:\/\/www.instagram.com\/smsafemode\/\",\"https:\/\/youtube.com\/smsafemode\/\",\"https:\/\/www.tiktok.com\/@smsafemode\"]}]}<\/script>\n<!-- \/ Yoast SEO plugin. -->","yoast_head_json":{"title":"Descarga nuestra App | SM Safe Mode","robots":{"index":"index","follow":"follow","max-snippet":"max-snippet:-1","max-image-preview":"max-image-preview:large","max-video-preview":"max-video-preview:-1"},"canonical":"https:\/\/smsafemode.com\/blog\/acerca-de-pausas-activas-app\/descarga-nuestra-app\/","og_locale":"es_ES","og_type":"article","og_title":"Descarga nuestra App | SM Safe Mode","og_description":"Nuestra aplicaci\u00f3n est\u00e1 disponible para dispositivos con Android Recuerda que para poder instalar la app en tu Anddroid debes aceptar or\u00edgenes desconocidos! En caso tal&hellip;","og_url":"https:\/\/smsafemode.com\/blog\/acerca-de-pausas-activas-app\/descarga-nuestra-app\/","og_site_name":"SAFE MODE","article_publisher":"https:\/\/www.facebook.com\/smsafemode","og_image":[{"url":"https:\/\/smpausas.files.wordpress.com\/2015\/07\/imagen53.png?w=300","type":"","width":"","height":""}],"twitter_card":"summary_large_image","twitter_site":"@SMsafemode","twitter_misc":{"Tiempo de lectura":"1 minuto"},"schema":{"@context":"https:\/\/schema.org","@graph":[{"@type":"WebPage","@id":"https:\/\/smsafemode.com\/blog\/acerca-de-pausas-activas-app\/descarga-nuestra-app\/","url":"https:\/\/smsafemode.com\/blog\/acerca-de-pausas-activas-app\/descarga-nuestra-app\/","name":"Descarga nuestra App | SM Safe Mode","isPartOf":{"@id":"https:\/\/smsafemode.com\/blog\/#website"},"primaryImageOfPage":{"@id":"https:\/\/smsafemode.com\/blog\/acerca-de-pausas-activas-app\/descarga-nuestra-app\/#primaryimage"},"image":{"@id":"https:\/\/smsafemode.com\/blog\/acerca-de-pausas-activas-app\/descarga-nuestra-app\/#primaryimage"},"thumbnailUrl":"https:\/\/smpausas.files.wordpress.com\/2015\/07\/imagen53.png?w=300","datePublished":"2015-07-15T14:55:13+00:00","breadcrumb":{"@id":"https:\/\/smsafemode.com\/blog\/acerca-de-pausas-activas-app\/descarga-nuestra-app\/#breadcrumb"},"inLanguage":"es","potentialAction":[{"@type":"ReadAction","target":["https:\/\/smsafemode.com\/blog\/acerca-de-pausas-activas-app\/descarga-nuestra-app\/"]}]},{"@type":"ImageObject","inLanguage":"es","@id":"https:\/\/smsafemode.com\/blog\/acerca-de-pausas-activas-app\/descarga-nuestra-app\/#primaryimage","url":"https:\/\/smpausas.files.wordpress.com\/2015\/07\/imagen53.png?w=300","contentUrl":"https:\/\/smpausas.files.wordpress.com\/2015\/07\/imagen53.png?w=300"},{"@type":"BreadcrumbList","@id":"https:\/\/smsafemode.com\/blog\/acerca-de-pausas-activas-app\/descarga-nuestra-app\/#breadcrumb","itemListElement":[{"@type":"ListItem","position":1,"name":"Portada","item":"https:\/\/smsafemode.com\/blog\/"},{"@type":"ListItem","position":2,"name":"Sobre Pausas activas APP","item":"https:\/\/smsafemode.com\/blog\/acerca-de-pausas-activas-app\/"},{"@type":"ListItem","position":3,"name":"Descarga nuestra App"}]},{"@type":"WebSite","@id":"https:\/\/smsafemode.com\/blog\/#website","url":"https:\/\/smsafemode.com\/blog\/","name":"SAFE MODE","description":"Blog empresarial","publisher":{"@id":"https:\/\/smsafemode.com\/blog\/#organization"},"potentialAction":[{"@type":"SearchAction","target":{"@type":"EntryPoint","urlTemplate":"https:\/\/smsafemode.com\/blog\/?s={search_term_string}"},"query-input":{"@type":"PropertyValueSpecification","valueRequired":true,"valueName":"search_term_string"}}],"inLanguage":"es"},{"@type":"Organization","@id":"https:\/\/smsafemode.com\/blog\/#organization","name":"Safe Mode Sas","url":"https:\/\/smsafemode.com\/blog\/","logo":{"@type":"ImageObject","inLanguage":"es","@id":"https:\/\/smsafemode.com\/blog\/#\/schema\/logo\/image\/","url":"https:\/\/smsafemode.com\/blog\/wp-content\/uploads\/2020\/10\/safe-mode-sas-soluciones-empresariales.png","contentUrl":"https:\/\/smsafemode.com\/blog\/wp-content\/uploads\/2020\/10\/safe-mode-sas-soluciones-empresariales.png","width":254,"height":255,"caption":"Safe Mode Sas"},"image":{"@id":"https:\/\/smsafemode.com\/blog\/#\/schema\/logo\/image\/"},"sameAs":["https:\/\/www.facebook.com\/smsafemode","https:\/\/x.com\/SMsafemode","https:\/\/www.instagram.com\/smsafemode\/","https:\/\/youtube.com\/smsafemode\/","https:\/\/www.tiktok.com\/@smsafemode"]}]}},"_links":{"self":[{"href":"https:\/\/smsafemode.com\/blog\/wp-json\/wp\/v2\/pages\/70","targetHints":{"allow":["GET"]}}],"collection":[{"href":"https:\/\/smsafemode.com\/blog\/wp-json\/wp\/v2\/pages"}],"about":[{"href":"https:\/\/smsafemode.com\/blog\/wp-json\/wp\/v2\/types\/page"}],"author":[{"embeddable":true,"href":"https:\/\/smsafemode.com\/blog\/wp-json\/wp\/v2\/users\/2"}],"replies":[{"embeddable":true,"href":"https:\/\/smsafemode.com\/blog\/wp-json\/wp\/v2\/comments?post=70"}],"version-history":[{"count":0,"href":"https:\/\/smsafemode.com\/blog\/wp-json\/wp\/v2\/pages\/70\/revisions"}],"up":[{"embeddable":true,"href":"https:\/\/smsafemode.com\/blog\/wp-json\/wp\/v2\/pages\/2633"}],"wp:attachment":[{"href":"https:\/\/smsafemode.com\/blog\/wp-json\/wp\/v2\/media?parent=70"}],"curies":[{"name":"wp","href":"https:\/\/api.w.org\/{rel}","templated":true}]}}