{"id":321,"date":"2015-07-31T15:17:49","date_gmt":"2015-07-31T15:17:49","guid":{"rendered":"https:\/\/smpausas.wordpress.com\/?page_id=321"},"modified":"2015-07-31T15:17:49","modified_gmt":"2015-07-31T15:17:49","slug":"origenes-desconocidos-en-android","status":"publish","type":"page","link":"https:\/\/smsafemode.com\/blog\/acerca-de-pausas-activas-app\/descarga-nuestra-app\/origenes-desconocidos-en-android\/","title":{"rendered":"Or\u00edgenes desconocidos en Android"},"content":{"rendered":"<p>Esta es una opci\u00f3n que te permite instalar aplicaciones que no est\u00e1n en la tienda oficial que dispone Google (Google Play Store), te garantizamos que nuestra aplicaci\u00f3n no tiene malware es decir no tiene virus ni va a da\u00f1ar tu dispositivo.<\/p>\n<hr \/>\n<p>Para activar esta opci\u00f3n debes segur estos sencillos pasos<\/p>\n<ol>\n<li>Ve a ajustes<br \/>\n<img loading=\"lazy\" decoding=\"async\" class=\"alignnone size-medium wp-image-322\" src=\"https:\/\/smpausas.files.wordpress.com\/2015\/07\/photo_2015-07-31_09-56-27.jpg?w=169\" alt=\"photo_2015-07-31_09-56-27\" width=\"169\" height=\"300\" \/><\/li>\n<li>Ve a seguridad<br \/>\n<img loading=\"lazy\" decoding=\"async\" class=\"alignnone size-medium wp-image-323\" src=\"https:\/\/smpausas.files.wordpress.com\/2015\/07\/imagen19.png?w=169\" alt=\"Imagen1\" width=\"169\" height=\"300\" \/><\/li>\n<li>All\u00ed encontraras una opci\u00f3n que se llama \u201cOr\u00edgenes Desconocidos\u201d la cual no est\u00e1 marcada<br \/>\n<a href=\"https:\/\/smpausas.files.wordpress.com\/2015\/07\/imagen22.png\"><img loading=\"lazy\" decoding=\"async\" class=\"alignnone size-medium wp-image-324\" src=\"https:\/\/smpausas.files.wordpress.com\/2015\/07\/imagen22.png?w=169\" alt=\"Imagen2\" width=\"169\" height=\"300\" \/><\/a><\/li>\n<li>Marca esta opci\u00f3n y Acepta las condiciones y ya puedes descargar la aplicaci\u00f3n sin ning\u00fan problema<br \/>\n<a href=\"https:\/\/smpausas.files.wordpress.com\/2015\/07\/imagen32.png\"><img loading=\"lazy\" decoding=\"async\" class=\"alignnone size-medium wp-image-325\" src=\"https:\/\/smpausas.files.wordpress.com\/2015\/07\/imagen32.png?w=169\" alt=\"Imagen3\" width=\"169\" height=\"300\" \/><\/a>\u00a0<a href=\"https:\/\/smpausas.files.wordpress.com\/2015\/07\/imagen42.png\"><img loading=\"lazy\" decoding=\"async\" class=\"alignnone size-medium wp-image-326\" src=\"https:\/\/smpausas.files.wordpress.com\/2015\/07\/imagen42.png?w=169\" alt=\"Imagen4\" width=\"169\" height=\"300\" \/><\/a>Una vez ya tengas esta opcion marcada puede procerer a descargar la aplicacion con cualquiera de las <a href=\"https:\/\/smpausas.wordpress.com\/acerca-de\/descarga-nuestra-app\/\">opciones<\/a> que te damos<\/li>\n<\/ol>\n<p style=\"text-align:left;\">Te dejamos tambien un video en donde podras ver como permitir los origenes desconocidos<\/p>\n<p style=\"text-align:left;\"><a href=\"https:\/\/www.youtube.com\/embed\/PlvzXuQvhYQ\" target=\"_blank\" rel=\"noopener noreferrer\"><img loading=\"lazy\" decoding=\"async\" class=\"size-medium wp-image-230 aligncenter\" src=\"https:\/\/smpausas.files.wordpress.com\/2015\/07\/imagen12.png?w=300\" alt=\"Imagen12\" width=\"300\" height=\"52\" \/><\/a><a href=\"http:\/\/pausas.smsafemode.com\/acerca-de\/descarga-nuestra-app\/\"><img loading=\"lazy\" decoding=\"async\" class=\"size-full wp-image-81 aligncenter\" src=\"https:\/\/smpausas.files.wordpress.com\/2015\/07\/images.jpg\" alt=\"images\" width=\"180\" height=\"52\" \/><\/a><\/p>\n<p style=\"text-align:left;\">\n","protected":false},"excerpt":{"rendered":"<p>Esta es una opci\u00f3n que te permite instalar aplicaciones que no est\u00e1n en la tienda oficial que dispone Google (Google Play Store), te garantizamos que&hellip;<\/p>\n","protected":false},"author":2,"featured_media":0,"parent":70,"menu_order":0,"comment_status":"open","ping_status":"open","template":"","meta":{"inline_featured_image":false,"_joinchat":[],"footnotes":""},"class_list":["post-321","page","type-page","status-publish","hentry"],"yoast_head":"<!-- This site is optimized with the Yoast SEO plugin v26.7 - https:\/\/yoast.com\/wordpress\/plugins\/seo\/ -->\n<title>Or\u00edgenes desconocidos en Android | SM Safe Mode<\/title>\n<meta name=\"robots\" content=\"index, follow, max-snippet:-1, max-image-preview:large, max-video-preview:-1\" \/>\n<link rel=\"canonical\" href=\"https:\/\/smsafemode.com\/blog\/acerca-de-pausas-activas-app\/descarga-nuestra-app\/origenes-desconocidos-en-android\/\" \/>\n<meta property=\"og:locale\" content=\"es_ES\" \/>\n<meta property=\"og:type\" content=\"article\" \/>\n<meta property=\"og:title\" content=\"Or\u00edgenes desconocidos en Android | SM Safe Mode\" \/>\n<meta property=\"og:description\" content=\"Esta es una opci\u00f3n que te permite instalar aplicaciones que no est\u00e1n en la tienda oficial que dispone Google (Google Play Store), te garantizamos que&hellip;\" \/>\n<meta property=\"og:url\" content=\"https:\/\/smsafemode.com\/blog\/acerca-de-pausas-activas-app\/descarga-nuestra-app\/origenes-desconocidos-en-android\/\" \/>\n<meta property=\"og:site_name\" content=\"SAFE MODE\" \/>\n<meta property=\"article:publisher\" content=\"https:\/\/www.facebook.com\/smsafemode\" \/>\n<meta property=\"og:image\" content=\"https:\/\/smpausas.files.wordpress.com\/2015\/07\/photo_2015-07-31_09-56-27.jpg?w=169\" \/>\n<meta name=\"twitter:card\" content=\"summary_large_image\" \/>\n<meta name=\"twitter:site\" content=\"@SMsafemode\" \/>\n<meta name=\"twitter:label1\" content=\"Tiempo de lectura\" \/>\n\t<meta name=\"twitter:data1\" content=\"1 minuto\" \/>\n<script type=\"application\/ld+json\" class=\"yoast-schema-graph\">{\"@context\":\"https:\/\/schema.org\",\"@graph\":[{\"@type\":\"WebPage\",\"@id\":\"https:\/\/smsafemode.com\/blog\/acerca-de-pausas-activas-app\/descarga-nuestra-app\/origenes-desconocidos-en-android\/\",\"url\":\"https:\/\/smsafemode.com\/blog\/acerca-de-pausas-activas-app\/descarga-nuestra-app\/origenes-desconocidos-en-android\/\",\"name\":\"Or\u00edgenes desconocidos en Android | SM Safe Mode\",\"isPartOf\":{\"@id\":\"https:\/\/smsafemode.com\/blog\/#website\"},\"primaryImageOfPage\":{\"@id\":\"https:\/\/smsafemode.com\/blog\/acerca-de-pausas-activas-app\/descarga-nuestra-app\/origenes-desconocidos-en-android\/#primaryimage\"},\"image\":{\"@id\":\"https:\/\/smsafemode.com\/blog\/acerca-de-pausas-activas-app\/descarga-nuestra-app\/origenes-desconocidos-en-android\/#primaryimage\"},\"thumbnailUrl\":\"https:\/\/smpausas.files.wordpress.com\/2015\/07\/photo_2015-07-31_09-56-27.jpg?w=169\",\"datePublished\":\"2015-07-31T15:17:49+00:00\",\"breadcrumb\":{\"@id\":\"https:\/\/smsafemode.com\/blog\/acerca-de-pausas-activas-app\/descarga-nuestra-app\/origenes-desconocidos-en-android\/#breadcrumb\"},\"inLanguage\":\"es\",\"potentialAction\":[{\"@type\":\"ReadAction\",\"target\":[\"https:\/\/smsafemode.com\/blog\/acerca-de-pausas-activas-app\/descarga-nuestra-app\/origenes-desconocidos-en-android\/\"]}]},{\"@type\":\"ImageObject\",\"inLanguage\":\"es\",\"@id\":\"https:\/\/smsafemode.com\/blog\/acerca-de-pausas-activas-app\/descarga-nuestra-app\/origenes-desconocidos-en-android\/#primaryimage\",\"url\":\"https:\/\/smpausas.files.wordpress.com\/2015\/07\/photo_2015-07-31_09-56-27.jpg?w=169\",\"contentUrl\":\"https:\/\/smpausas.files.wordpress.com\/2015\/07\/photo_2015-07-31_09-56-27.jpg?w=169\"},{\"@type\":\"BreadcrumbList\",\"@id\":\"https:\/\/smsafemode.com\/blog\/acerca-de-pausas-activas-app\/descarga-nuestra-app\/origenes-desconocidos-en-android\/#breadcrumb\",\"itemListElement\":[{\"@type\":\"ListItem\",\"position\":1,\"name\":\"Portada\",\"item\":\"https:\/\/smsafemode.com\/blog\/\"},{\"@type\":\"ListItem\",\"position\":2,\"name\":\"Sobre Pausas activas APP\",\"item\":\"https:\/\/smsafemode.com\/blog\/acerca-de-pausas-activas-app\/\"},{\"@type\":\"ListItem\",\"position\":3,\"name\":\"Descarga nuestra App\",\"item\":\"https:\/\/smsafemode.com\/blog\/acerca-de-pausas-activas-app\/descarga-nuestra-app\/\"},{\"@type\":\"ListItem\",\"position\":4,\"name\":\"Or\u00edgenes desconocidos en Android\"}]},{\"@type\":\"WebSite\",\"@id\":\"https:\/\/smsafemode.com\/blog\/#website\",\"url\":\"https:\/\/smsafemode.com\/blog\/\",\"name\":\"SAFE MODE\",\"description\":\"Blog empresarial\",\"publisher\":{\"@id\":\"https:\/\/smsafemode.com\/blog\/#organization\"},\"potentialAction\":[{\"@type\":\"SearchAction\",\"target\":{\"@type\":\"EntryPoint\",\"urlTemplate\":\"https:\/\/smsafemode.com\/blog\/?s={search_term_string}\"},\"query-input\":{\"@type\":\"PropertyValueSpecification\",\"valueRequired\":true,\"valueName\":\"search_term_string\"}}],\"inLanguage\":\"es\"},{\"@type\":\"Organization\",\"@id\":\"https:\/\/smsafemode.com\/blog\/#organization\",\"name\":\"Safe Mode Sas\",\"url\":\"https:\/\/smsafemode.com\/blog\/\",\"logo\":{\"@type\":\"ImageObject\",\"inLanguage\":\"es\",\"@id\":\"https:\/\/smsafemode.com\/blog\/#\/schema\/logo\/image\/\",\"url\":\"https:\/\/smsafemode.com\/blog\/wp-content\/uploads\/2020\/10\/safe-mode-sas-soluciones-empresariales.png\",\"contentUrl\":\"https:\/\/smsafemode.com\/blog\/wp-content\/uploads\/2020\/10\/safe-mode-sas-soluciones-empresariales.png\",\"width\":254,\"height\":255,\"caption\":\"Safe Mode Sas\"},\"image\":{\"@id\":\"https:\/\/smsafemode.com\/blog\/#\/schema\/logo\/image\/\"},\"sameAs\":[\"https:\/\/www.facebook.com\/smsafemode\",\"https:\/\/x.com\/SMsafemode\",\"https:\/\/www.instagram.com\/smsafemode\/\",\"https:\/\/youtube.com\/smsafemode\/\",\"https:\/\/www.tiktok.com\/@smsafemode\"]}]}<\/script>\n<!-- \/ Yoast SEO plugin. -->","yoast_head_json":{"title":"Or\u00edgenes desconocidos en Android | SM Safe Mode","robots":{"index":"index","follow":"follow","max-snippet":"max-snippet:-1","max-image-preview":"max-image-preview:large","max-video-preview":"max-video-preview:-1"},"canonical":"https:\/\/smsafemode.com\/blog\/acerca-de-pausas-activas-app\/descarga-nuestra-app\/origenes-desconocidos-en-android\/","og_locale":"es_ES","og_type":"article","og_title":"Or\u00edgenes desconocidos en Android | SM Safe Mode","og_description":"Esta es una opci\u00f3n que te permite instalar aplicaciones que no est\u00e1n en la tienda oficial que dispone Google (Google Play Store), te garantizamos que&hellip;","og_url":"https:\/\/smsafemode.com\/blog\/acerca-de-pausas-activas-app\/descarga-nuestra-app\/origenes-desconocidos-en-android\/","og_site_name":"SAFE MODE","article_publisher":"https:\/\/www.facebook.com\/smsafemode","og_image":[{"url":"https:\/\/smpausas.files.wordpress.com\/2015\/07\/photo_2015-07-31_09-56-27.jpg?w=169","type":"","width":"","height":""}],"twitter_card":"summary_large_image","twitter_site":"@SMsafemode","twitter_misc":{"Tiempo de lectura":"1 minuto"},"schema":{"@context":"https:\/\/schema.org","@graph":[{"@type":"WebPage","@id":"https:\/\/smsafemode.com\/blog\/acerca-de-pausas-activas-app\/descarga-nuestra-app\/origenes-desconocidos-en-android\/","url":"https:\/\/smsafemode.com\/blog\/acerca-de-pausas-activas-app\/descarga-nuestra-app\/origenes-desconocidos-en-android\/","name":"Or\u00edgenes desconocidos en Android | SM Safe Mode","isPartOf":{"@id":"https:\/\/smsafemode.com\/blog\/#website"},"primaryImageOfPage":{"@id":"https:\/\/smsafemode.com\/blog\/acerca-de-pausas-activas-app\/descarga-nuestra-app\/origenes-desconocidos-en-android\/#primaryimage"},"image":{"@id":"https:\/\/smsafemode.com\/blog\/acerca-de-pausas-activas-app\/descarga-nuestra-app\/origenes-desconocidos-en-android\/#primaryimage"},"thumbnailUrl":"https:\/\/smpausas.files.wordpress.com\/2015\/07\/photo_2015-07-31_09-56-27.jpg?w=169","datePublished":"2015-07-31T15:17:49+00:00","breadcrumb":{"@id":"https:\/\/smsafemode.com\/blog\/acerca-de-pausas-activas-app\/descarga-nuestra-app\/origenes-desconocidos-en-android\/#breadcrumb"},"inLanguage":"es","potentialAction":[{"@type":"ReadAction","target":["https:\/\/smsafemode.com\/blog\/acerca-de-pausas-activas-app\/descarga-nuestra-app\/origenes-desconocidos-en-android\/"]}]},{"@type":"ImageObject","inLanguage":"es","@id":"https:\/\/smsafemode.com\/blog\/acerca-de-pausas-activas-app\/descarga-nuestra-app\/origenes-desconocidos-en-android\/#primaryimage","url":"https:\/\/smpausas.files.wordpress.com\/2015\/07\/photo_2015-07-31_09-56-27.jpg?w=169","contentUrl":"https:\/\/smpausas.files.wordpress.com\/2015\/07\/photo_2015-07-31_09-56-27.jpg?w=169"},{"@type":"BreadcrumbList","@id":"https:\/\/smsafemode.com\/blog\/acerca-de-pausas-activas-app\/descarga-nuestra-app\/origenes-desconocidos-en-android\/#breadcrumb","itemListElement":[{"@type":"ListItem","position":1,"name":"Portada","item":"https:\/\/smsafemode.com\/blog\/"},{"@type":"ListItem","position":2,"name":"Sobre Pausas activas APP","item":"https:\/\/smsafemode.com\/blog\/acerca-de-pausas-activas-app\/"},{"@type":"ListItem","position":3,"name":"Descarga nuestra App","item":"https:\/\/smsafemode.com\/blog\/acerca-de-pausas-activas-app\/descarga-nuestra-app\/"},{"@type":"ListItem","position":4,"name":"Or\u00edgenes desconocidos en Android"}]},{"@type":"WebSite","@id":"https:\/\/smsafemode.com\/blog\/#website","url":"https:\/\/smsafemode.com\/blog\/","name":"SAFE MODE","description":"Blog empresarial","publisher":{"@id":"https:\/\/smsafemode.com\/blog\/#organization"},"potentialAction":[{"@type":"SearchAction","target":{"@type":"EntryPoint","urlTemplate":"https:\/\/smsafemode.com\/blog\/?s={search_term_string}"},"query-input":{"@type":"PropertyValueSpecification","valueRequired":true,"valueName":"search_term_string"}}],"inLanguage":"es"},{"@type":"Organization","@id":"https:\/\/smsafemode.com\/blog\/#organization","name":"Safe Mode Sas","url":"https:\/\/smsafemode.com\/blog\/","logo":{"@type":"ImageObject","inLanguage":"es","@id":"https:\/\/smsafemode.com\/blog\/#\/schema\/logo\/image\/","url":"https:\/\/smsafemode.com\/blog\/wp-content\/uploads\/2020\/10\/safe-mode-sas-soluciones-empresariales.png","contentUrl":"https:\/\/smsafemode.com\/blog\/wp-content\/uploads\/2020\/10\/safe-mode-sas-soluciones-empresariales.png","width":254,"height":255,"caption":"Safe Mode Sas"},"image":{"@id":"https:\/\/smsafemode.com\/blog\/#\/schema\/logo\/image\/"},"sameAs":["https:\/\/www.facebook.com\/smsafemode","https:\/\/x.com\/SMsafemode","https:\/\/www.instagram.com\/smsafemode\/","https:\/\/youtube.com\/smsafemode\/","https:\/\/www.tiktok.com\/@smsafemode"]}]}},"_links":{"self":[{"href":"https:\/\/smsafemode.com\/blog\/wp-json\/wp\/v2\/pages\/321","targetHints":{"allow":["GET"]}}],"collection":[{"href":"https:\/\/smsafemode.com\/blog\/wp-json\/wp\/v2\/pages"}],"about":[{"href":"https:\/\/smsafemode.com\/blog\/wp-json\/wp\/v2\/types\/page"}],"author":[{"embeddable":true,"href":"https:\/\/smsafemode.com\/blog\/wp-json\/wp\/v2\/users\/2"}],"replies":[{"embeddable":true,"href":"https:\/\/smsafemode.com\/blog\/wp-json\/wp\/v2\/comments?post=321"}],"version-history":[{"count":0,"href":"https:\/\/smsafemode.com\/blog\/wp-json\/wp\/v2\/pages\/321\/revisions"}],"up":[{"embeddable":true,"href":"https:\/\/smsafemode.com\/blog\/wp-json\/wp\/v2\/pages\/70"}],"wp:attachment":[{"href":"https:\/\/smsafemode.com\/blog\/wp-json\/wp\/v2\/media?parent=321"}],"curies":[{"name":"wp","href":"https:\/\/api.w.org\/{rel}","templated":true}]}}