{"id":2633,"date":"2015-07-12T22:17:08","date_gmt":"2015-07-12T22:17:08","guid":{"rendered":"http:\/\/smpausas.wordpress.com\/?page_id=1"},"modified":"2020-10-24T16:24:49","modified_gmt":"2020-10-24T16:24:49","slug":"acerca-de-pausas-activas-app","status":"publish","type":"page","link":"https:\/\/smsafemode.com\/blog\/acerca-de-pausas-activas-app\/","title":{"rendered":"Sobre Pausas activas APP"},"content":{"rendered":"<h4>Esta es una opci\u00f3n para que siempre desde donde realices tu trabajo tengas algunos ejercicios que podr\u00e1s hacer como pausas activas, te recomendamos que los hagas al menos 2 veces al d\u00eda.<\/h4>\n<h3 style=\"text-align: center;\">Soluci\u00f3n gratuita para Pausas Activas<\/h3>\n<blockquote class=\"wp-embedded-content\" data-secret=\"txZT6AFG5o\"><p><a href=\"https:\/\/smsafemode.com\/tienda\/producto\/app-de-pausas-activas\/\">APP de Pausas Activas<\/a><\/p><\/blockquote>\n<p><iframe loading=\"lazy\" class=\"wp-embedded-content\" sandbox=\"allow-scripts\" security=\"restricted\" style=\"position: absolute; clip: rect(1px, 1px, 1px, 1px);\" title=\"\u00abAPP de Pausas Activas\u00bb \u2014 Tienda Virtual\" src=\"https:\/\/smsafemode.com\/tienda\/producto\/app-de-pausas-activas\/embed\/#?secret=txZT6AFG5o\" data-secret=\"txZT6AFG5o\" width=\"600\" height=\"338\" frameborder=\"0\" marginwidth=\"0\" marginheight=\"0\" scrolling=\"no\"><\/iframe><\/p>\n<hr \/>\n<p><strong><em>Si deseas descargar nuestra app toca el bot\u00f3n <a href=\"http:\/\/pausas.smsafemode.com\/acerca-de\/descarga-nuestra-app\/\">descargar<\/a> para saber como.<\/em><\/strong><\/p>\n<p style=\"text-align: center;\"><a href=\"https:\/\/play.google.com\/store\/apps\/details?id=pausasactivas.vinebre&amp;hl=es_419\"><img loading=\"lazy\" decoding=\"async\" class=\" size-full wp-image-81 aligncenter\" src=\"https:\/\/smpausas.files.wordpress.com\/2015\/07\/images.jpg\" alt=\"images\" width=\"180\" height=\"52\" \/><\/a><\/p>\n<hr \/>\n<p><strong><em>Mira nuestro\u00a0v\u00eddeo\u00a0en Youtube donde te presentamos la nueva forma de hacer pausas\u00a0Activas<\/em><\/strong><a href=\"https:\/\/www.youtube.com\/embed\/j0dZ7LQYj9o\" target=\"_blank\" rel=\"noopener noreferrer\"><img loading=\"lazy\" decoding=\"async\" class=\" size-medium wp-image-295 aligncenter\" src=\"https:\/\/smpausas.files.wordpress.com\/2015\/07\/khbafhbafhafhk.png?w=300\" alt=\"khbafhbafhafhk\" width=\"300\" height=\"55\" \/><\/a><\/p>\n","protected":false},"excerpt":{"rendered":"<p>Esta es una opci\u00f3n para que siempre desde donde realices tu trabajo tengas algunos ejercicios que podr\u00e1s hacer como pausas activas, te recomendamos que los&hellip;<\/p>\n","protected":false},"author":2,"featured_media":3509,"parent":0,"menu_order":0,"comment_status":"open","ping_status":"open","template":"","meta":{"inline_featured_image":false,"_joinchat":[],"footnotes":""},"class_list":["post-2633","page","type-page","status-publish","has-post-thumbnail","hentry"],"yoast_head":"<!-- This site is optimized with the Yoast SEO plugin v26.7 - https:\/\/yoast.com\/wordpress\/plugins\/seo\/ -->\n<title>Sobre Pausas activas APP | SM Safe Mode<\/title>\n<meta name=\"description\" content=\"Pausas activas app es una aplicacion desarrollada por Safe Mode con la cual ayudamos a que cualquier persona pueda prevenir el riesgo biomecanico\" \/>\n<meta name=\"robots\" content=\"index, follow, max-snippet:-1, max-image-preview:large, max-video-preview:-1\" \/>\n<link rel=\"canonical\" href=\"https:\/\/smsafemode.com\/blog\/acerca-de-pausas-activas-app\/\" \/>\n<meta property=\"og:locale\" content=\"es_ES\" \/>\n<meta property=\"og:type\" content=\"article\" \/>\n<meta property=\"og:title\" content=\"Sobre Pausas activas APP | SM Safe Mode\" \/>\n<meta property=\"og:description\" content=\"Pausas activas app es una aplicacion desarrollada por Safe Mode con la cual ayudamos a que cualquier persona pueda prevenir el riesgo biomecanico\" \/>\n<meta property=\"og:url\" content=\"https:\/\/smsafemode.com\/blog\/acerca-de-pausas-activas-app\/\" \/>\n<meta property=\"og:site_name\" content=\"SAFE MODE\" \/>\n<meta property=\"article:publisher\" content=\"https:\/\/www.facebook.com\/smsafemode\" \/>\n<meta property=\"article:modified_time\" content=\"2020-10-24T16:24:49+00:00\" \/>\n<meta property=\"og:image\" content=\"https:\/\/firebasestorage.googleapis.com\/v0\/b\/safe-mode.appspot.com\/o\/smsafemode.com%2Ftienda%20virtual%20SM%2Fproductos%2Fproductos%20de%20tienda%20virtual%2FComprimidos%2FAPP%20PAUSAS%20ACTIVAS-min.png?alt=media&token=b05162c5-eb9e-4770-91e8-c806314fb2f7\" \/>\n<meta name=\"twitter:card\" content=\"summary_large_image\" \/>\n<meta name=\"twitter:image\" content=\"https:\/\/firebasestorage.googleapis.com\/v0\/b\/safe-mode.appspot.com\/o\/smsafemode.com%2Ftienda%20virtual%20SM%2Fproductos%2Fproductos%20de%20tienda%20virtual%2FComprimidos%2FAPP%20PAUSAS%20ACTIVAS-min.png?alt=media&token=b05162c5-eb9e-4770-91e8-c806314fb2f7\" \/>\n<meta name=\"twitter:site\" content=\"@SMsafemode\" \/>\n<script type=\"application\/ld+json\" class=\"yoast-schema-graph\">{\"@context\":\"https:\/\/schema.org\",\"@graph\":[{\"@type\":\"WebPage\",\"@id\":\"https:\/\/smsafemode.com\/blog\/acerca-de-pausas-activas-app\/\",\"url\":\"https:\/\/smsafemode.com\/blog\/acerca-de-pausas-activas-app\/\",\"name\":\"Sobre Pausas activas APP | SM Safe Mode\",\"isPartOf\":{\"@id\":\"https:\/\/smsafemode.com\/blog\/#website\"},\"primaryImageOfPage\":{\"@id\":\"https:\/\/smsafemode.com\/blog\/acerca-de-pausas-activas-app\/#primaryimage\"},\"image\":{\"@id\":\"https:\/\/smsafemode.com\/blog\/acerca-de-pausas-activas-app\/#primaryimage\"},\"thumbnailUrl\":\"https:\/\/firebasestorage.googleapis.com\/v0\/b\/safe-mode.appspot.com\/o\/smsafemode.com%2Ftienda%20virtual%20SM%2Fproductos%2Fproductos%20de%20tienda%20virtual%2FComprimidos%2FAPP%20PAUSAS%20ACTIVAS-min.png?alt=media&token=b05162c5-eb9e-4770-91e8-c806314fb2f7\",\"datePublished\":\"2015-07-12T22:17:08+00:00\",\"dateModified\":\"2020-10-24T16:24:49+00:00\",\"description\":\"Pausas activas app es una aplicacion desarrollada por Safe Mode con la cual ayudamos a que cualquier persona pueda prevenir el riesgo biomecanico\",\"breadcrumb\":{\"@id\":\"https:\/\/smsafemode.com\/blog\/acerca-de-pausas-activas-app\/#breadcrumb\"},\"inLanguage\":\"es\",\"potentialAction\":[{\"@type\":\"ReadAction\",\"target\":[\"https:\/\/smsafemode.com\/blog\/acerca-de-pausas-activas-app\/\"]}]},{\"@type\":\"ImageObject\",\"inLanguage\":\"es\",\"@id\":\"https:\/\/smsafemode.com\/blog\/acerca-de-pausas-activas-app\/#primaryimage\",\"url\":\"https:\/\/firebasestorage.googleapis.com\/v0\/b\/safe-mode.appspot.com\/o\/smsafemode.com%2Ftienda%20virtual%20SM%2Fproductos%2Fproductos%20de%20tienda%20virtual%2FComprimidos%2FAPP%20PAUSAS%20ACTIVAS-min.png?alt=media&token=b05162c5-eb9e-4770-91e8-c806314fb2f7\",\"contentUrl\":\"https:\/\/firebasestorage.googleapis.com\/v0\/b\/safe-mode.appspot.com\/o\/smsafemode.com%2Ftienda%20virtual%20SM%2Fproductos%2Fproductos%20de%20tienda%20virtual%2FComprimidos%2FAPP%20PAUSAS%20ACTIVAS-min.png?alt=media&token=b05162c5-eb9e-4770-91e8-c806314fb2f7\",\"width\":\"700\",\"height\":\"873\",\"caption\":\"Pausas activas app de Safe Mode\"},{\"@type\":\"BreadcrumbList\",\"@id\":\"https:\/\/smsafemode.com\/blog\/acerca-de-pausas-activas-app\/#breadcrumb\",\"itemListElement\":[{\"@type\":\"ListItem\",\"position\":1,\"name\":\"Portada\",\"item\":\"https:\/\/smsafemode.com\/blog\/\"},{\"@type\":\"ListItem\",\"position\":2,\"name\":\"Sobre Pausas activas APP\"}]},{\"@type\":\"WebSite\",\"@id\":\"https:\/\/smsafemode.com\/blog\/#website\",\"url\":\"https:\/\/smsafemode.com\/blog\/\",\"name\":\"SAFE MODE\",\"description\":\"Blog empresarial\",\"publisher\":{\"@id\":\"https:\/\/smsafemode.com\/blog\/#organization\"},\"potentialAction\":[{\"@type\":\"SearchAction\",\"target\":{\"@type\":\"EntryPoint\",\"urlTemplate\":\"https:\/\/smsafemode.com\/blog\/?s={search_term_string}\"},\"query-input\":{\"@type\":\"PropertyValueSpecification\",\"valueRequired\":true,\"valueName\":\"search_term_string\"}}],\"inLanguage\":\"es\"},{\"@type\":\"Organization\",\"@id\":\"https:\/\/smsafemode.com\/blog\/#organization\",\"name\":\"Safe Mode Sas\",\"url\":\"https:\/\/smsafemode.com\/blog\/\",\"logo\":{\"@type\":\"ImageObject\",\"inLanguage\":\"es\",\"@id\":\"https:\/\/smsafemode.com\/blog\/#\/schema\/logo\/image\/\",\"url\":\"https:\/\/smsafemode.com\/blog\/wp-content\/uploads\/2020\/10\/safe-mode-sas-soluciones-empresariales.png\",\"contentUrl\":\"https:\/\/smsafemode.com\/blog\/wp-content\/uploads\/2020\/10\/safe-mode-sas-soluciones-empresariales.png\",\"width\":254,\"height\":255,\"caption\":\"Safe Mode Sas\"},\"image\":{\"@id\":\"https:\/\/smsafemode.com\/blog\/#\/schema\/logo\/image\/\"},\"sameAs\":[\"https:\/\/www.facebook.com\/smsafemode\",\"https:\/\/x.com\/SMsafemode\",\"https:\/\/www.instagram.com\/smsafemode\/\",\"https:\/\/youtube.com\/smsafemode\/\",\"https:\/\/www.tiktok.com\/@smsafemode\"]}]}<\/script>\n<!-- \/ Yoast SEO plugin. -->","yoast_head_json":{"title":"Sobre Pausas activas APP | SM Safe Mode","description":"Pausas activas app es una aplicacion desarrollada por Safe Mode con la cual ayudamos a que cualquier persona pueda prevenir el riesgo biomecanico","robots":{"index":"index","follow":"follow","max-snippet":"max-snippet:-1","max-image-preview":"max-image-preview:large","max-video-preview":"max-video-preview:-1"},"canonical":"https:\/\/smsafemode.com\/blog\/acerca-de-pausas-activas-app\/","og_locale":"es_ES","og_type":"article","og_title":"Sobre Pausas activas APP | SM Safe Mode","og_description":"Pausas activas app es una aplicacion desarrollada por Safe Mode con la cual ayudamos a que cualquier persona pueda prevenir el riesgo biomecanico","og_url":"https:\/\/smsafemode.com\/blog\/acerca-de-pausas-activas-app\/","og_site_name":"SAFE MODE","article_publisher":"https:\/\/www.facebook.com\/smsafemode","article_modified_time":"2020-10-24T16:24:49+00:00","og_image":[{"url":"https:\/\/firebasestorage.googleapis.com\/v0\/b\/safe-mode.appspot.com\/o\/smsafemode.com%2Ftienda%20virtual%20SM%2Fproductos%2Fproductos%20de%20tienda%20virtual%2FComprimidos%2FAPP%20PAUSAS%20ACTIVAS-min.png?alt=media&token=b05162c5-eb9e-4770-91e8-c806314fb2f7","type":"","width":"","height":""}],"twitter_card":"summary_large_image","twitter_image":"https:\/\/firebasestorage.googleapis.com\/v0\/b\/safe-mode.appspot.com\/o\/smsafemode.com%2Ftienda%20virtual%20SM%2Fproductos%2Fproductos%20de%20tienda%20virtual%2FComprimidos%2FAPP%20PAUSAS%20ACTIVAS-min.png?alt=media&token=b05162c5-eb9e-4770-91e8-c806314fb2f7","twitter_site":"@SMsafemode","schema":{"@context":"https:\/\/schema.org","@graph":[{"@type":"WebPage","@id":"https:\/\/smsafemode.com\/blog\/acerca-de-pausas-activas-app\/","url":"https:\/\/smsafemode.com\/blog\/acerca-de-pausas-activas-app\/","name":"Sobre Pausas activas APP | SM Safe Mode","isPartOf":{"@id":"https:\/\/smsafemode.com\/blog\/#website"},"primaryImageOfPage":{"@id":"https:\/\/smsafemode.com\/blog\/acerca-de-pausas-activas-app\/#primaryimage"},"image":{"@id":"https:\/\/smsafemode.com\/blog\/acerca-de-pausas-activas-app\/#primaryimage"},"thumbnailUrl":"https:\/\/firebasestorage.googleapis.com\/v0\/b\/safe-mode.appspot.com\/o\/smsafemode.com%2Ftienda%20virtual%20SM%2Fproductos%2Fproductos%20de%20tienda%20virtual%2FComprimidos%2FAPP%20PAUSAS%20ACTIVAS-min.png?alt=media&token=b05162c5-eb9e-4770-91e8-c806314fb2f7","datePublished":"2015-07-12T22:17:08+00:00","dateModified":"2020-10-24T16:24:49+00:00","description":"Pausas activas app es una aplicacion desarrollada por Safe Mode con la cual ayudamos a que cualquier persona pueda prevenir el riesgo biomecanico","breadcrumb":{"@id":"https:\/\/smsafemode.com\/blog\/acerca-de-pausas-activas-app\/#breadcrumb"},"inLanguage":"es","potentialAction":[{"@type":"ReadAction","target":["https:\/\/smsafemode.com\/blog\/acerca-de-pausas-activas-app\/"]}]},{"@type":"ImageObject","inLanguage":"es","@id":"https:\/\/smsafemode.com\/blog\/acerca-de-pausas-activas-app\/#primaryimage","url":"https:\/\/firebasestorage.googleapis.com\/v0\/b\/safe-mode.appspot.com\/o\/smsafemode.com%2Ftienda%20virtual%20SM%2Fproductos%2Fproductos%20de%20tienda%20virtual%2FComprimidos%2FAPP%20PAUSAS%20ACTIVAS-min.png?alt=media&token=b05162c5-eb9e-4770-91e8-c806314fb2f7","contentUrl":"https:\/\/firebasestorage.googleapis.com\/v0\/b\/safe-mode.appspot.com\/o\/smsafemode.com%2Ftienda%20virtual%20SM%2Fproductos%2Fproductos%20de%20tienda%20virtual%2FComprimidos%2FAPP%20PAUSAS%20ACTIVAS-min.png?alt=media&token=b05162c5-eb9e-4770-91e8-c806314fb2f7","width":"700","height":"873","caption":"Pausas activas app de Safe Mode"},{"@type":"BreadcrumbList","@id":"https:\/\/smsafemode.com\/blog\/acerca-de-pausas-activas-app\/#breadcrumb","itemListElement":[{"@type":"ListItem","position":1,"name":"Portada","item":"https:\/\/smsafemode.com\/blog\/"},{"@type":"ListItem","position":2,"name":"Sobre Pausas activas APP"}]},{"@type":"WebSite","@id":"https:\/\/smsafemode.com\/blog\/#website","url":"https:\/\/smsafemode.com\/blog\/","name":"SAFE MODE","description":"Blog empresarial","publisher":{"@id":"https:\/\/smsafemode.com\/blog\/#organization"},"potentialAction":[{"@type":"SearchAction","target":{"@type":"EntryPoint","urlTemplate":"https:\/\/smsafemode.com\/blog\/?s={search_term_string}"},"query-input":{"@type":"PropertyValueSpecification","valueRequired":true,"valueName":"search_term_string"}}],"inLanguage":"es"},{"@type":"Organization","@id":"https:\/\/smsafemode.com\/blog\/#organization","name":"Safe Mode Sas","url":"https:\/\/smsafemode.com\/blog\/","logo":{"@type":"ImageObject","inLanguage":"es","@id":"https:\/\/smsafemode.com\/blog\/#\/schema\/logo\/image\/","url":"https:\/\/smsafemode.com\/blog\/wp-content\/uploads\/2020\/10\/safe-mode-sas-soluciones-empresariales.png","contentUrl":"https:\/\/smsafemode.com\/blog\/wp-content\/uploads\/2020\/10\/safe-mode-sas-soluciones-empresariales.png","width":254,"height":255,"caption":"Safe Mode Sas"},"image":{"@id":"https:\/\/smsafemode.com\/blog\/#\/schema\/logo\/image\/"},"sameAs":["https:\/\/www.facebook.com\/smsafemode","https:\/\/x.com\/SMsafemode","https:\/\/www.instagram.com\/smsafemode\/","https:\/\/youtube.com\/smsafemode\/","https:\/\/www.tiktok.com\/@smsafemode"]}]}},"_links":{"self":[{"href":"https:\/\/smsafemode.com\/blog\/wp-json\/wp\/v2\/pages\/2633","targetHints":{"allow":["GET"]}}],"collection":[{"href":"https:\/\/smsafemode.com\/blog\/wp-json\/wp\/v2\/pages"}],"about":[{"href":"https:\/\/smsafemode.com\/blog\/wp-json\/wp\/v2\/types\/page"}],"author":[{"embeddable":true,"href":"https:\/\/smsafemode.com\/blog\/wp-json\/wp\/v2\/users\/2"}],"replies":[{"embeddable":true,"href":"https:\/\/smsafemode.com\/blog\/wp-json\/wp\/v2\/comments?post=2633"}],"version-history":[{"count":3,"href":"https:\/\/smsafemode.com\/blog\/wp-json\/wp\/v2\/pages\/2633\/revisions"}],"predecessor-version":[{"id":3510,"href":"https:\/\/smsafemode.com\/blog\/wp-json\/wp\/v2\/pages\/2633\/revisions\/3510"}],"wp:featuredmedia":[{"embeddable":true,"href":"https:\/\/smsafemode.com\/blog\/wp-json\/wp\/v2\/media\/3509"}],"wp:attachment":[{"href":"https:\/\/smsafemode.com\/blog\/wp-json\/wp\/v2\/media?parent=2633"}],"curies":[{"name":"wp","href":"https:\/\/api.w.org\/{rel}","templated":true}]}}